{"id":99,"date":"2020-11-19T13:03:27","date_gmt":"2020-11-19T12:03:27","guid":{"rendered":"https:\/\/pb.edu.pl\/fundacja\/?page_id=99"},"modified":"2025-09-18T13:33:40","modified_gmt":"2025-09-18T11:33:40","slug":"formularz","status":"publish","type":"page","link":"https:\/\/pb.edu.pl\/fundacja\/oferta\/formularz\/","title":{"rendered":"Formularze"},"content":{"rendered":"<p>Aby wzi\u0105\u0107 udzia\u0142 w wybranym kursie nale\u017cy przes\u0142a\u0107 wype\u0142niony i podpisany formularz zg\u0142oszeniowy na adres e-mail: <strong>fundacja [at] pb.edu.pl<\/strong> wraz z potwierdzeniem dokonania przelewu.<\/p>\n<p>&nbsp;<\/p>\n<p><a class=\"pdf\" href=\"https:\/\/pb.edu.pl\/fundacja\/wp-content\/uploads\/sites\/19\/2025\/09\/FORMULARZ-MATURA-2026.pdf\" target=\"_blank\" rel=\"noopener\" data-id=\"618\">FORMULARZ MATURA 2026 (PDF, 131 KB, otworzy si\u0119 w nowej karcie)<\/a><\/p>\n<p><a class=\"pdf\" href=\"https:\/\/pb.edu.pl\/fundacja\/wp-content\/uploads\/sites\/19\/2025\/09\/FORMULARZ-KURS-Z-RYSUNKU-2026-1.pdf\" target=\"_blank\" rel=\"noopener\" data-id=\"615\">FORMULARZ KURS Z RYSUNKU 2026 (PDF, 109 KB, otworzy si\u0119 w nowej karcie)<\/a><\/p>\n","protected":false},"excerpt":{"rendered":"<p>Aby wzi\u0105\u0107 udzia\u0142 w wybranym kursie nale\u017cy przes\u0142a\u0107 wype\u0142niony i podpisany formularz zg\u0142oszeniowy na adres<\/p>\n","protected":false},"author":152,"featured_media":0,"parent":118,"menu_order":0,"comment_status":"closed","ping_status":"closed","template":"","meta":{"_acf_changed":false,"ngg_post_thumbnail":0,"footnotes":""},"class_list":["post-99","page","type-page","status-publish","hentry"],"acf":[],"_links":{"self":[{"href":"https:\/\/pb.edu.pl\/fundacja\/wp-json\/wp\/v2\/pages\/99","targetHints":{"allow":["GET"]}}],"collection":[{"href":"https:\/\/pb.edu.pl\/fundacja\/wp-json\/wp\/v2\/pages"}],"about":[{"href":"https:\/\/pb.edu.pl\/fundacja\/wp-json\/wp\/v2\/types\/page"}],"author":[{"embeddable":true,"href":"https:\/\/pb.edu.pl\/fundacja\/wp-json\/wp\/v2\/users\/152"}],"replies":[{"embeddable":true,"href":"https:\/\/pb.edu.pl\/fundacja\/wp-json\/wp\/v2\/comments?post=99"}],"version-history":[{"count":0,"href":"https:\/\/pb.edu.pl\/fundacja\/wp-json\/wp\/v2\/pages\/99\/revisions"}],"up":[{"embeddable":true,"href":"https:\/\/pb.edu.pl\/fundacja\/wp-json\/wp\/v2\/pages\/118"}],"wp:attachment":[{"href":"https:\/\/pb.edu.pl\/fundacja\/wp-json\/wp\/v2\/media?parent=99"}],"curies":[{"name":"wp","href":"https:\/\/api.w.org\/{rel}","templated":true}]}}