{"id":633,"date":"2026-01-12T22:52:07","date_gmt":"2026-01-12T21:52:07","guid":{"rendered":"https:\/\/pb.edu.pl\/fundacja\/?page_id=633"},"modified":"2026-01-13T13:09:56","modified_gmt":"2026-01-13T12:09:56","slug":"inzynieria-bez-granic-poznaj-autonomiczne-roboty-mobilne","status":"publish","type":"page","link":"https:\/\/pb.edu.pl\/fundacja\/projekty\/inzynieria-bez-granic-poznaj-autonomiczne-roboty-mobilne\/","title":{"rendered":"In\u017cynieria bez granic \u2013 poznaj autonomiczne roboty mobilne"},"content":{"rendered":"<p><img loading=\"lazy\" decoding=\"async\" class=\"size-full wp-image-635 aligncenter\" src=\"https:\/\/pb.edu.pl\/fundacja\/wp-content\/uploads\/sites\/19\/2026\/01\/sumo-plakta.jpg\" alt=\"\" width=\"841\" height=\"1190\" srcset=\"https:\/\/pb.edu.pl\/fundacja\/wp-content\/uploads\/sites\/19\/2026\/01\/sumo-plakta.jpg 841w, https:\/\/pb.edu.pl\/fundacja\/wp-content\/uploads\/sites\/19\/2026\/01\/sumo-plakta-212x300.jpg 212w, https:\/\/pb.edu.pl\/fundacja\/wp-content\/uploads\/sites\/19\/2026\/01\/sumo-plakta-724x1024.jpg 724w, https:\/\/pb.edu.pl\/fundacja\/wp-content\/uploads\/sites\/19\/2026\/01\/sumo-plakta-768x1087.jpg 768w\" sizes=\"auto, (max-width: 841px) 100vw, 841px\" \/><\/p>\n<p><span style=\"font-family: arial, helvetica, sans-serif\"><span style=\"font-size: medium\">Fundacja na rzecz rozwoju Politechniki Bia\u0142ostockiej we wsp\u00f3\u0142pracy z Politechnik\u0105 Bia\u0142ostock\u0105 b\u0119dzie realizowa\u0107 interdyscyplinarne kursy, w ramach kt\u00f3rych uczestnicy zapoznaj\u0105 si\u0119 z procesem projektowania autonomicznych robot\u00f3w mobilnych. Tzw. ARM-y s\u0105 obecnie uznawane za najbardziej perspektywiczny kierunek rozwoju automatyki i robotyki oraz mechatroniki. To konsekwencja trendu obecnego w r\u00f3\u017cnych sektorach: logistyce, produkcji, medycynie, a polegaj\u0105cego na automatyzacji i optymalizacji proces\u00f3w.<\/span><\/span><\/p>\n<p><span style=\"font-family: arial, helvetica, sans-serif\"><span style=\"font-size: medium\">Szkolenie b\u0119dzie zrealizowane na Wydziale Mechanicznym Politechniki Bia\u0142ostockiej. Skorzysta z niego minimum 15 student\u00f3w Politechniki Bia\u0142ostockiej, kt\u00f3rzy chc\u0105 rozwin\u0105\u0107 swoje umiej\u0119tno\u015bci w zakresie projektowania konstrukcji mechanicznych, obwod\u00f3w elektronicznych oraz programowania mikrokontroler\u00f3w robot\u00f3w autonomicznych.<\/span><\/span><\/p>\n<p><span style=\"font-family: arial, helvetica, sans-serif\"><span style=\"font-size: medium\">W trakcie szkolenia studenci b\u0119d\u0105 krok po kroku wprowadzani w zagadnienia zwi\u0105zane z robotyk\u0105 i programowaniem, co pozwoli im zaprojektowa\u0107 i zbudowa\u0107 w\u0142asnego robota na przyk\u0142adzie autonomicznego robota klasy Sumo.<\/span><\/span><\/p>\n<p><span style=\"font-family: arial, helvetica, sans-serif\"><span style=\"font-size: medium\">Zwie\u0144czeniem kursu dla wybranych najbardziej aktywnych kursant\u00f3w b\u0119dzie mo\u017cliwo\u015b\u0107 uczestnictwa w mi\u0119dzynarodowych zawodach Robotex 2025 w Tallinie (Estonia), z wykonanymi robotami. <\/span><\/span><\/p>\n<p><span style=\"font-family: arial, helvetica, sans-serif\"><span style=\"font-size: medium\">Po zako\u0144czeniu szkolenia studenci b\u0119d\u0105 mogli rozwija\u0107 swoje pasje do\u0142\u0105czaj\u0105c m.in. do Ko\u0142a Naukowego Robotyk\u00f3w, dzia\u0142aj\u0105cego na Wydziale Mechanicznym Politechniki Bia\u0142ostockiej. <\/span><\/span><\/p>\n<h4><strong><span style=\"font-family: arial, helvetica, sans-serif\"><span style=\"font-size: medium\">KONTAKT I ZAPISY NA SZKOLENIA<\/span><\/span><\/strong><\/h4>\n<p><strong><span style=\"font-family: arial, helvetica, sans-serif\"><span style=\"font-size: medium\">dr in\u017c. Rafa\u0142 Gr\u0105dzki <\/span><\/span><\/strong><\/p>\n<p><strong><span style=\"font-family: arial, helvetica, sans-serif\"><span style=\"font-size: medium\">e-mail:&nbsp;<\/span><span style=\"color: #0000ff\"><u><a href=\"mailto:r.gradzki@pb.edu.pl\"><span style=\"font-size: medium\">r.gradzki@pb.edu.pl<\/span><\/a><\/u><\/span><\/span><\/strong><\/p>\n<p>&nbsp;<\/p>\n<p><span style=\"font-family: arial, helvetica, sans-serif\"><span style=\"font-size: medium\">Zadanie publiczne wsp\u00f3\u0142finansowane ze \u015brodk\u00f3w otrzymanych w 2025 r. od Ministra Nauki i Szkolnictwa Wy\u017cszego w ramach konkursu \u201eOrganizowanie i animowanie dzia\u0142a\u0144 na rzecz \u015brodowiska akademickiego\u201d.<\/span><\/span><\/p>\n<p><span style=\"font-family: arial, helvetica, sans-serif\"><span style=\"font-size: medium\">Projekt \u201eIn\u017cynieria bez granic \u2013 poznaj autonomiczne roboty mobilne\u201d <\/span><\/span><\/p>\n<p><span style=\"font-family: arial, helvetica, sans-serif\"><span style=\"font-size: medium\">DOFINANSOWANO ZE \u015aRODK\u00d3W BUD\u017bETU PA\u0143STWA w kwocie 119 970 z\u0142, ca\u0142kowita warto\u015b\u0107 zadania 133 300 z\u0142.<\/span><\/span><\/p>\n<p><span style=\"font-family: arial, helvetica, sans-serif\"><span style=\"font-size: medium\">Umowa nr MNiSW\/2025\/DPI\/425 zawarta 30 czerwca 2025.<\/span><\/span><\/p>\n<table style=\"border-collapse: collapse;width: 100%\">\n<tbody>\n<tr>\n<td style=\"width: 44.0184%\"><img loading=\"lazy\" decoding=\"async\" class=\"alignnone wp-image-647\" src=\"https:\/\/pb.edu.pl\/fundacja\/wp-content\/uploads\/sites\/19\/2026\/01\/05_znak_uproszczony_kolor_biale_tlo.png\" alt=\"\" width=\"443\" height=\"138\" srcset=\"https:\/\/pb.edu.pl\/fundacja\/wp-content\/uploads\/sites\/19\/2026\/01\/05_znak_uproszczony_kolor_biale_tlo.png 1389w, https:\/\/pb.edu.pl\/fundacja\/wp-content\/uploads\/sites\/19\/2026\/01\/05_znak_uproszczony_kolor_biale_tlo-300x93.png 300w, https:\/\/pb.edu.pl\/fundacja\/wp-content\/uploads\/sites\/19\/2026\/01\/05_znak_uproszczony_kolor_biale_tlo-1024x318.png 1024w, https:\/\/pb.edu.pl\/fundacja\/wp-content\/uploads\/sites\/19\/2026\/01\/05_znak_uproszczony_kolor_biale_tlo-768x239.png 768w\" sizes=\"auto, (max-width: 443px) 100vw, 443px\" \/><\/td>\n<td style=\"width: 55.9816%\"><img loading=\"lazy\" decoding=\"async\" class=\"alignnone wp-image-628\" src=\"https:\/\/pb.edu.pl\/fundacja\/wp-content\/uploads\/sites\/19\/2026\/01\/znaki_strona_www.png\" alt=\"\" width=\"508\" height=\"169\" srcset=\"https:\/\/pb.edu.pl\/fundacja\/wp-content\/uploads\/sites\/19\/2026\/01\/znaki_strona_www.png 1751w, https:\/\/pb.edu.pl\/fundacja\/wp-content\/uploads\/sites\/19\/2026\/01\/znaki_strona_www-300x100.png 300w, https:\/\/pb.edu.pl\/fundacja\/wp-content\/uploads\/sites\/19\/2026\/01\/znaki_strona_www-1024x341.png 1024w, https:\/\/pb.edu.pl\/fundacja\/wp-content\/uploads\/sites\/19\/2026\/01\/znaki_strona_www-768x256.png 768w, https:\/\/pb.edu.pl\/fundacja\/wp-content\/uploads\/sites\/19\/2026\/01\/znaki_strona_www-1536x511.png 1536w\" sizes=\"auto, (max-width: 508px) 100vw, 508px\" \/><\/td>\n<\/tr>\n<\/tbody>\n<\/table>\n","protected":false},"excerpt":{"rendered":"<p>Fundacja na rzecz rozwoju Politechniki Bia\u0142ostockiej we wsp\u00f3\u0142pracy z Politechnik\u0105 Bia\u0142ostock\u0105 b\u0119dzie realizowa\u0107 interdyscyplinarne kursy,<\/p>\n","protected":false},"author":183,"featured_media":0,"parent":17,"menu_order":0,"comment_status":"closed","ping_status":"closed","template":"","meta":{"_acf_changed":false,"ngg_post_thumbnail":0,"footnotes":""},"class_list":["post-633","page","type-page","status-publish","hentry"],"acf":[],"_links":{"self":[{"href":"https:\/\/pb.edu.pl\/fundacja\/wp-json\/wp\/v2\/pages\/633","targetHints":{"allow":["GET"]}}],"collection":[{"href":"https:\/\/pb.edu.pl\/fundacja\/wp-json\/wp\/v2\/pages"}],"about":[{"href":"https:\/\/pb.edu.pl\/fundacja\/wp-json\/wp\/v2\/types\/page"}],"author":[{"embeddable":true,"href":"https:\/\/pb.edu.pl\/fundacja\/wp-json\/wp\/v2\/users\/183"}],"replies":[{"embeddable":true,"href":"https:\/\/pb.edu.pl\/fundacja\/wp-json\/wp\/v2\/comments?post=633"}],"version-history":[{"count":0,"href":"https:\/\/pb.edu.pl\/fundacja\/wp-json\/wp\/v2\/pages\/633\/revisions"}],"up":[{"embeddable":true,"href":"https:\/\/pb.edu.pl\/fundacja\/wp-json\/wp\/v2\/pages\/17"}],"wp:attachment":[{"href":"https:\/\/pb.edu.pl\/fundacja\/wp-json\/wp\/v2\/media?parent=633"}],"curies":[{"name":"wp","href":"https:\/\/api.w.org\/{rel}","templated":true}]}}