{"id":627,"date":"2026-01-12T22:50:02","date_gmt":"2026-01-12T21:50:02","guid":{"rendered":"https:\/\/pb.edu.pl\/fundacja\/?page_id=627"},"modified":"2026-01-13T13:08:15","modified_gmt":"2026-01-13T12:08:15","slug":"rozwoj-kompetencji-czlonkow-oraz-przyszlych-czlonkow-sekcji-analogow-lazikow-marsjanskich-w-kole-naukowym-robotykow","status":"publish","type":"page","link":"https:\/\/pb.edu.pl\/fundacja\/projekty\/rozwoj-kompetencji-czlonkow-oraz-przyszlych-czlonkow-sekcji-analogow-lazikow-marsjanskich-w-kole-naukowym-robotykow\/","title":{"rendered":"Rozw\u00f3j kompetencji cz\u0142onk\u00f3w oraz przysz\u0142ych cz\u0142onk\u00f3w sekcji analog\u00f3w \u0142azik\u00f3w marsja\u0144skich w Kole Naukowym Robotyk\u00f3w"},"content":{"rendered":"<p><img loading=\"lazy\" decoding=\"async\" class=\"size-full wp-image-629 aligncenter\" src=\"https:\/\/pb.edu.pl\/fundacja\/wp-content\/uploads\/sites\/19\/2026\/01\/laziki-plakta.jpg\" alt=\"\" width=\"842\" height=\"1158\" srcset=\"https:\/\/pb.edu.pl\/fundacja\/wp-content\/uploads\/sites\/19\/2026\/01\/laziki-plakta.jpg 842w, https:\/\/pb.edu.pl\/fundacja\/wp-content\/uploads\/sites\/19\/2026\/01\/laziki-plakta-218x300.jpg 218w, https:\/\/pb.edu.pl\/fundacja\/wp-content\/uploads\/sites\/19\/2026\/01\/laziki-plakta-745x1024.jpg 745w, https:\/\/pb.edu.pl\/fundacja\/wp-content\/uploads\/sites\/19\/2026\/01\/laziki-plakta-768x1056.jpg 768w\" sizes=\"auto, (max-width: 842px) 100vw, 842px\" \/><\/p>\n<p><span style=\"font-family: arial, helvetica, sans-serif\"><span style=\"font-size: medium\">Fundacja na rzecz rozwoju Politechniki Bia\u0142ostockiej we wsp\u00f3\u0142pracy z Politechnik\u0105 Bia\u0142ostock\u0105 b\u0119dzie realizowa\u0107 interdyscyplinarne warsztaty podczas kt\u00f3rych uczestnicy zdob\u0119d\u0105 kompetencje niezb\u0119dne do tworzenia r\u00f3\u017cnego typu robot\u00f3w mobilnych w tym: korzystania ze \u015brodowiska do projektowania CAD, prototypowania cz\u0119\u015bci w technologii druku 3D, tworzenia dokumentacji technicznej, podstaw elektroniki do zastosowa\u0144 w budowie robot\u00f3w mobilnych, zasad dzia\u0142ania systemu sensorycznego, doboru czujnik\u00f3w i urz\u0105dze\u0144 wykonawczych, programowania mikrokontroler\u00f3w STM32, tworzenia autorskich algorytm\u00f3w oraz wykorzystywania gotowych bibliotek w programowaniu itp.<\/span><\/span><\/p>\n<p><span style=\"font-family: arial, helvetica, sans-serif\"><span style=\"font-size: medium\">Szkolenie b\u0119dzie zrealizowane na&nbsp;Wydziale Mechanicznym Politechniki Bia\u0142ostockiej. Skorzystaj\u0105 z niego studenci Politechniki Bia\u0142ostockiej, Uzupe\u0142niaj\u0105c wiedz\u0119 w zakresie budowy oraz programowania mini robot\u00f3w, b\u0119d\u0105 mogli p\u0142ynnie przej\u015b\u0107 do budowy analog\u00f3w \u0142azik\u00f3w marsja\u0144skich. Zbuduj\u0105 w\u0142asne roboty i przygotuj\u0105 si\u0119 do rywalizacji w zawodach robotycznych.<\/span><\/span><\/p>\n<p><span style=\"font-family: arial, helvetica, sans-serif\"><span style=\"font-size: medium\">Po zako\u0144czeniu szkolenia studenci b\u0119d\u0105 mogli rozwija\u0107 swoje pasje do\u0142\u0105czaj\u0105c m.in. do Ko\u0142a Naukowego Robotyk\u00f3w, dzia\u0142aj\u0105cego na Wydziale Mechanicznym Politechniki Bia\u0142ostockiej. <\/span><\/span><\/p>\n<p><span style=\"font-family: arial, helvetica, sans-serif\"><span style=\"font-size: medium\">Ko\u0142o Naukowe Robotyk\u00f3w, sekcja analog\u00f3w \u0142azik\u00f3w marsja\u0144skich, buduje w\u0142a\u015bnie now\u0105 konstrukcj\u0119 i planuje udzia\u0142 w mi\u0119dzynarodowych zawodach: Canadian International Rover Challenge (CIRC) w Kanadzie, University Rover Challenge (URC) w Stanach Zjednoczonych oraz European Rover Challenge (ERC) w Polsce.<\/span><\/span><\/p>\n<p><span style=\"font-family: arial, helvetica, sans-serif\"><span style=\"font-size: medium\">Zwie\u0144czeniem kursu dla wybranych najbardziej aktywnych kursant\u00f3w b\u0119dzie mo\u017cliwo\u015b\u0107 uczestnictwa w mi\u0119dzynarodowych zawodach Robotex 2025 w Tallinie (Estonia), z wykonanymi robotami. <\/span><\/span><\/p>\n<p><span style=\"font-family: arial, helvetica, sans-serif\"><span style=\"font-size: medium\">Po zako\u0144czeniu szkolenia studenci b\u0119d\u0105 mogli rozwija\u0107 swoje pasje do\u0142\u0105czaj\u0105c m.in. do Ko\u0142a Naukowego Robotyk\u00f3w, dzia\u0142aj\u0105cego na Wydziale Mechanicznym Politechniki Bia\u0142ostockiej. <\/span><\/span><\/p>\n<h4><strong><span style=\"font-family: arial, helvetica, sans-serif\"><span style=\"font-size: medium\">KONTAKT I ZAPISY NA SZKOLENIA<\/span><\/span><\/strong><\/h4>\n<p><strong><span style=\"font-family: arial, helvetica, sans-serif\"><span style=\"font-size: medium\">Dr hab. in\u017c. Kazimierz Dzier\u017cek, prof. PB<\/span><\/span><\/strong><\/p>\n<p><span style=\"font-family: arial, helvetica, sans-serif\"><span style=\"font-size: medium\"><strong>e-mail:&nbsp;<a href=\"mailto:k.dzierzek@pb.edu.pl\">k.dzierzek@pb.edu.pl<\/a><\/strong><br \/>\n<\/span><\/span><\/p>\n<p><span style=\"font-family: arial, helvetica, sans-serif\"><span style=\"font-size: medium\">Zadanie publiczne wsp\u00f3\u0142finansowane ze \u015brodk\u00f3w otrzymanych w 2025 r. od Ministra Nauki i Szkolnictwa Wy\u017cszego w ramach konkursu \u201eOrganizowanie i animowanie dzia\u0142a\u0144 na rzecz \u015brodowiska akademickiego\u201d.<\/span><\/span><\/p>\n<p><span style=\"font-family: arial, helvetica, sans-serif\"><span style=\"font-size: medium\">Projekt \u201eRozw\u00f3j kompetencji cz\u0142onk\u00f3w oraz przysz\u0142ych cz\u0142onk\u00f3w Sekcji Analog\u00f3w \u0141azik\u00f3w Marsja\u0144skich w Kole Naukowym Robotyk\u00f3w\u201d <\/span><\/span><\/p>\n<p><span style=\"font-family: arial, helvetica, sans-serif\"><span style=\"font-size: medium\">DOFINANSOWANO ZE \u015aRODK\u00d3W BUD\u017bETU PA\u0143STWA w kwocie 116 990 z\u0142, ca\u0142kowita warto\u015b\u0107 zadania 129 990 z\u0142.<\/span><\/span><\/p>\n<p><span style=\"font-family: arial, helvetica, sans-serif\"><span style=\"font-size: medium\">Umowa nr MNiSW\/2025\/DPI\/425 zawarta 1 lipca 2025.<\/span><\/span><\/p>\n<p>&nbsp;<\/p>\n<table style=\"border-collapse: collapse;width: 100%\">\n<tbody>\n<tr>\n<td style=\"width: 44.0184%\"><img loading=\"lazy\" decoding=\"async\" class=\"alignnone wp-image-647\" src=\"https:\/\/pb.edu.pl\/fundacja\/wp-content\/uploads\/sites\/19\/2026\/01\/05_znak_uproszczony_kolor_biale_tlo.png\" alt=\"\" width=\"443\" height=\"138\" srcset=\"https:\/\/pb.edu.pl\/fundacja\/wp-content\/uploads\/sites\/19\/2026\/01\/05_znak_uproszczony_kolor_biale_tlo.png 1389w, https:\/\/pb.edu.pl\/fundacja\/wp-content\/uploads\/sites\/19\/2026\/01\/05_znak_uproszczony_kolor_biale_tlo-300x93.png 300w, https:\/\/pb.edu.pl\/fundacja\/wp-content\/uploads\/sites\/19\/2026\/01\/05_znak_uproszczony_kolor_biale_tlo-1024x318.png 1024w, https:\/\/pb.edu.pl\/fundacja\/wp-content\/uploads\/sites\/19\/2026\/01\/05_znak_uproszczony_kolor_biale_tlo-768x239.png 768w\" sizes=\"auto, (max-width: 443px) 100vw, 443px\" \/><\/td>\n<td style=\"width: 55.9816%\"><img loading=\"lazy\" decoding=\"async\" class=\"alignnone wp-image-628\" src=\"https:\/\/pb.edu.pl\/fundacja\/wp-content\/uploads\/sites\/19\/2026\/01\/znaki_strona_www.png\" alt=\"\" width=\"508\" height=\"169\" srcset=\"https:\/\/pb.edu.pl\/fundacja\/wp-content\/uploads\/sites\/19\/2026\/01\/znaki_strona_www.png 1751w, https:\/\/pb.edu.pl\/fundacja\/wp-content\/uploads\/sites\/19\/2026\/01\/znaki_strona_www-300x100.png 300w, https:\/\/pb.edu.pl\/fundacja\/wp-content\/uploads\/sites\/19\/2026\/01\/znaki_strona_www-1024x341.png 1024w, https:\/\/pb.edu.pl\/fundacja\/wp-content\/uploads\/sites\/19\/2026\/01\/znaki_strona_www-768x256.png 768w, https:\/\/pb.edu.pl\/fundacja\/wp-content\/uploads\/sites\/19\/2026\/01\/znaki_strona_www-1536x511.png 1536w\" sizes=\"auto, (max-width: 508px) 100vw, 508px\" \/><\/td>\n<\/tr>\n<\/tbody>\n<\/table>\n","protected":false},"excerpt":{"rendered":"<p>Fundacja na rzecz rozwoju Politechniki Bia\u0142ostockiej we wsp\u00f3\u0142pracy z Politechnik\u0105 Bia\u0142ostock\u0105 b\u0119dzie realizowa\u0107 interdyscyplinarne warsztaty<\/p>\n","protected":false},"author":183,"featured_media":0,"parent":17,"menu_order":0,"comment_status":"closed","ping_status":"closed","template":"","meta":{"_acf_changed":false,"ngg_post_thumbnail":0,"footnotes":""},"class_list":["post-627","page","type-page","status-publish","hentry"],"acf":[],"_links":{"self":[{"href":"https:\/\/pb.edu.pl\/fundacja\/wp-json\/wp\/v2\/pages\/627","targetHints":{"allow":["GET"]}}],"collection":[{"href":"https:\/\/pb.edu.pl\/fundacja\/wp-json\/wp\/v2\/pages"}],"about":[{"href":"https:\/\/pb.edu.pl\/fundacja\/wp-json\/wp\/v2\/types\/page"}],"author":[{"embeddable":true,"href":"https:\/\/pb.edu.pl\/fundacja\/wp-json\/wp\/v2\/users\/183"}],"replies":[{"embeddable":true,"href":"https:\/\/pb.edu.pl\/fundacja\/wp-json\/wp\/v2\/comments?post=627"}],"version-history":[{"count":0,"href":"https:\/\/pb.edu.pl\/fundacja\/wp-json\/wp\/v2\/pages\/627\/revisions"}],"up":[{"embeddable":true,"href":"https:\/\/pb.edu.pl\/fundacja\/wp-json\/wp\/v2\/pages\/17"}],"wp:attachment":[{"href":"https:\/\/pb.edu.pl\/fundacja\/wp-json\/wp\/v2\/media?parent=627"}],"curies":[{"name":"wp","href":"https:\/\/api.w.org\/{rel}","templated":true}]}}