{"id":596,"date":"2025-09-01T21:29:38","date_gmt":"2025-09-01T19:29:38","guid":{"rendered":"https:\/\/pb.edu.pl\/fundacja\/?page_id=596"},"modified":"2025-09-11T16:18:40","modified_gmt":"2025-09-11T14:18:40","slug":"kurs-maturalny","status":"publish","type":"page","link":"https:\/\/pb.edu.pl\/fundacja\/oferta\/kurs-maturalny\/","title":{"rendered":"KURS MATURALNY"},"content":{"rendered":"<h3><b>Kurs MATURA 2026 <\/b><\/h3>\n<p>to efektywne i szybkie powt\u00f3rzenie zagadnie\u0144 do matury 2026 z wybranych przedmiot\u00f3w na poziomie podstawowym i rozszerzonym. Kursy s\u0105 prowadzone przez do\u015bwiadczonych wyk\u0142adowc\u00f3w akademickich wed\u0142ug autorskich program\u00f3w, a <b>wszystkie zaj\u0119cia odbywaj\u0105 si\u0119 w Politechnice Bia\u0142ostockiej<\/b>.<\/p>\n<h4><strong>Oferujemy<\/strong><\/h4>\n<ul>\n<li>aktywne&nbsp;metody prowadzenia zaj\u0119\u0107, stymuluj\u0105ce do&nbsp;systematycznej nauki<\/li>\n<li>ma\u0142e&nbsp;grupy&nbsp;daj\u0105ce komfort indywidualnego podej\u015bcia do&nbsp;ka\u017cdego uczestnika (max. 10-12 os\u00f3b)<\/li>\n<li>indywidualne&nbsp;konsultacje&nbsp;z ka\u017cdego przedmiotu<\/li>\n<li>w pe\u0142ni wyposa\u017cone sale umo\u017cliwiaj\u0105ce przeprowadzanie zaj\u0119\u0107 z wykorzystaniem technik multimedialnych<\/li>\n<li>pr\u00f3bne&nbsp;egzaminy&nbsp;maturalne&nbsp;przeprowadzane na&nbsp;autorskich arkuszach, w&nbsp;trakcie i&nbsp;na&nbsp;zako\u0144czenie kursu<\/li>\n<li>nauk\u0119 bez stresu, presji i ocen, w tempie dostosowanym do grupy<\/li>\n<li>zaj\u0119cia w godzinach popo\u0142udniowych i w weekendy<\/li>\n<li>atrakcyjne ceny i system p\u0142atno\u015bci<\/li>\n<\/ul>\n<p>Zaj\u0119cia z jednego przedmiotu trwaj\u0105 2 godziny dydaktyczne (90 minut) i odbywaj\u0105 si\u0119 raz w tygodniu: w dni robocze popo\u0142udniami lub w soboty. Pe\u0142ny kurs maturalny obejmuje 60 godzin dydaktycznych realizowanych w okresie od pa\u017adziernika do kwietnia 2026 roku.<\/p>\n<p align=\"center\"><span style=\"font-size: large\"><b>Za najlepiej zdan\u0105 matur\u0119 na poziomie rozszerzonym <\/b><\/span><span style=\"font-size: large\">nagrodzimy naszego kursanta\/kursant\u00f3w<\/span><sup><span style=\"font-size: large\">*<\/span><\/sup><\/p>\n<p align=\"center\"><span style=\"font-size: large\"><b>nagrod\u0105 pieni\u0119\u017cn\u0105 w wysoko\u015bci 1000 z\u0142<\/b><\/span><span style=\"font-size: large\">.<\/span><\/p>\n<p><sup><span style=\"font-size: small\">*<\/span><\/sup><span style=\"font-size: small\"> kursant, kt\u00f3ry otrzyma najwy\u017cszy wynik w pierwszym terminie (maj 2026) na egzaminie maturalnym na poziomie rozszerzonym z przedmiotu, na kt\u00f3ry ucz\u0119szcza\u0142 na nasz kurs otrzyma nagrod\u0119 finansow\u0105 w wysoko\u015bci 1000 z\u0142 (tysi\u0105c z\u0142otych). W przypadku, gdy maksymalnie 3 osoby uzyskaj\u0105 taki sam wynik ka\u017cda z nich otrzyma nagrod\u0119 w wysoko\u015bci po 1000 z\u0142 (tysi\u0105c z\u0142otych). Je\u017celi os\u00f3b z identycznym wynikiem b\u0119dzie wi\u0119cej ni\u017c 3, nagroda w wysoko\u015bci 3&nbsp;000 z\u0142 (trzy tysi\u0105ce z\u0142otych) zostanie podzielona przez liczb\u0119 os\u00f3b z najwy\u017cszym (identycznym) wynikiem. <\/span><\/p>\n<p>&nbsp;<\/p>\n<h4><b>Termin<\/b><\/h4>\n<p>pa\u017adziernik 2025 r. \u2013 kwiecie\u0144 2026 r.<\/p>\n<p>Wybierz przedmiot<\/p>\n<p>i&nbsp;<strong><span style=\"color: #467886\"><u><a href=\"https:\/\/pb.edu.pl\/fundacja\/oferta\/formularz\/\">zapisz si\u0119 na kurs !<\/a><\/u><\/span>!<\/strong><\/p>\n<p>&nbsp;<\/p>\n<h4><b>Cennik<\/b><\/h4>\n<table style=\"width: 100%;height: 396px\" width=\"604\" cellspacing=\"0\" cellpadding=\"7\">\n<tbody>\n<tr style=\"height: 33px\">\n<td style=\"width: 95.3888%;height: 33px\" colspan=\"6\" valign=\"top\" bgcolor=\"#1b7aa5\" width=\"600\">\n<p align=\"center\"><span style=\"font-family: Aptos, serif\"><span style=\"font-size: medium\"><span style=\"color: #ffffff\"><b>CENA<\/b><\/span><\/span><\/span><\/p>\n<\/td>\n<\/tr>\n<tr style=\"height: 33px\" valign=\"top\">\n<td style=\"height: 33px;width: 50.4088%\" colspan=\"2\" width=\"240\">\n<p align=\"left\"><strong><span style=\"font-family: Aptos, serif\"><span style=\"font-size: medium\">Przedmiot <\/span><\/span><\/strong><\/p>\n<\/td>\n<td style=\"width: 15%;text-align: center;height: 33px;vertical-align: middle\" width=\"99\">\n<p align=\"left\"><strong><span style=\"font-family: Aptos, serif\"><span style=\"font-size: medium\">Liczba godzin* <\/span><\/span><\/strong><\/p>\n<\/td>\n<td style=\"width: 14.98%;text-align: center;height: 33px;vertical-align: middle\" colspan=\"2\" width=\"118\">\n<p align=\"left\"><strong><span style=\"font-family: Aptos, serif\"><span style=\"font-size: medium\">Cena za godzin\u0119<\/span><\/span><\/strong><\/p>\n<\/td>\n<td style=\"width: 15%;text-align: center;height: 33px;vertical-align: middle\" width=\"89\">\n<p align=\"left\"><strong><span style=\"font-family: Aptos, serif\"><span style=\"font-size: medium\">Cena za kurs<\/span><\/span><\/strong><\/p>\n<\/td>\n<\/tr>\n<tr style=\"height: 33px\" valign=\"top\">\n<td style=\"width: 50.4088%;height: 33px\" colspan=\"2\" width=\"240\">\n<p align=\"left\"><span style=\"font-family: Aptos, serif\"><span style=\"font-size: medium\"><b>Matematyka<\/b> poziom podstawowy<\/span><\/span><\/p>\n<\/td>\n<td style=\"width: 15%;height: 33px\" width=\"99\">\n<p align=\"center\"><span style=\"font-family: Aptos, serif\"><span style=\"font-size: medium\">60h<\/span><\/span><\/p>\n<\/td>\n<td style=\"width: 14.98%;height: 33px\" colspan=\"2\" width=\"118\">\n<p align=\"center\"><span style=\"font-family: Aptos, serif\"><span style=\"font-size: medium\">40 z\u0142<\/span><\/span><\/p>\n<\/td>\n<td style=\"width: 15%;height: 33px\" width=\"89\">\n<p align=\"center\"><span style=\"font-family: Aptos, serif\"><span style=\"font-size: medium\">2&nbsp;400 z\u0142<\/span><\/span><\/p>\n<\/td>\n<\/tr>\n<tr style=\"height: 33px\" valign=\"top\">\n<td style=\"width: 50.4088%;height: 33px\" colspan=\"2\" width=\"240\">\n<p align=\"left\"><span style=\"font-family: Aptos, serif\"><span style=\"font-size: medium\"><b>Matematyka<\/b> poziom rozszerzony<\/span><\/span><\/p>\n<\/td>\n<td style=\"width: 15%;height: 33px\" width=\"99\">\n<p align=\"center\"><span style=\"font-family: Aptos, serif\"><span style=\"font-size: medium\">60h<\/span><\/span><\/p>\n<\/td>\n<td style=\"width: 14.98%;height: 33px\" colspan=\"2\" width=\"118\">\n<p align=\"center\"><span style=\"font-family: Aptos, serif\"><span style=\"font-size: medium\">40 z\u0142<\/span><\/span><\/p>\n<\/td>\n<td style=\"width: 15%;height: 33px\" width=\"89\">\n<p align=\"center\"><span style=\"font-family: Aptos, serif\"><span style=\"font-size: medium\">2&nbsp;400 z\u0142<\/span><\/span><\/p>\n<\/td>\n<\/tr>\n<tr style=\"height: 33px\" valign=\"top\">\n<td style=\"width: 50.4088%;height: 33px\" colspan=\"2\" width=\"240\">\n<p align=\"left\"><span style=\"font-family: Aptos, serif\"><span style=\"font-size: medium\"><b>Fizyka<\/b> poziom rozszerzony<\/span><\/span><\/p>\n<\/td>\n<td style=\"width: 15%;height: 33px\" width=\"99\">\n<p align=\"center\"><span style=\"font-family: Aptos, serif\"><span style=\"font-size: medium\">60h<\/span><\/span><\/p>\n<\/td>\n<td style=\"width: 14.98%;height: 33px\" colspan=\"2\" width=\"118\">\n<p align=\"center\"><span style=\"font-family: Aptos, serif\"><span style=\"font-size: medium\">40 z\u0142<\/span><\/span><\/p>\n<\/td>\n<td style=\"width: 15%;height: 33px\" width=\"89\">\n<p align=\"center\"><span style=\"font-family: Aptos, serif\"><span style=\"font-size: medium\">2&nbsp;400 z\u0142<\/span><\/span><\/p>\n<\/td>\n<\/tr>\n<tr style=\"height: 33px\" valign=\"top\">\n<td style=\"width: 50.4088%;height: 33px\" colspan=\"2\" width=\"240\">\n<p align=\"left\"><span style=\"font-family: Aptos, serif\"><span style=\"font-size: medium\"><b>Chemia <\/b>poziom rozszerzony<\/span><\/span><\/p>\n<\/td>\n<td style=\"width: 15%;height: 33px\" width=\"99\">\n<p align=\"center\"><span style=\"font-family: Aptos, serif\"><span style=\"font-size: medium\">60h<\/span><\/span><\/p>\n<\/td>\n<td style=\"width: 14.98%;height: 33px\" colspan=\"2\" width=\"118\">\n<p align=\"center\"><span style=\"font-family: Aptos, serif\"><span style=\"font-size: medium\">40 z\u0142<\/span><\/span><\/p>\n<\/td>\n<td style=\"width: 15%;height: 33px\" width=\"89\">\n<p align=\"center\"><span style=\"font-family: Aptos, serif\"><span style=\"font-size: medium\">2&nbsp;400 z\u0142<\/span><\/span><\/p>\n<\/td>\n<\/tr>\n<tr style=\"height: 33px\">\n<td style=\"width: 95.3888%;height: 33px\" colspan=\"6\" valign=\"top\" width=\"588\">\n<p align=\"left\"><span style=\"font-family: Aptos, serif\"><span style=\"font-size: medium\"><span style=\"font-size: small\">* godzina dydaktyczna trwa 45 minut zegarowych<\/span><\/span><\/span><\/p>\n<\/td>\n<\/tr>\n<tr style=\"height: 33px\">\n<td style=\"width: 95.3888%;height: 33px\" colspan=\"6\" valign=\"top\" bgcolor=\"#1b7aa5\" width=\"588\">\n<p align=\"center\"><span style=\"font-family: Aptos, serif\"><span style=\"font-size: medium\"><span style=\"color: #ffffff\"><b>SYSTEM P\u0141ATNO\u015aCI<\/b><\/span><\/span><\/span><\/p>\n<\/td>\n<\/tr>\n<tr style=\"height: 33px\" valign=\"top\">\n<td style=\"width: 29.7738%;height: 33px\" width=\"174\">\n<p align=\"left\"><span style=\"font-family: Aptos, serif\"><span style=\"font-size: medium\"><b>Liczba rat<\/b><\/span><\/span><\/p>\n<\/td>\n<td style=\"width: 43.125%;height: 33px\" colspan=\"3\" width=\"260\">\n<p align=\"left\"><span style=\"font-family: Aptos, serif\"><span style=\"font-size: medium\"><b>Wysoko\u015b\u0107 raty<\/b><\/span><\/span><\/p>\n<\/td>\n<td style=\"width: 22.49%;height: 33px\" colspan=\"2\" width=\"126\">\n<p align=\"left\"><span style=\"font-family: Aptos, serif\"><span style=\"font-size: medium\"><b>Termin p\u0142atno\u015bci <\/b><\/span><\/span><\/p>\n<\/td>\n<\/tr>\n<tr style=\"height: 33px\" valign=\"top\">\n<td style=\"width: 29.7738%;height: 33px\" width=\"174\">\n<p align=\"left\"><span style=\"font-family: Aptos, serif\"><span style=\"font-size: medium\">1 &#8211; p\u0142atno\u015b\u0107 jednorazowa<\/span><\/span><\/p>\n<\/td>\n<td style=\"width: 43.125%;height: 33px\" colspan=\"3\" width=\"260\">\n<p align=\"left\"><span style=\"font-family: Aptos, serif\"><span style=\"font-size: medium\">2&nbsp;160 z\u0142, uwzgl\u0119dniona 10% zni\u017cka za p\u0142atno\u015b\u0107 jednorazow\u0105<\/span><\/span><\/p>\n<\/td>\n<td style=\"width: 22.49%;height: 33px\" colspan=\"2\" width=\"126\">\n<p align=\"left\"><span style=\"font-family: Aptos, serif\"><span style=\"font-size: medium\">do 10.10.2025r.<\/span><\/span><\/p>\n<\/td>\n<\/tr>\n<tr style=\"height: 33px\" valign=\"top\">\n<td style=\"width: 29.7738%;height: 33px\" width=\"174\">\n<p align=\"left\"><span style=\"font-family: Aptos, serif\"><span style=\"font-size: medium\">2 raty<\/span><\/span><\/p>\n<\/td>\n<td style=\"width: 43.125%;height: 33px\" colspan=\"3\" width=\"260\">\n<p align=\"left\"><span style=\"font-family: Aptos, serif\"><span style=\"font-size: medium\">1&nbsp;200 z\u0142<\/span><\/span><\/p>\n<\/td>\n<td style=\"width: 22.49%;height: 33px\" colspan=\"2\" width=\"126\">\n<p align=\"left\"><span style=\"font-family: Aptos, serif\"><span style=\"font-size: medium\">do 10.10.2025r. do 10.02.2025r.<\/span><\/span><\/p>\n<\/td>\n<\/tr>\n<tr style=\"height: 33px\" valign=\"top\">\n<td style=\"width: 29.7738%;height: 33px\" width=\"174\">\n<p align=\"left\"><span style=\"font-family: Aptos, serif\"><span style=\"font-size: medium\">7 rat<\/span><\/span><\/p>\n<\/td>\n<td style=\"width: 43.125%;height: 33px\" colspan=\"3\" width=\"260\">\n<p align=\"left\"><span style=\"font-family: Aptos, serif\"><span style=\"font-size: medium\">6 rat po 350 z\u0142, 7 rata \u2013 300 z\u0142 <\/span><\/span><\/p>\n<\/td>\n<td style=\"width: 22.49%;height: 33px\" colspan=\"2\" width=\"126\">\n<p align=\"left\"><span style=\"font-family: Aptos, serif\"><span style=\"font-size: medium\">do 10. ka\u017cdego miesi\u0105ca kursu<\/span><\/span><\/p>\n<\/td>\n<\/tr>\n<\/tbody>\n<\/table>\n<p>&nbsp;<\/p>\n<h4><b>Kontakt<\/b><\/h4>\n<p><span lang=\"pt-PT\">Telefon: 721 804 470<\/span><\/p>\n<p><span lang=\"pt-PT\">e-mail: <a href=\"mailto:fundacja@pb.edu.pl\">fundacja@pb.edu.pl<\/a><\/span><\/p>\n","protected":false},"excerpt":{"rendered":"<p>Kurs MATURA 2026 to efektywne i szybkie powt\u00f3rzenie zagadnie\u0144 do matury 2026 z wybranych przedmiot\u00f3w<\/p>\n","protected":false},"author":183,"featured_media":0,"parent":118,"menu_order":0,"comment_status":"closed","ping_status":"closed","template":"","meta":{"_acf_changed":false,"ngg_post_thumbnail":0,"footnotes":""},"class_list":["post-596","page","type-page","status-publish","hentry"],"acf":[],"_links":{"self":[{"href":"https:\/\/pb.edu.pl\/fundacja\/wp-json\/wp\/v2\/pages\/596","targetHints":{"allow":["GET"]}}],"collection":[{"href":"https:\/\/pb.edu.pl\/fundacja\/wp-json\/wp\/v2\/pages"}],"about":[{"href":"https:\/\/pb.edu.pl\/fundacja\/wp-json\/wp\/v2\/types\/page"}],"author":[{"embeddable":true,"href":"https:\/\/pb.edu.pl\/fundacja\/wp-json\/wp\/v2\/users\/183"}],"replies":[{"embeddable":true,"href":"https:\/\/pb.edu.pl\/fundacja\/wp-json\/wp\/v2\/comments?post=596"}],"version-history":[{"count":0,"href":"https:\/\/pb.edu.pl\/fundacja\/wp-json\/wp\/v2\/pages\/596\/revisions"}],"up":[{"embeddable":true,"href":"https:\/\/pb.edu.pl\/fundacja\/wp-json\/wp\/v2\/pages\/118"}],"wp:attachment":[{"href":"https:\/\/pb.edu.pl\/fundacja\/wp-json\/wp\/v2\/media?parent=596"}],"curies":[{"name":"wp","href":"https:\/\/api.w.org\/{rel}","templated":true}]}}