{"id":559,"date":"2025-06-10T09:18:15","date_gmt":"2025-06-10T07:18:15","guid":{"rendered":"https:\/\/pb.edu.pl\/fundacja\/?page_id=559"},"modified":"2025-06-10T09:28:25","modified_gmt":"2025-06-10T07:28:25","slug":"dare-2025","status":"publish","type":"page","link":"https:\/\/pb.edu.pl\/fundacja\/dare-2025\/","title":{"rendered":"2. Mi\u0119dzynarodowa Konferencja Naukowa Digital Architecture Research"},"content":{"rendered":"<p>Serdecznie zapraszamy do udzia\u0142u w\u202f2. Mi\u0119dzynarodowej Konferencji Naukowej <strong>Digital Architecture Research (DARe 2025)<\/strong>, organizowanej przez <a href=\"https:\/\/wa.pb.edu.pl\/\">Wydzia\u0142 Architektury Politechniki Bia\u0142ostockiej<\/a>.<\/p>\n<p>Strona wydarzenia: <a href=\"https:\/\/dare-conf.eu\">dare-conf.eu<\/a><br \/>\nTermin: <strong>4\u20136 czerwca 2025 r.<\/strong><br \/>\nMiejsce: Wydzia\u0142 Architektury, Politechnika Bia\u0142ostocka<br \/>\nForma uczestnictwa: stacjonarna oraz online<\/p>\n<p>W wydarzeniu wezm\u0105 udzia\u0142 uczestnicy z Czech, Niemiec, W\u0142och, Turcji, Serbii, Wielkiej Brytanii, Bo\u015bni i Hercegowiny, Austrii, Grecji, Portugalii, Stan\u00f3w Zjednoczonych (online) oraz Polski.<\/p>\n<p><strong>DARe 2025<\/strong> stanowi interdyscyplinarn\u0105 platform\u0119 wymiany wiedzy i do\u015bwiadcze\u0144 w zakresie zastosowania technologii cyfrowych w architekturze, architekturze wn\u0119trz oraz dyscyplinach pokrewnych.<\/p>\n<p>Szczeg\u00f3lny nacisk po\u0142o\u017cono na prezentacj\u0119 wynik\u00f3w bada\u0144 naukowych prowadzonych przez doktorant\u00f3w, przy jednoczesnym udziale uznanych badaczy z kraju i zagranicy. Mo\u017cliwo\u015b\u0107 uczestnictwa naukowc\u00f3w i doktorant\u00f3w spoza Polski zosta\u0142a zapewniona dzi\u0119ki wsparciu <strong>Narodowej Agencji Wymiany Akademickiej (NAWA)<\/strong>.<\/p>\n<p><strong>Zakres tematyczny konferencji obejmuje m.in.:<\/strong><\/p>\n<ul>\n<li>BIM i projektowanie parametryczne<\/li>\n<li>VR\/AR w edukacji i procesie projektowym<\/li>\n<li>Zastosowanie sztucznej inteligencji w architekturze<\/li>\n<li>Projektowanie zr\u00f3wnowa\u017cone oraz automatyzacj\u0119 proces\u00f3w<\/li>\n<li>Cyfrowe rekonstrukcje dziedzictwa kulturowego<\/li>\n<\/ul>\n<p>Program konferencji dost\u0119pny jest pod adresem: <a href=\"https:\/\/3d.home.pl\/dare2025\/dare2025-program\/\">3d.home.pl\/dare2025\/dare2025-program\/<\/a><\/p>\n<div class=\"image\"><a href=\"https:\/\/podlaskie.eu\/\"><img loading=\"lazy\" decoding=\"async\" class=\"alignright wp-image-564\" src=\"https:\/\/pb.edu.pl\/fundacja\/wp-content\/uploads\/sites\/19\/2025\/06\/04_PODLASKIE.jpg\" alt=\"logo Podlaskie\" width=\"450\" height=\"300\" srcset=\"https:\/\/pb.edu.pl\/fundacja\/wp-content\/uploads\/sites\/19\/2025\/06\/04_PODLASKIE.jpg 1920w, https:\/\/pb.edu.pl\/fundacja\/wp-content\/uploads\/sites\/19\/2025\/06\/04_PODLASKIE-300x200.jpg 300w, https:\/\/pb.edu.pl\/fundacja\/wp-content\/uploads\/sites\/19\/2025\/06\/04_PODLASKIE-1024x683.jpg 1024w, https:\/\/pb.edu.pl\/fundacja\/wp-content\/uploads\/sites\/19\/2025\/06\/04_PODLASKIE-768x512.jpg 768w, https:\/\/pb.edu.pl\/fundacja\/wp-content\/uploads\/sites\/19\/2025\/06\/04_PODLASKIE-1536x1024.jpg 1536w, https:\/\/pb.edu.pl\/fundacja\/wp-content\/uploads\/sites\/19\/2025\/06\/04_PODLASKIE-480x320.jpg 480w\" sizes=\"auto, (max-width: 450px) 100vw, 450px\" \/><\/a><\/div>\n<div class=\"h2\">Wydarzenie wspieraj\u0105:<\/div>\n<ul>\n<li><a href=\"https:\/\/podlaskie.eu\/\">Wojew\u00f3dztwo Podlaskie<\/a><\/li>\n<li><a href=\"https:\/\/www.nawa.gov.pl\/\">NAWA \u2013 Narodowa Agencja Wymiany Akademickiej<\/a><\/li>\n<li><a href=\"https:\/\/wsc.pl\/\">Firma WSC \u2013 Witold Szymanik i Sp\u00f3\u0142ka<\/a><\/li>\n<li><a href=\"https:\/\/podlaska.iarp.pl\/\">Podlaska Okr\u0119gowa Izba Architekt\u00f3w<\/a><\/li>\n<\/ul>\n","protected":false},"excerpt":{"rendered":"<p>Serdecznie zapraszamy do udzia\u0142u w\u202f2. Mi\u0119dzynarodowej Konferencji Naukowej Digital Architecture Research (DARe 2025), organizowanej przez<\/p>\n","protected":false},"author":2,"featured_media":0,"parent":0,"menu_order":0,"comment_status":"closed","ping_status":"closed","template":"","meta":{"_acf_changed":false,"ngg_post_thumbnail":0,"footnotes":""},"class_list":["post-559","page","type-page","status-publish","hentry"],"acf":[],"_links":{"self":[{"href":"https:\/\/pb.edu.pl\/fundacja\/wp-json\/wp\/v2\/pages\/559","targetHints":{"allow":["GET"]}}],"collection":[{"href":"https:\/\/pb.edu.pl\/fundacja\/wp-json\/wp\/v2\/pages"}],"about":[{"href":"https:\/\/pb.edu.pl\/fundacja\/wp-json\/wp\/v2\/types\/page"}],"author":[{"embeddable":true,"href":"https:\/\/pb.edu.pl\/fundacja\/wp-json\/wp\/v2\/users\/2"}],"replies":[{"embeddable":true,"href":"https:\/\/pb.edu.pl\/fundacja\/wp-json\/wp\/v2\/comments?post=559"}],"version-history":[{"count":0,"href":"https:\/\/pb.edu.pl\/fundacja\/wp-json\/wp\/v2\/pages\/559\/revisions"}],"wp:attachment":[{"href":"https:\/\/pb.edu.pl\/fundacja\/wp-json\/wp\/v2\/media?parent=559"}],"curies":[{"name":"wp","href":"https:\/\/api.w.org\/{rel}","templated":true}]}}