{"id":421,"date":"2022-03-17T13:41:03","date_gmt":"2022-03-17T12:41:03","guid":{"rendered":"https:\/\/pb.edu.pl\/fundacja\/?page_id=421"},"modified":"2022-03-17T13:50:34","modified_gmt":"2022-03-17T12:50:34","slug":"dla-nauczyciela","status":"publish","type":"page","link":"https:\/\/pb.edu.pl\/fundacja\/dla-ukrainy\/dla-nauczyciela\/","title":{"rendered":"Kurs j\u0119zyka polskiego &#8211; dla nauczyciela"},"content":{"rendered":"<p>Je\u015bli chcesz do\u0142\u0105czy\u0107 do grona nauczycieli-ochotnik\u00f3w, kt\u00f3rzy prowadz\u0105 kursy j\u0119zyka polskiego dla obywateli Ukrainy uciekaj\u0105cych przed konfliktem zbrojnym wy\u015blij Formularz zg\u0142oszeniowy na adres: kursy.ukraina [at] pb.edu.pl<\/p>\n<p>&nbsp;<\/p>\n<p><a class=\"docx\" title=\"pobierz plik\" href=\"https:\/\/pb.edu.pl\/fundacja\/wp-content\/uploads\/sites\/19\/2022\/03\/FORMULARZ-ZGLOSZENIOWY-KURS-JEZYKA-POLSKIEGO.docx\" data-id=\"427\">FORMULARZ ZG\u0141OSZENIOWY &#8211; KURS J\u0118ZYKA POLSKIEGO (DOCX, 23 KB)<\/a><\/p>\n<p>&nbsp;<\/p>\n","protected":false},"excerpt":{"rendered":"<p>Je\u015bli chcesz do\u0142\u0105czy\u0107 do grona nauczycieli-ochotnik\u00f3w, kt\u00f3rzy prowadz\u0105 kursy j\u0119zyka polskiego dla obywateli Ukrainy uciekaj\u0105cych<\/p>\n","protected":false},"author":152,"featured_media":0,"parent":415,"menu_order":0,"comment_status":"closed","ping_status":"closed","template":"","meta":{"_acf_changed":false,"ngg_post_thumbnail":0,"footnotes":""},"class_list":["post-421","page","type-page","status-publish","hentry"],"acf":[],"_links":{"self":[{"href":"https:\/\/pb.edu.pl\/fundacja\/wp-json\/wp\/v2\/pages\/421","targetHints":{"allow":["GET"]}}],"collection":[{"href":"https:\/\/pb.edu.pl\/fundacja\/wp-json\/wp\/v2\/pages"}],"about":[{"href":"https:\/\/pb.edu.pl\/fundacja\/wp-json\/wp\/v2\/types\/page"}],"author":[{"embeddable":true,"href":"https:\/\/pb.edu.pl\/fundacja\/wp-json\/wp\/v2\/users\/152"}],"replies":[{"embeddable":true,"href":"https:\/\/pb.edu.pl\/fundacja\/wp-json\/wp\/v2\/comments?post=421"}],"version-history":[{"count":0,"href":"https:\/\/pb.edu.pl\/fundacja\/wp-json\/wp\/v2\/pages\/421\/revisions"}],"up":[{"embeddable":true,"href":"https:\/\/pb.edu.pl\/fundacja\/wp-json\/wp\/v2\/pages\/415"}],"wp:attachment":[{"href":"https:\/\/pb.edu.pl\/fundacja\/wp-json\/wp\/v2\/media?parent=421"}],"curies":[{"name":"wp","href":"https:\/\/api.w.org\/{rel}","templated":true}]}}