{"id":419,"date":"2022-03-17T13:39:52","date_gmt":"2022-03-17T12:39:52","guid":{"rendered":"https:\/\/pb.edu.pl\/fundacja\/?page_id=419"},"modified":"2022-03-17T15:51:23","modified_gmt":"2022-03-17T14:51:23","slug":"uczestnik","status":"publish","type":"page","link":"https:\/\/pb.edu.pl\/fundacja\/dla-ukrainy\/uczestnik\/","title":{"rendered":"Kurs j\u0119zyka polskiego &#8211; dla uczestnika"},"content":{"rendered":"<div class=\"h3\">Politechnika Bia\u0142ostocka wsp\u00f3lnie z Fundacj\u0105 DIALOG uruchamia bezp\u0142atne kursy j\u0119zyka polskiego dla obywateli Ukrainy zmuszonych do ucieczki przed konfliktem zbrojnym. Zaj\u0119cia skierowane s\u0105 do dzieci, m\u0142odzie\u017cy i doros\u0142ych. Prowadzone b\u0119d\u0105 popo\u0142udniami i w weekendy na terenie Politechniki Bia\u0142ostockiej przez nauczycieli-ochotnik\u00f3w.<\/div>\n<p>G\u0142\u00f3wnym celem kurs\u00f3w jest nauczanie komunikacyjne i przekazanie podstaw j\u0119zyka polskiego, co z pewno\u015bci\u0105 u\u0142atwi obywatelom Ukrainy codzienne funkcjonowanie w Polsce.<\/p>\n<p>W realizacj\u0119 inicjatywy z ramienia Uczelni zaanga\u017cowa\u0142o si\u0119 Akademickie Liceum Og\u00f3lnokszta\u0142c\u0105ce Politechniki Bia\u0142ostockiej oraz Studium J\u0119zyk\u00f3w Obcych. Zaplecze organizacyjne zapewnia Fundacja na rzecz rozwoju Politechniki Bia\u0142ostockiej, a zapisy do udzia\u0142u w kursach, dzi\u0119ki nawi\u0105zanej wsp\u00f3\u0142pracy, przeprowadzi Fundacja DIALOG.<\/p>\n<p>W realizacj\u0119 przedsi\u0119wzi\u0119cia zaanga\u017cowa\u0142y si\u0119 r\u00f3wnie\u017c: Okr\u0119gowa Komisja Egzaminacyjna w \u0141om\u017cy, Podlaski Urz\u0105d Wojew\u00f3dzki w Bia\u0142ymstoku, Urz\u0105d Marsza\u0142kowski Wojew\u00f3dztwa Podlaskiego, Urz\u0105d Miejski w Bia\u0142ymstoku.<\/p>\n<p>Instytucje udzielaj\u0105 wsparcia m.in. &nbsp;w zakresie poszukiwania nauczycieli-ochotnik\u00f3w do prowadzenia zaj\u0119\u0107 oraz upowszechniaj\u0105 informacje o kursach.<\/p>\n<p>Ju\u017c dzi\u015b wiemy, \u017ce nauczyciele b\u0119d\u0105 dysponowali materia\u0142ami dydaktycznymi, kt\u00f3re przekaza\u0142o krakowskie wydawnictwo j\u0119zykowe PROLOG Publishing.<\/p>\n<p>Je\u015bli przyj\u0119li\u015bcie pod sw\u00f3j dach obywateli Ukrainy b\u0105d\u017a znacie osoby, kt\u00f3re udzieli\u0142y takiego wsparcia \u2013 przeka\u017ccie im t\u0119 informacj\u0119. Niech ka\u017cdy z obywateli Ukrainy dowie si\u0119, \u017ce mo\u017ce nieodp\u0142atnie pozna\u0107 podstawy j\u0119zyka polskiego, by czu\u0107 si\u0119 u nas jeszcze lepiej.<\/p>\n<p>&nbsp;<\/p>\n<p>KONTAKT I ZAPISY NA KURS<\/p>\n<p>Fundacja DIALOG<\/p>\n<p>Ks. Adama Abramowicza 1<br \/>\n15-872 Bia\u0142ystok<br \/>\ngodziny otwarcia 9-17<br \/>\ne-mail:&nbsp;<a href=\"mailto:ukraina@fundacjadialog.pl\">ukraina@fundacjadialog.pl<\/a><br \/>\ntel.: +48 85 742 40 41, +48 664 765 111<\/p>\n<p>&nbsp;<\/p>\n<p><img loading=\"lazy\" decoding=\"async\" class=\"aligncenter size-large wp-image-431\" src=\"https:\/\/pb.edu.pl\/fundacja\/wp-content\/uploads\/sites\/19\/2022\/03\/kjp2022-728x1024.jpg\" alt=\"\" width=\"728\" height=\"1024\" srcset=\"https:\/\/pb.edu.pl\/fundacja\/wp-content\/uploads\/sites\/19\/2022\/03\/kjp2022-728x1024.jpg 728w, https:\/\/pb.edu.pl\/fundacja\/wp-content\/uploads\/sites\/19\/2022\/03\/kjp2022-213x300.jpg 213w, https:\/\/pb.edu.pl\/fundacja\/wp-content\/uploads\/sites\/19\/2022\/03\/kjp2022-768x1080.jpg 768w, https:\/\/pb.edu.pl\/fundacja\/wp-content\/uploads\/sites\/19\/2022\/03\/kjp2022-1092x1536.jpg 1092w, https:\/\/pb.edu.pl\/fundacja\/wp-content\/uploads\/sites\/19\/2022\/03\/kjp2022-1456x2048.jpg 1456w, https:\/\/pb.edu.pl\/fundacja\/wp-content\/uploads\/sites\/19\/2022\/03\/kjp2022-scaled.jpg 1820w\" sizes=\"auto, (max-width: 728px) 100vw, 728px\" \/><\/p>\n","protected":false},"excerpt":{"rendered":"<p>Politechnika Bia\u0142ostocka wsp\u00f3lnie z Fundacj\u0105 DIALOG uruchamia bezp\u0142atne kursy j\u0119zyka polskiego dla obywateli Ukrainy zmuszonych<\/p>\n","protected":false},"author":152,"featured_media":431,"parent":415,"menu_order":0,"comment_status":"closed","ping_status":"closed","template":"","meta":{"_acf_changed":false,"ngg_post_thumbnail":0,"footnotes":""},"class_list":["post-419","page","type-page","status-publish","has-post-thumbnail","hentry"],"acf":[],"_links":{"self":[{"href":"https:\/\/pb.edu.pl\/fundacja\/wp-json\/wp\/v2\/pages\/419","targetHints":{"allow":["GET"]}}],"collection":[{"href":"https:\/\/pb.edu.pl\/fundacja\/wp-json\/wp\/v2\/pages"}],"about":[{"href":"https:\/\/pb.edu.pl\/fundacja\/wp-json\/wp\/v2\/types\/page"}],"author":[{"embeddable":true,"href":"https:\/\/pb.edu.pl\/fundacja\/wp-json\/wp\/v2\/users\/152"}],"replies":[{"embeddable":true,"href":"https:\/\/pb.edu.pl\/fundacja\/wp-json\/wp\/v2\/comments?post=419"}],"version-history":[{"count":0,"href":"https:\/\/pb.edu.pl\/fundacja\/wp-json\/wp\/v2\/pages\/419\/revisions"}],"up":[{"embeddable":true,"href":"https:\/\/pb.edu.pl\/fundacja\/wp-json\/wp\/v2\/pages\/415"}],"wp:featuredmedia":[{"embeddable":true,"href":"https:\/\/pb.edu.pl\/fundacja\/wp-json\/wp\/v2\/media\/431"}],"wp:attachment":[{"href":"https:\/\/pb.edu.pl\/fundacja\/wp-json\/wp\/v2\/media?parent=419"}],"curies":[{"name":"wp","href":"https:\/\/api.w.org\/{rel}","templated":true}]}}