{"id":404,"date":"2022-02-01T09:31:13","date_gmt":"2022-02-01T08:31:13","guid":{"rendered":"https:\/\/pb.edu.pl\/fundacja\/?page_id=404"},"modified":"2022-02-03T09:33:01","modified_gmt":"2022-02-03T08:33:01","slug":"strefa-studenta","status":"publish","type":"page","link":"https:\/\/pb.edu.pl\/fundacja\/strefa-studenta\/","title":{"rendered":"Strefa studenta"},"content":{"rendered":"<p><img loading=\"lazy\" decoding=\"async\" class=\"aligncenter size-medium wp-image-412\" src=\"https:\/\/pb.edu.pl\/fundacja\/wp-content\/uploads\/sites\/19\/2022\/02\/LOGO-BEZ-TLA-300x102.png\" alt=\"\" width=\"300\" height=\"102\" srcset=\"https:\/\/pb.edu.pl\/fundacja\/wp-content\/uploads\/sites\/19\/2022\/02\/LOGO-BEZ-TLA-300x102.png 300w, https:\/\/pb.edu.pl\/fundacja\/wp-content\/uploads\/sites\/19\/2022\/02\/LOGO-BEZ-TLA-1024x347.png 1024w, https:\/\/pb.edu.pl\/fundacja\/wp-content\/uploads\/sites\/19\/2022\/02\/LOGO-BEZ-TLA-768x260.png 768w, https:\/\/pb.edu.pl\/fundacja\/wp-content\/uploads\/sites\/19\/2022\/02\/LOGO-BEZ-TLA-1536x521.png 1536w, https:\/\/pb.edu.pl\/fundacja\/wp-content\/uploads\/sites\/19\/2022\/02\/LOGO-BEZ-TLA-2048x694.png 2048w\" sizes=\"auto, (max-width: 300px) 100vw, 300px\" \/><\/p>\n<p>Samorz\u0105d Student\u00f3w Politechniki Bia\u0142ostockiej serdecznie zaprasza wszystkich Student\u00f3w Politechniki Bia\u0142ostockiej do udzia\u0142u w obozie zimowym &#8222;ZimUwka 2022&#8221;<\/p>\n<p>Ob\u00f3z ma charakter szkoleniowy. W programie zaplanowano r\u00f3wnie\u017c atrakcje rekreacyjne.<\/p>\n<p>Zapraszamy do udzia\u0142u!<\/p>\n<p>&nbsp;<\/p>\n<p>TERMIN: 17-22 lutego 2022 roku<\/p>\n<p>MIEJSCE: Zakopane<\/p>\n<p>&nbsp;<\/p>\n<p>UWAGA! Liczba miejsc ograniczona (szczeg\u00f3\u0142y w Regulaminie).<\/p>\n<p>&nbsp;<\/p>\n<p><a class=\"pdf\" title=\"otworzy si\u0119 w nowej karcie\" href=\"https:\/\/pb.edu.pl\/fundacja\/wp-content\/uploads\/sites\/19\/2022\/02\/Regulamin-ZimUwka-2022.pdf\" target=\"_blank\" rel=\"noopener\" data-id=\"409\">Regulamin ZimUwka 2022 (PDF, 217 KB)<\/a><\/p>\n<p><a class=\"pdf\" title=\"otworzy si\u0119 w nowej karcie\" href=\"https:\/\/pb.edu.pl\/fundacja\/wp-content\/uploads\/sites\/19\/2022\/02\/Formularz-ZimUwka-2022.pdf\" target=\"_blank\" rel=\"noopener\" data-id=\"410\">Formularz ZimUwka 2022 (PDF, 174 KB)<\/a><\/p>\n","protected":false},"excerpt":{"rendered":"<p>Samorz\u0105d Student\u00f3w Politechniki Bia\u0142ostockiej serdecznie zaprasza wszystkich Student\u00f3w Politechniki Bia\u0142ostockiej do udzia\u0142u w obozie zimowym<\/p>\n","protected":false},"author":152,"featured_media":0,"parent":0,"menu_order":0,"comment_status":"closed","ping_status":"closed","template":"","meta":{"_acf_changed":false,"ngg_post_thumbnail":0,"footnotes":""},"class_list":["post-404","page","type-page","status-publish","hentry"],"acf":[],"_links":{"self":[{"href":"https:\/\/pb.edu.pl\/fundacja\/wp-json\/wp\/v2\/pages\/404","targetHints":{"allow":["GET"]}}],"collection":[{"href":"https:\/\/pb.edu.pl\/fundacja\/wp-json\/wp\/v2\/pages"}],"about":[{"href":"https:\/\/pb.edu.pl\/fundacja\/wp-json\/wp\/v2\/types\/page"}],"author":[{"embeddable":true,"href":"https:\/\/pb.edu.pl\/fundacja\/wp-json\/wp\/v2\/users\/152"}],"replies":[{"embeddable":true,"href":"https:\/\/pb.edu.pl\/fundacja\/wp-json\/wp\/v2\/comments?post=404"}],"version-history":[{"count":0,"href":"https:\/\/pb.edu.pl\/fundacja\/wp-json\/wp\/v2\/pages\/404\/revisions"}],"wp:attachment":[{"href":"https:\/\/pb.edu.pl\/fundacja\/wp-json\/wp\/v2\/media?parent=404"}],"curies":[{"name":"wp","href":"https:\/\/api.w.org\/{rel}","templated":true}]}}