{"id":34,"date":"2018-07-11T10:43:27","date_gmt":"2018-07-11T08:43:27","guid":{"rendered":"https:\/\/pb.edu.pl\/fundacja\/?page_id=34"},"modified":"2026-01-12T23:01:36","modified_gmt":"2026-01-12T22:01:36","slug":"strona-glowna","status":"publish","type":"page","link":"https:\/\/pb.edu.pl\/fundacja\/","title":{"rendered":""},"content":{"rendered":"<div class=\"row\">\n<div class=\"col-sm-12\"><a class=\"button text-center animated zoomIn lead\" style=\"width: 100%\" href=\"\/fundacja\/projekty\/rozwoj-kompetencji-czlonkow-oraz-przyszlych-czlonkow-sekcji-analogow-lazikow-marsjanskich-w-kole-naukowym-robotykow\/\"><span class=\"h2\">Rozw\u00f3j kompetencji cz\u0142onk\u00f3w oraz przysz\u0142ych cz\u0142onk\u00f3w sekcji analog\u00f3w \u0142azik\u00f3w marsja\u0144skich w Kole Naukowym Robotyk\u00f3w<\/span><\/a><\/div>\n<\/div>\n<div class=\"row\">\n<div class=\"col-sm-12\"><a class=\"button text-center animated zoomIn lead\" style=\"width: 100%\" href=\"\/fundacja\/projekty\/inzynieria-bez-granic-poznaj-autonomiczne-roboty-mobilne\/\"><span class=\"h2\">In\u017cynieria bez granic \u2013 poznaj autonomiczne roboty mobilne<\/span><\/a><\/div>\n<\/div>\n<div class=\"row\">\n<div class=\"col-sm-12\"><a class=\"button text-center animated zoomIn lead\" style=\"width: 100%\" href=\"\/fundacja\/dare-2025\/\"><span class=\"h2\">2. Mi\u0119dzynarodowa Konferencja Naukowa Digital Architecture Research (DARe 2025)<\/span><\/a><\/div>\n<\/div>\n<div class=\"row\">\n<div class=\"col-sm-12\"><a class=\"button text-center animated zoomIn lead\" style=\"width: 100%\" href=\"https:\/\/pb.edu.pl\/fundacja\/dla-ukrainy\/\"><span class=\"h2\">Kurs j\u0119zyka polskiego dla obywateli Ukrainy<\/span><\/a><\/div>\n<\/div>\n<div id=\"box-menu\" class=\"href\">&nbsp;<\/div>\n<p>&nbsp;<\/p>\n<div class=\"row\">\n<div class=\"col-md-3\">\n\t<div class=\"boxlink animated zoomIn \">\n\t\t<a href=\"\/fundacja\/o-fundacji\/\" class=\"no-icon\">\n\t\t\t<div class=\"boxlink-title\">O Fundacji<span><\/span><\/div>\n\t\t\t<div class=\"boxlink-content\">\n\t\t\t\t<img decoding=\"async\" class=\"aligncenter wp-image-534 size-full\" src=\"https:\/\/pb.edu.pl\/fundacja\/wp-content\/uploads\/sites\/19\/2018\/07\/best-1.jpg\" alt=\"\">\t\t\t<\/div>\n\t\t<\/a>\n\t<\/div>\n\n<\/div>\n<div class=\"col-md-3\">\n\t<div class=\"boxlink animated zoomIn \">\n\t\t<a href=\"\/fundacja\/projekty\/\" class=\"no-icon\">\n\t\t\t<div class=\"boxlink-title\">Projekty<span><\/span><\/div>\n\t\t\t<div class=\"boxlink-content\">\n\t\t\t\t<img decoding=\"async\" class=\"aligncenter wp-image-534 size-full\" src=\"https:\/\/pb.edu.pl\/fundacja\/wp-content\/uploads\/sites\/19\/2018\/07\/best-2.jpg\" alt=\"\">\t\t\t<\/div>\n\t\t<\/a>\n\t<\/div>\n\n<\/div>\n<div class=\"col-md-3\">\n\t<div class=\"boxlink animated zoomIn \">\n\t\t<a href=\"\/fundacja\/oferta\/\" class=\"no-icon\">\n\t\t\t<div class=\"boxlink-title\">Szkolenia i kursy<span><\/span><\/div>\n\t\t\t<div class=\"boxlink-content\">\n\t\t\t\t<img decoding=\"async\" class=\"aligncenter wp-image-534 size-full\" src=\"https:\/\/pb.edu.pl\/fundacja\/wp-content\/uploads\/sites\/19\/2018\/07\/best-3.jpg\" alt=\"\">\t\t\t<\/div>\n\t\t<\/a>\n\t<\/div>\n\n<\/div>\n<div class=\"col-md-3\">\n\t<div class=\"boxlink animated zoomIn \">\n\t\t<a href=\"\/fundacja\/kontakt\/\" class=\"no-icon\">\n\t\t\t<div class=\"boxlink-title\">Kontakt<span><\/span><\/div>\n\t\t\t<div class=\"boxlink-content\">\n\t\t\t\t<img decoding=\"async\" class=\"aligncenter wp-image-534 size-full\" src=\"https:\/\/pb.edu.pl\/fundacja\/wp-content\/uploads\/sites\/19\/2018\/07\/best-4.jpg\" alt=\"\">\t\t\t<\/div>\n\t\t<\/a>\n\t<\/div>\n\n<\/div>\n<\/div>\n","protected":false},"excerpt":{"rendered":"<p>Rozw\u00f3j kompetencji cz\u0142onk\u00f3w oraz przysz\u0142ych cz\u0142onk\u00f3w sekcji analog\u00f3w \u0142azik\u00f3w marsja\u0144skich w Kole Naukowym Robotyk\u00f3w In\u017cynieria<\/p>\n","protected":false},"author":152,"featured_media":0,"parent":0,"menu_order":0,"comment_status":"closed","ping_status":"closed","template":"templates\/dzial.php","meta":{"_acf_changed":false,"ngg_post_thumbnail":0,"footnotes":""},"class_list":["post-34","page","type-page","status-publish","hentry"],"acf":[],"_links":{"self":[{"href":"https:\/\/pb.edu.pl\/fundacja\/wp-json\/wp\/v2\/pages\/34","targetHints":{"allow":["GET"]}}],"collection":[{"href":"https:\/\/pb.edu.pl\/fundacja\/wp-json\/wp\/v2\/pages"}],"about":[{"href":"https:\/\/pb.edu.pl\/fundacja\/wp-json\/wp\/v2\/types\/page"}],"author":[{"embeddable":true,"href":"https:\/\/pb.edu.pl\/fundacja\/wp-json\/wp\/v2\/users\/152"}],"replies":[{"embeddable":true,"href":"https:\/\/pb.edu.pl\/fundacja\/wp-json\/wp\/v2\/comments?post=34"}],"version-history":[{"count":0,"href":"https:\/\/pb.edu.pl\/fundacja\/wp-json\/wp\/v2\/pages\/34\/revisions"}],"wp:attachment":[{"href":"https:\/\/pb.edu.pl\/fundacja\/wp-json\/wp\/v2\/media?parent=34"}],"curies":[{"name":"wp","href":"https:\/\/api.w.org\/{rel}","templated":true}]}}