{"id":334,"date":"2021-10-01T12:55:04","date_gmt":"2021-10-01T10:55:04","guid":{"rendered":"https:\/\/pb.edu.pl\/fundacja\/?page_id=334"},"modified":"2021-11-14T22:34:13","modified_gmt":"2021-11-14T21:34:13","slug":"relacja-z-20-lecia-fundacji","status":"publish","type":"page","link":"https:\/\/pb.edu.pl\/fundacja\/relacja-z-20-lecia-fundacji\/","title":{"rendered":"Relacja z 20-lecie Fundacji"},"content":{"rendered":"<h4>24 wrze\u015bnia 2021 roku odby\u0142a si\u0119 gala z okazji Jubileuszu 20-lecia Fundacji na rzecz rozwoju Politechniki Bia\u0142ostockiej.<\/h4>\n<p>Podczas uroczysto\u015bci podsumowali\u015bmy dwie dekady dzia\u0142alno\u015bci Fundacji. By\u0142a to r\u00f3wnie\u017c okazja do tego, \u017ceby podzi\u0119kowa\u0107 wszystkim Partnerom oraz Przyjacio\u0142om Fundacji za wsp\u00f3\u0142prac\u0119 i zaanga\u017cowanie.<\/p>\n<p>Jeszcze raz dzi\u0119kujemy wszystkim za udzia\u0142 w gali, a szczeg\u00f3lnie podzi\u0119kowania sk\u0142adamy Partnerom wydarzenia: Politechnice Bia\u0142ostockiej, Wojew\u00f3dztwu Podlaskiemu, Miastu Bia\u0142ystok, Samorz\u0105dowi Student\u00f3w Politechniki Bia\u0142ostockiej, sponsorowi firmie EKOSTART oraz Radiu Akadera, za obj\u0119cie uroczysto\u015bci patronatem medialnym.<\/p>\n<p><em>~Wielkie dzie\u0142a tworz\u0105 ci, kt\u00f3rzy znaj\u0105 i rozumiej\u0105 ludzi<\/em><\/p>\n<p>&nbsp;<\/p>\n<p>Zapraszamy do obejrzenia galerii zdj\u0119\u0107 z gali z okazji Jubileuszu 20-lecia Fundacji na rzecz rozwoju Politechniki Bia\u0142ostockiej.<br \/>\nZdj\u0119cia dzi\u0119ki uprzejmo\u015bci Politechniki Bia\u0142ostockiej, fot. G. Ko\u015bciuk<br \/>\nngg_shortcode_0_placeholder\n","protected":false},"excerpt":{"rendered":"<p>24 wrze\u015bnia 2021 roku odby\u0142a si\u0119 gala z okazji Jubileuszu 20-lecia Fundacji na rzecz rozwoju<\/p>\n","protected":false},"author":152,"featured_media":0,"parent":0,"menu_order":0,"comment_status":"closed","ping_status":"closed","template":"","meta":{"_acf_changed":false,"ngg_post_thumbnail":0,"footnotes":""},"class_list":["post-334","page","type-page","status-publish","hentry"],"acf":[],"_links":{"self":[{"href":"https:\/\/pb.edu.pl\/fundacja\/wp-json\/wp\/v2\/pages\/334","targetHints":{"allow":["GET"]}}],"collection":[{"href":"https:\/\/pb.edu.pl\/fundacja\/wp-json\/wp\/v2\/pages"}],"about":[{"href":"https:\/\/pb.edu.pl\/fundacja\/wp-json\/wp\/v2\/types\/page"}],"author":[{"embeddable":true,"href":"https:\/\/pb.edu.pl\/fundacja\/wp-json\/wp\/v2\/users\/152"}],"replies":[{"embeddable":true,"href":"https:\/\/pb.edu.pl\/fundacja\/wp-json\/wp\/v2\/comments?post=334"}],"version-history":[{"count":0,"href":"https:\/\/pb.edu.pl\/fundacja\/wp-json\/wp\/v2\/pages\/334\/revisions"}],"wp:attachment":[{"href":"https:\/\/pb.edu.pl\/fundacja\/wp-json\/wp\/v2\/media?parent=334"}],"curies":[{"name":"wp","href":"https:\/\/api.w.org\/{rel}","templated":true}]}}