{"id":281,"date":"2021-09-14T15:01:43","date_gmt":"2021-09-14T13:01:43","guid":{"rendered":"https:\/\/pb.edu.pl\/fundacja\/?page_id=281"},"modified":"2021-11-14T22:44:10","modified_gmt":"2021-11-14T21:44:10","slug":"jubileusz","status":"publish","type":"page","link":"https:\/\/pb.edu.pl\/fundacja\/projekty\/jubileusz\/","title":{"rendered":"Jubileusz 20-lecia Fundacji"},"content":{"rendered":"<p><img loading=\"lazy\" decoding=\"async\" class=\"size-medium wp-image-284 alignleft\" src=\"https:\/\/pb.edu.pl\/fundacja\/wp-content\/uploads\/sites\/19\/2021\/09\/Logo-20lecie-300x200.jpg\" alt=\"logo Jubileuszu 20-lecia Fundacji\" width=\"300\" height=\"200\" srcset=\"https:\/\/pb.edu.pl\/fundacja\/wp-content\/uploads\/sites\/19\/2021\/09\/Logo-20lecie-300x200.jpg 300w, https:\/\/pb.edu.pl\/fundacja\/wp-content\/uploads\/sites\/19\/2021\/09\/Logo-20lecie-768x512.jpg 768w, https:\/\/pb.edu.pl\/fundacja\/wp-content\/uploads\/sites\/19\/2021\/09\/Logo-20lecie-480x320.jpg 480w, https:\/\/pb.edu.pl\/fundacja\/wp-content\/uploads\/sites\/19\/2021\/09\/Logo-20lecie.jpg 900w\" sizes=\"auto, (max-width: 300px) 100vw, 300px\" \/><strong>Zarz\u0105d Fundacji na rzecz rozwoju Politechniki Bia\u0142ostockiej ma zaszczyt zaprosi\u0107 wszystkich pracownik\u00f3w Politechniki Bia\u0142ostockiej oraz przyjaci\u00f3\u0142 Fundacji na uroczyst\u0105 gal\u0119 z okazji Jubileuszu 20-lecia Fundacji, kt\u00f3ra odb\u0119dzie si\u0119 <span style=\"color: #0000ff\">24 wrze\u015bnia 2021 roku (pi\u0105tek) o godz. 18:00 w Hotelu Silver<\/span> przy ul. Miko\u0142aja Kopernika 97 w Bia\u0142ymstoku.<\/strong><\/p>\n<div style=\"clear:both\"><\/div>\n<p>W programie mi\u0119dzy innymi:<\/p>\n<ul>\n<li><strong>wr\u0119czenie statuetek oraz pami\u0105tkowych medali<\/strong><\/li>\n<li><strong>film podsumowuj\u0105cy dwudziestolecie dzia\u0142alno\u015bci Fundacji<\/strong><\/li>\n<li><strong>wyst\u0105pienia partner\u00f3w<\/strong><\/li>\n<li><strong>bankiet z czterema ciep\u0142ymi daniami<\/strong><\/li>\n<li><strong>st\u00f3\u0142 &#8222;s\u0142odki&#8221;<\/strong><\/li>\n<li><strong>przystawki, napoje (w tym&#8230; wiadomo &#8211; bez limitu)<\/strong><\/li>\n<li><strong>zabawa z DJ do 4:00<\/strong><\/li>\n<\/ul>\n<p><strong>KOSZT UCZESTNICTWA: 185 z\u0142\/os.<\/strong><\/p>\n<p>Liczba miejsc ograniczona!<\/p>\n<p><strong>Zg\u0142oszenia udzia\u0142u<\/strong> prosimy wys\u0142a\u0107 drog\u0105 elektroniczn\u0105 na adres: fundacja [at] pb.edu.pl<\/p>\n<p><img loading=\"lazy\" decoding=\"async\" class=\"aligncenter wp-image-285 size-large\" src=\"https:\/\/pb.edu.pl\/fundacja\/wp-content\/uploads\/sites\/19\/2021\/09\/Partnerzy-1024x473.jpg\" alt=\"logo organizatora, partner\u00f3w i sponsor\u00f3w\" width=\"1024\" height=\"473\" srcset=\"https:\/\/pb.edu.pl\/fundacja\/wp-content\/uploads\/sites\/19\/2021\/09\/Partnerzy-1024x473.jpg 1024w, https:\/\/pb.edu.pl\/fundacja\/wp-content\/uploads\/sites\/19\/2021\/09\/Partnerzy-300x139.jpg 300w, https:\/\/pb.edu.pl\/fundacja\/wp-content\/uploads\/sites\/19\/2021\/09\/Partnerzy-768x355.jpg 768w, https:\/\/pb.edu.pl\/fundacja\/wp-content\/uploads\/sites\/19\/2021\/09\/Partnerzy-1536x710.jpg 1536w, https:\/\/pb.edu.pl\/fundacja\/wp-content\/uploads\/sites\/19\/2021\/09\/Partnerzy-2048x947.jpg 2048w\" sizes=\"auto, (max-width: 1024px) 100vw, 1024px\" \/><\/p>\n<p>&nbsp;<\/p>\n","protected":false},"excerpt":{"rendered":"<p>Zarz\u0105d Fundacji na rzecz rozwoju Politechniki Bia\u0142ostockiej ma zaszczyt zaprosi\u0107 wszystkich pracownik\u00f3w Politechniki Bia\u0142ostockiej oraz<\/p>\n","protected":false},"author":152,"featured_media":284,"parent":17,"menu_order":0,"comment_status":"closed","ping_status":"closed","template":"","meta":{"_acf_changed":false,"ngg_post_thumbnail":0,"footnotes":""},"class_list":["post-281","page","type-page","status-publish","has-post-thumbnail","hentry"],"acf":[],"_links":{"self":[{"href":"https:\/\/pb.edu.pl\/fundacja\/wp-json\/wp\/v2\/pages\/281","targetHints":{"allow":["GET"]}}],"collection":[{"href":"https:\/\/pb.edu.pl\/fundacja\/wp-json\/wp\/v2\/pages"}],"about":[{"href":"https:\/\/pb.edu.pl\/fundacja\/wp-json\/wp\/v2\/types\/page"}],"author":[{"embeddable":true,"href":"https:\/\/pb.edu.pl\/fundacja\/wp-json\/wp\/v2\/users\/152"}],"replies":[{"embeddable":true,"href":"https:\/\/pb.edu.pl\/fundacja\/wp-json\/wp\/v2\/comments?post=281"}],"version-history":[{"count":0,"href":"https:\/\/pb.edu.pl\/fundacja\/wp-json\/wp\/v2\/pages\/281\/revisions"}],"up":[{"embeddable":true,"href":"https:\/\/pb.edu.pl\/fundacja\/wp-json\/wp\/v2\/pages\/17"}],"wp:featuredmedia":[{"embeddable":true,"href":"https:\/\/pb.edu.pl\/fundacja\/wp-json\/wp\/v2\/media\/284"}],"wp:attachment":[{"href":"https:\/\/pb.edu.pl\/fundacja\/wp-json\/wp\/v2\/media?parent=281"}],"curies":[{"name":"wp","href":"https:\/\/api.w.org\/{rel}","templated":true}]}}