{"id":14,"date":"2020-09-20T10:29:07","date_gmt":"2020-09-20T08:29:07","guid":{"rendered":"https:\/\/pb.edu.pl\/fundacja\/?page_id=14"},"modified":"2026-01-12T22:21:43","modified_gmt":"2026-01-12T21:21:43","slug":"o-fundacji","status":"publish","type":"page","link":"https:\/\/pb.edu.pl\/fundacja\/o-fundacji\/","title":{"rendered":"O Fundacji"},"content":{"rendered":"<div class=\"h3\">Dzia\u0142ania<\/div>\n<ol>\n<li>Wspieranie finansowe:<br \/>\n&nbsp; &nbsp;a. zakupu sprz\u0119tu naukowego przez Politechnik\u0119 Bia\u0142ostock\u0105,<br \/>\n&nbsp; &nbsp;b. inwestycji budowlanych prowadzonych przez Uczelni\u0119,<br \/>\n&nbsp; &nbsp;c. wydawnictw naukowych i dydaktycznych pracownik\u00f3w Politechniki Bia\u0142ostockiej.<\/li>\n<li>Pozyskiwanie urz\u0105dze\u0144 i aparatury naukowej w celu podarowania Politechnice Bia\u0142ostockiej.<\/li>\n<li>Pozyskiwanie \u015brodk\u00f3w finansowych na rzecz Politechniki Bia\u0142ostockiej.<\/li>\n<li>Ustanowienie funduszu stypendialnego dla wybitnych pracownik\u00f3w nauki.<\/li>\n<li>Prowadzenie dzia\u0142alno\u015bci gospodarczej w rozmiarach s\u0142u\u017c\u0105cych realizacji jej cel\u00f3w w zakresie:\n<ul>\n<li>bada\u0144 i analiz technicznych,<\/li>\n<li>prac badawczo \u2013 rozwojowych w dziedzinie nauk technicznych,<\/li>\n<li>prac badawczo-rozwojowych w dziedzinie pozosta\u0142ych nauk przyrodniczych i technicznych,<\/li>\n<li>doradztwa w zakresie sprz\u0119tu komputerowego,<\/li>\n<li>dzia\u0142alno\u015bci w zakresie oprogramowania,<\/li>\n<li>szkolnictwa \u015bredniego og\u00f3lnokszta\u0142c\u0105cego,<\/li>\n<li>lice\u00f3w i technik\u00f3w zawodowych,<\/li>\n<li>szk\u00f3\u0142 pomaturalnych (policealnych),<\/li>\n<li>wy\u017cszych szk\u00f3\u0142 zawodowych,<\/li>\n<li>dzia\u0142alno\u015bci zwi\u0105zanej z organizacj\u0105 targ\u00f3w i wystaw,<\/li>\n<li>pozaszkolnych form kszta\u0142cenia, gdzie indziej nie sklasyfikowanych,<\/li>\n<li>drukowania i dzia\u0142alno\u015bci us\u0142ugowej zwi\u0105zanej z poligrafi\u0105,<\/li>\n<li>sprzeda\u017cy detalicznej prowadzonej w niewyspecjalizowanych sklepach z przewag\u0105 \u017cywno\u015bci, napoj\u00f3w i wyrob\u00f3w tytoniowych,<\/li>\n<li>sprzeda\u017cy detalicznej napoj\u00f3w alkoholowych i bezalkoholowych prowadzonej w wyspecjalizowanych sklepach<\/li>\n<li>sprzeda\u017cy detalicznej nagra\u0144 d\u017awi\u0119kowych i audiowizualnych prowadzonej w wyspecjalizowanych sklepach,<\/li>\n<li>sprzeda\u017cy detalicznej gazet i artyku\u0142\u00f3w pi\u015bmiennych prowadzonej w wyspecjalizowanych sklepach,<\/li>\n<li>sprzeda\u017cy detalicznej prowadzonej przez domy sprzeda\u017cy wysy\u0142kowej lub Internet,<\/li>\n<li>prowadzenia restauracji i innych sta\u0142ych plac\u00f3wek gastronomicznych,<\/li>\n<li>przygotowywania i dostarczania \u017cywno\u015bci dla odbiorc\u00f3w zewn\u0119trznych (katering),<\/li>\n<li>przygotowywania i podawania napoj\u00f3w,<\/li>\n<li>wydawania ksi\u0105\u017cek,<\/li>\n<li>wydawania gazet,<\/li>\n<li>wydawania czasopism i pozosta\u0142ych periodyk\u00f3w,<\/li>\n<li>pozosta\u0142ej dzia\u0142alno\u015bci wydawniczej,<\/li>\n<li>dzia\u0142alno\u015bci zwi\u0105zanej z produkcj\u0105 film\u00f3w, nagra\u0144 wideo i program\u00f3w telewizyjnych,<\/li>\n<li>dzia\u0142alno\u015bci w zakresie nagra\u0144 d\u017awi\u0119kowych i muzycznych,<\/li>\n<li>dzia\u0142alno\u015bci agencji reklamowych,<\/li>\n<li>dzia\u0142alno\u015bci fotograficznej,<\/li>\n<li>dzia\u0142alno\u015bci obiekt\u00f3w kulturalnych,<\/li>\n<li>dzia\u0142alno\u015bci obiekt\u00f3w sportowych,<\/li>\n<li>pozosta\u0142ej dzia\u0142alno\u015bci rozrywkowej i rekreacyjnej.<\/li>\n<\/ul>\n<\/li>\n<li>Tworzenie i znoszenie jednostek organizacyjnych w ramach Fundacji.<\/li>\n<\/ol>\n<div class=\"h3\">Cele<\/div>\n<ol>\n<li>Wspieranie finansowe inwestycji prowadzonych przez Politechnik\u0119 Bia\u0142ostock\u0105 w zakresie modernizacji i budowy obiekt\u00f3w Uczelni.<\/li>\n<li>Wspieranie rozwoju bada\u0144 naukowych pracownik\u00f3w Politechniki Bia\u0142ostockiej.<\/li>\n<li>Wspieranie rozwoju naukowego m\u0142odych pracownik\u00f3w nauki.<\/li>\n<li>Pozyskiwanie \u015brodk\u00f3w poprzez organizacj\u0119 zaj\u0119\u0107 dydaktycznych w ramach kszta\u0142cenia ustawicznego.<\/li>\n<li>Pozyskiwanie \u015brodk\u00f3w poprzez realizacj\u0119 temat\u00f3w na rzecz gospodarki narodowej.<\/li>\n<li>Upowszechnianie wynik\u00f3w bada\u0144 naukowych i do\u015bwiadcze\u0144 dydaktycznych pracownik\u00f3w.<\/li>\n<li>Wspieranie wsp\u00f3\u0142pracy pracownik\u00f3w Politechniki Bia\u0142ostockiej z innymi instytucjami naukowymi w kraju i za granic\u0105.<\/li>\n<li>Wspieranie aktywno\u015bci zawodowej student\u00f3w i absolwent\u00f3w uczelni.<\/li>\n<li>Wspieranie spo\u0142eczno\u015bci akademickiej&nbsp; Politechniki Bia\u0142ostockiej w zakresie dzia\u0142alno\u015bci kulturalnej, rozrywkowej poprzez prowadzenie studenckiego klubu rozrywki.<\/li>\n<li>Wspieranie inicjatyw spo\u0142eczno\u015bci akademickiej w zakresie dzia\u0142alno\u015bci sportowej i rekreacyjnej.<\/li>\n<li>Stworzenie studentom&nbsp; zaplecza socjalno-bytowego&nbsp; poprzez dzia\u0142alno\u015b\u0107 studenckiego baru gastronomicznego.<\/li>\n<li>&nbsp;Pozyskiwanie \u015brodk\u00f3w na finansowanie inicjatyw student\u00f3w, doktorant\u00f3w i pracownik\u00f3w Politechniki Bia\u0142ostockiej w ramach dzia\u0142alno\u015bci kulturalnej, rozrywkowej, sportowej&nbsp; i rekreacyjnej.<\/li>\n<\/ol>\n<div class=\"h3\">Zarz\u0105d<\/div>\n<ul>\n<li>Iwona Piekunko-Mantiuk &#8211; Przewodnicz\u0105ca<\/li>\n<li>Agnieszka Szmidt &#8211; Wiceprzewodnicz\u0105ca<\/li>\n<li>Wojciech Trzasko &#8211; Sekretarz<\/li>\n<li>El\u017cbieta Orzechowska &#8211; Cz\u0142onek Zarz\u0105du<\/li>\n<li>Dorota Maleszewska &#8211; Cz\u0142onek Zarz\u0105du<\/li>\n<li>Pawe\u0142 Tadejko &#8211; Cz\u0142onek Zarz\u0105du<\/li>\n<\/ul>\n","protected":false},"excerpt":{"rendered":"<p>Dzia\u0142ania Wspieranie finansowe: &nbsp; &nbsp;a. zakupu sprz\u0119tu naukowego przez Politechnik\u0119 Bia\u0142ostock\u0105, &nbsp; &nbsp;b. inwestycji budowlanych<\/p>\n","protected":false},"author":152,"featured_media":0,"parent":0,"menu_order":1,"comment_status":"closed","ping_status":"closed","template":"","meta":{"_acf_changed":false,"ngg_post_thumbnail":0,"footnotes":""},"class_list":["post-14","page","type-page","status-publish","hentry"],"acf":[],"_links":{"self":[{"href":"https:\/\/pb.edu.pl\/fundacja\/wp-json\/wp\/v2\/pages\/14","targetHints":{"allow":["GET"]}}],"collection":[{"href":"https:\/\/pb.edu.pl\/fundacja\/wp-json\/wp\/v2\/pages"}],"about":[{"href":"https:\/\/pb.edu.pl\/fundacja\/wp-json\/wp\/v2\/types\/page"}],"author":[{"embeddable":true,"href":"https:\/\/pb.edu.pl\/fundacja\/wp-json\/wp\/v2\/users\/152"}],"replies":[{"embeddable":true,"href":"https:\/\/pb.edu.pl\/fundacja\/wp-json\/wp\/v2\/comments?post=14"}],"version-history":[{"count":0,"href":"https:\/\/pb.edu.pl\/fundacja\/wp-json\/wp\/v2\/pages\/14\/revisions"}],"wp:attachment":[{"href":"https:\/\/pb.edu.pl\/fundacja\/wp-json\/wp\/v2\/media?parent=14"}],"curies":[{"name":"wp","href":"https:\/\/api.w.org\/{rel}","templated":true}]}}