{"id":124,"date":"2020-11-19T13:53:13","date_gmt":"2020-11-19T12:53:13","guid":{"rendered":"https:\/\/pb.edu.pl\/fundacja\/?page_id=124"},"modified":"2026-04-02T11:48:00","modified_gmt":"2026-04-02T09:48:00","slug":"rysunek-odreczny","status":"publish","type":"page","link":"https:\/\/pb.edu.pl\/fundacja\/oferta\/rysunek-odreczny\/","title":{"rendered":"Rysunek odr\u0119czny"},"content":{"rendered":"<h3><b>Kurs z Rysunku 2026<\/b><\/h3>\n<p>Intensywny kurs z rysunku odr\u0119cznego&nbsp;<b>przygotowuje do egzaminu na studia<\/b>&nbsp;na takie kierunki jak architektura, architektura wn\u0119trz czy grafika. Odbywa si\u0119 poprzez aktywny udzia\u0142 uczestnika w procesie rysunkowym od szkicu poprzez studium obiektu z natury lub wyobra\u017ani. Prowadz\u0105cy kursy z rysunku to&nbsp;<b>nauczyciele akademiccy<\/b> z wieloletnim do\u015bwiadczeniem w przygotowywaniu do egzaminu na studia! <b>Wszystkie zaj\u0119cia odbywaj\u0105 si\u0119 na Wydziale Architektury Politechniki Bia\u0142ostockiej<\/b>.<\/p>\n<h4><strong>Wiedza i umiej\u0119tno\u015bci, kt\u00f3re uzyskaj\u0105 uczestnicy kursu<\/strong><\/h4>\n<p>Nauka o rysunku jako podstawa najbardziej uniwersalnej formy zapisu stosowana w sztuce czystej oraz u\u017cytkowej. Efekty kszta\u0142cenia to opanowanie rysunku jako formy porozumiewania si\u0119. Wykszta\u0142cenie podstaw widzenia oraz ich wykorzystywania w procesie konstrukcji formy. Nauka bieg\u0142o\u015bci warsztatowej na bazie studyjnej i wyobra\u017ceniowej. Poznawanie r\u00f3\u017cnych technik i \u015bwiadome ich wykorzystywanie.<\/p>\n<p><strong>W szczeg\u00f3lno\u015bci poznasz:<\/strong><\/p>\n<ul>\n<li>Jak poprawnie tworzy\u0107 kompozycje: od uk\u0142adu element\u00f3w na kartce po przemy\u015blane rozmieszczenie \u015bwiat\u0142a, cienia i budowania przestrzeni.<\/li>\n<li>Jak rysowa\u0107 z obserwacji; martwa natura, przestrze\u0144, model \u2014 anatomia ludzka, proporcje, \u015bwiat\u0142o, faktury i kszta\u0142ty.<\/li>\n<li>Jak pracowa\u0107 nad rysunkiem z wyobra\u017ani \u2014 kreatywno\u015b\u0107, umiej\u0119tno\u015b\u0107 my\u015blenia przestrzennego i generowania form bez bezpo\u015bredniego wzorca.<\/li>\n<li>Jak poprawnie odda\u0107 perspektyw\u0119, g\u0142\u0119bi\u0119 i skal\u0119 \u2014 co jest kluczowe przy rysowaniu wn\u0119trz, budynk\u00f3w, struktur architektonicznych.<\/li>\n<li>Jak u\u017cywa\u0107 narz\u0119dzi rysunkowych.<\/li>\n<\/ul>\n<p>Nasz kurs to nie tylko \u0107wiczenia \u2014 to trening oka, wyobra\u017ani i warsztatu, kt\u00f3ry realnie przygotuje Ci\u0119 do egzamin\u00f3w i pomo\u017ce rozwin\u0105\u0107 umiej\u0119tno\u015bci przydatne na architekturze, architekturze wn\u0119trz i grafice.<\/p>\n<p><b>Gwarantujemy przyjazn\u0105 atmosfer\u0119, w kt\u00f3rej \u0142atwiej rozwija\u0107 si\u0119 i uczy\u0107 od innych.<\/b><\/p>\n<h4><span style=\"color: #000000\"><strong>ZAPISZ SI\u0118 NA KURS &#8211; <\/strong><\/span><a href=\"https:\/\/pb.edu.pl\/fundacja\/oferta\/formularz\/\"><span style=\"color: #0000ff\"><b>pobierz formularz<\/b><\/span><\/a><\/h4>\n<p><b>Liczba godzin:<\/b> 32 h<\/p>\n<p><b>Cena kursu:<\/b>&nbsp;1&nbsp;600 z\u0142<\/p>\n<p><b>Termin: <\/b>marzec 2026 r. \u2013 czerwiec 2026 r.<\/p>\n<p><b>Kurs ko\u0144czy si\u0119 uzyskaniem za\u015bwiadczenia.<\/b><\/p>\n<p>W przypadku przekroczenia liczby Uczestnik\u00f3w, decyduje kolejno\u015b\u0107 zg\u0142osze\u0144.<\/p>\n<p><b>CENNIK I HARMONOGRAM SPOTKA\u0143<\/b><\/p>\n<table width=\"539\" cellspacing=\"0\" cellpadding=\"7\">\n<tbody>\n<tr valign=\"top\">\n<td style=\"border-color: #000000;border-style: solid\" colspan=\"2\" width=\"178\" height=\"33\">\n<p align=\"left\"><span style=\"font-family: arial, helvetica, sans-serif;font-size: 12pt\"><b>Termin <\/b><\/span><\/p>\n<\/td>\n<td style=\"border-color: #000000;border-style: solid\" width=\"56\">\n<p align=\"left\"><span style=\"font-family: arial, helvetica, sans-serif;font-size: 12pt\"><b>Liczba godzin<\/b><\/span><\/p>\n<\/td>\n<td style=\"border-color: #000000;border-style: solid\" width=\"62\">\n<p align=\"left\"><span style=\"font-family: arial, helvetica, sans-serif;font-size: 12pt\"><b>Cena za godzin\u0119 <\/b><\/span><\/p>\n<\/td>\n<td style=\"border-color: #000000;border-style: solid\" width=\"75\">\n<p align=\"left\"><span style=\"font-family: arial, helvetica, sans-serif;font-size: 12pt\"><b>Op\u0142ata za miesi\u0105c* <\/b><\/span><\/p>\n<\/td>\n<td style=\"border-color: #000000;border-style: solid\" width=\"96\">\n<p align=\"left\"><span style=\"font-family: arial, helvetica, sans-serif;font-size: 12pt\"><b>P\u0142atno\u015b\u0107 jednorazowa<\/b><\/span><\/p>\n<\/td>\n<\/tr>\n<tr>\n<td style=\"border-color: #000000;border-style: solid\" rowspan=\"3\" valign=\"top\" bgcolor=\"#dae9f7\" width=\"82\" height=\"9\">\n<p align=\"left\"><span style=\"font-family: arial, helvetica, sans-serif;font-size: 12pt\"><b>marzec<\/b><\/span><\/p>\n<\/td>\n<td style=\"border-color: #000000;border-style: solid\" valign=\"top\" bgcolor=\"#dae9f7\" width=\"82\">\n<p align=\"left\"><span style=\"font-family: arial, helvetica, sans-serif;font-size: 12pt\">07.03.2026<\/span><\/p>\n<\/td>\n<td style=\"border-color: #000000;border-style: solid\" valign=\"top\" bgcolor=\"#dae9f7\" width=\"56\">\n<p align=\"left\"><span style=\"font-family: arial, helvetica, sans-serif;font-size: 12pt\">4h<\/span><\/p>\n<\/td>\n<td style=\"border-color: #000000;border-style: solid\" rowspan=\"3\" bgcolor=\"#dae9f7\" width=\"62\">\n<p align=\"center\"><span style=\"font-family: arial, helvetica, sans-serif;font-size: 12pt\">50 z\u0142<\/span><\/p>\n<\/td>\n<td style=\"border-color: #000000;border-style: solid\" rowspan=\"3\" bgcolor=\"#dae9f7\" width=\"75\">\n<p align=\"center\"><span style=\"font-family: arial, helvetica, sans-serif;font-size: 12pt\">550 z\u0142<\/span><\/p>\n<\/td>\n<td style=\"border-color: #000000;border-style: solid\" rowspan=\"10\" bgcolor=\"#95dcf7\" width=\"96\">\n<p align=\"center\"><span style=\"font-family: arial, helvetica, sans-serif;font-size: 12pt\"><b>1500 z\u0142<\/b><\/span><\/p>\n<\/td>\n<\/tr>\n<tr>\n<td style=\"border-color: #000000;border-style: solid\" valign=\"top\" bgcolor=\"#dae9f7\" width=\"82\">\n<p align=\"left\"><span style=\"font-family: arial, helvetica, sans-serif;font-size: 12pt\">14.03.2026<\/span><\/p>\n<\/td>\n<td style=\"border-color: #000000;border-style: solid\" valign=\"top\" bgcolor=\"#dae9f7\" width=\"56\">\n<p align=\"left\"><span style=\"font-family: arial, helvetica, sans-serif;font-size: 12pt\">4h<\/span><\/p>\n<\/td>\n<\/tr>\n<tr>\n<td style=\"border-color: #000000;border-style: solid\" valign=\"top\" bgcolor=\"#dae9f7\" width=\"82\">\n<p align=\"left\"><span style=\"font-family: arial, helvetica, sans-serif;font-size: 12pt\">21.03.2026<\/span><\/p>\n<\/td>\n<td style=\"border-color: #000000;border-style: solid\" valign=\"top\" bgcolor=\"#dae9f7\" width=\"56\">\n<p align=\"left\"><span style=\"font-family: arial, helvetica, sans-serif;font-size: 12pt\">3h<\/span><\/p>\n<\/td>\n<\/tr>\n<tr>\n<td style=\"border-color: #000000;border-style: solid\" rowspan=\"2\" valign=\"top\" bgcolor=\"#a5c9eb\" width=\"82\" height=\"11\">\n<p align=\"left\"><span style=\"font-family: arial, helvetica, sans-serif;font-size: 12pt\"><b>Kwiecie\u0144 <\/b><\/span><\/p>\n<\/td>\n<td style=\"border-color: #000000;border-style: solid\" valign=\"top\" bgcolor=\"#a5c9eb\" width=\"82\">\n<p align=\"left\"><span style=\"font-family: arial, helvetica, sans-serif;font-size: 12pt\">18.04.2026 <\/span><\/p>\n<\/td>\n<td style=\"border-color: #000000;border-style: solid\" valign=\"top\" bgcolor=\"#a5c9eb\" width=\"56\">\n<p align=\"left\"><span style=\"font-family: arial, helvetica, sans-serif;font-size: 12pt\">3h<\/span><\/p>\n<\/td>\n<td style=\"border-color: #000000;border-style: solid\" rowspan=\"2\" bgcolor=\"#a5c9eb\" width=\"62\">\n<p align=\"center\"><span style=\"font-family: arial, helvetica, sans-serif;font-size: 12pt\">50 z\u0142<\/span><\/p>\n<\/td>\n<td style=\"border-color: #000000;border-style: solid\" rowspan=\"2\" bgcolor=\"#a5c9eb\" width=\"75\">\n<p align=\"center\"><span style=\"font-family: arial, helvetica, sans-serif;font-size: 12pt\">300 z\u0142<\/span><\/p>\n<\/td>\n<\/tr>\n<tr>\n<td style=\"border-color: #000000;border-style: solid\" valign=\"top\" bgcolor=\"#a5c9eb\" width=\"82\">\n<p align=\"left\"><span style=\"font-family: arial, helvetica, sans-serif;font-size: 12pt\">25.04.2026<\/span><\/p>\n<\/td>\n<td style=\"border-color: #000000;border-style: solid\" valign=\"top\" bgcolor=\"#a5c9eb\" width=\"56\">\n<p align=\"left\"><span style=\"font-family: arial, helvetica, sans-serif;font-size: 12pt\">3h<\/span><\/p>\n<\/td>\n<\/tr>\n<tr>\n<td style=\"border-color: #000000;border-style: solid\" rowspan=\"3\" valign=\"top\" bgcolor=\"#5ea0dc\" width=\"82\" height=\"9\">\n<p align=\"left\"><span style=\"font-family: arial, helvetica, sans-serif;font-size: 12pt\"><b>maj <\/b><\/span><\/p>\n<\/td>\n<td style=\"border-color: #000000;border-style: solid\" valign=\"top\" bgcolor=\"#5ea0dc\" width=\"82\">\n<p align=\"left\"><span style=\"font-family: arial, helvetica, sans-serif;font-size: 12pt\">09.05.2026<\/span><\/p>\n<\/td>\n<td style=\"border-color: #000000;border-style: solid\" valign=\"top\" bgcolor=\"#5ea0dc\" width=\"56\">\n<p align=\"left\"><span style=\"font-family: arial, helvetica, sans-serif;font-size: 12pt\">3h<\/span><\/p>\n<\/td>\n<td style=\"border-color: #000000;border-style: solid\" rowspan=\"3\" bgcolor=\"#5ea0dc\" width=\"62\">\n<p align=\"center\"><span style=\"font-family: arial, helvetica, sans-serif;font-size: 12pt\">50 z\u0142<\/span><\/p>\n<\/td>\n<td style=\"border-color: #000000;border-style: solid\" rowspan=\"3\" bgcolor=\"#5ea0dc\" width=\"75\">\n<p align=\"center\"><span style=\"font-family: arial, helvetica, sans-serif;font-size: 12pt\">450 z\u0142<\/span><\/p>\n<\/td>\n<\/tr>\n<tr>\n<td style=\"border-color: #000000;border-style: solid\" valign=\"top\" bgcolor=\"#5ea0dc\" width=\"82\">\n<p align=\"left\"><span style=\"font-family: arial, helvetica, sans-serif;font-size: 12pt\">16.05.2026<\/span><\/p>\n<\/td>\n<td style=\"border-color: #000000;border-style: solid\" valign=\"top\" bgcolor=\"#5ea0dc\" width=\"56\">\n<p align=\"left\"><span style=\"font-family: arial, helvetica, sans-serif;font-size: 12pt\">3h<\/span><\/p>\n<\/td>\n<\/tr>\n<tr>\n<td style=\"border-color: #000000;border-style: solid\" valign=\"top\" bgcolor=\"#5ea0dc\" width=\"82\">\n<p align=\"left\"><span style=\"font-family: arial, helvetica, sans-serif;font-size: 12pt\">23.05.2026<\/span><\/p>\n<\/td>\n<td style=\"border-color: #000000;border-style: solid\" valign=\"top\" bgcolor=\"#5ea0dc\" width=\"56\">\n<p align=\"left\"><span style=\"font-family: arial, helvetica, sans-serif;font-size: 12pt\">3h<\/span><\/p>\n<\/td>\n<\/tr>\n<tr>\n<td style=\"border-color: #000000;border-style: solid\" rowspan=\"2\" valign=\"top\" bgcolor=\"#276fb7\" width=\"82\" height=\"9\">\n<p align=\"left\"><span style=\"font-family: arial, helvetica, sans-serif;font-size: 12pt\"><b>czerwiec <\/b><\/span><\/p>\n<\/td>\n<td style=\"border-color: #000000;border-style: solid\" valign=\"top\" bgcolor=\"#276fb7\" width=\"82\">\n<p align=\"left\"><span style=\"font-family: arial, helvetica, sans-serif;font-size: 12pt\">06.06.2026<\/span><\/p>\n<\/td>\n<td style=\"border-color: #000000;border-style: solid\" valign=\"top\" bgcolor=\"#276fb7\" width=\"56\">\n<p align=\"left\"><span style=\"font-family: arial, helvetica, sans-serif;font-size: 12pt\">3h<\/span><\/p>\n<\/td>\n<td style=\"border-color: #000000;border-style: solid\" rowspan=\"2\" bgcolor=\"#276fb7\" width=\"62\">\n<p align=\"center\"><span style=\"font-family: arial, helvetica, sans-serif;font-size: 12pt\">50 z\u0142<\/span><\/p>\n<\/td>\n<td style=\"border-color: #000000;border-style: solid\" rowspan=\"2\" bgcolor=\"#276fb7\" width=\"75\">\n<p align=\"center\"><span style=\"font-family: arial, helvetica, sans-serif;font-size: 12pt\">300 z\u0142<\/span><\/p>\n<\/td>\n<\/tr>\n<tr valign=\"top\">\n<td style=\"border-color: #000000;border-style: solid\" bgcolor=\"#276fb7\" width=\"82\">\n<p align=\"left\"><span style=\"font-family: arial, helvetica, sans-serif;font-size: 12pt\">13.06.2026<\/span><\/p>\n<\/td>\n<td style=\"border-color: #000000;border-style: solid\" bgcolor=\"#276fb7\" width=\"56\">\n<p align=\"left\"><span style=\"font-family: arial, helvetica, sans-serif;font-size: 12pt\">3h<\/span><\/p>\n<\/td>\n<\/tr>\n<tr>\n<td style=\"border-color: #000000;border-style: solid\" colspan=\"6\" width=\"523\" height=\"8\">\n<p align=\"left\"><span style=\"font-family: arial, helvetica, sans-serif;font-size: 12pt\">* p\u0142atne do 5 dnia ka\u017cdego miesi\u0105ca<\/span><\/p>\n<\/td>\n<\/tr>\n<\/tbody>\n<\/table>\n<p>&nbsp;<\/p>\n<h4><b>Kontakt<\/b><\/h4>\n<p>telefon: 721 804 470<\/p>\n<p>e-mail: <a href=\"mailto:fundacja.kursy@pb.edu.pl\">fundacja.kursy@pb.edu.pl<\/a><\/p>\n<p>&nbsp;<\/p>\n","protected":false},"excerpt":{"rendered":"<p>Kurs z Rysunku 2026 Intensywny kurs z rysunku odr\u0119cznego&nbsp;przygotowuje do egzaminu na studia&nbsp;na takie kierunki<\/p>\n","protected":false},"author":152,"featured_media":0,"parent":118,"menu_order":0,"comment_status":"closed","ping_status":"closed","template":"","meta":{"_acf_changed":false,"ngg_post_thumbnail":0,"footnotes":""},"class_list":["post-124","page","type-page","status-publish","hentry"],"acf":[],"_links":{"self":[{"href":"https:\/\/pb.edu.pl\/fundacja\/wp-json\/wp\/v2\/pages\/124","targetHints":{"allow":["GET"]}}],"collection":[{"href":"https:\/\/pb.edu.pl\/fundacja\/wp-json\/wp\/v2\/pages"}],"about":[{"href":"https:\/\/pb.edu.pl\/fundacja\/wp-json\/wp\/v2\/types\/page"}],"author":[{"embeddable":true,"href":"https:\/\/pb.edu.pl\/fundacja\/wp-json\/wp\/v2\/users\/152"}],"replies":[{"embeddable":true,"href":"https:\/\/pb.edu.pl\/fundacja\/wp-json\/wp\/v2\/comments?post=124"}],"version-history":[{"count":1,"href":"https:\/\/pb.edu.pl\/fundacja\/wp-json\/wp\/v2\/pages\/124\/revisions"}],"predecessor-version":[{"id":657,"href":"https:\/\/pb.edu.pl\/fundacja\/wp-json\/wp\/v2\/pages\/124\/revisions\/657"}],"up":[{"embeddable":true,"href":"https:\/\/pb.edu.pl\/fundacja\/wp-json\/wp\/v2\/pages\/118"}],"wp:attachment":[{"href":"https:\/\/pb.edu.pl\/fundacja\/wp-json\/wp\/v2\/media?parent=124"}],"curies":[{"name":"wp","href":"https:\/\/api.w.org\/{rel}","templated":true}]}}