{"id":2609,"date":"2024-10-16T20:20:38","date_gmt":"2024-10-16T18:20:38","guid":{"rendered":"https:\/\/pb.edu.pl\/fnbs25\/?page_id=2609"},"modified":"2025-06-25T10:09:47","modified_gmt":"2025-06-25T08:09:47","slug":"program","status":"publish","type":"page","link":"https:\/\/pb.edu.pl\/fnbs25\/o-forum\/program\/","title":{"rendered":"Program"},"content":{"rendered":"<div class=\"table-responsive\">\n<table class=\"table table-striped table borderless\" style=\"width: auto;\">\n<tbody>\n<tr>\n<td width=\"120\" style=\"text-align: center; vertical-align: middle;\"><strong>8:30&nbsp;&#8211;&nbsp;9:00<\/strong><\/td>\n<td><strong>Rejestracja<\/strong><\/td>\n<\/tr>\n<tr>\n<td style=\"text-align: center; vertical-align: middle;\"><strong>9:00&nbsp;&#8211;&nbsp;9:15<\/strong><\/td>\n<td><strong>Uroczyste otwarcie Forum<\/strong><\/p>\n<ul>\n<li>JM Rektor Politechniki Bia\u0142ostockiej Marta Kosior-Kazberuk,<\/li>\n<li>Dziekan Wydzia\u0142u Mechanicznego Micha\u0142 Kuciej,<\/li>\n<li>Dyrektor Instytutu In\u017cynierii Biomedycznej Wydzia\u0142u Mechanicznego Jolanta Pauk<\/li>\n<\/ul>\n<\/td>\n<\/tr>\n<tr>\n<td style=\"text-align: center; vertical-align: middle;\"><strong>9:15&nbsp;&#8211;&nbsp;10:40<\/strong><\/td>\n<td><strong>Sesja plenarna<\/strong><\/p>\n<ul>\n<li>9:15 \u2013 9:45 Wyst\u0105pienie Dyrektora NCBiR Jerzego Ma\u0142achowskiego<\/li>\n<li>9:45 \u2013 10:40 Prezentacja projekt\u00f3w realizowanych na Wydziale Mechanicznym we wsp\u00f3\u0142pracy z przemys\u0142em<\/li>\n<\/ul>\n<\/td>\n<\/tr>\n<tr>\n<td style=\"text-align: center; vertical-align: middle;\"><strong>10:40&nbsp;&#8211;&nbsp;11:00<\/strong><\/td>\n<td><strong>Przerwa kawowa<\/strong><\/td>\n<\/tr>\n<tr>\n<td style=\"text-align: center; vertical-align: middle;\"><strong>11:00&nbsp;&#8211;&nbsp;11:45<\/strong><\/td>\n<td><strong>I Panel dyskusyjny <em>Most mi\u0119dzy nauk\u0105 a biznesem &#8211; szanse i wyzwania <\/strong><\/em><\/p>\n<ul>\n<li>Dyrektor NCBiR Jerzy Ma\u0142achowski,<\/li>\n<li>JM Rektor PB Marta Kosior-Kazberuk,<\/li>\n<li>Prezes PARP Katarzyna Duber-Stachurska,<\/li>\n<li>Dyrektor Departamentu Innowacji i Przedsi\u0119biorczo\u015bci Urz\u0119du Marsza\u0142kowskiego Emilia Malinowska,<\/li>\n<li>Dyrektor Zarz\u0105dzaj\u0105ca Pro Science Natalia Osica,<\/li>\n<li>Doradca Zarz\u0105du PROMOTECH Wiktor Marek Siergiej,<\/li>\n<li>Kierownik Katedry Techniki Cieplnej Dariusz Butrymowicz.<\/li>\n<\/ul>\n<\/td>\n<\/tr>\n<tr>\n<td style=\"text-align: center; vertical-align: middle;\"><strong>11:45&nbsp;&#8211;&nbsp;12:15<\/strong><\/td>\n<td><strong>Sukcesy innowacji z WM \u2013 inspiruj\u0105ce case studies<\/strong><\/em><\/td>\n<\/tr>\n<tr>\n<td style=\"text-align: center; vertical-align: middle;\"><strong>12:15&nbsp;&#8211;&nbsp;12:30<\/strong><\/td>\n<td><strong>Przerwa kawowa<\/strong><\/td>\n<\/tr>\n<tr>\n<td style=\"text-align: center; vertical-align: middle;\"><strong>12:30&nbsp;&#8211;&nbsp;13:15<\/strong><\/td>\n<td><strong>II Panel dyskusyjny <em>Most mi\u0119dzy wiedz\u0105 a spo\u0142ecze\u0144stwem &#8211; jak nauka zmienia \u015bwiat?<\/strong><\/em><\/p>\n<ul>\n<li>Zast\u0119pca Prezydenta Miasta Bia\u0142egostoku Tomasz Klim,<\/li>\n<li>Prezes Centrum Promocji Innowacji i Rozwoju, Koordynator Klastra Evoluma Sebastian Rynkiewicz,<\/li>\n<li>Pe\u0142nomocnik Rektora ds. Spo\u0142ecznej Odpowiedzialno\u015bci Wioletta Czemiel-Grzybowska,<\/li>\n<li>Dyrektor Oddzia\u0142u Fundacja Aktywizacja Magdalena Bobrowska,<\/li>\n<li>Manager w firmie Cirro &#8211; Rafa\u0142 Matys.<\/li>\n<\/ul>\n<\/td>\n<\/tr>\n<tr>\n<td style=\"text-align: center; vertical-align: middle;\"><strong>13:15 \u2013 13:30<\/strong><\/td>\n<td><strong>Wr\u0119czenie dyplom\u00f3w uko\u0144czenia studi\u00f3w podyplomowych \u201eCertyfikacja i wprowadzenie wyrobu medycznego na rynek\u201d realizowanych we wsp\u00f3\u0142pracy z T\u00dcV NORD Polska<\/strong><\/td>\n<\/tr>\n<tr>\n<td style=\"text-align: center; vertical-align: middle;\"><strong>13:30 \u2013 13:50<\/strong><\/td>\n<td><strong>Uroczyste podzi\u0119kowanie za wk\u0142ad w rozw\u00f3j WM<\/strong><\/p>\n<ul>\n<li>dr hab. in\u017c. Ma\u0142gorzacie Gr\u0105dzkiej-Dahlke, prof. PB<\/li>\n<li>prof. dr hab. in\u017c. Janowi Ryszardowi D\u0105browskiemu<\/li>\n<li>dr hab. in\u017c. Romanowi Kaczy\u0144skiemu, prof. PB<\/li>\n<\/ul>\n<\/td>\n<\/tr>\n<tr>\n<td style=\"text-align: center; vertical-align: middle;\"><strong>13:50 \u2013 14:00<\/strong><\/td>\n<td><strong>S\u0142owo od wyr\u00f3\u017cnionych<\/strong><\/td>\n<\/tr>\n<tr>\n<td style=\"text-align: center; vertical-align: middle;\"><strong>14:00<\/strong><\/td>\n<td><strong>Lunch i networking<\/strong><\/td>\n<\/tr>\n<\/tbody>\n<\/table>\n<\/div>\n","protected":false},"excerpt":{"rendered":"<p>8:30&nbsp;&#8211;&nbsp;9:00 Rejestracja 9:00&nbsp;&#8211;&nbsp;9:15 Uroczyste otwarcie Forum JM Rektor Politechniki Bia\u0142ostockiej Marta Kosior-Kazberuk, Dziekan Wydzia\u0142u Mechanicznego<\/p>\n","protected":false},"author":2,"featured_media":0,"parent":2191,"menu_order":5,"comment_status":"closed","ping_status":"closed","template":"","meta":{"_acf_changed":false,"ngg_post_thumbnail":0,"footnotes":""},"class_list":["post-2609","page","type-page","status-publish","hentry"],"acf":[],"_links":{"self":[{"href":"https:\/\/pb.edu.pl\/fnbs25\/wp-json\/wp\/v2\/pages\/2609","targetHints":{"allow":["GET"]}}],"collection":[{"href":"https:\/\/pb.edu.pl\/fnbs25\/wp-json\/wp\/v2\/pages"}],"about":[{"href":"https:\/\/pb.edu.pl\/fnbs25\/wp-json\/wp\/v2\/types\/page"}],"author":[{"embeddable":true,"href":"https:\/\/pb.edu.pl\/fnbs25\/wp-json\/wp\/v2\/users\/2"}],"replies":[{"embeddable":true,"href":"https:\/\/pb.edu.pl\/fnbs25\/wp-json\/wp\/v2\/comments?post=2609"}],"version-history":[{"count":0,"href":"https:\/\/pb.edu.pl\/fnbs25\/wp-json\/wp\/v2\/pages\/2609\/revisions"}],"up":[{"embeddable":true,"href":"https:\/\/pb.edu.pl\/fnbs25\/wp-json\/wp\/v2\/pages\/2191"}],"wp:attachment":[{"href":"https:\/\/pb.edu.pl\/fnbs25\/wp-json\/wp\/v2\/media?parent=2609"}],"curies":[{"name":"wp","href":"https:\/\/api.w.org\/{rel}","templated":true}]}}