{"id":2613,"date":"2024-10-16T20:21:56","date_gmt":"2024-10-16T18:21:56","guid":{"rendered":"https:\/\/pb.edu.pl\/fnbs\/?page_id=2613"},"modified":"2024-10-21T10:04:34","modified_gmt":"2024-10-21T08:04:34","slug":"regulamin","status":"publish","type":"page","link":"https:\/\/pb.edu.pl\/fnbs\/rejestracja\/regulamin\/","title":{"rendered":"Regulamin"},"content":{"rendered":"<p><a class=\"pdf\" href=\"https:\/\/pb.edu.pl\/fnbs\/wp-content\/uploads\/sites\/138\/2024\/10\/Regulamin-Forum-Nauka-Biznes-Spoleczenstwo-2024.pdf\" target=\"_blank\" data-id=\"2687\" rel=\"noopener\">Regulamin Forum Nauka Biznes Spo\u0142ecze\u0144stwo <span>(PDF, 263 KB, otworzy si\u0119 w nowej karcie)<\/span><\/a><\/p>\n","protected":false},"excerpt":{"rendered":"<p>Regulamin Forum Nauka Biznes Spo\u0142ecze\u0144stwo (PDF, 263 KB, otworzy si\u0119 w nowej karcie)<\/p>\n","protected":false},"author":2,"featured_media":0,"parent":30,"menu_order":2,"comment_status":"closed","ping_status":"closed","template":"","meta":{"_acf_changed":false,"ngg_post_thumbnail":0,"footnotes":""},"class_list":["post-2613","page","type-page","status-publish","hentry"],"acf":[],"_links":{"self":[{"href":"https:\/\/pb.edu.pl\/fnbs\/wp-json\/wp\/v2\/pages\/2613","targetHints":{"allow":["GET"]}}],"collection":[{"href":"https:\/\/pb.edu.pl\/fnbs\/wp-json\/wp\/v2\/pages"}],"about":[{"href":"https:\/\/pb.edu.pl\/fnbs\/wp-json\/wp\/v2\/types\/page"}],"author":[{"embeddable":true,"href":"https:\/\/pb.edu.pl\/fnbs\/wp-json\/wp\/v2\/users\/2"}],"replies":[{"embeddable":true,"href":"https:\/\/pb.edu.pl\/fnbs\/wp-json\/wp\/v2\/comments?post=2613"}],"version-history":[{"count":0,"href":"https:\/\/pb.edu.pl\/fnbs\/wp-json\/wp\/v2\/pages\/2613\/revisions"}],"up":[{"embeddable":true,"href":"https:\/\/pb.edu.pl\/fnbs\/wp-json\/wp\/v2\/pages\/30"}],"wp:attachment":[{"href":"https:\/\/pb.edu.pl\/fnbs\/wp-json\/wp\/v2\/media?parent=2613"}],"curies":[{"name":"wp","href":"https:\/\/api.w.org\/{rel}","templated":true}]}}