{"id":2611,"date":"2024-10-16T20:21:18","date_gmt":"2024-10-16T18:21:18","guid":{"rendered":"https:\/\/pb.edu.pl\/fnbs\/?page_id=2611"},"modified":"2024-12-17T10:15:26","modified_gmt":"2024-12-17T09:15:26","slug":"galeria-zdjec","status":"publish","type":"page","link":"https:\/\/pb.edu.pl\/fnbs\/o-forum\/galeria-zdjec\/","title":{"rendered":"Galeria zdj\u0119\u0107"},"content":{"rendered":"<p><a href=\"https:\/\/pb.edu.pl\/2024\/11\/15\/skuteczna-wspolpraca-nauki-i-biznesu-tematem-i-forum-nauka-biznes-spoleczenstwo-w-politechnice-bialostockiej\/#galeria\">Skuteczna wsp\u00f3\u0142praca nauki i biznesu tematem I Forum Nauka-Biznes-Spo\u0142ecze\u0144stwo w Politechnice Bia\u0142ostockiej<\/a><\/p>\n","protected":false},"excerpt":{"rendered":"<p>Skuteczna wsp\u00f3\u0142praca nauki i biznesu tematem I Forum Nauka-Biznes-Spo\u0142ecze\u0144stwo w Politechnice Bia\u0142ostockiej<\/p>\n","protected":false},"author":2,"featured_media":0,"parent":2191,"menu_order":6,"comment_status":"closed","ping_status":"closed","template":"","meta":{"_acf_changed":false,"ngg_post_thumbnail":0,"footnotes":""},"class_list":["post-2611","page","type-page","status-publish","hentry"],"acf":[],"_links":{"self":[{"href":"https:\/\/pb.edu.pl\/fnbs\/wp-json\/wp\/v2\/pages\/2611","targetHints":{"allow":["GET"]}}],"collection":[{"href":"https:\/\/pb.edu.pl\/fnbs\/wp-json\/wp\/v2\/pages"}],"about":[{"href":"https:\/\/pb.edu.pl\/fnbs\/wp-json\/wp\/v2\/types\/page"}],"author":[{"embeddable":true,"href":"https:\/\/pb.edu.pl\/fnbs\/wp-json\/wp\/v2\/users\/2"}],"replies":[{"embeddable":true,"href":"https:\/\/pb.edu.pl\/fnbs\/wp-json\/wp\/v2\/comments?post=2611"}],"version-history":[{"count":0,"href":"https:\/\/pb.edu.pl\/fnbs\/wp-json\/wp\/v2\/pages\/2611\/revisions"}],"up":[{"embeddable":true,"href":"https:\/\/pb.edu.pl\/fnbs\/wp-json\/wp\/v2\/pages\/2191"}],"wp:attachment":[{"href":"https:\/\/pb.edu.pl\/fnbs\/wp-json\/wp\/v2\/media?parent=2611"}],"curies":[{"name":"wp","href":"https:\/\/api.w.org\/{rel}","templated":true}]}}