{"id":2609,"date":"2024-10-16T20:20:38","date_gmt":"2024-10-16T18:20:38","guid":{"rendered":"https:\/\/pb.edu.pl\/fnbs\/?page_id=2609"},"modified":"2024-10-28T17:30:38","modified_gmt":"2024-10-28T16:30:38","slug":"program","status":"publish","type":"page","link":"https:\/\/pb.edu.pl\/fnbs\/o-forum\/program\/","title":{"rendered":"Program"},"content":{"rendered":"<div class=\"table-responsive\">\n<table class=\"table table-striped table borderless\" style=\"width: auto;\">\n<tbody>\n<tr>\n<td width=\"120\" style=\"text-align: center; vertical-align: middle;\"><strong>9:00&nbsp;&#8211;&nbsp;9:30<\/strong><\/td>\n<td><strong>Rejestracja<\/strong><\/td>\n<\/tr>\n<tr>\n<td style=\"text-align: center; vertical-align: middle;\"><strong>9:30&nbsp;&#8211;&nbsp;9:45<\/strong><\/td>\n<td><strong>Otwarcie Forum<\/strong><\/td>\n<\/tr>\n<tr>\n<td style=\"text-align: center; vertical-align: middle;\"><strong>9:45&nbsp;&#8211;&nbsp;11:30<\/strong><\/td>\n<td><strong>Sesja plenarna<\/strong><\/p>\n<p><em>Wzorce i modele wsp\u00f3\u0142pracy nauki z przemys\u0142em<\/em><br \/>\nTomasz Stypu\u0142kowski, Prezes Zarz\u0105du Instytutu Innowacji i Technologii Politechniki Bia\u0142ostockiej sp. z o.o.<\/p>\n<p><em>Innowacje w firmach<\/em><\/p>\n<ul>\n<li>BIT sp. z o.o., Zdzis\u0142aw Karwowski, Prezes Zarz\u0105du<\/li>\n<li>AquaRD sp. z o.o., Andrzej Jankowski, Prezes Zarz\u0105du<\/li>\n<li>RE sp. z o.o., Robert Kondracki, Prezes Zarz\u0105du<\/li>\n<\/ul>\n<p><em>Finansowanie<\/em> <em>innowacji<\/em><br \/>\nEmilia Malinowska, Dyrektor Departament Innowacji i Przedsi\u0119biorczo\u015bci, Urz\u0105d Marsza\u0142kowski Wojew\u00f3dztwa Podlaskiego<\/td>\n<\/tr>\n<tr>\n<td style=\"text-align: center; vertical-align: middle;\"><strong>11:30&nbsp;&#8211;&nbsp;12:00<\/strong><\/td>\n<td><strong>Przerwa kawowa<\/strong><\/td>\n<\/tr>\n<tr>\n<td style=\"text-align: center; vertical-align: middle;\"><strong>12:00&nbsp;&#8211;&nbsp;12:45<\/strong><\/td>\n<td><strong>I Panel dyskusyjny <em>Znaczenie kszta\u0142cenia dla rozwoju lokalnego<\/strong><\/em><\/p>\n<p>Agnieszka Krokos-Janczy\u0142o, Podlaski Kurator O\u015bwiaty<\/p>\n<p>Wies\u0142awa \u0106wikli\u0144ska, Dyrektor Departamentu Edukacji, Urz\u0105d Miejski w Bia\u0142ymstoku<\/p>\n<p>Julia Siderska, Prodziekan ds. Studenckich i Kszta\u0142cenia, Wydzia\u0142 In\u017cynierii Zarz\u0105dzania Politechniki Bia\u0142ostockiej<\/p>\n<p>Miros\u0142aw Wnorowski, Dyrektor Okr\u0119gowego Urz\u0119du Miar w Bia\u0142ymstoku<\/td>\n<\/tr>\n<tr>\n<td style=\"text-align: center; vertical-align: middle;\"><strong>12:45&nbsp;&#8211;&nbsp;14:00<\/strong><\/td>\n<td><strong>II Panel dyskusyjny <em>Synergia nauki i biznesu \u2013 perspektywy rozwoju<\/strong><\/em><\/p>\n<p>Mariusz D\u0105browski, Dyrektor Biura Promocji Gospodarczej, Urz\u0105d Marsza\u0142kowski Wojew\u00f3dztwa Podlaskiego<\/p>\n<p>Adam Gardocki, Specjalista ds. projekt\u00f3w komercyjnych, Instytut Innowacji i Technologii Politechniki Bia\u0142ostockiej sp. z o.o.<\/p>\n<p>Andrzej Jankowski, Prezes Zarz\u0105du AquaRD sp. z o.o.<\/p>\n<p>Dariusz Per\u0142o, Wiceprezes Zarz\u0105du Podlaskiej Fundacji Rozwoju Regionalnego<\/p>\n<p>Jaros\u0142aw Szusta, Pe\u0142nomocnik Rektor ds. wsp\u00f3\u0142pracy z przedsi\u0119biorstwami i instytucjami oko\u0142obiznesowymi<\/td>\n<\/tr>\n<tr>\n<td style=\"text-align: center; vertical-align: middle;\"><strong>14:00<\/strong><\/td>\n<td><strong>Zako\u0144czenie i lunch<\/strong><\/td>\n<\/tr>\n<\/tbody>\n<\/table>\n<\/div>\n","protected":false},"excerpt":{"rendered":"<p>9:00&nbsp;&#8211;&nbsp;9:30 Rejestracja 9:30&nbsp;&#8211;&nbsp;9:45 Otwarcie Forum 9:45&nbsp;&#8211;&nbsp;11:30 Sesja plenarna Wzorce i modele wsp\u00f3\u0142pracy nauki z przemys\u0142em<\/p>\n","protected":false},"author":2,"featured_media":0,"parent":2191,"menu_order":5,"comment_status":"closed","ping_status":"closed","template":"","meta":{"_acf_changed":false,"ngg_post_thumbnail":0,"footnotes":""},"class_list":["post-2609","page","type-page","status-publish","hentry"],"acf":[],"_links":{"self":[{"href":"https:\/\/pb.edu.pl\/fnbs\/wp-json\/wp\/v2\/pages\/2609","targetHints":{"allow":["GET"]}}],"collection":[{"href":"https:\/\/pb.edu.pl\/fnbs\/wp-json\/wp\/v2\/pages"}],"about":[{"href":"https:\/\/pb.edu.pl\/fnbs\/wp-json\/wp\/v2\/types\/page"}],"author":[{"embeddable":true,"href":"https:\/\/pb.edu.pl\/fnbs\/wp-json\/wp\/v2\/users\/2"}],"replies":[{"embeddable":true,"href":"https:\/\/pb.edu.pl\/fnbs\/wp-json\/wp\/v2\/comments?post=2609"}],"version-history":[{"count":0,"href":"https:\/\/pb.edu.pl\/fnbs\/wp-json\/wp\/v2\/pages\/2609\/revisions"}],"up":[{"embeddable":true,"href":"https:\/\/pb.edu.pl\/fnbs\/wp-json\/wp\/v2\/pages\/2191"}],"wp:attachment":[{"href":"https:\/\/pb.edu.pl\/fnbs\/wp-json\/wp\/v2\/media?parent=2609"}],"curies":[{"name":"wp","href":"https:\/\/api.w.org\/{rel}","templated":true}]}}