{"id":2607,"date":"2024-10-16T20:18:10","date_gmt":"2024-10-16T18:18:10","guid":{"rendered":"https:\/\/pb.edu.pl\/fnbs\/?page_id=2607"},"modified":"2024-10-16T20:18:25","modified_gmt":"2024-10-16T18:18:25","slug":"miejsce-i-termin","status":"publish","type":"page","link":"https:\/\/pb.edu.pl\/fnbs\/o-forum\/miejsce-i-termin\/","title":{"rendered":"Miejsce i termin"},"content":{"rendered":"<p>15 listopada 2024 r., godz. 9:00 \u2013 14:30<\/p>\n<p>Wydzia\u0142 Elektryczny Politechniki Bia\u0142ostockiej, ul. Wiejska 45D, 15-351 Bia\u0142ystok, Aula 030<\/p>\n<p><a href=\"https:\/\/we.pb.edu.pl\/kontakt\/mapa-kampusu\/\">Zobacz map\u0119 kampusu Politechniki Bia\u0142ostockiej<\/a><\/p>\n","protected":false},"excerpt":{"rendered":"<p>15 listopada 2024 r., godz. 9:00 \u2013 14:30 Wydzia\u0142 Elektryczny Politechniki Bia\u0142ostockiej, ul. Wiejska 45D,<\/p>\n","protected":false},"author":2,"featured_media":0,"parent":2191,"menu_order":4,"comment_status":"closed","ping_status":"closed","template":"","meta":{"_acf_changed":false,"ngg_post_thumbnail":0,"footnotes":""},"class_list":["post-2607","page","type-page","status-publish","hentry"],"acf":[],"_links":{"self":[{"href":"https:\/\/pb.edu.pl\/fnbs\/wp-json\/wp\/v2\/pages\/2607","targetHints":{"allow":["GET"]}}],"collection":[{"href":"https:\/\/pb.edu.pl\/fnbs\/wp-json\/wp\/v2\/pages"}],"about":[{"href":"https:\/\/pb.edu.pl\/fnbs\/wp-json\/wp\/v2\/types\/page"}],"author":[{"embeddable":true,"href":"https:\/\/pb.edu.pl\/fnbs\/wp-json\/wp\/v2\/users\/2"}],"replies":[{"embeddable":true,"href":"https:\/\/pb.edu.pl\/fnbs\/wp-json\/wp\/v2\/comments?post=2607"}],"version-history":[{"count":0,"href":"https:\/\/pb.edu.pl\/fnbs\/wp-json\/wp\/v2\/pages\/2607\/revisions"}],"up":[{"embeddable":true,"href":"https:\/\/pb.edu.pl\/fnbs\/wp-json\/wp\/v2\/pages\/2191"}],"wp:attachment":[{"href":"https:\/\/pb.edu.pl\/fnbs\/wp-json\/wp\/v2\/media?parent=2607"}],"curies":[{"name":"wp","href":"https:\/\/api.w.org\/{rel}","templated":true}]}}