{"id":2605,"date":"2024-10-16T20:16:26","date_gmt":"2024-10-16T18:16:26","guid":{"rendered":"https:\/\/pb.edu.pl\/fnbs\/?page_id=2605"},"modified":"2024-10-28T16:49:07","modified_gmt":"2024-10-28T15:49:07","slug":"cel-forum","status":"publish","type":"page","link":"https:\/\/pb.edu.pl\/fnbs\/o-forum\/cel-forum\/","title":{"rendered":"Cel forum"},"content":{"rendered":"<p>Celem Forum jest integracja \u015brodowisk akademickich, biznesowych i spo\u0142ecznych oraz wspieranie wsp\u00f3\u0142pracy mi\u0119dzy nimi. Forum stanowi platform\u0119 do:<\/p>\n<ul>\n<li>transferu wiedzy i innowacji,<\/li>\n<li>identyfikacji kluczowych wyzwa\u0144 wsp\u00f3\u0142czesno\u015bci,<\/li>\n<li>promocji komercjalizacji wynik\u00f3w bada\u0144 naukowych,<\/li>\n<li>wspierania rozwoju kompetencji przysz\u0142o\u015bci, <\/li>\n<li>promocji nowych technologii, <\/li>\n<li>wypracowania efektywnych modeli wsp\u00f3\u0142pracy,<\/li>\n<li>budowania trwa\u0142ych partnerstw.<\/li>\n<\/ul>\n","protected":false},"excerpt":{"rendered":"<p>Celem Forum jest integracja \u015brodowisk akademickich, biznesowych i spo\u0142ecznych oraz wspieranie wsp\u00f3\u0142pracy mi\u0119dzy nimi. Forum<\/p>\n","protected":false},"author":2,"featured_media":0,"parent":2191,"menu_order":3,"comment_status":"closed","ping_status":"closed","template":"","meta":{"_acf_changed":false,"ngg_post_thumbnail":0,"footnotes":""},"class_list":["post-2605","page","type-page","status-publish","hentry"],"acf":[],"_links":{"self":[{"href":"https:\/\/pb.edu.pl\/fnbs\/wp-json\/wp\/v2\/pages\/2605","targetHints":{"allow":["GET"]}}],"collection":[{"href":"https:\/\/pb.edu.pl\/fnbs\/wp-json\/wp\/v2\/pages"}],"about":[{"href":"https:\/\/pb.edu.pl\/fnbs\/wp-json\/wp\/v2\/types\/page"}],"author":[{"embeddable":true,"href":"https:\/\/pb.edu.pl\/fnbs\/wp-json\/wp\/v2\/users\/2"}],"replies":[{"embeddable":true,"href":"https:\/\/pb.edu.pl\/fnbs\/wp-json\/wp\/v2\/comments?post=2605"}],"version-history":[{"count":0,"href":"https:\/\/pb.edu.pl\/fnbs\/wp-json\/wp\/v2\/pages\/2605\/revisions"}],"up":[{"embeddable":true,"href":"https:\/\/pb.edu.pl\/fnbs\/wp-json\/wp\/v2\/pages\/2191"}],"wp:attachment":[{"href":"https:\/\/pb.edu.pl\/fnbs\/wp-json\/wp\/v2\/media?parent=2605"}],"curies":[{"name":"wp","href":"https:\/\/api.w.org\/{rel}","templated":true}]}}