{"id":2603,"date":"2024-10-16T20:15:06","date_gmt":"2024-10-16T18:15:06","guid":{"rendered":"https:\/\/pb.edu.pl\/fnbs\/?page_id=2603"},"modified":"2024-10-16T20:15:06","modified_gmt":"2024-10-16T18:15:06","slug":"organizatorzy","status":"publish","type":"page","link":"https:\/\/pb.edu.pl\/fnbs\/o-forum\/organizatorzy\/","title":{"rendered":"Organizatorzy"},"content":{"rendered":"<p><a href=\"https:\/\/we.pb.edu.pl\">Wydzia\u0142 Elektryczny Politechniki Bia\u0142ostockiej<\/a><\/p>\n<p><a href=\"https:\/\/wm.pb.edu.pl\">Wydzia\u0142 Mechaniczny Politechniki Bia\u0142ostockiej<\/a><\/p>\n","protected":false},"excerpt":{"rendered":"<p>Wydzia\u0142 Elektryczny Politechniki Bia\u0142ostockiej Wydzia\u0142 Mechaniczny Politechniki Bia\u0142ostockiej<\/p>\n","protected":false},"author":2,"featured_media":0,"parent":2191,"menu_order":2,"comment_status":"closed","ping_status":"closed","template":"","meta":{"_acf_changed":false,"ngg_post_thumbnail":0,"footnotes":""},"class_list":["post-2603","page","type-page","status-publish","hentry"],"acf":[],"_links":{"self":[{"href":"https:\/\/pb.edu.pl\/fnbs\/wp-json\/wp\/v2\/pages\/2603","targetHints":{"allow":["GET"]}}],"collection":[{"href":"https:\/\/pb.edu.pl\/fnbs\/wp-json\/wp\/v2\/pages"}],"about":[{"href":"https:\/\/pb.edu.pl\/fnbs\/wp-json\/wp\/v2\/types\/page"}],"author":[{"embeddable":true,"href":"https:\/\/pb.edu.pl\/fnbs\/wp-json\/wp\/v2\/users\/2"}],"replies":[{"embeddable":true,"href":"https:\/\/pb.edu.pl\/fnbs\/wp-json\/wp\/v2\/comments?post=2603"}],"version-history":[{"count":0,"href":"https:\/\/pb.edu.pl\/fnbs\/wp-json\/wp\/v2\/pages\/2603\/revisions"}],"up":[{"embeddable":true,"href":"https:\/\/pb.edu.pl\/fnbs\/wp-json\/wp\/v2\/pages\/2191"}],"wp:attachment":[{"href":"https:\/\/pb.edu.pl\/fnbs\/wp-json\/wp\/v2\/media?parent=2603"}],"curies":[{"name":"wp","href":"https:\/\/api.w.org\/{rel}","templated":true}]}}