{"id":2601,"date":"2024-10-16T20:12:10","date_gmt":"2024-10-16T18:12:10","guid":{"rendered":"https:\/\/pb.edu.pl\/fnbs\/?page_id=2601"},"modified":"2025-02-14T16:49:50","modified_gmt":"2025-02-14T15:49:50","slug":"projekt","status":"publish","type":"page","link":"https:\/\/pb.edu.pl\/fnbs\/o-forum\/projekt\/","title":{"rendered":"Projekt"},"content":{"rendered":"<p>Forum organizowane jest w ramach projektu pt. \u201eIdentyfikacja i wdro\u017cenie kompetencji badawczych, transferu technologii na rzecz przemys\u0142u\u201d, finansowanego z programu \u201eNauka dla Spo\u0142ecze\u0144stwa II\u201d.<\/p>\n<p>Projekt realizowany jest przez <a href=\"https:\/\/wm.pb.edu.pl\/\">Wydzia\u0142 Mechaniczny<\/a> i <a href=\"https:\/\/we.pb.edu.pl\/\">Wydzia\u0142 Elektryczny<\/a> Politechniki Bia\u0142ostockiej.<\/p>\n<p><strong>Kierownik projektu:<\/strong> prof. dr hab. in\u017c. Jolanta Pauk<br \/>\n<strong>Okres realizacji:<\/strong> 2024 \u2013 2026<br \/>\n<strong>Przyznane \u015brodki finansowe PB:<\/strong> 800 000,00 z\u0142<\/p>\n<p><strong>Celem projektu<\/strong> jest wdro\u017cenie innowacyjnej platformy wspieraj\u0105cej transfer technologii z jednostek naukowych do biznesu i spo\u0142ecze\u0144stwa oraz rozw\u00f3j interdyscyplinarnych kompetencji badawczych kadry naukowo-dydaktycznej, co przyczyni si\u0119 do:<\/p>\n<ul>\n<li>poprawy efektywno\u015bci wsp\u00f3\u0142pracy nauki z otoczeniem gospodarczym,<\/li>\n<li>podnoszenia jako\u015bci i d\u0105\u017cenia do interdyscyplinarno\u015bci bada\u0144 naukowych,<\/li>\n<li>identyfikacji kluczowych dla rozwoju spo\u0142eczno-gospodarczego problem\u00f3w badawczych,<\/li>\n<li>wspierania proces\u00f3w innowacyjno\u015bci oraz komercjalizacji wynik\u00f3w bada\u0144 naukowych i prac rozwojowych,<\/li>\n<li>promowania dobrych praktyk w zakresie innowacji,<\/li>\n<li>upowszechniania wiedzy na temat zwi\u0105zk\u00f3w mi\u0119dzy nauk\u0105 i innowacyjno\u015bci\u0105 a gospodark\u0105,<\/li>\n<li>umi\u0119dzynarodowienia polskiej nauki i zwi\u0119kszenia rozpoznawalno\u015bci jej osi\u0105gni\u0119\u0107,<\/li>\n<li>wypracowania i wdra\u017cania koncepcji rozwoju kadry naukowo-dydaktycznej,<\/li>\n<li>kszta\u0142towania odbioru spo\u0142ecznego polskiej nauki.<\/li>\n<\/ul>\n<p><img loading=\"lazy\" decoding=\"async\" class=\"aligncenter wp-image-2650\" src=\"https:\/\/pb.edu.pl\/fnbs\/wp-content\/uploads\/sites\/138\/2024\/10\/logo-mswisw.jpg\" alt=\"logo MNiSW\" width=\"250\" height=\"78\" srcset=\"https:\/\/pb.edu.pl\/fnbs\/wp-content\/uploads\/sites\/138\/2024\/10\/logo-mswisw.jpg 386w, https:\/\/pb.edu.pl\/fnbs\/wp-content\/uploads\/sites\/138\/2024\/10\/logo-mswisw-300x93.jpg 300w\" sizes=\"auto, (max-width: 250px) 100vw, 250px\" \/><\/p>\n","protected":false},"excerpt":{"rendered":"<p>Forum organizowane jest w ramach projektu pt. \u201eIdentyfikacja i wdro\u017cenie kompetencji badawczych, transferu technologii na<\/p>\n","protected":false},"author":2,"featured_media":0,"parent":2191,"menu_order":1,"comment_status":"closed","ping_status":"closed","template":"","meta":{"_acf_changed":false,"ngg_post_thumbnail":0,"footnotes":""},"class_list":["post-2601","page","type-page","status-publish","hentry"],"acf":[],"_links":{"self":[{"href":"https:\/\/pb.edu.pl\/fnbs\/wp-json\/wp\/v2\/pages\/2601","targetHints":{"allow":["GET"]}}],"collection":[{"href":"https:\/\/pb.edu.pl\/fnbs\/wp-json\/wp\/v2\/pages"}],"about":[{"href":"https:\/\/pb.edu.pl\/fnbs\/wp-json\/wp\/v2\/types\/page"}],"author":[{"embeddable":true,"href":"https:\/\/pb.edu.pl\/fnbs\/wp-json\/wp\/v2\/users\/2"}],"replies":[{"embeddable":true,"href":"https:\/\/pb.edu.pl\/fnbs\/wp-json\/wp\/v2\/comments?post=2601"}],"version-history":[{"count":0,"href":"https:\/\/pb.edu.pl\/fnbs\/wp-json\/wp\/v2\/pages\/2601\/revisions"}],"up":[{"embeddable":true,"href":"https:\/\/pb.edu.pl\/fnbs\/wp-json\/wp\/v2\/pages\/2191"}],"wp:attachment":[{"href":"https:\/\/pb.edu.pl\/fnbs\/wp-json\/wp\/v2\/media?parent=2601"}],"curies":[{"name":"wp","href":"https:\/\/api.w.org\/{rel}","templated":true}]}}