{"id":13,"date":"2020-05-18T14:40:41","date_gmt":"2020-05-18T12:40:41","guid":{"rendered":"https:\/\/pb.edu.pl\/fnbs\/?page_id=13"},"modified":"2024-11-12T18:24:51","modified_gmt":"2024-11-12T17:24:51","slug":"home","status":"publish","type":"page","link":"https:\/\/pb.edu.pl\/fnbs\/","title":{"rendered":"Strona g\u0142\u00f3wna"},"content":{"rendered":"<div class=\"img-full\">\n<img decoding=\"async\" src=\"https:\/\/pb.edu.pl\/fnbs\/wp-content\/uploads\/sites\/138\/2024\/10\/2024-10-baner-1920x600px.jpg\" alt=\"grafika z kszta\u0142cie fal\" \/><\/p>\n<div class=\"img-full-text\">\n<div class=\"img-full-header\"><img loading=\"lazy\" decoding=\"async\" src=\"https:\/\/pb.edu.pl\/fnbs\/wp-content\/uploads\/sites\/138\/2024\/10\/2024-10-logo-strona-600x232px.png\" alt=\"logo forum\" width=\"600\" height=\"232\" class=\"aligncenter size-full wp-image-2703\" srcset=\"https:\/\/pb.edu.pl\/fnbs\/wp-content\/uploads\/sites\/138\/2024\/10\/2024-10-logo-strona-600x232px.png 600w, https:\/\/pb.edu.pl\/fnbs\/wp-content\/uploads\/sites\/138\/2024\/10\/2024-10-logo-strona-600x232px-300x116.png 300w\" sizes=\"auto, (max-width: 600px) 100vw, 600px\" \/><\/div>\n<div class=\"img-full-button\">Bia\u0142ystok, 15 listopada 2024 r.<\/div>\n<div class=\"img-full-pb\">Politechnika Bia\u0142ostocka<\/div>\n<\/div>\n<\/div>\n<div id=\"box-menu\"><\/div>\n<p>&nbsp;<\/p>\n<div class=\"row\" id=\"box-menu\">\n<div class=\"col-sm-4 text-center\"><a class=\"button\" style=\"width: 100%;padding: 0px 5px 10px 5px\" title=\"O Forum\" href=\"\/fnbs\/o-forum\/\"><img loading=\"lazy\" decoding=\"async\" src=\"https:\/\/pb.edu.pl\/fnbs\/wp-content\/uploads\/sites\/138\/2024\/10\/o-forum-800x550px.png\" alt=\"grafika z ludzikami\" width=\"800\" height=\"550\" class=\"aligncenter size-full wp-image-2698\" srcset=\"https:\/\/pb.edu.pl\/fnbs\/wp-content\/uploads\/sites\/138\/2024\/10\/o-forum-800x550px.png 800w, https:\/\/pb.edu.pl\/fnbs\/wp-content\/uploads\/sites\/138\/2024\/10\/o-forum-800x550px-300x206.png 300w, https:\/\/pb.edu.pl\/fnbs\/wp-content\/uploads\/sites\/138\/2024\/10\/o-forum-800x550px-768x528.png 768w\" sizes=\"auto, (max-width: 800px) 100vw, 800px\" \/><span class=\"lead\">O Forum<\/span><\/a><\/div>\n<div class=\"col-sm-4 text-center\"><a class=\"button\" style=\"width: 100%;padding: 0px 5px 10px 5px\" title=\"Rejestracja\" href=\"\/fnbs\/rejestracja\/\"><img loading=\"lazy\" decoding=\"async\" src=\"https:\/\/pb.edu.pl\/fnbs\/wp-content\/uploads\/sites\/138\/2024\/10\/rejestracja-800x550px.png\" alt=\"grafika z dokumentem\" width=\"800\" height=\"550\" class=\"aligncenter size-full wp-image-2700\" srcset=\"https:\/\/pb.edu.pl\/fnbs\/wp-content\/uploads\/sites\/138\/2024\/10\/rejestracja-800x550px.png 800w, https:\/\/pb.edu.pl\/fnbs\/wp-content\/uploads\/sites\/138\/2024\/10\/rejestracja-800x550px-300x206.png 300w, https:\/\/pb.edu.pl\/fnbs\/wp-content\/uploads\/sites\/138\/2024\/10\/rejestracja-800x550px-768x528.png 768w\" sizes=\"auto, (max-width: 800px) 100vw, 800px\" \/><span class=\"lead\">Rejestracja<\/span><\/a><\/div>\n<div class=\"col-sm-4 text-center\"><a class=\"button\" style=\"width: 100%;padding: 0px 5px 10px 5px\" title=\"Kontakt\" href=\"\/fnbs\/kontakt\/\"><img loading=\"lazy\" decoding=\"async\" src=\"https:\/\/pb.edu.pl\/fnbs\/wp-content\/uploads\/sites\/138\/2024\/10\/kontakt-800x550px.png\" alt=\"grafika z telefonem\" width=\"800\" height=\"550\" class=\"aligncenter size-full wp-image-2701\" srcset=\"https:\/\/pb.edu.pl\/fnbs\/wp-content\/uploads\/sites\/138\/2024\/10\/kontakt-800x550px.png 800w, https:\/\/pb.edu.pl\/fnbs\/wp-content\/uploads\/sites\/138\/2024\/10\/kontakt-800x550px-300x206.png 300w, https:\/\/pb.edu.pl\/fnbs\/wp-content\/uploads\/sites\/138\/2024\/10\/kontakt-800x550px-768x528.png 768w\" sizes=\"auto, (max-width: 800px) 100vw, 800px\" \/><span class=\"lead\">Kontakt<\/span><\/a><\/div>\n<\/div>\n<p>&nbsp;<\/p>\n<div class=\"h1 text-center\"><span style=\"font-size: 24pt\">Patronat medialny<\/span><\/div>\n<div class=\"organizer-logos\"><a class=\"media-logos-item\" title=\"otworzy si\u0119 w nowej karcie\" href=\"https:\/\/akadera.bialystok.pl\/\" target=\"_blank\" rel=\"noopener\"><img loading=\"lazy\" decoding=\"async\" src=\"https:\/\/pb.edu.pl\/fnbs\/wp-content\/uploads\/sites\/138\/2024\/10\/logo-akadera.png\" alt=\"logo Radio Akadera\" width=\"203\" height=\"62\" class=\"aligncenter size-full wp-image-2678\" \/><\/a><br \/>\n<a class=\"media-logos-item\" title=\"otworzy si\u0119 w nowej karcie\" href=\"https:\/\/bialystok.tvp.pl\/\" target=\"_blank\" rel=\"noopener\"><img loading=\"lazy\" decoding=\"async\" src=\"https:\/\/pb.edu.pl\/fnbs\/wp-content\/uploads\/sites\/138\/2024\/10\/TV-bialystok-logo.png\" alt=\"TVp3 Bialystok\" width=\"149\" height=\"88\" class=\"aligncenter size-full wp-image-2679\" \/><\/a><br \/>\n<a class=\"media-logos-item\" title=\"otworzy si\u0119 w nowej karcie\" href=\"https:\/\/www.radio.bialystok.pl\/\" target=\"_blank\" rel=\"noopener\"><img loading=\"lazy\" decoding=\"async\" src=\"https:\/\/pb.edu.pl\/fnbs\/wp-content\/uploads\/sites\/138\/2024\/10\/logo-radio-bialystok.png\" alt=\"Polskie Radio Bia\u0142ystok\" width=\"190\" height=\"95\" class=\"aligncenter size-full wp-image-2717\" \/><\/a>\n<\/div>\n<p>&nbsp;<\/p>\n<div class=\"h1 text-center\"><span style=\"font-size: 24pt\">Organizatorzy<\/span><\/div>\n<div class=\"organizer-logos\"><a class=\"partnerzy-logos-item\" title=\"otworzy si\u0119 w nowej karcie\" href=\"https:\/\/we.pb.edu.pl\/\" target=\"_blank\" rel=\"noopener\"><img loading=\"lazy\" decoding=\"async\" src=\"https:\/\/pb.edu.pl\/fnbs\/wp-content\/uploads\/sites\/138\/2024\/10\/logo-WE-PB-wersja-uproszczona-kolor-podstawowy-zoom.webp\" alt=\"logo Wydzia\u0142u Elektrycznego PB\" width=\"995\" height=\"400\" class=\"aligncenter size-full wp-image-2643\" srcset=\"https:\/\/pb.edu.pl\/fnbs\/wp-content\/uploads\/sites\/138\/2024\/10\/logo-WE-PB-wersja-uproszczona-kolor-podstawowy-zoom.webp 995w, https:\/\/pb.edu.pl\/fnbs\/wp-content\/uploads\/sites\/138\/2024\/10\/logo-WE-PB-wersja-uproszczona-kolor-podstawowy-zoom-300x121.webp 300w, https:\/\/pb.edu.pl\/fnbs\/wp-content\/uploads\/sites\/138\/2024\/10\/logo-WE-PB-wersja-uproszczona-kolor-podstawowy-zoom-768x309.webp 768w\" sizes=\"auto, (max-width: 995px) 100vw, 995px\" \/><\/a><br \/>\n<a class=\"partnerzy-logos-item\" title=\"otworzy si\u0119 w nowej karcie\" href=\"https:\/\/wm.pb.edu.pl\/\" target=\"_blank\" rel=\"noopener\"><img loading=\"lazy\" decoding=\"async\" src=\"https:\/\/pb.edu.pl\/fnbs\/wp-content\/uploads\/sites\/138\/2024\/10\/logo-WM-PB-wersja-uproszczona-kolor-podstawowy-zoom.webp\" alt=\"logo Wydzia\u0142u Mechanicznego PB\" width=\"995\" height=\"400\" class=\"aligncenter size-full wp-image-2646\" srcset=\"https:\/\/pb.edu.pl\/fnbs\/wp-content\/uploads\/sites\/138\/2024\/10\/logo-WM-PB-wersja-uproszczona-kolor-podstawowy-zoom.webp 995w, https:\/\/pb.edu.pl\/fnbs\/wp-content\/uploads\/sites\/138\/2024\/10\/logo-WM-PB-wersja-uproszczona-kolor-podstawowy-zoom-300x121.webp 300w, https:\/\/pb.edu.pl\/fnbs\/wp-content\/uploads\/sites\/138\/2024\/10\/logo-WM-PB-wersja-uproszczona-kolor-podstawowy-zoom-768x309.webp 768w\" sizes=\"auto, (max-width: 995px) 100vw, 995px\" \/><\/a><\/div>\n<div class=\"row ministerstwo\">\n<div class=\"col-sm-5 text-center\" style=\"margin-top: 0px\">\n<div class=\"organizer-logos\"><img loading=\"lazy\" decoding=\"async\" class=\"ministerstwo-logos-item\" src=\"https:\/\/pb.edu.pl\/fnbs\/wp-content\/uploads\/sites\/138\/2024\/10\/logo-mswisw.jpg\" alt=\"logo mswisw\" width=\"386\" height=\"120\" class=\"aligncenter size-full wp-image-2650\" srcset=\"https:\/\/pb.edu.pl\/fnbs\/wp-content\/uploads\/sites\/138\/2024\/10\/logo-mswisw.jpg 386w, https:\/\/pb.edu.pl\/fnbs\/wp-content\/uploads\/sites\/138\/2024\/10\/logo-mswisw-300x93.jpg 300w\" sizes=\"auto, (max-width: 386px) 100vw, 386px\" \/><br \/>\n<img loading=\"lazy\" decoding=\"async\" class=\"ministerstwo-logos-item\" src=\"https:\/\/pb.edu.pl\/fnbs\/wp-content\/uploads\/sites\/138\/2024\/10\/logo-mn.jpg\" alt=\"Logo Minister Nauki\" width=\"214\" height=\"120\" class=\"aligncenter size-full wp-image-2652\" \/>\n<\/div>\n<\/div>\n<div class=\"col-sm-5 text-center\" style=\"margin-top: 40px\">Projekt finansowany ze \u015brodk\u00f3w bud\u017cetu pa\u0144stwa,<br \/>\nprzyznanych przez Ministra Edukacji i Nauki<br \/>\nw ramach Programu \u201eNauka dla Spo\u0142ecze\u0144stwa II\u201d<\/div>\n<div class=\"col-sm-2 text-center\" style=\"padding: 20px\"><img loading=\"lazy\" decoding=\"async\" src=\"https:\/\/pb.edu.pl\/fnbs\/wp-content\/uploads\/sites\/138\/2024\/11\/logo-mein_nds.png\" alt=\"logo Nauka dla Spo\u0142ecze\u0144stwa\" width=\"600\" height=\"411\" class=\"aligncenter size-full wp-image-2742\" srcset=\"https:\/\/pb.edu.pl\/fnbs\/wp-content\/uploads\/sites\/138\/2024\/11\/logo-mein_nds.png 600w, https:\/\/pb.edu.pl\/fnbs\/wp-content\/uploads\/sites\/138\/2024\/11\/logo-mein_nds-300x206.png 300w\" sizes=\"auto, (max-width: 600px) 100vw, 600px\" \/><\/div>\n<\/div>\n","protected":false},"excerpt":{"rendered":"<p>Bia\u0142ystok, 15 listopada 2024 r. Politechnika Bia\u0142ostocka &nbsp; O Forum Rejestracja Kontakt &nbsp; Patronat medialny<\/p>\n","protected":false},"author":2,"featured_media":0,"parent":0,"menu_order":0,"comment_status":"closed","ping_status":"closed","template":"templates\/dzial.php","meta":{"_acf_changed":false,"ngg_post_thumbnail":0,"footnotes":""},"class_list":["post-13","page","type-page","status-publish","hentry"],"acf":[],"_links":{"self":[{"href":"https:\/\/pb.edu.pl\/fnbs\/wp-json\/wp\/v2\/pages\/13","targetHints":{"allow":["GET"]}}],"collection":[{"href":"https:\/\/pb.edu.pl\/fnbs\/wp-json\/wp\/v2\/pages"}],"about":[{"href":"https:\/\/pb.edu.pl\/fnbs\/wp-json\/wp\/v2\/types\/page"}],"author":[{"embeddable":true,"href":"https:\/\/pb.edu.pl\/fnbs\/wp-json\/wp\/v2\/users\/2"}],"replies":[{"embeddable":true,"href":"https:\/\/pb.edu.pl\/fnbs\/wp-json\/wp\/v2\/comments?post=13"}],"version-history":[{"count":0,"href":"https:\/\/pb.edu.pl\/fnbs\/wp-json\/wp\/v2\/pages\/13\/revisions"}],"wp:attachment":[{"href":"https:\/\/pb.edu.pl\/fnbs\/wp-json\/wp\/v2\/media?parent=13"}],"curies":[{"name":"wp","href":"https:\/\/api.w.org\/{rel}","templated":true}]}}