{"id":13,"date":"2019-09-25T00:01:51","date_gmt":"2019-09-24T22:01:51","guid":{"rendered":"https:\/\/pb.edu.pl\/euraxess0\/?page_id=13"},"modified":"2026-01-23T20:21:35","modified_gmt":"2026-01-23T19:21:35","slug":"aktualnosci","status":"publish","type":"page","link":"https:\/\/pb.edu.pl\/euraxess\/aktualnosci\/","title":{"rendered":"Aktualno\u015bci"},"content":{"rendered":"\t\t<div class=\"box news-box \">\n\t\t<div class=\"row\">\n\t\t\t\n\t\t\t\n\t\t\t\t\n\t\t\t\t\t\t\t\t\t\t<div class=\"col-sm-3\">\n\t\t\t\t\t\t\t\n<article class=\"format-standard\">\n    <span class=\"date text-right\"><i class=\"fal fa-calendar-alt\"><\/i> 09-04-2026<\/span>\n    <a href=\"https:\/\/pb.edu.pl\/euraxess\/2026\/04\/09\/newsletter-euraxess-kwiecien-2026\/\">\n      <div class=\"article-image\">\n        <img loading=\"lazy\" decoding=\"async\" width=\"480\" height=\"300\" src=\"https:\/\/pb.edu.pl\/euraxess\/wp-content\/uploads\/sites\/164\/2026\/03\/hands-rece.png-480x300.webp\" class=\"attachment-medium-image-16x10 size-medium-image-16x10 wp-post-image\" alt=\"\" \/>      <\/div>\n      <h3>Newsletter Euraxess \u2013 kwiecie\u0144 2026<\/h3>\n      Oferty grant\u00f3w na badania i stypendi\u00f3w zagranicznych.    <\/a>\n<\/article>\t\t\t\t\t\t<\/div>\n\t\t\t\t\t\t\t\t\t\t\t<div class=\"col-sm-3\">\n\t\t\t\t\t\t\t\n<article class=\"format-standard\">\n    <span class=\"date text-right\"><i class=\"fal fa-calendar-alt\"><\/i> 31-03-2026<\/span>\n    <a href=\"https:\/\/pb.edu.pl\/euraxess\/2026\/03\/31\/wizyta-studyjna-w-ramach-projektu-naukowa-przyszlosc-podlasia-euraxess-w-dzialaniu\/\">\n      <div class=\"article-image\">\n        <img loading=\"lazy\" decoding=\"async\" width=\"480\" height=\"300\" src=\"https:\/\/pb.edu.pl\/euraxess\/wp-content\/uploads\/sites\/164\/2026\/03\/Wizyta-na-GUMED-480x300.jpg\" class=\"attachment-medium-image-16x10 size-medium-image-16x10 wp-post-image\" alt=\"\" \/>      <\/div>\n      <h3>Wizyta studyjna w ramach projektu \u201eNaukowa przysz\u0142o\u015b\u0107 Podlasia \u2013 EURAXESS w dzia\u0142aniu\u201d<\/h3>\n      Przedstawiciele regionalnej sieci Euraxess wojew\u00f3dztwa podlaskiego na Gda\u0144skim Uniwersytecie Medycznym.    <\/a>\n<\/article>\t\t\t\t\t\t<\/div>\n\t\t\t\t\t\t\t\t\t\t\t<div class=\"col-sm-3\">\n\t\t\t\t\t\t\t\n<article class=\"format-standard\">\n    <span class=\"date text-right\"><i class=\"fal fa-calendar-alt\"><\/i> 23-03-2026<\/span>\n    <a href=\"https:\/\/pb.edu.pl\/euraxess\/2026\/03\/23\/rekrutacja-uczestnikow-do-udzialu-w-wizycie-studyjnej-w-gdanskim-uniwersytecie-medycznym\/\">\n      <div class=\"article-image\">\n        <img loading=\"lazy\" decoding=\"async\" width=\"480\" height=\"300\" src=\"https:\/\/pb.edu.pl\/euraxess\/wp-content\/uploads\/sites\/164\/2026\/03\/20944675-480x300.jpg\" class=\"attachment-medium-image-16x10 size-medium-image-16x10 wp-post-image\" alt=\"\" \/>      <\/div>\n      <h3>Rekrutacja Uczestnik\u00f3w do udzia\u0142u w wizycie studyjnej w  Gda\u0144skim Uniwersytecie Medycznym<\/h3>\n      Rekrutacja do projektu.    <\/a>\n<\/article>\t\t\t\t\t\t<\/div>\n\t\t\t\t\t\t\t\t\t\t\t<div class=\"col-sm-3\">\n\t\t\t\t\t\t\t\n<article class=\"format-standard\">\n    <span class=\"date text-right\"><i class=\"fal fa-calendar-alt\"><\/i> 17-03-2026<\/span>\n    <a href=\"https:\/\/pb.edu.pl\/euraxess\/2026\/03\/17\/newsletter-euraxess-marzec-2026\/\">\n      <div class=\"article-image\">\n        <img loading=\"lazy\" decoding=\"async\" width=\"480\" height=\"300\" src=\"https:\/\/pb.edu.pl\/euraxess\/wp-content\/uploads\/sites\/164\/2026\/03\/hands-rece.png-480x300.webp\" class=\"attachment-medium-image-16x10 size-medium-image-16x10 wp-post-image\" alt=\"\" \/>      <\/div>\n      <h3>Newsletter Euraxess &#8211; marzec 2026<\/h3>\n      Oferty grant\u00f3w na badania i stypendi\u00f3w zagranicznych dost\u0119pne dla doktorant\u00f3w i    <\/a>\n<\/article>\t\t\t\t\t\t<\/div>\n\t\t\t\t\t\t\t\t\t\t\t<div class=\"col-sm-3\">\n\t\t\t\t\t\t\t\n<article class=\"format-standard\">\n    <span class=\"date text-right\"><i class=\"fal fa-calendar-alt\"><\/i> 13-03-2026<\/span>\n    <a href=\"https:\/\/pb.edu.pl\/euraxess\/2026\/03\/13\/call-for-applications-for-the-zawacka-nawa-programme\/\">\n      <div class=\"article-image\">\n        <img loading=\"lazy\" decoding=\"async\" width=\"480\" height=\"300\" src=\"https:\/\/pb.edu.pl\/euraxess\/wp-content\/uploads\/sites\/164\/2026\/03\/zawacka-call-2026-03-480x300.jpg\" class=\"attachment-medium-image-16x10 size-medium-image-16x10 wp-post-image\" alt=\"\" \/>      <\/div>\n      <h3>Call for applications for the Zawacka NAWA Programme<\/h3>\n      The programme offers full or partial studies, doctoral school education, research    <\/a>\n<\/article>\t\t\t\t\t\t<\/div>\n\t\t\t\t\t\t\t\t\t\t\t<div class=\"col-sm-3\">\n\t\t\t\t\t\t\t\n<article class=\"format-standard\">\n    <span class=\"date text-right\"><i class=\"fal fa-calendar-alt\"><\/i> 12-03-2026<\/span>\n    <a href=\"https:\/\/pb.edu.pl\/euraxess\/2026\/03\/12\/webinarium-informacyjne-o-programie-ulam-nawa-2026\/\">\n      <div class=\"article-image\">\n        <img loading=\"lazy\" decoding=\"async\" width=\"412\" height=\"300\" src=\"https:\/\/pb.edu.pl\/euraxess\/wp-content\/uploads\/sites\/164\/2026\/03\/ulam-logo-412x300.png\" class=\"attachment-medium-image-16x10 size-medium-image-16x10 wp-post-image\" alt=\"\" \/>      <\/div>\n      <h3>Webinarium informacyjne o programie Ulam NAWA 2026<\/h3>\n      Polecamy!    <\/a>\n<\/article>\t\t\t\t\t\t<\/div>\n\t\t\t\t\t\t\t\t\t\t\t<div class=\"col-sm-3\">\n\t\t\t\t\t\t\t\n<article class=\"format-standard\">\n    <span class=\"date text-right\"><i class=\"fal fa-calendar-alt\"><\/i> 27-02-2026<\/span>\n    <a href=\"https:\/\/pb.edu.pl\/euraxess\/2026\/02\/27\/ulam-nawa-2026-scholarships-to-poland-for-post-docs\/\">\n      <div class=\"article-image\">\n        <img loading=\"lazy\" decoding=\"async\" width=\"480\" height=\"300\" src=\"https:\/\/pb.edu.pl\/euraxess\/wp-content\/uploads\/sites\/164\/2026\/02\/Ulam-2026-EURAXESS-1-480x300.webp\" class=\"attachment-medium-image-16x10 size-medium-image-16x10 wp-post-image\" alt=\"\" \/>      <\/div>\n      <h3>ULAM NAWA 2026 &#8211; Scholarships to Poland for post-docs<\/h3>\n          <\/a>\n<\/article>\t\t\t\t\t\t<\/div>\n\t\t\t\t\t\t\t\t\t\t\t<div class=\"col-sm-3\">\n\t\t\t\t\t\t\t\n<article class=\"format-standard\">\n    <span class=\"date text-right\"><i class=\"fal fa-calendar-alt\"><\/i> 27-02-2026<\/span>\n    <a href=\"https:\/\/pb.edu.pl\/euraxess\/2026\/02\/27\/zagraniczni-naukowcy-w-polsce-zmiany-w-przepisach-imigracyjnych-2025\/\">\n      <div class=\"article-image\">\n        <img loading=\"lazy\" decoding=\"async\" width=\"480\" height=\"300\" src=\"https:\/\/pb.edu.pl\/euraxess\/wp-content\/uploads\/sites\/164\/2026\/02\/Welcome-to-Poland-zarys-kraju.jpg-480x300.webp\" class=\"attachment-medium-image-16x10 size-medium-image-16x10 wp-post-image\" alt=\"\" \/>      <\/div>\n      <h3>Zagraniczni naukowcy w Polsce &#8211; zmiany w przepisach imigracyjnych 2025<\/h3>\n          <\/a>\n<\/article>\t\t\t\t\t\t<\/div>\n\t\t\t\t\t\n\t\t\t\t\n\t\t\t\t\t<\/div>\n\t\t\t\t\t<\/div>\n\n","protected":false},"excerpt":{"rendered":"","protected":false},"author":2,"featured_media":0,"parent":0,"menu_order":1,"comment_status":"closed","ping_status":"closed","template":"","meta":{"_acf_changed":false,"ngg_post_thumbnail":0,"footnotes":""},"class_list":["post-13","page","type-page","status-publish","hentry"],"acf":[],"_links":{"self":[{"href":"https:\/\/pb.edu.pl\/euraxess\/wp-json\/wp\/v2\/pages\/13","targetHints":{"allow":["GET"]}}],"collection":[{"href":"https:\/\/pb.edu.pl\/euraxess\/wp-json\/wp\/v2\/pages"}],"about":[{"href":"https:\/\/pb.edu.pl\/euraxess\/wp-json\/wp\/v2\/types\/page"}],"author":[{"embeddable":true,"href":"https:\/\/pb.edu.pl\/euraxess\/wp-json\/wp\/v2\/users\/2"}],"replies":[{"embeddable":true,"href":"https:\/\/pb.edu.pl\/euraxess\/wp-json\/wp\/v2\/comments?post=13"}],"version-history":[{"count":1,"href":"https:\/\/pb.edu.pl\/euraxess\/wp-json\/wp\/v2\/pages\/13\/revisions"}],"predecessor-version":[{"id":1189,"href":"https:\/\/pb.edu.pl\/euraxess\/wp-json\/wp\/v2\/pages\/13\/revisions\/1189"}],"wp:attachment":[{"href":"https:\/\/pb.edu.pl\/euraxess\/wp-json\/wp\/v2\/media?parent=13"}],"curies":[{"name":"wp","href":"https:\/\/api.w.org\/{rel}","templated":true}]}}