{"id":71438,"date":"2021-08-10T21:52:43","date_gmt":"2021-08-10T19:52:43","guid":{"rendered":"https:\/\/pb.edu.pl\/xylopolis\/xylopolis-wideo\/"},"modified":"2022-05-18T10:02:23","modified_gmt":"2022-05-18T08:02:23","slug":"video-xylopolis","status":"publish","type":"page","link":"https:\/\/pb.edu.pl\/en\/xylopolis\/video-xylopolis\/","title":{"rendered":"Video Xylopolis"},"content":{"rendered":"<h1>Video<\/h1>\n<div class=\"row\">\n<div class=\"col-sm-3\">\n<div class=\"ratio ratio-16x9\"><iframe loading=\"lazy\" title=\"Dr hab. in\u017c. arch. Aleksander Asanowicz, prof. PB obejrza\u0142 pawilon polski na EXPO 2020 w Dubaju\" width=\"1200\" height=\"675\" src=\"https:\/\/www.youtube.com\/embed\/Jk-wA2ruC4g?feature=oembed\" frameborder=\"0\" allow=\"accelerometer; autoplay; clipboard-write; encrypted-media; gyroscope; picture-in-picture; web-share\" referrerpolicy=\"strict-origin-when-cross-origin\" allowfullscreen><\/iframe><\/div>\n<div class=\"h3\">Assoc. Prof. Aleksander Asanowicz, DSc, PhD, Eng, Arch. visited Poland Pavilion at EXPO 2020 in Dubai<\/div>\n<\/div>\n<div class=\"col-sm-3\">\n<div class=\"ratio ratio-16x9\"><iframe loading=\"lazy\" title=\"Politechnika Bia\u0142ostocka na Expo2020 w Dubaju. Rektor i Marsza\u0142ek Wojew\u00f3dztwa Podlaskiego- Xylopolis\" width=\"1200\" height=\"675\" src=\"https:\/\/www.youtube.com\/embed\/vuM_IP2RtTc?feature=oembed\" frameborder=\"0\" allow=\"accelerometer; autoplay; clipboard-write; encrypted-media; gyroscope; picture-in-picture; web-share\" referrerpolicy=\"strict-origin-when-cross-origin\" allowfullscreen><\/iframe><\/div>\n<div class=\"h3\">Bialystok University of Technology at Expo 2020 in Dubai. Rector and Marshal of the Podlaskie Voivodship<\/div>\n<\/div>\n<div class=\"col-sm-3\">\n<div class=\"ratio ratio-16x9\"><iframe loading=\"lazy\" title=\"Politechnika Bia\u0142ostocka na Expo2020 w Dubaju. Prorektor ds. Wsp\u00f3\u0142pracy Mi\u0119dzynarodowej na Xylopolis\" width=\"1200\" height=\"675\" src=\"https:\/\/www.youtube.com\/embed\/Ds3x7-ih82w?feature=oembed\" frameborder=\"0\" allow=\"accelerometer; autoplay; clipboard-write; encrypted-media; gyroscope; picture-in-picture; web-share\" referrerpolicy=\"strict-origin-when-cross-origin\" allowfullscreen><\/iframe><\/div>\n<div class=\"h3\">Bialystok University of Technology at Expo 2020 in Dubai. Vice-Rector for International Cooperation visited Xylopolis<\/div>\n<\/div>\n<div class=\"col-sm-3\">\n<div class=\"ratio ratio-16x9\"><iframe loading=\"lazy\" title=\"Politechnika Bia\u0142ostocka na Expo 2020 w Dubaju. \u0141azik marsja\u0144ski #next\" width=\"1200\" height=\"675\" src=\"https:\/\/www.youtube.com\/embed\/yppDSsaGeos?feature=oembed\" frameborder=\"0\" allow=\"accelerometer; autoplay; clipboard-write; encrypted-media; gyroscope; picture-in-picture; web-share\" referrerpolicy=\"strict-origin-when-cross-origin\" allowfullscreen><\/iframe><\/div>\n<div class=\"h3\">Bialystok University of Technology at Expo 2020 in Dubai. Mars rover #next<\/div>\n<\/div>\n<\/div>\n<div class=\"row\">\n<div class=\"col-sm-3\">\n<div class=\"ratio ratio-16x9\"><iframe loading=\"lazy\" title=\"Politechnika Bia\u0142ostocka na Expo 2020 w Dubaju. Patrycja Lipska wsp\u00f3\u0142tworzy\u0142a projekt Xylopolis\" width=\"1200\" height=\"675\" src=\"https:\/\/www.youtube.com\/embed\/qu_vyc7Bw0c?feature=oembed\" frameborder=\"0\" allow=\"accelerometer; autoplay; clipboard-write; encrypted-media; gyroscope; picture-in-picture; web-share\" referrerpolicy=\"strict-origin-when-cross-origin\" allowfullscreen><\/iframe><\/div>\n<div class=\"h3\">Bialystok University of Technology at Expo2020 in Dubai. Patrycja Lipska co-created the Xylopolis project<\/div>\n<\/div>\n<div class=\"col-sm-3\">\n<div class=\"ratio ratio-16x9\"><iframe loading=\"lazy\" title=\"PB na Expo2020 w Dubaju. Sara Kowalczuk-Fija\u0142kowska wsp\u00f3\u0142tworzy\u0142a projekt Xylopolis\" width=\"1200\" height=\"675\" src=\"https:\/\/www.youtube.com\/embed\/XM0ZctiRwV8?feature=oembed\" frameborder=\"0\" allow=\"accelerometer; autoplay; clipboard-write; encrypted-media; gyroscope; picture-in-picture; web-share\" referrerpolicy=\"strict-origin-when-cross-origin\" allowfullscreen><\/iframe><\/div>\n<div class=\"h3\">BUT at Expo2020 in Dubai. Sara Kowalczuk-Fija\u0142kowska co-created the Xylopolis project<\/div>\n<\/div>\n<div class=\"col-sm-3\">\n<div class=\"ratio ratio-16x9\"><iframe loading=\"lazy\" title=\"Urszula Gire\u0144 z Wydzia\u0142u Architektury rozs\u0142awia Politechnik\u0119 Bia\u0142ostock\u0105 swoim talentem\" width=\"1200\" height=\"675\" src=\"https:\/\/www.youtube.com\/embed\/nSBtMG9hjuM?feature=oembed\" frameborder=\"0\" allow=\"accelerometer; autoplay; clipboard-write; encrypted-media; gyroscope; picture-in-picture; web-share\" referrerpolicy=\"strict-origin-when-cross-origin\" allowfullscreen><\/iframe><\/div>\n<div class=\"h3\">Urszula Gire\u0144 from the Faculty of Architecture makes Bialystok University of Technology famous for her talent<\/div>\n<\/div>\n<div class=\"col-sm-3\">\n<div class=\"ratio ratio-16x9\"><iframe loading=\"lazy\" title=\"Studenci Wydzia\u0142u Architektury Politechniki Bia\u0142ostockiej stworzyli projekt wystawy Xylopolis\" width=\"1200\" height=\"675\" src=\"https:\/\/www.youtube.com\/embed\/ZBKu5zpO3v8?start=1&#038;feature=oembed\" frameborder=\"0\" allow=\"accelerometer; autoplay; clipboard-write; encrypted-media; gyroscope; picture-in-picture; web-share\" referrerpolicy=\"strict-origin-when-cross-origin\" allowfullscreen><\/iframe><\/div>\n<div class=\"h3\">Faculty of Architecture &#8211; #XylopolisPB<\/div>\n<\/div>\n<\/div>\n<p>&nbsp;<\/p>\n<div id=\"fb-root\"><\/div>\n<p><script async defer crossorigin=\"anonymous\" src=\"https:\/\/connect.facebook.net\/pl_PL\/sdk.js#xfbml=1&#038;version=v11.0\" nonce=\"0Jq2ajuK\"><\/script><\/p>\n<div class=\"row\">\n<div class=\"col-sm-3\">\n<div class=\"ratio ratio-16x9\"><iframe loading=\"lazy\" title=\"Dr Ewa Zapora - Ambasador nauki wojew\u00f3dztwa podlaskiego na Expo 2020 w Dubaju\" width=\"1200\" height=\"675\" src=\"https:\/\/www.youtube.com\/embed\/x4ke5yQyeqA?start=17&#038;feature=oembed\" frameborder=\"0\" allow=\"accelerometer; autoplay; clipboard-write; encrypted-media; gyroscope; picture-in-picture; web-share\" referrerpolicy=\"strict-origin-when-cross-origin\" allowfullscreen><\/iframe><\/div>\n<div class=\"h3\"> Ewa Zapora, PhD \u2013 Ambassador of Science of Podlaskie Province at Expo 2020 in Dubai<\/div>\n<\/div>\n<div class=\"col-sm-3\">\n<div class=\"ratio ratio-16x9\"><iframe loading=\"lazy\" title=\"dr hab. in\u017c. arch. Jaros\u0142aw Szewczyk, prof. PB o Xylopolis\" width=\"1200\" height=\"675\" src=\"https:\/\/www.youtube.com\/embed\/BXZKLWMqcqA?feature=oembed\" frameborder=\"0\" allow=\"accelerometer; autoplay; clipboard-write; encrypted-media; gyroscope; picture-in-picture; web-share\" referrerpolicy=\"strict-origin-when-cross-origin\" allowfullscreen><\/iframe><\/div>\n<div class=\"h3\">Assoc. Prof. Jaros\u0142aw Szewczyk, DSc, PhD, Eng, Arch. about Xylopolis<\/div>\n<\/div>\n<div class=\"col-sm-3\">\n<div class=\"ratio ratio-16x9\"><iframe loading=\"lazy\" title=\"\u0141azik student\u00f3w Politechniki Bia\u0142ostockiej na Expo w Dubaju!\" width=\"1200\" height=\"675\" src=\"https:\/\/www.youtube.com\/embed\/Jxt3X_L0Wkk?feature=oembed\" frameborder=\"0\" allow=\"accelerometer; autoplay; clipboard-write; encrypted-media; gyroscope; picture-in-picture; web-share\" referrerpolicy=\"strict-origin-when-cross-origin\" allowfullscreen><\/iframe><\/div>\n<div class=\"h3\">BUT students\u2019 Martian rover at Expo Dubai<\/div>\n<\/div>\n<div class=\"col-sm-3\">\n<div class=\"fb-video\" data-href=\"https:\/\/www.facebook.com\/watch\/?v=909424656516650 \" data-width=\"500\" data-show-text=\"false\">\n<blockquote cite=\"https:\/\/developers.facebook.com\/wojpodlaskie\/videos\/909424656516650\/\" class=\"fb-xfbml-parse-ignore\"><p><a href=\"https:\/\/developers.facebook.com\/wojpodlaskie\/videos\/909424656516650\/\">? NA \u017bYWO: Konferencja prasowa dotycz\u0105ca Xylopolis &#8211; wsp\u00f3lnej prezentacji Wojew\u00f3dztwa Podlaskiego oraz resortu klimatu i \u015brodowiska na Wystawie \u015awiatowej EXPO 2020 w Dubaju.<\/a><\/p>\n<p>? NA \u017bYWO: Konferencja prasowa dotycz\u0105ca Xylopolis &#8211; wsp\u00f3lnej prezentacji Wojew\u00f3dztwa Podlaskiego oraz resortu klimatu i \u015brodowiska na Wystawie \u015awiatowej EXPO 2020 w Dubaju.<\/p>\n<p>Opublikowany przez <a href=\"https:\/\/www.facebook.com\/wojpodlaskie\/\">Wojew\u00f3dztwo Podlaskie<\/a> \u015aroda, 26 maja 2021<\/p><\/blockquote>\n<\/div>\n<div class=\"h3\">Press conference on Xylopolis<\/div>\n<\/div>\n<\/div>\n","protected":false},"excerpt":{"rendered":"<p>Video Assoc. Prof. Aleksander Asanowicz, DSc, PhD, Eng, Arch. visited Poland Pavilion at EXPO 2020 in Dubai Bialystok University of Technology at Expo 2020 in Dubai. Rector and Marshal of&#8230;<\/p>\n","protected":false},"author":2,"featured_media":0,"parent":71101,"menu_order":2,"comment_status":"closed","ping_status":"closed","template":"templates\/dzial.php","meta":{"_acf_changed":false,"ngg_post_thumbnail":0,"footnotes":""},"class_list":["post-71438","page","type-page","status-publish","hentry"],"acf":[],"yoast_head":"<!-- This site is optimized with the Yoast SEO plugin v27.0 - https:\/\/yoast.com\/product\/yoast-seo-wordpress\/ -->\n<title>Video Xylopolis - Bialystok University of Technology<\/title>\n<meta name=\"description\" content=\"Video Assoc. Prof. Aleksander Asanowicz, DSc, PhD, Eng, Arch. visited Poland Pavilion at EXPO 2020 in Dubai Bialystok University of Technology at Expo\" \/>\n<meta name=\"robots\" content=\"index, follow, max-snippet:-1, max-image-preview:large, max-video-preview:-1\" \/>\n<link rel=\"canonical\" href=\"https:\/\/pb.edu.pl\/en\/xylopolis\/video-xylopolis\/\" \/>\n<meta property=\"og:locale\" content=\"en_US\" \/>\n<meta property=\"og:type\" content=\"article\" \/>\n<meta property=\"og:title\" content=\"Video Xylopolis - Bialystok University of Technology\" \/>\n<meta property=\"og:description\" content=\"Video Assoc. Prof. Aleksander Asanowicz, DSc, PhD, Eng, Arch. visited Poland Pavilion at EXPO 2020 in Dubai Bialystok University of Technology at Expo\" \/>\n<meta property=\"og:url\" content=\"https:\/\/pb.edu.pl\/en\/xylopolis\/video-xylopolis\/\" \/>\n<meta property=\"og:site_name\" content=\"Bialystok University of Technology\" \/>\n<meta property=\"article:modified_time\" content=\"2022-05-18T08:02:23+00:00\" \/>\n<meta name=\"twitter:label1\" content=\"Est. reading time\" \/>\n\t<meta name=\"twitter:data1\" content=\"1 minute\" \/>\n<script type=\"application\/ld+json\" class=\"yoast-schema-graph\">{\"@context\":\"https:\/\/schema.org\",\"@graph\":[{\"@type\":\"WebPage\",\"@id\":\"https:\/\/pb.edu.pl\/en\/xylopolis\/video-xylopolis\/\",\"url\":\"https:\/\/pb.edu.pl\/en\/xylopolis\/video-xylopolis\/\",\"name\":\"Video Xylopolis - Bialystok University of Technology\",\"isPartOf\":{\"@id\":\"https:\/\/pb.edu.pl\/en\/#website\"},\"datePublished\":\"2021-08-10T19:52:43+00:00\",\"dateModified\":\"2022-05-18T08:02:23+00:00\",\"description\":\"Video Assoc. Prof. Aleksander Asanowicz, DSc, PhD, Eng, Arch. visited Poland Pavilion at EXPO 2020 in Dubai Bialystok University of Technology at Expo\",\"breadcrumb\":{\"@id\":\"https:\/\/pb.edu.pl\/en\/xylopolis\/video-xylopolis\/#breadcrumb\"},\"inLanguage\":\"en-US\",\"potentialAction\":[{\"@type\":\"ReadAction\",\"target\":[\"https:\/\/pb.edu.pl\/en\/xylopolis\/video-xylopolis\/\"]}]},{\"@type\":\"BreadcrumbList\",\"@id\":\"https:\/\/pb.edu.pl\/en\/xylopolis\/video-xylopolis\/#breadcrumb\",\"itemListElement\":[{\"@type\":\"ListItem\",\"position\":1,\"name\":\"Home\",\"item\":\"https:\/\/pb.edu.pl\/en\/\"},{\"@type\":\"ListItem\",\"position\":2,\"name\":\"Xylopolis\",\"item\":\"https:\/\/pb.edu.pl\/en\/xylopolis\/\"},{\"@type\":\"ListItem\",\"position\":3,\"name\":\"Video Xylopolis\"}]},{\"@type\":\"WebSite\",\"@id\":\"https:\/\/pb.edu.pl\/en\/#website\",\"url\":\"https:\/\/pb.edu.pl\/en\/\",\"name\":\"Bialystok University of Technology\",\"description\":\"\",\"publisher\":{\"@id\":\"https:\/\/pb.edu.pl\/en\/#organization\"},\"potentialAction\":[{\"@type\":\"SearchAction\",\"target\":{\"@type\":\"EntryPoint\",\"urlTemplate\":\"https:\/\/pb.edu.pl\/en\/?s={search_term_string}\"},\"query-input\":{\"@type\":\"PropertyValueSpecification\",\"valueRequired\":true,\"valueName\":\"search_term_string\"}}],\"inLanguage\":\"en-US\"},{\"@type\":\"Organization\",\"@id\":\"https:\/\/pb.edu.pl\/en\/#organization\",\"name\":\"Bialystok University of Technology\",\"url\":\"https:\/\/pb.edu.pl\/en\/\",\"logo\":{\"@type\":\"ImageObject\",\"inLanguage\":\"en-US\",\"@id\":\"https:\/\/pb.edu.pl\/en\/#\/schema\/logo\/image\/\",\"url\":\"https:\/\/pb.edu.pl\/wp-content\/uploads\/2026\/02\/logo_pb.svg\",\"contentUrl\":\"https:\/\/pb.edu.pl\/wp-content\/uploads\/2026\/02\/logo_pb.svg\",\"caption\":\"Bialystok University of Technology\"},\"image\":{\"@id\":\"https:\/\/pb.edu.pl\/en\/#\/schema\/logo\/image\/\"}}]}<\/script>\n<!-- \/ Yoast SEO plugin. -->","yoast_head_json":{"title":"Video Xylopolis - Bialystok University of Technology","description":"Video Assoc. Prof. Aleksander Asanowicz, DSc, PhD, Eng, Arch. visited Poland Pavilion at EXPO 2020 in Dubai Bialystok University of Technology at Expo","robots":{"index":"index","follow":"follow","max-snippet":"max-snippet:-1","max-image-preview":"max-image-preview:large","max-video-preview":"max-video-preview:-1"},"canonical":"https:\/\/pb.edu.pl\/en\/xylopolis\/video-xylopolis\/","og_locale":"en_US","og_type":"article","og_title":"Video Xylopolis - Bialystok University of Technology","og_description":"Video Assoc. Prof. Aleksander Asanowicz, DSc, PhD, Eng, Arch. visited Poland Pavilion at EXPO 2020 in Dubai Bialystok University of Technology at Expo","og_url":"https:\/\/pb.edu.pl\/en\/xylopolis\/video-xylopolis\/","og_site_name":"Bialystok University of Technology","article_modified_time":"2022-05-18T08:02:23+00:00","twitter_misc":{"Est. reading time":"1 minute"},"schema":{"@context":"https:\/\/schema.org","@graph":[{"@type":"WebPage","@id":"https:\/\/pb.edu.pl\/en\/xylopolis\/video-xylopolis\/","url":"https:\/\/pb.edu.pl\/en\/xylopolis\/video-xylopolis\/","name":"Video Xylopolis - Bialystok University of Technology","isPartOf":{"@id":"https:\/\/pb.edu.pl\/en\/#website"},"datePublished":"2021-08-10T19:52:43+00:00","dateModified":"2022-05-18T08:02:23+00:00","description":"Video Assoc. Prof. Aleksander Asanowicz, DSc, PhD, Eng, Arch. visited Poland Pavilion at EXPO 2020 in Dubai Bialystok University of Technology at Expo","breadcrumb":{"@id":"https:\/\/pb.edu.pl\/en\/xylopolis\/video-xylopolis\/#breadcrumb"},"inLanguage":"en-US","potentialAction":[{"@type":"ReadAction","target":["https:\/\/pb.edu.pl\/en\/xylopolis\/video-xylopolis\/"]}]},{"@type":"BreadcrumbList","@id":"https:\/\/pb.edu.pl\/en\/xylopolis\/video-xylopolis\/#breadcrumb","itemListElement":[{"@type":"ListItem","position":1,"name":"Home","item":"https:\/\/pb.edu.pl\/en\/"},{"@type":"ListItem","position":2,"name":"Xylopolis","item":"https:\/\/pb.edu.pl\/en\/xylopolis\/"},{"@type":"ListItem","position":3,"name":"Video Xylopolis"}]},{"@type":"WebSite","@id":"https:\/\/pb.edu.pl\/en\/#website","url":"https:\/\/pb.edu.pl\/en\/","name":"Bialystok University of Technology","description":"","publisher":{"@id":"https:\/\/pb.edu.pl\/en\/#organization"},"potentialAction":[{"@type":"SearchAction","target":{"@type":"EntryPoint","urlTemplate":"https:\/\/pb.edu.pl\/en\/?s={search_term_string}"},"query-input":{"@type":"PropertyValueSpecification","valueRequired":true,"valueName":"search_term_string"}}],"inLanguage":"en-US"},{"@type":"Organization","@id":"https:\/\/pb.edu.pl\/en\/#organization","name":"Bialystok University of Technology","url":"https:\/\/pb.edu.pl\/en\/","logo":{"@type":"ImageObject","inLanguage":"en-US","@id":"https:\/\/pb.edu.pl\/en\/#\/schema\/logo\/image\/","url":"https:\/\/pb.edu.pl\/wp-content\/uploads\/2026\/02\/logo_pb.svg","contentUrl":"https:\/\/pb.edu.pl\/wp-content\/uploads\/2026\/02\/logo_pb.svg","caption":"Bialystok University of Technology"},"image":{"@id":"https:\/\/pb.edu.pl\/en\/#\/schema\/logo\/image\/"}}]}},"_links":{"self":[{"href":"https:\/\/pb.edu.pl\/en\/wp-json\/wp\/v2\/pages\/71438","targetHints":{"allow":["GET"]}}],"collection":[{"href":"https:\/\/pb.edu.pl\/en\/wp-json\/wp\/v2\/pages"}],"about":[{"href":"https:\/\/pb.edu.pl\/en\/wp-json\/wp\/v2\/types\/page"}],"author":[{"embeddable":true,"href":"https:\/\/pb.edu.pl\/en\/wp-json\/wp\/v2\/users\/2"}],"replies":[{"embeddable":true,"href":"https:\/\/pb.edu.pl\/en\/wp-json\/wp\/v2\/comments?post=71438"}],"version-history":[{"count":0,"href":"https:\/\/pb.edu.pl\/en\/wp-json\/wp\/v2\/pages\/71438\/revisions"}],"up":[{"embeddable":true,"href":"https:\/\/pb.edu.pl\/en\/wp-json\/wp\/v2\/pages\/71101"}],"wp:attachment":[{"href":"https:\/\/pb.edu.pl\/en\/wp-json\/wp\/v2\/media?parent=71438"}],"curies":[{"name":"wp","href":"https:\/\/api.w.org\/{rel}","templated":true}]}}