{"id":71101,"date":"2021-08-10T21:13:58","date_gmt":"2021-08-10T19:13:58","guid":{"rendered":"https:\/\/pb.edu.pl\/xylopolis\/"},"modified":"2022-05-18T11:00:42","modified_gmt":"2022-05-18T09:00:42","slug":"xylopolis","status":"publish","type":"page","link":"https:\/\/pb.edu.pl\/en\/xylopolis\/","title":{"rendered":"Xylopolis"},"content":{"rendered":"<p>&nbsp;<\/p>\n<p style=\"text-align: center\">During World Expo 2020 in Dubai, a presentation of Podlaskie Province was held, the key element of which was the Xylopolis exhibition. Bialystok University of Technology, as a partner of the project, contributed its creativity, modern technology and expert knowledge to its implementation.<br \/>\nCombining the talent of our students with the achievements of our staff creates a vision of the future, in which science interacts with nature. The harmony of urban and forest ecosystems, technology and environment is the leading idea of Xylopolis, in which the activities of our Ambassadors at Expo 2020 perfectly fit.<\/p>\n<p>&nbsp;<\/p>\n<div class=\"col-sm-6 text-center\"><a class=\"button button-wybory text-center lead\" style=\"width: 100%\" href=\"#skacz-artykul\"><strong>News<\/strong><\/a><\/div>\n<div class=\"col-sm-6 text-center\"><a class=\"button button-wybory text-center lead\" style=\"width: 100%\" href=\"#skacz-wideo\"><strong>Video<\/strong><\/a><\/div>\n<div class=\"h2\">Ambassadors<\/div>\n[ambasadorzy]\n<p>&nbsp;<\/p>\n<div class=\"h2\">News <span class=\"glyphicon\"><\/span><\/div>\n                <div class=\"box news-box news-box-box\">\n        <div class=\"row\">\n            \n                    <\/div>\n                    <\/div>\n\n&nbsp;<br \/>\n<a id=\"skacz-wideo\"><\/a><br \/>\n<a class=\"h2 color\" style=\"text-decoration: none\" title=\"Wideo o Xylopolis\" href=\"https:\/\/pb.edu.pl\/en\/xylopolis\/video-xylopolis\/\">Video <span class=\"glyphicon\"><\/span><\/a><\/p>\n<div id=\"fb-root\">&nbsp;<\/div>\n<div class=\"row\">\n<div class=\"col-sm-3\">\n<div class=\"ratio ratio-16x9\"><iframe loading=\"lazy\" title=\"Dr hab. in\u017c. arch. Aleksander Asanowicz, prof. PB obejrza\u0142 pawilon polski na EXPO 2020 w Dubaju\" width=\"1200\" height=\"675\" src=\"https:\/\/www.youtube.com\/embed\/Jk-wA2ruC4g?feature=oembed\" frameborder=\"0\" allow=\"accelerometer; autoplay; clipboard-write; encrypted-media; gyroscope; picture-in-picture; web-share\" referrerpolicy=\"strict-origin-when-cross-origin\" allowfullscreen><\/iframe><\/div>\n<div class=\"h3\">Assoc. Prof. Aleksander Asanowicz, DSc, PhD, Eng, Arch. visited Poland Pavilion at EXPO 2020 in Dubai<\/div>\n<\/div>\n<div class=\"col-sm-3\">\n<div class=\"ratio ratio-16x9\"><iframe loading=\"lazy\" title=\"Politechnika Bia\u0142ostocka na Expo2020 w Dubaju. Rektor i Marsza\u0142ek Wojew\u00f3dztwa Podlaskiego- Xylopolis\" width=\"1200\" height=\"675\" src=\"https:\/\/www.youtube.com\/embed\/vuM_IP2RtTc?feature=oembed\" frameborder=\"0\" allow=\"accelerometer; autoplay; clipboard-write; encrypted-media; gyroscope; picture-in-picture; web-share\" referrerpolicy=\"strict-origin-when-cross-origin\" allowfullscreen><\/iframe><\/div>\n<div class=\"h3\">Bialystok University of Technology at Expo 2020 in Dubai. Rector and Marshal of the Podlaskie Voivodship<\/div>\n<\/div>\n<div class=\"col-sm-3\">\n<div class=\"ratio ratio-16x9\"><iframe loading=\"lazy\" title=\"Politechnika Bia\u0142ostocka na Expo2020 w Dubaju. Prorektor ds. Wsp\u00f3\u0142pracy Mi\u0119dzynarodowej na Xylopolis\" width=\"1200\" height=\"675\" src=\"https:\/\/www.youtube.com\/embed\/Ds3x7-ih82w?feature=oembed\" frameborder=\"0\" allow=\"accelerometer; autoplay; clipboard-write; encrypted-media; gyroscope; picture-in-picture; web-share\" referrerpolicy=\"strict-origin-when-cross-origin\" allowfullscreen><\/iframe><\/div>\n<div class=\"h3\">Bialystok University of Technology at Expo 2020 in Dubai. Vice-Rector for International Cooperation visited Xylopolis<\/div>\n<\/div>\n<div class=\"col-sm-3\">\n<div class=\"ratio ratio-16x9\"><iframe loading=\"lazy\" title=\"Politechnika Bia\u0142ostocka na Expo 2020 w Dubaju. \u0141azik marsja\u0144ski #next\" width=\"1200\" height=\"675\" src=\"https:\/\/www.youtube.com\/embed\/yppDSsaGeos?feature=oembed\" frameborder=\"0\" allow=\"accelerometer; autoplay; clipboard-write; encrypted-media; gyroscope; picture-in-picture; web-share\" referrerpolicy=\"strict-origin-when-cross-origin\" allowfullscreen><\/iframe><\/div>\n<div class=\"h3\">Bialystok University of Technology at Expo 2020 in Dubai. Mars rover #next<\/div>\n<\/div>\n<\/div>\n","protected":false},"excerpt":{"rendered":"<p>&nbsp; During World Expo 2020 in Dubai, a presentation of Podlaskie Province was held, the key element of which was the Xylopolis exhibition. Bialystok University of Technology, as a partner&#8230;<\/p>\n","protected":false},"author":2,"featured_media":0,"parent":0,"menu_order":1001,"comment_status":"closed","ping_status":"closed","template":"templates\/dzial.php","meta":{"_acf_changed":false,"ngg_post_thumbnail":0,"footnotes":""},"class_list":["post-71101","page","type-page","status-publish","hentry"],"acf":[],"yoast_head":"<!-- This site is optimized with the Yoast SEO plugin v27.0 - https:\/\/yoast.com\/product\/yoast-seo-wordpress\/ -->\n<title>Xylopolis - Bialystok University of Technology<\/title>\n<meta name=\"description\" content=\"Politechnika Bia\u0142ostocka Partnerem przedsi\u0119wzi\u0119cia Xylopolis\" \/>\n<meta name=\"robots\" content=\"index, follow, max-snippet:-1, max-image-preview:large, max-video-preview:-1\" \/>\n<link rel=\"canonical\" href=\"https:\/\/pb.edu.pl\/en\/xylopolis\/\" \/>\n<meta property=\"og:locale\" content=\"en_US\" \/>\n<meta property=\"og:type\" content=\"article\" \/>\n<meta property=\"og:title\" content=\"Xylopolis - Bialystok University of Technology\" \/>\n<meta property=\"og:description\" content=\"Politechnika Bia\u0142ostocka Partnerem przedsi\u0119wzi\u0119cia Xylopolis\" \/>\n<meta property=\"og:url\" content=\"https:\/\/pb.edu.pl\/en\/xylopolis\/\" \/>\n<meta property=\"og:site_name\" content=\"Bialystok University of Technology\" \/>\n<meta property=\"article:modified_time\" content=\"2022-05-18T09:00:42+00:00\" \/>\n<meta name=\"twitter:label1\" content=\"Est. reading time\" \/>\n\t<meta name=\"twitter:data1\" content=\"1 minute\" \/>\n<script type=\"application\/ld+json\" class=\"yoast-schema-graph\">{\"@context\":\"https:\/\/schema.org\",\"@graph\":[{\"@type\":\"WebPage\",\"@id\":\"https:\/\/pb.edu.pl\/en\/xylopolis\/\",\"url\":\"https:\/\/pb.edu.pl\/en\/xylopolis\/\",\"name\":\"Xylopolis - Bialystok University of Technology\",\"isPartOf\":{\"@id\":\"https:\/\/pb.edu.pl\/en\/#website\"},\"datePublished\":\"2021-08-10T19:13:58+00:00\",\"dateModified\":\"2022-05-18T09:00:42+00:00\",\"description\":\"Politechnika Bia\u0142ostocka Partnerem przedsi\u0119wzi\u0119cia Xylopolis\",\"breadcrumb\":{\"@id\":\"https:\/\/pb.edu.pl\/en\/xylopolis\/#breadcrumb\"},\"inLanguage\":\"en-US\",\"potentialAction\":[{\"@type\":\"ReadAction\",\"target\":[\"https:\/\/pb.edu.pl\/en\/xylopolis\/\"]}]},{\"@type\":\"BreadcrumbList\",\"@id\":\"https:\/\/pb.edu.pl\/en\/xylopolis\/#breadcrumb\",\"itemListElement\":[{\"@type\":\"ListItem\",\"position\":1,\"name\":\"Home\",\"item\":\"https:\/\/pb.edu.pl\/en\/\"},{\"@type\":\"ListItem\",\"position\":2,\"name\":\"Xylopolis\"}]},{\"@type\":\"WebSite\",\"@id\":\"https:\/\/pb.edu.pl\/en\/#website\",\"url\":\"https:\/\/pb.edu.pl\/en\/\",\"name\":\"Bialystok University of Technology\",\"description\":\"\",\"publisher\":{\"@id\":\"https:\/\/pb.edu.pl\/en\/#organization\"},\"potentialAction\":[{\"@type\":\"SearchAction\",\"target\":{\"@type\":\"EntryPoint\",\"urlTemplate\":\"https:\/\/pb.edu.pl\/en\/?s={search_term_string}\"},\"query-input\":{\"@type\":\"PropertyValueSpecification\",\"valueRequired\":true,\"valueName\":\"search_term_string\"}}],\"inLanguage\":\"en-US\"},{\"@type\":\"Organization\",\"@id\":\"https:\/\/pb.edu.pl\/en\/#organization\",\"name\":\"Bialystok University of Technology\",\"url\":\"https:\/\/pb.edu.pl\/en\/\",\"logo\":{\"@type\":\"ImageObject\",\"inLanguage\":\"en-US\",\"@id\":\"https:\/\/pb.edu.pl\/en\/#\/schema\/logo\/image\/\",\"url\":\"https:\/\/pb.edu.pl\/wp-content\/uploads\/2026\/02\/logo_pb.svg\",\"contentUrl\":\"https:\/\/pb.edu.pl\/wp-content\/uploads\/2026\/02\/logo_pb.svg\",\"caption\":\"Bialystok University of Technology\"},\"image\":{\"@id\":\"https:\/\/pb.edu.pl\/en\/#\/schema\/logo\/image\/\"}}]}<\/script>\n<!-- \/ Yoast SEO plugin. -->","yoast_head_json":{"title":"Xylopolis - Bialystok University of Technology","description":"Politechnika Bia\u0142ostocka Partnerem przedsi\u0119wzi\u0119cia Xylopolis","robots":{"index":"index","follow":"follow","max-snippet":"max-snippet:-1","max-image-preview":"max-image-preview:large","max-video-preview":"max-video-preview:-1"},"canonical":"https:\/\/pb.edu.pl\/en\/xylopolis\/","og_locale":"en_US","og_type":"article","og_title":"Xylopolis - Bialystok University of Technology","og_description":"Politechnika Bia\u0142ostocka Partnerem przedsi\u0119wzi\u0119cia Xylopolis","og_url":"https:\/\/pb.edu.pl\/en\/xylopolis\/","og_site_name":"Bialystok University of Technology","article_modified_time":"2022-05-18T09:00:42+00:00","twitter_misc":{"Est. reading time":"1 minute"},"schema":{"@context":"https:\/\/schema.org","@graph":[{"@type":"WebPage","@id":"https:\/\/pb.edu.pl\/en\/xylopolis\/","url":"https:\/\/pb.edu.pl\/en\/xylopolis\/","name":"Xylopolis - Bialystok University of Technology","isPartOf":{"@id":"https:\/\/pb.edu.pl\/en\/#website"},"datePublished":"2021-08-10T19:13:58+00:00","dateModified":"2022-05-18T09:00:42+00:00","description":"Politechnika Bia\u0142ostocka Partnerem przedsi\u0119wzi\u0119cia Xylopolis","breadcrumb":{"@id":"https:\/\/pb.edu.pl\/en\/xylopolis\/#breadcrumb"},"inLanguage":"en-US","potentialAction":[{"@type":"ReadAction","target":["https:\/\/pb.edu.pl\/en\/xylopolis\/"]}]},{"@type":"BreadcrumbList","@id":"https:\/\/pb.edu.pl\/en\/xylopolis\/#breadcrumb","itemListElement":[{"@type":"ListItem","position":1,"name":"Home","item":"https:\/\/pb.edu.pl\/en\/"},{"@type":"ListItem","position":2,"name":"Xylopolis"}]},{"@type":"WebSite","@id":"https:\/\/pb.edu.pl\/en\/#website","url":"https:\/\/pb.edu.pl\/en\/","name":"Bialystok University of Technology","description":"","publisher":{"@id":"https:\/\/pb.edu.pl\/en\/#organization"},"potentialAction":[{"@type":"SearchAction","target":{"@type":"EntryPoint","urlTemplate":"https:\/\/pb.edu.pl\/en\/?s={search_term_string}"},"query-input":{"@type":"PropertyValueSpecification","valueRequired":true,"valueName":"search_term_string"}}],"inLanguage":"en-US"},{"@type":"Organization","@id":"https:\/\/pb.edu.pl\/en\/#organization","name":"Bialystok University of Technology","url":"https:\/\/pb.edu.pl\/en\/","logo":{"@type":"ImageObject","inLanguage":"en-US","@id":"https:\/\/pb.edu.pl\/en\/#\/schema\/logo\/image\/","url":"https:\/\/pb.edu.pl\/wp-content\/uploads\/2026\/02\/logo_pb.svg","contentUrl":"https:\/\/pb.edu.pl\/wp-content\/uploads\/2026\/02\/logo_pb.svg","caption":"Bialystok University of Technology"},"image":{"@id":"https:\/\/pb.edu.pl\/en\/#\/schema\/logo\/image\/"}}]}},"_links":{"self":[{"href":"https:\/\/pb.edu.pl\/en\/wp-json\/wp\/v2\/pages\/71101","targetHints":{"allow":["GET"]}}],"collection":[{"href":"https:\/\/pb.edu.pl\/en\/wp-json\/wp\/v2\/pages"}],"about":[{"href":"https:\/\/pb.edu.pl\/en\/wp-json\/wp\/v2\/types\/page"}],"author":[{"embeddable":true,"href":"https:\/\/pb.edu.pl\/en\/wp-json\/wp\/v2\/users\/2"}],"replies":[{"embeddable":true,"href":"https:\/\/pb.edu.pl\/en\/wp-json\/wp\/v2\/comments?post=71101"}],"version-history":[{"count":0,"href":"https:\/\/pb.edu.pl\/en\/wp-json\/wp\/v2\/pages\/71101\/revisions"}],"wp:attachment":[{"href":"https:\/\/pb.edu.pl\/en\/wp-json\/wp\/v2\/media?parent=71101"}],"curies":[{"name":"wp","href":"https:\/\/api.w.org\/{rel}","templated":true}]}}