{"id":63383,"date":"2017-09-13T12:57:09","date_gmt":"2017-09-13T10:57:09","guid":{"rendered":"https:\/\/pb.edu.pl\/honoris-causa-doctorates\/"},"modified":"2026-02-08T15:41:11","modified_gmt":"2026-02-08T14:41:11","slug":"honoris-causa-doctorates","status":"publish","type":"page","link":"https:\/\/pb.edu.pl\/en\/university\/about\/university-personalities\/honoris-causa-doctorates\/","title":{"rendered":"Honoris Causa doctorates"},"content":{"rendered":"<p>&nbsp;<\/p>\n<div class=\"timeline-honoris\">\n<ul class=\"timeline\">\n<li>\n<div class=\"timeline-badge kolor_honoris\"><i class=\"fa-slab-press fa-regular fa-arrow-down\"><\/i><\/div>\n<div class=\"timeline-panel\">\n<div class=\"timeline-heading\">\n<div class=\"timeline-title h4\">2020<\/div>\n<\/div>\n<div class=\"timeline-body\">\n<div class=\"h5\">Prof. Jozef \u017div\u010d\u00e1k, DSc, PhD, Eng<\/div>\n<\/div>\n<\/div>\n<\/li>\n<li class=\"timeline-inverted\">\n<div class=\"timeline-badge kolor_honoris\"><i class=\"fa-slab-press fa-regular fa-arrow-down\"><\/i><\/div>\n<div class=\"timeline-panel\">\n<div class=\"timeline-heading\">\n<div class=\"timeline-title h4\">2018<\/div>\n<\/div>\n<div class=\"timeline-body\">\n<div class=\"h5\">Prof. Janusz Krzysztof Kowal, DSc, PhD, Eng<\/div>\n<\/div>\n<\/div>\n<\/li>\n<li>\n<div class=\"timeline-badge kolor_honoris\"><i class=\"fa-slab-press fa-regular fa-arrow-down\"><\/i><\/div>\n<div class=\"timeline-panel\">\n<div class=\"timeline-heading\">\n<div class=\"timeline-title h4\">2017<\/div>\n<\/div>\n<div class=\"timeline-body\">\n<div class=\"h5\">Prof. Marian Piotr Ka\u017amierkowski, DSc, PhD, Eng<\/div>\n<\/div>\n<\/div>\n<\/li>\n<li class=\"timeline-inverted\">\n<div class=\"timeline-badge kolor_honoris\"><i class=\"fa-slab-press fa-regular fa-arrow-down\"><\/i><\/div>\n<div class=\"timeline-panel\">\n<div class=\"timeline-heading\">\n<div class=\"timeline-title h4\">2016<\/div>\n<\/div>\n<div class=\"timeline-body\">\n<div class=\"h5\">Prof. Krzysztof Jan Kurzyd\u0142owski, DSc, PhD, Eng<\/div>\n<\/div>\n<\/div>\n<\/li>\n<li>\n<div class=\"timeline-badge kolor_honoris\"><i class=\"fa-slab-press fa-regular fa-arrow-down\"><\/i><\/div>\n<div class=\"timeline-panel\">\n<div class=\"timeline-heading\">\n<div class=\"timeline-title h4\">2014<\/div>\n<\/div>\n<div class=\"timeline-body\">\n<div class=\"h5\">Prof. Jaros\u0142aw Mikielewicz, DSc, PhD, Eng<\/div>\n<hr>\n<div class=\"h5\">Prof. Jerzy Klamka, DSc, PhD, Eng<\/div>\n<hr>\n<div class=\"h5\">Prof. Eugeniusz Dembicki, DSc, PhD, Eng<\/div>\n<\/div>\n<\/div>\n<\/li>\n<li class=\"timeline-inverted\">\n<div class=\"timeline-badge kolor_honoris\"><i class=\"fa-slab-press fa-regular fa-arrow-down\"><\/i><\/div>\n<div class=\"timeline-panel\">\n<div class=\"timeline-heading\">\n<div class=\"timeline-title h4\">2012<\/div>\n<\/div>\n<div class=\"timeline-body\">\n<div class=\"h5\">Prof. Zenon Mr\u00f3z, DSc, PhD, Eng<br \/>\nOrdinary member of the Polish Academy of Sciences<\/div>\n<\/div>\n<\/div>\n<\/li>\n<li>\n<div class=\"timeline-badge kolor_honoris\"><i class=\"fa-slab-press fa-regular fa-arrow-down\"><\/i><\/div>\n<div class=\"timeline-panel\">\n<div class=\"timeline-heading\">\n<div class=\"timeline-title h4\">2011<\/div>\n<\/div>\n<div class=\"timeline-body\">\n<div class=\"h5\">Prof. Andrzej Kr\u00f3likowski, DSc, PhD, Eng<\/div>\n<\/div>\n<\/div>\n<\/li>\n<li class=\"timeline-inverted\">\n<div class=\"timeline-badge kolor_honoris\"><i class=\"fa-slab-press fa-regular fa-arrow-down\"><\/i><\/div>\n<div class=\"timeline-panel\">\n<div class=\"timeline-heading\">\n<div class=\"timeline-title h4\">2009<\/div>\n<\/div>\n<div class=\"timeline-body\">\n<div class=\"h5\">Prof. Henryk J\u00f3zef Tunia, DSc, PhD, Eng<\/div>\n<\/div>\n<\/div>\n<\/li>\n<li>\n<div class=\"timeline-badge kolor_honoris\"><i class=\"fa-slab-press fa-regular fa-arrow-down\"><\/i><\/div>\n<div class=\"timeline-panel\">\n<div class=\"timeline-heading\">\n<div class=\"timeline-title h4\">2008<\/div>\n<\/div>\n<div class=\"timeline-body\">\n<div class=\"h5\">Prof. Tadeusz Kaczorek, DSc, PhD, Eng<br \/>\nOrdinary member of the Polish Academy of Sciences<\/div>\n<\/div>\n<\/div>\n<\/li>\n<\/ul>\n<\/div>\n","protected":false},"excerpt":{"rendered":"<p>&nbsp; 2020 Prof. Jozef \u017div\u010d\u00e1k, DSc, PhD, Eng 2018 Prof. Janusz Krzysztof Kowal, DSc, PhD, Eng 2017 Prof. Marian Piotr Ka\u017amierkowski, DSc, PhD, Eng 2016 Prof. Krzysztof Jan Kurzyd\u0142owski, DSc,&#8230;<\/p>\n","protected":false},"author":2,"featured_media":0,"parent":62663,"menu_order":2,"comment_status":"closed","ping_status":"closed","template":"","meta":{"_acf_changed":false,"ngg_post_thumbnail":0,"footnotes":""},"class_list":["post-63383","page","type-page","status-publish","hentry"],"acf":[],"yoast_head":"<!-- This site is optimized with the Yoast SEO plugin v27.0 - https:\/\/yoast.com\/product\/yoast-seo-wordpress\/ -->\n<title>Honoris Causa doctorates - Bialystok University of Technology<\/title>\n<meta name=\"description\" content=\"&nbsp; 2020 Prof. Jozef \u017div\u010d\u00e1k, DSc, PhD, Eng 2018 Prof. Janusz Krzysztof Kowal, DSc, PhD, Eng 2017 Prof. Marian Piotr Ka\u017amierkowski, DSc, PhD, Eng 2016\" \/>\n<meta name=\"robots\" content=\"index, follow, max-snippet:-1, max-image-preview:large, max-video-preview:-1\" \/>\n<link rel=\"canonical\" href=\"https:\/\/pb.edu.pl\/en\/university\/about\/university-personalities\/honoris-causa-doctorates\/\" \/>\n<meta property=\"og:locale\" content=\"en_US\" \/>\n<meta property=\"og:type\" content=\"article\" \/>\n<meta property=\"og:title\" content=\"Honoris Causa doctorates - Bialystok University of Technology\" \/>\n<meta property=\"og:description\" content=\"&nbsp; 2020 Prof. Jozef \u017div\u010d\u00e1k, DSc, PhD, Eng 2018 Prof. Janusz Krzysztof Kowal, DSc, PhD, Eng 2017 Prof. Marian Piotr Ka\u017amierkowski, DSc, PhD, Eng 2016\" \/>\n<meta property=\"og:url\" content=\"https:\/\/pb.edu.pl\/en\/university\/about\/university-personalities\/honoris-causa-doctorates\/\" \/>\n<meta property=\"og:site_name\" content=\"Bialystok University of Technology\" \/>\n<meta property=\"article:modified_time\" content=\"2026-02-08T14:41:11+00:00\" \/>\n<meta name=\"twitter:label1\" content=\"Est. reading time\" \/>\n\t<meta name=\"twitter:data1\" content=\"1 minute\" \/>\n<script type=\"application\/ld+json\" class=\"yoast-schema-graph\">{\"@context\":\"https:\/\/schema.org\",\"@graph\":[{\"@type\":\"WebPage\",\"@id\":\"https:\/\/pb.edu.pl\/en\/university\/about\/university-personalities\/honoris-causa-doctorates\/\",\"url\":\"https:\/\/pb.edu.pl\/en\/university\/about\/university-personalities\/honoris-causa-doctorates\/\",\"name\":\"Honoris Causa doctorates - Bialystok University of Technology\",\"isPartOf\":{\"@id\":\"https:\/\/pb.edu.pl\/en\/#website\"},\"datePublished\":\"2017-09-13T10:57:09+00:00\",\"dateModified\":\"2026-02-08T14:41:11+00:00\",\"description\":\"&nbsp; 2020 Prof. Jozef \u017div\u010d\u00e1k, DSc, PhD, Eng 2018 Prof. Janusz Krzysztof Kowal, DSc, PhD, Eng 2017 Prof. Marian Piotr Ka\u017amierkowski, DSc, PhD, Eng 2016\",\"breadcrumb\":{\"@id\":\"https:\/\/pb.edu.pl\/en\/university\/about\/university-personalities\/honoris-causa-doctorates\/#breadcrumb\"},\"inLanguage\":\"en-US\",\"potentialAction\":[{\"@type\":\"ReadAction\",\"target\":[\"https:\/\/pb.edu.pl\/en\/university\/about\/university-personalities\/honoris-causa-doctorates\/\"]}]},{\"@type\":\"BreadcrumbList\",\"@id\":\"https:\/\/pb.edu.pl\/en\/university\/about\/university-personalities\/honoris-causa-doctorates\/#breadcrumb\",\"itemListElement\":[{\"@type\":\"ListItem\",\"position\":1,\"name\":\"Home\",\"item\":\"https:\/\/pb.edu.pl\/en\/\"},{\"@type\":\"ListItem\",\"position\":2,\"name\":\"University\",\"item\":\"https:\/\/pb.edu.pl\/en\/university\/\"},{\"@type\":\"ListItem\",\"position\":3,\"name\":\"About\",\"item\":\"https:\/\/pb.edu.pl\/en\/university\/about\/\"},{\"@type\":\"ListItem\",\"position\":4,\"name\":\"University personalities\",\"item\":\"https:\/\/pb.edu.pl\/en\/university\/about\/university-personalities\/\"},{\"@type\":\"ListItem\",\"position\":5,\"name\":\"Honoris Causa doctorates\"}]},{\"@type\":\"WebSite\",\"@id\":\"https:\/\/pb.edu.pl\/en\/#website\",\"url\":\"https:\/\/pb.edu.pl\/en\/\",\"name\":\"Bialystok University of Technology\",\"description\":\"\",\"publisher\":{\"@id\":\"https:\/\/pb.edu.pl\/en\/#organization\"},\"potentialAction\":[{\"@type\":\"SearchAction\",\"target\":{\"@type\":\"EntryPoint\",\"urlTemplate\":\"https:\/\/pb.edu.pl\/en\/?s={search_term_string}\"},\"query-input\":{\"@type\":\"PropertyValueSpecification\",\"valueRequired\":true,\"valueName\":\"search_term_string\"}}],\"inLanguage\":\"en-US\"},{\"@type\":\"Organization\",\"@id\":\"https:\/\/pb.edu.pl\/en\/#organization\",\"name\":\"Bialystok University of Technology\",\"url\":\"https:\/\/pb.edu.pl\/en\/\",\"logo\":{\"@type\":\"ImageObject\",\"inLanguage\":\"en-US\",\"@id\":\"https:\/\/pb.edu.pl\/en\/#\/schema\/logo\/image\/\",\"url\":\"https:\/\/pb.edu.pl\/wp-content\/uploads\/2026\/02\/logo_pb.svg\",\"contentUrl\":\"https:\/\/pb.edu.pl\/wp-content\/uploads\/2026\/02\/logo_pb.svg\",\"caption\":\"Bialystok University of Technology\"},\"image\":{\"@id\":\"https:\/\/pb.edu.pl\/en\/#\/schema\/logo\/image\/\"}}]}<\/script>\n<!-- \/ Yoast SEO plugin. -->","yoast_head_json":{"title":"Honoris Causa doctorates - Bialystok University of Technology","description":"&nbsp; 2020 Prof. Jozef \u017div\u010d\u00e1k, DSc, PhD, Eng 2018 Prof. Janusz Krzysztof Kowal, DSc, PhD, Eng 2017 Prof. Marian Piotr Ka\u017amierkowski, DSc, PhD, Eng 2016","robots":{"index":"index","follow":"follow","max-snippet":"max-snippet:-1","max-image-preview":"max-image-preview:large","max-video-preview":"max-video-preview:-1"},"canonical":"https:\/\/pb.edu.pl\/en\/university\/about\/university-personalities\/honoris-causa-doctorates\/","og_locale":"en_US","og_type":"article","og_title":"Honoris Causa doctorates - Bialystok University of Technology","og_description":"&nbsp; 2020 Prof. Jozef \u017div\u010d\u00e1k, DSc, PhD, Eng 2018 Prof. Janusz Krzysztof Kowal, DSc, PhD, Eng 2017 Prof. Marian Piotr Ka\u017amierkowski, DSc, PhD, Eng 2016","og_url":"https:\/\/pb.edu.pl\/en\/university\/about\/university-personalities\/honoris-causa-doctorates\/","og_site_name":"Bialystok University of Technology","article_modified_time":"2026-02-08T14:41:11+00:00","twitter_misc":{"Est. reading time":"1 minute"},"schema":{"@context":"https:\/\/schema.org","@graph":[{"@type":"WebPage","@id":"https:\/\/pb.edu.pl\/en\/university\/about\/university-personalities\/honoris-causa-doctorates\/","url":"https:\/\/pb.edu.pl\/en\/university\/about\/university-personalities\/honoris-causa-doctorates\/","name":"Honoris Causa doctorates - Bialystok University of Technology","isPartOf":{"@id":"https:\/\/pb.edu.pl\/en\/#website"},"datePublished":"2017-09-13T10:57:09+00:00","dateModified":"2026-02-08T14:41:11+00:00","description":"&nbsp; 2020 Prof. Jozef \u017div\u010d\u00e1k, DSc, PhD, Eng 2018 Prof. Janusz Krzysztof Kowal, DSc, PhD, Eng 2017 Prof. Marian Piotr Ka\u017amierkowski, DSc, PhD, Eng 2016","breadcrumb":{"@id":"https:\/\/pb.edu.pl\/en\/university\/about\/university-personalities\/honoris-causa-doctorates\/#breadcrumb"},"inLanguage":"en-US","potentialAction":[{"@type":"ReadAction","target":["https:\/\/pb.edu.pl\/en\/university\/about\/university-personalities\/honoris-causa-doctorates\/"]}]},{"@type":"BreadcrumbList","@id":"https:\/\/pb.edu.pl\/en\/university\/about\/university-personalities\/honoris-causa-doctorates\/#breadcrumb","itemListElement":[{"@type":"ListItem","position":1,"name":"Home","item":"https:\/\/pb.edu.pl\/en\/"},{"@type":"ListItem","position":2,"name":"University","item":"https:\/\/pb.edu.pl\/en\/university\/"},{"@type":"ListItem","position":3,"name":"About","item":"https:\/\/pb.edu.pl\/en\/university\/about\/"},{"@type":"ListItem","position":4,"name":"University personalities","item":"https:\/\/pb.edu.pl\/en\/university\/about\/university-personalities\/"},{"@type":"ListItem","position":5,"name":"Honoris Causa doctorates"}]},{"@type":"WebSite","@id":"https:\/\/pb.edu.pl\/en\/#website","url":"https:\/\/pb.edu.pl\/en\/","name":"Bialystok University of Technology","description":"","publisher":{"@id":"https:\/\/pb.edu.pl\/en\/#organization"},"potentialAction":[{"@type":"SearchAction","target":{"@type":"EntryPoint","urlTemplate":"https:\/\/pb.edu.pl\/en\/?s={search_term_string}"},"query-input":{"@type":"PropertyValueSpecification","valueRequired":true,"valueName":"search_term_string"}}],"inLanguage":"en-US"},{"@type":"Organization","@id":"https:\/\/pb.edu.pl\/en\/#organization","name":"Bialystok University of Technology","url":"https:\/\/pb.edu.pl\/en\/","logo":{"@type":"ImageObject","inLanguage":"en-US","@id":"https:\/\/pb.edu.pl\/en\/#\/schema\/logo\/image\/","url":"https:\/\/pb.edu.pl\/wp-content\/uploads\/2026\/02\/logo_pb.svg","contentUrl":"https:\/\/pb.edu.pl\/wp-content\/uploads\/2026\/02\/logo_pb.svg","caption":"Bialystok University of Technology"},"image":{"@id":"https:\/\/pb.edu.pl\/en\/#\/schema\/logo\/image\/"}}]}},"_links":{"self":[{"href":"https:\/\/pb.edu.pl\/en\/wp-json\/wp\/v2\/pages\/63383","targetHints":{"allow":["GET"]}}],"collection":[{"href":"https:\/\/pb.edu.pl\/en\/wp-json\/wp\/v2\/pages"}],"about":[{"href":"https:\/\/pb.edu.pl\/en\/wp-json\/wp\/v2\/types\/page"}],"author":[{"embeddable":true,"href":"https:\/\/pb.edu.pl\/en\/wp-json\/wp\/v2\/users\/2"}],"replies":[{"embeddable":true,"href":"https:\/\/pb.edu.pl\/en\/wp-json\/wp\/v2\/comments?post=63383"}],"version-history":[{"count":2,"href":"https:\/\/pb.edu.pl\/en\/wp-json\/wp\/v2\/pages\/63383\/revisions"}],"predecessor-version":[{"id":165231,"href":"https:\/\/pb.edu.pl\/en\/wp-json\/wp\/v2\/pages\/63383\/revisions\/165231"}],"up":[{"embeddable":true,"href":"https:\/\/pb.edu.pl\/en\/wp-json\/wp\/v2\/pages\/62663"}],"wp:attachment":[{"href":"https:\/\/pb.edu.pl\/en\/wp-json\/wp\/v2\/media?parent=63383"}],"curies":[{"name":"wp","href":"https:\/\/api.w.org\/{rel}","templated":true}]}}