{"id":62630,"date":"2017-09-13T12:44:15","date_gmt":"2017-09-13T10:44:15","guid":{"rendered":"https:\/\/pb.edu.pl\/university\/university-governance\/statute\/"},"modified":"2026-02-03T18:25:47","modified_gmt":"2026-02-03T17:25:47","slug":"statute","status":"publish","type":"page","link":"https:\/\/pb.edu.pl\/en\/university\/university-governance\/statute\/","title":{"rendered":"Statute"},"content":{"rendered":"<p>Bialystok University of Technology continues the tradition of higher education in Bialystok.<\/p>\n<p>It was established on the basis of infrastructure, academic staff and scientific achievements of subsequent higher schools in Bialystok: <strong>Private Evening School of Engineering NOT<\/strong> in Bialystok established by the Ministry of Education on 1 December 1949 and nationalized in 1951 under the name <strong>Evening School of Engineering (WSI)<\/strong>.<\/p>\n<p><strong>Higher School of Engineering<\/strong> established as a result of transformation of WSI in October 1964 and elevated to the rank of an academic institution under the name <strong>Politechnika Bia\u0142ostocka (Bialystok University of Technology)<\/strong> on 1 October 1974.<\/p>\n","protected":false},"excerpt":{"rendered":"<p>Bialystok University of Technology continues the tradition of higher education in Bialystok. It was established on the basis of infrastructure, academic staff and scientific achievements of subsequent higher schools in&#8230;<\/p>\n","protected":false},"author":2,"featured_media":0,"parent":62625,"menu_order":1,"comment_status":"closed","ping_status":"closed","template":"","meta":{"_acf_changed":false,"ngg_post_thumbnail":0,"footnotes":""},"class_list":["post-62630","page","type-page","status-publish","hentry"],"acf":[],"yoast_head":"<!-- This site is optimized with the Yoast SEO plugin v27.0 - https:\/\/yoast.com\/product\/yoast-seo-wordpress\/ -->\n<title>Statute - Bialystok University of Technology<\/title>\n<meta name=\"description\" content=\"Statut Politechniki Bia\u0142ostockiej, okre\u015blaj\u0105cy g\u0142\u00f3wne zasady organizacji i funkcjonowania Uczelni.\" \/>\n<meta name=\"robots\" content=\"index, follow, max-snippet:-1, max-image-preview:large, max-video-preview:-1\" \/>\n<link rel=\"canonical\" href=\"https:\/\/pb.edu.pl\/en\/university\/university-governance\/statute\/\" \/>\n<meta property=\"og:locale\" content=\"en_US\" \/>\n<meta property=\"og:type\" content=\"article\" \/>\n<meta property=\"og:title\" content=\"Statute - Bialystok University of Technology\" \/>\n<meta property=\"og:description\" content=\"Statut Politechniki Bia\u0142ostockiej, okre\u015blaj\u0105cy g\u0142\u00f3wne zasady organizacji i funkcjonowania Uczelni.\" \/>\n<meta property=\"og:url\" content=\"https:\/\/pb.edu.pl\/en\/university\/university-governance\/statute\/\" \/>\n<meta property=\"og:site_name\" content=\"Bialystok University of Technology\" \/>\n<meta property=\"article:modified_time\" content=\"2026-02-03T17:25:47+00:00\" \/>\n<script type=\"application\/ld+json\" class=\"yoast-schema-graph\">{\"@context\":\"https:\/\/schema.org\",\"@graph\":[{\"@type\":\"WebPage\",\"@id\":\"https:\/\/pb.edu.pl\/en\/university\/university-governance\/statute\/\",\"url\":\"https:\/\/pb.edu.pl\/en\/university\/university-governance\/statute\/\",\"name\":\"Statute - Bialystok University of Technology\",\"isPartOf\":{\"@id\":\"https:\/\/pb.edu.pl\/en\/#website\"},\"datePublished\":\"2017-09-13T10:44:15+00:00\",\"dateModified\":\"2026-02-03T17:25:47+00:00\",\"description\":\"Statut Politechniki Bia\u0142ostockiej, okre\u015blaj\u0105cy g\u0142\u00f3wne zasady organizacji i funkcjonowania Uczelni.\",\"breadcrumb\":{\"@id\":\"https:\/\/pb.edu.pl\/en\/university\/university-governance\/statute\/#breadcrumb\"},\"inLanguage\":\"en-US\",\"potentialAction\":[{\"@type\":\"ReadAction\",\"target\":[\"https:\/\/pb.edu.pl\/en\/university\/university-governance\/statute\/\"]}]},{\"@type\":\"BreadcrumbList\",\"@id\":\"https:\/\/pb.edu.pl\/en\/university\/university-governance\/statute\/#breadcrumb\",\"itemListElement\":[{\"@type\":\"ListItem\",\"position\":1,\"name\":\"Home\",\"item\":\"https:\/\/pb.edu.pl\/en\/\"},{\"@type\":\"ListItem\",\"position\":2,\"name\":\"University\",\"item\":\"https:\/\/pb.edu.pl\/en\/university\/\"},{\"@type\":\"ListItem\",\"position\":3,\"name\":\"University governance\",\"item\":\"https:\/\/pb.edu.pl\/en\/university\/university-governance\/\"},{\"@type\":\"ListItem\",\"position\":4,\"name\":\"Statute\"}]},{\"@type\":\"WebSite\",\"@id\":\"https:\/\/pb.edu.pl\/en\/#website\",\"url\":\"https:\/\/pb.edu.pl\/en\/\",\"name\":\"Bialystok University of Technology\",\"description\":\"\",\"publisher\":{\"@id\":\"https:\/\/pb.edu.pl\/en\/#organization\"},\"potentialAction\":[{\"@type\":\"SearchAction\",\"target\":{\"@type\":\"EntryPoint\",\"urlTemplate\":\"https:\/\/pb.edu.pl\/en\/?s={search_term_string}\"},\"query-input\":{\"@type\":\"PropertyValueSpecification\",\"valueRequired\":true,\"valueName\":\"search_term_string\"}}],\"inLanguage\":\"en-US\"},{\"@type\":\"Organization\",\"@id\":\"https:\/\/pb.edu.pl\/en\/#organization\",\"name\":\"Bialystok University of Technology\",\"url\":\"https:\/\/pb.edu.pl\/en\/\",\"logo\":{\"@type\":\"ImageObject\",\"inLanguage\":\"en-US\",\"@id\":\"https:\/\/pb.edu.pl\/en\/#\/schema\/logo\/image\/\",\"url\":\"https:\/\/pb.edu.pl\/wp-content\/uploads\/2026\/02\/logo_pb.svg\",\"contentUrl\":\"https:\/\/pb.edu.pl\/wp-content\/uploads\/2026\/02\/logo_pb.svg\",\"caption\":\"Bialystok University of Technology\"},\"image\":{\"@id\":\"https:\/\/pb.edu.pl\/en\/#\/schema\/logo\/image\/\"}}]}<\/script>\n<!-- \/ Yoast SEO plugin. -->","yoast_head_json":{"title":"Statute - Bialystok University of Technology","description":"Statut Politechniki Bia\u0142ostockiej, okre\u015blaj\u0105cy g\u0142\u00f3wne zasady organizacji i funkcjonowania Uczelni.","robots":{"index":"index","follow":"follow","max-snippet":"max-snippet:-1","max-image-preview":"max-image-preview:large","max-video-preview":"max-video-preview:-1"},"canonical":"https:\/\/pb.edu.pl\/en\/university\/university-governance\/statute\/","og_locale":"en_US","og_type":"article","og_title":"Statute - Bialystok University of Technology","og_description":"Statut Politechniki Bia\u0142ostockiej, okre\u015blaj\u0105cy g\u0142\u00f3wne zasady organizacji i funkcjonowania Uczelni.","og_url":"https:\/\/pb.edu.pl\/en\/university\/university-governance\/statute\/","og_site_name":"Bialystok University of Technology","article_modified_time":"2026-02-03T17:25:47+00:00","schema":{"@context":"https:\/\/schema.org","@graph":[{"@type":"WebPage","@id":"https:\/\/pb.edu.pl\/en\/university\/university-governance\/statute\/","url":"https:\/\/pb.edu.pl\/en\/university\/university-governance\/statute\/","name":"Statute - Bialystok University of Technology","isPartOf":{"@id":"https:\/\/pb.edu.pl\/en\/#website"},"datePublished":"2017-09-13T10:44:15+00:00","dateModified":"2026-02-03T17:25:47+00:00","description":"Statut Politechniki Bia\u0142ostockiej, okre\u015blaj\u0105cy g\u0142\u00f3wne zasady organizacji i funkcjonowania Uczelni.","breadcrumb":{"@id":"https:\/\/pb.edu.pl\/en\/university\/university-governance\/statute\/#breadcrumb"},"inLanguage":"en-US","potentialAction":[{"@type":"ReadAction","target":["https:\/\/pb.edu.pl\/en\/university\/university-governance\/statute\/"]}]},{"@type":"BreadcrumbList","@id":"https:\/\/pb.edu.pl\/en\/university\/university-governance\/statute\/#breadcrumb","itemListElement":[{"@type":"ListItem","position":1,"name":"Home","item":"https:\/\/pb.edu.pl\/en\/"},{"@type":"ListItem","position":2,"name":"University","item":"https:\/\/pb.edu.pl\/en\/university\/"},{"@type":"ListItem","position":3,"name":"University governance","item":"https:\/\/pb.edu.pl\/en\/university\/university-governance\/"},{"@type":"ListItem","position":4,"name":"Statute"}]},{"@type":"WebSite","@id":"https:\/\/pb.edu.pl\/en\/#website","url":"https:\/\/pb.edu.pl\/en\/","name":"Bialystok University of Technology","description":"","publisher":{"@id":"https:\/\/pb.edu.pl\/en\/#organization"},"potentialAction":[{"@type":"SearchAction","target":{"@type":"EntryPoint","urlTemplate":"https:\/\/pb.edu.pl\/en\/?s={search_term_string}"},"query-input":{"@type":"PropertyValueSpecification","valueRequired":true,"valueName":"search_term_string"}}],"inLanguage":"en-US"},{"@type":"Organization","@id":"https:\/\/pb.edu.pl\/en\/#organization","name":"Bialystok University of Technology","url":"https:\/\/pb.edu.pl\/en\/","logo":{"@type":"ImageObject","inLanguage":"en-US","@id":"https:\/\/pb.edu.pl\/en\/#\/schema\/logo\/image\/","url":"https:\/\/pb.edu.pl\/wp-content\/uploads\/2026\/02\/logo_pb.svg","contentUrl":"https:\/\/pb.edu.pl\/wp-content\/uploads\/2026\/02\/logo_pb.svg","caption":"Bialystok University of Technology"},"image":{"@id":"https:\/\/pb.edu.pl\/en\/#\/schema\/logo\/image\/"}}]}},"_links":{"self":[{"href":"https:\/\/pb.edu.pl\/en\/wp-json\/wp\/v2\/pages\/62630","targetHints":{"allow":["GET"]}}],"collection":[{"href":"https:\/\/pb.edu.pl\/en\/wp-json\/wp\/v2\/pages"}],"about":[{"href":"https:\/\/pb.edu.pl\/en\/wp-json\/wp\/v2\/types\/page"}],"author":[{"embeddable":true,"href":"https:\/\/pb.edu.pl\/en\/wp-json\/wp\/v2\/users\/2"}],"replies":[{"embeddable":true,"href":"https:\/\/pb.edu.pl\/en\/wp-json\/wp\/v2\/comments?post=62630"}],"version-history":[{"count":1,"href":"https:\/\/pb.edu.pl\/en\/wp-json\/wp\/v2\/pages\/62630\/revisions"}],"predecessor-version":[{"id":164042,"href":"https:\/\/pb.edu.pl\/en\/wp-json\/wp\/v2\/pages\/62630\/revisions\/164042"}],"up":[{"embeddable":true,"href":"https:\/\/pb.edu.pl\/en\/wp-json\/wp\/v2\/pages\/62625"}],"wp:attachment":[{"href":"https:\/\/pb.edu.pl\/en\/wp-json\/wp\/v2\/media?parent=62630"}],"curies":[{"name":"wp","href":"https:\/\/api.w.org\/{rel}","templated":true}]}}