{"id":62594,"date":"2020-10-16T13:05:43","date_gmt":"2020-10-16T11:05:43","guid":{"rendered":"https:\/\/pb.edu.pl\/university\/university-authorities\/senat-uczelni\/"},"modified":"2026-02-08T15:30:37","modified_gmt":"2026-02-08T14:30:37","slug":"university-senate","status":"publish","type":"page","link":"https:\/\/pb.edu.pl\/en\/university\/university-authorities\/university-senate\/","title":{"rendered":"The University Senate"},"content":{"rendered":"<h2>Members of the Senate of BUT from 2020 to 2024:<\/h2>\n<p><strong>Professors and Associate Professors at the Faculty of Architecture:<\/strong><\/p>\n<ol>\n<li>Assoc. Prof. <strong>Aleksander Asanowicz, DSc, PhD, Eng, Arch<\/strong><\/li>\n<li>Prof. Jaros\u0142aw Perszko, PhD<\/li>\n<li>Assoc. Prof. Wojciech Niebrzydowski, <strong>DSc, PhD, Eng, Arch<\/strong><\/li>\n<\/ol>\n<p><strong>Academic staff from the Faculty of Architecture other than Professors and Associate Professors:<\/strong><\/p>\n<ol>\n<li>Andrzej Tokajuk, PhD, Eng, Arch<\/li>\n<\/ol>\n<p><strong>Professors and Associate Professors at the Faculty of Civil Engineering and Environmental Sciences:<\/strong><\/p>\n<ol>\n<li>Assoc. Prof. Izabela Bartkowska, DSc, PhD, Eng<\/li>\n<li>Assoc. Prof. Miros\u0142aw Broniewicz, DSc, PhD, Eng<\/li>\n<li>Prof. Katarzyna Ignatowicz, DSc, PhD, Eng<\/li>\n<li>Assoc. Prof. Marta Kosior-Kazberuk, DSc, PhD, Eng (Rector)<\/li>\n<li>Assoc. Prof. Dorota Anna Krawczyk, DSc, PhD, Eng<\/li>\n<li>Assoc. Prof. Aleh Marozau, DSc, PhD, Eng<\/li>\n<li>Assoc. Prof. S\u0142awomir Obidzi\u0144ski, DSc, PhD, Eng<\/li>\n<li>Assoc. Prof. Jolanta Piekut, DSc, PhD<\/li>\n<li>Assoc. Prof.Jolanta A. Prusiel, DSc, PhD, Eng<\/li>\n<\/ol>\n<p><strong>Academic staff from the Faculty of Civil Engineering and Environmental Sciences other than Professors and Associate Professors:<\/strong><\/p>\n<ol>\n<li>Ma\u0142gorzata Aldona Lelusz, PhD, Eng<\/li>\n<li>Maria Walery, PhD, Eng<\/li>\n<li>Ewa Zapora, PhD<\/li>\n<\/ol>\n<p><strong>Professors and Associate Professors at the Faculty of&nbsp; Electrical Engineering:<\/strong><\/p>\n<ol>\n<li>Assoc. Prof. Bogus\u0142aw Butry\u0142o, DSc, PhD, Eng<\/li>\n<li>Assoc. Prof. Renata Markowska, DSc, PhD, Eng<\/li>\n<li>Assoc. Prof. &nbsp;\u0141ukasz Sajewski, DSc, PhD, Eng<\/li>\n<li>Prof. Andrzej Sikorski, DSc, PhD, Eng<\/li>\n<\/ol>\n<p><strong>Academic staff from the Faculty of&nbsp; Electrical Engineering other than Professors and Associate Professors:<\/strong><\/p>\n<ol>\n<li>Krzysztof Dmitruk, MSc, Eng<\/li>\n<\/ol>\n<p><strong>Professors and Associate Professors at the Faculty of Computer Science:<\/strong><\/p>\n<ol>\n<li>Assoc. Prof. Agnieszka Malinowska, DSc, PhD<\/li>\n<li>Assoc. Prof. Agnieszka Dru\u017cd\u017cel, DSc, PhD, Eng<\/li>\n<li>Assoc. Prof. Joanna Olbry\u015b, DSc, PhD<\/li>\n<\/ol>\n<p><strong>Academic staff from the Faculty of Computer Science other than Professors and Associate Professors:<\/strong><\/p>\n<ol>\n<li>Andrzej Chmielewski PhD, Eng<\/li>\n<\/ol>\n<p><strong>Professors and Associate Professors at the Faculty of Engineering Management:<\/strong><\/p>\n<ol>\n<li>Assoc. Prof. Katarzyna Czerewacz-Filipowicz, DSc, PhD<\/li>\n<li>Assoc. Prof. Ewa Gli\u0144ska, DSc, PhD<\/li>\n<li>Assoc. Prof. Katarzyna Halicka, DSc, PhD<\/li>\n<\/ol>\n<p><strong>Academic staff from the Faculty of Engineering Management other than Professors and Associate Professors:<\/strong><\/p>\n<ol>\n<li>Ewa Rollnik-Sadowska, PhD<\/li>\n<li>Joanna Szyd\u0142o, PhD&nbsp;<\/li>\n<\/ol>\n<p><strong>Professors and Associate Professesors at the Faculty of Mechanical Engineering:<\/strong><\/p>\n<ol>\n<li>Assoc. Prof. Zbigniew Kami\u0144ski, DSc, PhD, Eng<\/li>\n<li>Prof. Micha\u0142 Kuciej DSc, PhD, Eng<\/li>\n<li>Prof. Krzysztof J. Kurzyd\u0142owski DSc, PhD, Eng<\/li>\n<li>Assoc. Prof. Szczepan Piszczatowski, DSc, PhD, Eng<\/li>\n<\/ol>\n<p><strong>Academic staff from the Faculty of Mechanical Engineering other than Professors and Associate Professors:<\/strong><\/p>\n<ol>\n<li>Andrzej Werner, PhD, Eng<\/li>\n<\/ol>\n<p><strong>Technicians other than academic staff<\/strong><\/p>\n<ol>\n<li>Pawe\u0142 Myszkowski, PhD, Eng<\/li>\n<\/ol>\n<p><strong>Academic staff from other units of the University other than Professors and Associate Professors:<\/strong><\/p>\n<ol>\n<li>Micha\u0142 Citko, MSc&nbsp;<\/li>\n<\/ol>\n<p><strong>Administrative staff other than academic staff:<\/strong><\/p>\n<ol>\n<li>Micha\u0142 Karpowicz, MSc<\/li>\n<li>Jakub Za\u0142uska, MSc<\/li>\n<\/ol>\n<p><strong>Service staff other than academic staff:<\/strong><\/p>\n<ol>\n<li>Wies\u0142aw Mr\u00f3wczy\u0144ski<\/li>\n<\/ol>\n<p><strong>Students:<\/strong><\/p>\n<ol>\n<li>Agnieszka Adaszczyk<\/li>\n<li>Kamil Borowik<\/li>\n<li>Aleksandra Ekstowicz<\/li>\n<li>Adrianna Go\u0142ubowska<\/li>\n<li>Aleksandra Gosk<\/li>\n<li>Kamil Kulesza<\/li>\n<li>Jakub Pruszy\u0144ski<\/li>\n<li>Adrian Twardowski<\/li>\n<li>Mateusz \u017byczkowski<\/li>\n<\/ol>\n<p><strong>Doktoral students:<\/strong><\/p>\n<ol>\n<li>Piotr Golonko<\/li>\n<\/ol>\n","protected":false},"excerpt":{"rendered":"<p>Members of the Senate of BUT from 2020 to 2024: Professors and Associate Professors at the Faculty of Architecture: Assoc. Prof. Aleksander Asanowicz, DSc, PhD, Eng, Arch Prof. Jaros\u0142aw Perszko,&#8230;<\/p>\n","protected":false},"author":2,"featured_media":0,"parent":62568,"menu_order":3,"comment_status":"closed","ping_status":"closed","template":"","meta":{"_acf_changed":false,"ngg_post_thumbnail":0,"footnotes":""},"class_list":["post-62594","page","type-page","status-publish","hentry"],"acf":[],"yoast_head":"<!-- This site is optimized with the Yoast SEO plugin v27.0 - https:\/\/yoast.com\/product\/yoast-seo-wordpress\/ -->\n<title>The University Senate - Bialystok University of Technology<\/title>\n<meta name=\"description\" content=\"Members of the Senate of BUT from 2020 to 2024: Professors and Associate Professors at the Faculty of Architecture: Assoc. Prof. Aleksander Asanowicz,\" \/>\n<meta name=\"robots\" content=\"index, follow, max-snippet:-1, max-image-preview:large, max-video-preview:-1\" \/>\n<link rel=\"canonical\" href=\"https:\/\/pb.edu.pl\/en\/university\/university-authorities\/university-senate\/\" \/>\n<meta property=\"og:locale\" content=\"en_US\" \/>\n<meta property=\"og:type\" content=\"article\" \/>\n<meta property=\"og:title\" content=\"The University Senate - Bialystok University of Technology\" \/>\n<meta property=\"og:description\" content=\"Members of the Senate of BUT from 2020 to 2024: Professors and Associate Professors at the Faculty of Architecture: Assoc. Prof. Aleksander Asanowicz,\" \/>\n<meta property=\"og:url\" content=\"https:\/\/pb.edu.pl\/en\/university\/university-authorities\/university-senate\/\" \/>\n<meta property=\"og:site_name\" content=\"Bialystok University of Technology\" \/>\n<meta property=\"article:modified_time\" content=\"2026-02-08T14:30:37+00:00\" \/>\n<meta name=\"twitter:label1\" content=\"Est. reading time\" \/>\n\t<meta name=\"twitter:data1\" content=\"3 minutes\" \/>\n<script type=\"application\/ld+json\" class=\"yoast-schema-graph\">{\"@context\":\"https:\/\/schema.org\",\"@graph\":[{\"@type\":\"WebPage\",\"@id\":\"https:\/\/pb.edu.pl\/en\/university\/university-authorities\/university-senate\/\",\"url\":\"https:\/\/pb.edu.pl\/en\/university\/university-authorities\/university-senate\/\",\"name\":\"The University Senate - Bialystok University of Technology\",\"isPartOf\":{\"@id\":\"https:\/\/pb.edu.pl\/en\/#website\"},\"datePublished\":\"2020-10-16T11:05:43+00:00\",\"dateModified\":\"2026-02-08T14:30:37+00:00\",\"description\":\"Members of the Senate of BUT from 2020 to 2024: Professors and Associate Professors at the Faculty of Architecture: Assoc. Prof. Aleksander Asanowicz,\",\"breadcrumb\":{\"@id\":\"https:\/\/pb.edu.pl\/en\/university\/university-authorities\/university-senate\/#breadcrumb\"},\"inLanguage\":\"en-US\",\"potentialAction\":[{\"@type\":\"ReadAction\",\"target\":[\"https:\/\/pb.edu.pl\/en\/university\/university-authorities\/university-senate\/\"]}]},{\"@type\":\"BreadcrumbList\",\"@id\":\"https:\/\/pb.edu.pl\/en\/university\/university-authorities\/university-senate\/#breadcrumb\",\"itemListElement\":[{\"@type\":\"ListItem\",\"position\":1,\"name\":\"Home\",\"item\":\"https:\/\/pb.edu.pl\/en\/\"},{\"@type\":\"ListItem\",\"position\":2,\"name\":\"University\",\"item\":\"https:\/\/pb.edu.pl\/en\/university\/\"},{\"@type\":\"ListItem\",\"position\":3,\"name\":\"University authorities\",\"item\":\"https:\/\/pb.edu.pl\/en\/university\/university-authorities\/\"},{\"@type\":\"ListItem\",\"position\":4,\"name\":\"The University Senate\"}]},{\"@type\":\"WebSite\",\"@id\":\"https:\/\/pb.edu.pl\/en\/#website\",\"url\":\"https:\/\/pb.edu.pl\/en\/\",\"name\":\"Bialystok University of Technology\",\"description\":\"\",\"publisher\":{\"@id\":\"https:\/\/pb.edu.pl\/en\/#organization\"},\"potentialAction\":[{\"@type\":\"SearchAction\",\"target\":{\"@type\":\"EntryPoint\",\"urlTemplate\":\"https:\/\/pb.edu.pl\/en\/?s={search_term_string}\"},\"query-input\":{\"@type\":\"PropertyValueSpecification\",\"valueRequired\":true,\"valueName\":\"search_term_string\"}}],\"inLanguage\":\"en-US\"},{\"@type\":\"Organization\",\"@id\":\"https:\/\/pb.edu.pl\/en\/#organization\",\"name\":\"Bialystok University of Technology\",\"url\":\"https:\/\/pb.edu.pl\/en\/\",\"logo\":{\"@type\":\"ImageObject\",\"inLanguage\":\"en-US\",\"@id\":\"https:\/\/pb.edu.pl\/en\/#\/schema\/logo\/image\/\",\"url\":\"https:\/\/pb.edu.pl\/wp-content\/uploads\/2026\/02\/logo_pb.svg\",\"contentUrl\":\"https:\/\/pb.edu.pl\/wp-content\/uploads\/2026\/02\/logo_pb.svg\",\"caption\":\"Bialystok University of Technology\"},\"image\":{\"@id\":\"https:\/\/pb.edu.pl\/en\/#\/schema\/logo\/image\/\"}}]}<\/script>\n<!-- \/ Yoast SEO plugin. -->","yoast_head_json":{"title":"The University Senate - Bialystok University of Technology","description":"Members of the Senate of BUT from 2020 to 2024: Professors and Associate Professors at the Faculty of Architecture: Assoc. Prof. Aleksander Asanowicz,","robots":{"index":"index","follow":"follow","max-snippet":"max-snippet:-1","max-image-preview":"max-image-preview:large","max-video-preview":"max-video-preview:-1"},"canonical":"https:\/\/pb.edu.pl\/en\/university\/university-authorities\/university-senate\/","og_locale":"en_US","og_type":"article","og_title":"The University Senate - Bialystok University of Technology","og_description":"Members of the Senate of BUT from 2020 to 2024: Professors and Associate Professors at the Faculty of Architecture: Assoc. Prof. Aleksander Asanowicz,","og_url":"https:\/\/pb.edu.pl\/en\/university\/university-authorities\/university-senate\/","og_site_name":"Bialystok University of Technology","article_modified_time":"2026-02-08T14:30:37+00:00","twitter_misc":{"Est. reading time":"3 minutes"},"schema":{"@context":"https:\/\/schema.org","@graph":[{"@type":"WebPage","@id":"https:\/\/pb.edu.pl\/en\/university\/university-authorities\/university-senate\/","url":"https:\/\/pb.edu.pl\/en\/university\/university-authorities\/university-senate\/","name":"The University Senate - Bialystok University of Technology","isPartOf":{"@id":"https:\/\/pb.edu.pl\/en\/#website"},"datePublished":"2020-10-16T11:05:43+00:00","dateModified":"2026-02-08T14:30:37+00:00","description":"Members of the Senate of BUT from 2020 to 2024: Professors and Associate Professors at the Faculty of Architecture: Assoc. Prof. Aleksander Asanowicz,","breadcrumb":{"@id":"https:\/\/pb.edu.pl\/en\/university\/university-authorities\/university-senate\/#breadcrumb"},"inLanguage":"en-US","potentialAction":[{"@type":"ReadAction","target":["https:\/\/pb.edu.pl\/en\/university\/university-authorities\/university-senate\/"]}]},{"@type":"BreadcrumbList","@id":"https:\/\/pb.edu.pl\/en\/university\/university-authorities\/university-senate\/#breadcrumb","itemListElement":[{"@type":"ListItem","position":1,"name":"Home","item":"https:\/\/pb.edu.pl\/en\/"},{"@type":"ListItem","position":2,"name":"University","item":"https:\/\/pb.edu.pl\/en\/university\/"},{"@type":"ListItem","position":3,"name":"University authorities","item":"https:\/\/pb.edu.pl\/en\/university\/university-authorities\/"},{"@type":"ListItem","position":4,"name":"The University Senate"}]},{"@type":"WebSite","@id":"https:\/\/pb.edu.pl\/en\/#website","url":"https:\/\/pb.edu.pl\/en\/","name":"Bialystok University of Technology","description":"","publisher":{"@id":"https:\/\/pb.edu.pl\/en\/#organization"},"potentialAction":[{"@type":"SearchAction","target":{"@type":"EntryPoint","urlTemplate":"https:\/\/pb.edu.pl\/en\/?s={search_term_string}"},"query-input":{"@type":"PropertyValueSpecification","valueRequired":true,"valueName":"search_term_string"}}],"inLanguage":"en-US"},{"@type":"Organization","@id":"https:\/\/pb.edu.pl\/en\/#organization","name":"Bialystok University of Technology","url":"https:\/\/pb.edu.pl\/en\/","logo":{"@type":"ImageObject","inLanguage":"en-US","@id":"https:\/\/pb.edu.pl\/en\/#\/schema\/logo\/image\/","url":"https:\/\/pb.edu.pl\/wp-content\/uploads\/2026\/02\/logo_pb.svg","contentUrl":"https:\/\/pb.edu.pl\/wp-content\/uploads\/2026\/02\/logo_pb.svg","caption":"Bialystok University of Technology"},"image":{"@id":"https:\/\/pb.edu.pl\/en\/#\/schema\/logo\/image\/"}}]}},"_links":{"self":[{"href":"https:\/\/pb.edu.pl\/en\/wp-json\/wp\/v2\/pages\/62594","targetHints":{"allow":["GET"]}}],"collection":[{"href":"https:\/\/pb.edu.pl\/en\/wp-json\/wp\/v2\/pages"}],"about":[{"href":"https:\/\/pb.edu.pl\/en\/wp-json\/wp\/v2\/types\/page"}],"author":[{"embeddable":true,"href":"https:\/\/pb.edu.pl\/en\/wp-json\/wp\/v2\/users\/2"}],"replies":[{"embeddable":true,"href":"https:\/\/pb.edu.pl\/en\/wp-json\/wp\/v2\/comments?post=62594"}],"version-history":[{"count":1,"href":"https:\/\/pb.edu.pl\/en\/wp-json\/wp\/v2\/pages\/62594\/revisions"}],"predecessor-version":[{"id":165225,"href":"https:\/\/pb.edu.pl\/en\/wp-json\/wp\/v2\/pages\/62594\/revisions\/165225"}],"up":[{"embeddable":true,"href":"https:\/\/pb.edu.pl\/en\/wp-json\/wp\/v2\/pages\/62568"}],"wp:attachment":[{"href":"https:\/\/pb.edu.pl\/en\/wp-json\/wp\/v2\/media?parent=62594"}],"curies":[{"name":"wp","href":"https:\/\/api.w.org\/{rel}","templated":true}]}}