{"id":62315,"date":"2020-08-23T20:09:29","date_gmt":"2020-08-23T18:09:29","guid":{"rendered":"https:\/\/pb.edu.pl\/dostepnosc-cyfrowa\/deklaracja-dostepnosci\/"},"modified":"2026-04-07T21:40:56","modified_gmt":"2026-04-07T19:40:56","slug":"accessibility-statement","status":"publish","type":"page","link":"https:\/\/pb.edu.pl\/en\/accessibility-statement\/","title":{"rendered":"Accessibility Statement"},"content":{"rendered":"\n    <section id=\"a11y-wstep\">\n      <p> <span id=\"a11y-podmiot\">Bialystok University of Technology<\/span> undertakes to ensure the accessibility of its <span id=\"a11y-zakres\">website<\/span> in accordance with the Act of 4 April 2019 on digital accessibility of websites and mobile applications of public entities. <\/p>\n      <p> This accessibility statement applies to the website <a href=\"https:\/\/pb.edu.pl\/en\/\" id=\"a11y-url\">pb.edu.pl\/en\/<\/a>. <\/p>\n    <\/section>\n\n    <section>\n      <ul>\n        <li> Date of website publication: <time id=\"a11y-data-publikacja\" datetime=\"2021-12-23\">2021-12-23<\/time> <\/li>\n        <li> Date of last significant update: <time id=\"a11y-data-aktualizacja\" datetime=\"2026-12-23\">2026-12-23<\/time> <\/li>\n      <\/ul>\n    <\/section>\n    <section>\n      <h2>Digital accessibility status<\/h2>\n      <p id=\"a11y-status\">This website is partially compliant with the annex to the Act of 4 April 2019 on digital accessibility of websites and mobile applications of public entities due to the non-compliances and exclusions listed below.<\/p>\n    <\/section>\n\n    <section>\n      <h2>Inaccessible Content<\/h2>\n      <h3>Non-compliance with the annex<\/h3>\n      <ul>\n        <li>There may be situations where alternative texts have not been added to images and graphics.<\/li>\n        <li>It may happen that headings (h1, h2, etc.) are used non-hierarchically.<\/li>\n        <li>It may happen that a large amount of text is placed in heading tags (h1, h2, etc.).<\/li>\n        <li>It may happen that alternative texts for photos in image galleries are repetitive.<\/li>\n      <\/ul>\n    <\/section>\n\n    <section>\n      <h3>Exclusions<\/h3>\n      <ul>\n        <li>Maps are excluded from the accessibility requirement. Contact information for Bialystok University of Technology is available in text format on the website <a href=\"https:\/\/pb.edu.pl\/kontakt\/dane-teleadresowe\/\">Contact Information<\/a>.<\/li>\n      <\/ul>\n    <\/section>\n    <section>\n      <h2>Preparation of the accessibility statement<\/h2>\n      <ul>\n        <li> Date of preparation of the statement: <time id=\"a11y-data-sporzadzenie\" datetime=\"2021-12-23\">2021-12-23<\/time> <\/li>\n        <li> Date of the last review of the statement: <time id=\"a11y-data-przeglad\" datetime=\"2026-03-15\">2026-03-15<\/time> <\/li>\n      <\/ul>\n      <p>The statement was prepared on the basis of a self-assessment.<\/p>\n    <\/section>\n    <section>\n      <h2>Facilities, limitations and other information<\/h2>\n      <h3>Plans to eliminate digital accessibility errors<\/h3>\n      <p>We intend to eliminate all digital accessibility errors mentioned above as part of the <a href=\"https:\/\/pb.edu.pl\/dostepna2\/o-projekcie\/\">Accessible PUT 2.0 - a modern university for everyone<\/a> project.<\/p>\n    <\/section>\n    <section>\n      <h2>Feedback and contact details<\/h2>\n      <p>You can report all issues related to the digital accessibility of this website to the <span id=\"a11y-kontakt\">Office for Persons with Disabilities of Bialystok University of Technology<\/span> \u2013 by email at <a id=\"a11y-email\" href=\"mailto:wsparcie.bon@pb.edu.pl\">wsparcie.bon@pb.edu.pl<\/a> or by phone at <a id=\"a11y-telefon\" href=\"tel:501032551\">501 032 551<\/a>.<\/p>\n      <p>Everyone has the right to request digital accessibility of this website or its elements.<\/p>\n      <p>When making such a request, please provide:<\/p>\n      <ul>\n        <li>your name and surname,<\/li>\n        <li>your contact details (e.g. telephone number, e-mail),<\/li>\n        <li>the exact address of the website where the digitally inaccessible element or content is located,<\/li>\n        <li>a description of the problem and the preferred way of resolving it.<\/li>\n      <\/ul>\n      <p>We will respond to your request as soon as possible, no later than within 7 days of its receipt.<\/p>\n      <p>If this deadline is too short, we will inform you about it. In this information, we will provide a new deadline by which we will correct the errors you reported or prepare the information in an alternative way. This new deadline will not be longer than 2 months.<\/p>\n      <p>If we are unable to ensure digital accessibility of the website or content indicated in your request, we will propose an alternative way of access.<\/p>\n    <\/section>\n    <section id=\"a11y-procedura\">\n      <h2>Handling requests and complaints related to accessibility<\/h2>\n      <p>If, in response to your request for ensuring digital accessibility, we refuse to provide the requested accessibility and you do not agree with this refusal, you have the right to lodge a complaint.<\/p>\n      <p>You also have the right to lodge a complaint if you do not agree to use the alternative method of access proposed in response to your request for ensuring digital accessibility.<\/p>\n      <p>You may submit your complaint by post or by email to the management of our office:<\/p>\n      <ul>\n        <li> <span id=\"a11y-procedura-kierownik\">Office for Persons with Disabilities of Bialystok University of Technology<\/span>, <\/li>\n        <li> Address: <span id=\"a11y-procedura-adres\">ul. Wiejska 45A, 15-351 Bia\u0142ystok<\/span>, <\/li>\n        <li> email: <a id=\"a11y-procedura-email\" href=\"mailto:wsparcie.bon@pb.edu.pl\">wsparcie.bon@pb.edu.pl<\/a>. <\/li>\n      <\/ul>\n      <p> <a href=\"https:\/\/www.gov.pl\/web\/gov\/zloz-wniosek-o-zapewnienie-dostepnosci-cyfrowej-strony-internetowej-lub-aplikacji-mobilnej\">Information available on the government portal gov.pl may be helpful<\/a>. <\/p>\n      <p>You may also inform the <a href=\"https:\/\/bip.brpo.gov.pl\/en\/content\/commissioner-human-rights\">Commissioner for Human Rights<\/a> and request intervention in your case.<\/p>\n    <\/section>\n    <h2>Other information<\/h2>\n    <section id=\"a11y-architektura\">\n      <h3>Architectural accessibility<\/h3>\n      <p> <a id=\"a11y-architektura-url\" href=\"https:\/\/pb.edu.pl\/en\/accessibility-statement\/declaration-of-architectural-accessibility-of-buildings-of-bialystok-university-of-technology\/\">Detailed information on the architectural accessibility of the buildings of Bialystok University of Technology<\/a>. <\/p>\n    <\/section>\n\n    <section id=\"a11y-komunikacja\">\n      <h3>Communication and information accessibility<\/h3>\n      <p>At Bialystok University of Technology, it is possible to use an online Polish Sign Language (PJM) interpreter. The service is available from 8:00 to 20:00 throughout the week and is free of charge for deaf and hard-of-hearing persons. <a href=\"https:\/\/pb.edu.pl\/dostepnosc-cyfrowa\/informacje-na-temat-korzystania-z-uslugi-tlumaczenia-polskiego-jezyka-migowego-online\/\">Detailed information about the online PJM interpreter service<\/a>.<\/p>\n      <p> <a href=\"https:\/\/pb.edu.pl\/en\/information-about-bialystok-university-of-technology-in-an-easy-to-read-format-etr\/\">Information in an easy-to-read and understand format (ETR)<\/a>. <\/p>\n      <p> <a href=\"https:\/\/pb.edu.pl\/uczelnia\/o-uczelni\/#pjm\">Information about the university in Polish Sign Language (PJM)<\/a> and on <a href=\"https:\/\/www.youtube.com\/watch?app=desktop&v=-WqJdnebfw0&feature=youtu.be\">YouTube<\/a>. <\/p>\n      <p> <a href=\"https:\/\/pb.edu.pl\/en\/accessibility-declaration\/information-on-induction-loop-systems\/\">Information on induction loop systems<\/a>. <\/p>\n    <\/section>\n","protected":false},"excerpt":{"rendered":"","protected":false},"author":2,"featured_media":0,"parent":0,"menu_order":4,"comment_status":"closed","ping_status":"closed","template":"","meta":{"_acf_changed":false,"ngg_post_thumbnail":0,"footnotes":""},"class_list":["post-62315","page","type-page","status-publish","hentry"],"acf":[],"yoast_head":"<!-- This site is optimized with the Yoast SEO plugin v27.0 - https:\/\/yoast.com\/product\/yoast-seo-wordpress\/ -->\n<title>Accessibility Statement - Bialystok University of Technology<\/title>\n<meta name=\"description\" content=\"Deklaracja dost\u0119pno\u015bci serwiu internetowego Politechniki Bia\u0142ostockiej.\" \/>\n<meta name=\"robots\" content=\"index, follow, max-snippet:-1, max-image-preview:large, max-video-preview:-1\" \/>\n<link rel=\"canonical\" href=\"https:\/\/pb.edu.pl\/en\/accessibility-statement\/\" \/>\n<meta property=\"og:locale\" content=\"en_US\" \/>\n<meta property=\"og:type\" content=\"article\" \/>\n<meta property=\"og:title\" content=\"Accessibility Statement - Bialystok University of Technology\" \/>\n<meta property=\"og:description\" content=\"Deklaracja dost\u0119pno\u015bci serwiu internetowego Politechniki Bia\u0142ostockiej.\" \/>\n<meta property=\"og:url\" content=\"https:\/\/pb.edu.pl\/en\/accessibility-statement\/\" \/>\n<meta property=\"og:site_name\" content=\"Bialystok University of Technology\" \/>\n<meta property=\"article:modified_time\" content=\"2026-04-07T19:40:56+00:00\" \/>\n<meta name=\"twitter:label1\" content=\"Est. reading time\" \/>\n\t<meta name=\"twitter:data1\" content=\"1 minute\" \/>\n<script type=\"application\/ld+json\" class=\"yoast-schema-graph\">{\"@context\":\"https:\/\/schema.org\",\"@graph\":[{\"@type\":\"WebPage\",\"@id\":\"https:\/\/pb.edu.pl\/en\/accessibility-statement\/\",\"url\":\"https:\/\/pb.edu.pl\/en\/accessibility-statement\/\",\"name\":\"Accessibility Statement - Bialystok University of Technology\",\"isPartOf\":{\"@id\":\"https:\/\/pb.edu.pl\/en\/#website\"},\"datePublished\":\"2020-08-23T18:09:29+00:00\",\"dateModified\":\"2026-04-07T19:40:56+00:00\",\"description\":\"Deklaracja dost\u0119pno\u015bci serwiu internetowego Politechniki Bia\u0142ostockiej.\",\"breadcrumb\":{\"@id\":\"https:\/\/pb.edu.pl\/en\/accessibility-statement\/#breadcrumb\"},\"inLanguage\":\"en-US\",\"potentialAction\":[{\"@type\":\"ReadAction\",\"target\":[\"https:\/\/pb.edu.pl\/en\/accessibility-statement\/\"]}]},{\"@type\":\"BreadcrumbList\",\"@id\":\"https:\/\/pb.edu.pl\/en\/accessibility-statement\/#breadcrumb\",\"itemListElement\":[{\"@type\":\"ListItem\",\"position\":1,\"name\":\"Home\",\"item\":\"https:\/\/pb.edu.pl\/en\/\"},{\"@type\":\"ListItem\",\"position\":2,\"name\":\"Accessibility Statement\"}]},{\"@type\":\"WebSite\",\"@id\":\"https:\/\/pb.edu.pl\/en\/#website\",\"url\":\"https:\/\/pb.edu.pl\/en\/\",\"name\":\"Bialystok University of Technology\",\"description\":\"\",\"publisher\":{\"@id\":\"https:\/\/pb.edu.pl\/en\/#organization\"},\"potentialAction\":[{\"@type\":\"SearchAction\",\"target\":{\"@type\":\"EntryPoint\",\"urlTemplate\":\"https:\/\/pb.edu.pl\/en\/?s={search_term_string}\"},\"query-input\":{\"@type\":\"PropertyValueSpecification\",\"valueRequired\":true,\"valueName\":\"search_term_string\"}}],\"inLanguage\":\"en-US\"},{\"@type\":\"Organization\",\"@id\":\"https:\/\/pb.edu.pl\/en\/#organization\",\"name\":\"Bialystok University of Technology\",\"url\":\"https:\/\/pb.edu.pl\/en\/\",\"logo\":{\"@type\":\"ImageObject\",\"inLanguage\":\"en-US\",\"@id\":\"https:\/\/pb.edu.pl\/en\/#\/schema\/logo\/image\/\",\"url\":\"https:\/\/pb.edu.pl\/wp-content\/uploads\/2026\/02\/logo_pb.svg\",\"contentUrl\":\"https:\/\/pb.edu.pl\/wp-content\/uploads\/2026\/02\/logo_pb.svg\",\"caption\":\"Bialystok University of Technology\"},\"image\":{\"@id\":\"https:\/\/pb.edu.pl\/en\/#\/schema\/logo\/image\/\"}}]}<\/script>\n<!-- \/ Yoast SEO plugin. -->","yoast_head_json":{"title":"Accessibility Statement - Bialystok University of Technology","description":"Deklaracja dost\u0119pno\u015bci serwiu internetowego Politechniki Bia\u0142ostockiej.","robots":{"index":"index","follow":"follow","max-snippet":"max-snippet:-1","max-image-preview":"max-image-preview:large","max-video-preview":"max-video-preview:-1"},"canonical":"https:\/\/pb.edu.pl\/en\/accessibility-statement\/","og_locale":"en_US","og_type":"article","og_title":"Accessibility Statement - Bialystok University of Technology","og_description":"Deklaracja dost\u0119pno\u015bci serwiu internetowego Politechniki Bia\u0142ostockiej.","og_url":"https:\/\/pb.edu.pl\/en\/accessibility-statement\/","og_site_name":"Bialystok University of Technology","article_modified_time":"2026-04-07T19:40:56+00:00","twitter_misc":{"Est. reading time":"1 minute"},"schema":{"@context":"https:\/\/schema.org","@graph":[{"@type":"WebPage","@id":"https:\/\/pb.edu.pl\/en\/accessibility-statement\/","url":"https:\/\/pb.edu.pl\/en\/accessibility-statement\/","name":"Accessibility Statement - Bialystok University of Technology","isPartOf":{"@id":"https:\/\/pb.edu.pl\/en\/#website"},"datePublished":"2020-08-23T18:09:29+00:00","dateModified":"2026-04-07T19:40:56+00:00","description":"Deklaracja dost\u0119pno\u015bci serwiu internetowego Politechniki Bia\u0142ostockiej.","breadcrumb":{"@id":"https:\/\/pb.edu.pl\/en\/accessibility-statement\/#breadcrumb"},"inLanguage":"en-US","potentialAction":[{"@type":"ReadAction","target":["https:\/\/pb.edu.pl\/en\/accessibility-statement\/"]}]},{"@type":"BreadcrumbList","@id":"https:\/\/pb.edu.pl\/en\/accessibility-statement\/#breadcrumb","itemListElement":[{"@type":"ListItem","position":1,"name":"Home","item":"https:\/\/pb.edu.pl\/en\/"},{"@type":"ListItem","position":2,"name":"Accessibility Statement"}]},{"@type":"WebSite","@id":"https:\/\/pb.edu.pl\/en\/#website","url":"https:\/\/pb.edu.pl\/en\/","name":"Bialystok University of Technology","description":"","publisher":{"@id":"https:\/\/pb.edu.pl\/en\/#organization"},"potentialAction":[{"@type":"SearchAction","target":{"@type":"EntryPoint","urlTemplate":"https:\/\/pb.edu.pl\/en\/?s={search_term_string}"},"query-input":{"@type":"PropertyValueSpecification","valueRequired":true,"valueName":"search_term_string"}}],"inLanguage":"en-US"},{"@type":"Organization","@id":"https:\/\/pb.edu.pl\/en\/#organization","name":"Bialystok University of Technology","url":"https:\/\/pb.edu.pl\/en\/","logo":{"@type":"ImageObject","inLanguage":"en-US","@id":"https:\/\/pb.edu.pl\/en\/#\/schema\/logo\/image\/","url":"https:\/\/pb.edu.pl\/wp-content\/uploads\/2026\/02\/logo_pb.svg","contentUrl":"https:\/\/pb.edu.pl\/wp-content\/uploads\/2026\/02\/logo_pb.svg","caption":"Bialystok University of Technology"},"image":{"@id":"https:\/\/pb.edu.pl\/en\/#\/schema\/logo\/image\/"}}]}},"_links":{"self":[{"href":"https:\/\/pb.edu.pl\/en\/wp-json\/wp\/v2\/pages\/62315","targetHints":{"allow":["GET"]}}],"collection":[{"href":"https:\/\/pb.edu.pl\/en\/wp-json\/wp\/v2\/pages"}],"about":[{"href":"https:\/\/pb.edu.pl\/en\/wp-json\/wp\/v2\/types\/page"}],"author":[{"embeddable":true,"href":"https:\/\/pb.edu.pl\/en\/wp-json\/wp\/v2\/users\/2"}],"replies":[{"embeddable":true,"href":"https:\/\/pb.edu.pl\/en\/wp-json\/wp\/v2\/comments?post=62315"}],"version-history":[{"count":9,"href":"https:\/\/pb.edu.pl\/en\/wp-json\/wp\/v2\/pages\/62315\/revisions"}],"predecessor-version":[{"id":174400,"href":"https:\/\/pb.edu.pl\/en\/wp-json\/wp\/v2\/pages\/62315\/revisions\/174400"}],"wp:attachment":[{"href":"https:\/\/pb.edu.pl\/en\/wp-json\/wp\/v2\/media?parent=62315"}],"curies":[{"name":"wp","href":"https:\/\/api.w.org\/{rel}","templated":true}]}}