{"id":173815,"date":"2026-03-31T13:45:06","date_gmt":"2026-03-31T11:45:06","guid":{"rendered":"https:\/\/pb.edu.pl\/?page_id=173815"},"modified":"2026-03-31T13:45:06","modified_gmt":"2026-03-31T11:45:06","slug":"information-on-induction-loop-systems","status":"publish","type":"page","link":"https:\/\/pb.edu.pl\/en\/accessibility-statement\/information-on-induction-loop-systems\/","title":{"rendered":"Information on induction loop systems"},"content":{"rendered":"<p><strong>Hearing Support Devices<\/strong><br \/>\nBialystok University of Technology is increasing the number of locations equipped with devices intended for people with hearing impairments, including induction loop systems in both teaching rooms and service areas.<\/p>\n<p><strong>List of locations where hearing support devices are available<\/strong><\/p>\n<ul>\n<li><strong>Faculty of Architecture, 11 Sosnowskiego St.<\/strong><br \/>\nInduction loops in lecture halls\/rooms: Hall (central section), room 106, room 204;<br \/>\nCounter loops in service areas: Cloakroom, Dean\u2019s Office room 003, Faculty Library room 010A;<\/li>\n<li><strong>Faculty of Civil Engineering and Environmental Sciences, 45 E Wiejska St.<\/strong><br \/>\nInduction loops in lecture halls\/rooms: Lecture Hall B, room 134A, room 205;<br \/>\nCounter loops in service areas: Reception desk, Dean\u2019s Office room 12, Inno-Eko-Tech reception;<\/li>\n<li><strong>Faculty of Electrical Engineering, 45D Wiejska St.<\/strong><br \/>\nInduction loops in lecture halls\/rooms: Lecture Hall 030, room 029, room 109;<br \/>\nLecture hall complex equipped with Monacor ATS-20 system (transmitter and 10 receivers).<br \/>\nCounter loops in service areas: Cloakroom, Dean\u2019s Office room 001;<\/li>\n<li><strong>Faculty of Computer Science, General Technical Building, 45A Wiejska St.<\/strong><br \/>\nInduction loops in lecture halls\/rooms: lecture hall C25, lecture hall B5, room B11, room A114, room A211, room C21;<br \/>\nCounter loops in service areas: Reception A9, Registry Office A17, Faculty of Computer Science Dean\u2019s Office A120, Vice-Rector for Student Affairs Office A18;<\/li>\n<li><strong> Faculty of Engineering Management, 2 Tarasiuka St., Kleosin<\/strong><br \/>\nInduction loops in lecture halls\/rooms: Lecture Hall 18 (Berlin Hall), Lecture Hall 24 (Berlin Hall), room 4 (Berlin Hall), room 105 (Berlin Hall);<br \/>\nCounter loops in service areas: Dean\u2019s Office building, room 6 (Head of Dean\u2019s Office); Berlin Hall building\u2013 reception, Berlin Hall building \u2013 Faculty Library room 16; Philadelphia building \u2013 reception;<\/li>\n<li><strong> Faculty of Mechanical Engineering, 45C Wiejska St.<br \/>\n<\/strong>Induction loops in lecture halls\/rooms: Lecture Hall 447, Lecture Hall 449, room 107 (Faculty Council), room 116;<br \/>\nCounter loops in service areas: Reception, Dean\u2019s Office rooms 121\u2013123;<\/li>\n<li><strong> Academic Sports Centre, 41 Wiejska St.<br \/>\n<\/strong>Counter loops in service areas: Reception, Physical Education and Sports Office, room B-14;<\/li>\n<li><strong>Centre for Modern Education, 16 Zwierzyniecka St.<\/strong><br \/>\nInduction loops in lecture halls\/rooms: Lecture Hall P0\/33, room P2\/02, room P2\/19;<br \/>\nCounter loops in service areas: Reception, Library \u2013 Circulation Desk (level P0), Library \u2013 Information Centre (level P0),<br \/>\nLibrary \u2013 periodicals reading room (level P0), Library \u2013 large reading room (level P1), Library \u2013 small reading room (level P1), Student Affairs, Teaching and Admissions Centre P1\/07, Foreign Languages Centre P2\/12;<\/li>\n<li><strong> 10 Zwierzyniecka St.<\/strong><br \/>\nCounter loops in service areas: Chancellor\u2019s Office;<\/li>\n<li><strong>Dormitory No. 3, 8 Zwierzyniecka St.<\/strong><br \/>\nCounter loops in service areas: Academic Housing Service Centre;<\/li>\n<li><strong>Research Centre of the Forest Sciences Institute in Hajn\u00f3wka, 1A Pi\u0142sudskiego St., Hajn\u00f3wka<\/strong><br \/>\nCounter loops in service areas: Administrative Office<\/li>\n<\/ul>\n<p>&nbsp;<\/p>\n","protected":false},"excerpt":{"rendered":"<p>Hearing Support Devices Bialystok University of Technology is increasing the number of locations equipped with devices intended for people with hearing impairments, including induction loop systems in both teaching rooms&#8230;<\/p>\n","protected":false},"author":2,"featured_media":0,"parent":62315,"menu_order":0,"comment_status":"closed","ping_status":"closed","template":"","meta":{"_acf_changed":false,"ngg_post_thumbnail":0,"footnotes":""},"class_list":["post-173815","page","type-page","status-publish","hentry"],"acf":[],"yoast_head":"<!-- This site is optimized with the Yoast SEO plugin v27.0 - https:\/\/yoast.com\/product\/yoast-seo-wordpress\/ -->\n<title>Information on induction loop systems - Bialystok University of Technology<\/title>\n<meta name=\"description\" content=\"Hearing Support Devices Bialystok University of Technology is increasing the number of locations equipped with devices intended for people with hearing\" \/>\n<meta name=\"robots\" content=\"index, follow, max-snippet:-1, max-image-preview:large, max-video-preview:-1\" \/>\n<link rel=\"canonical\" href=\"https:\/\/pb.edu.pl\/en\/accessibility-statement\/information-on-induction-loop-systems\/\" \/>\n<meta property=\"og:locale\" content=\"en_US\" \/>\n<meta property=\"og:type\" content=\"article\" \/>\n<meta property=\"og:title\" content=\"Information on induction loop systems - Bialystok University of Technology\" \/>\n<meta property=\"og:description\" content=\"Hearing Support Devices Bialystok University of Technology is increasing the number of locations equipped with devices intended for people with hearing\" \/>\n<meta property=\"og:url\" content=\"https:\/\/pb.edu.pl\/en\/accessibility-statement\/information-on-induction-loop-systems\/\" \/>\n<meta property=\"og:site_name\" content=\"Bialystok University of Technology\" \/>\n<meta name=\"twitter:label1\" content=\"Est. reading time\" \/>\n\t<meta name=\"twitter:data1\" content=\"3 minutes\" \/>\n<script type=\"application\/ld+json\" class=\"yoast-schema-graph\">{\"@context\":\"https:\/\/schema.org\",\"@graph\":[{\"@type\":\"WebPage\",\"@id\":\"https:\/\/pb.edu.pl\/en\/accessibility-statement\/information-on-induction-loop-systems\/\",\"url\":\"https:\/\/pb.edu.pl\/en\/accessibility-statement\/information-on-induction-loop-systems\/\",\"name\":\"Information on induction loop systems - Bialystok University of Technology\",\"isPartOf\":{\"@id\":\"https:\/\/pb.edu.pl\/en\/#website\"},\"datePublished\":\"2026-03-31T11:45:06+00:00\",\"description\":\"Hearing Support Devices Bialystok University of Technology is increasing the number of locations equipped with devices intended for people with hearing\",\"breadcrumb\":{\"@id\":\"https:\/\/pb.edu.pl\/en\/accessibility-statement\/information-on-induction-loop-systems\/#breadcrumb\"},\"inLanguage\":\"en-US\",\"potentialAction\":[{\"@type\":\"ReadAction\",\"target\":[\"https:\/\/pb.edu.pl\/en\/accessibility-statement\/information-on-induction-loop-systems\/\"]}]},{\"@type\":\"BreadcrumbList\",\"@id\":\"https:\/\/pb.edu.pl\/en\/accessibility-statement\/information-on-induction-loop-systems\/#breadcrumb\",\"itemListElement\":[{\"@type\":\"ListItem\",\"position\":1,\"name\":\"Home\",\"item\":\"https:\/\/pb.edu.pl\/en\/\"},{\"@type\":\"ListItem\",\"position\":2,\"name\":\"Accessibility Statement\",\"item\":\"https:\/\/pb.edu.pl\/en\/accessibility-statement\/\"},{\"@type\":\"ListItem\",\"position\":3,\"name\":\"Information on induction loop systems\"}]},{\"@type\":\"WebSite\",\"@id\":\"https:\/\/pb.edu.pl\/en\/#website\",\"url\":\"https:\/\/pb.edu.pl\/en\/\",\"name\":\"Bialystok University of Technology\",\"description\":\"\",\"publisher\":{\"@id\":\"https:\/\/pb.edu.pl\/en\/#organization\"},\"potentialAction\":[{\"@type\":\"SearchAction\",\"target\":{\"@type\":\"EntryPoint\",\"urlTemplate\":\"https:\/\/pb.edu.pl\/en\/?s={search_term_string}\"},\"query-input\":{\"@type\":\"PropertyValueSpecification\",\"valueRequired\":true,\"valueName\":\"search_term_string\"}}],\"inLanguage\":\"en-US\"},{\"@type\":\"Organization\",\"@id\":\"https:\/\/pb.edu.pl\/en\/#organization\",\"name\":\"Bialystok University of Technology\",\"url\":\"https:\/\/pb.edu.pl\/en\/\",\"logo\":{\"@type\":\"ImageObject\",\"inLanguage\":\"en-US\",\"@id\":\"https:\/\/pb.edu.pl\/en\/#\/schema\/logo\/image\/\",\"url\":\"https:\/\/pb.edu.pl\/wp-content\/uploads\/2026\/02\/logo_pb.svg\",\"contentUrl\":\"https:\/\/pb.edu.pl\/wp-content\/uploads\/2026\/02\/logo_pb.svg\",\"caption\":\"Bialystok University of Technology\"},\"image\":{\"@id\":\"https:\/\/pb.edu.pl\/en\/#\/schema\/logo\/image\/\"}}]}<\/script>\n<!-- \/ Yoast SEO plugin. -->","yoast_head_json":{"title":"Information on induction loop systems - Bialystok University of Technology","description":"Hearing Support Devices Bialystok University of Technology is increasing the number of locations equipped with devices intended for people with hearing","robots":{"index":"index","follow":"follow","max-snippet":"max-snippet:-1","max-image-preview":"max-image-preview:large","max-video-preview":"max-video-preview:-1"},"canonical":"https:\/\/pb.edu.pl\/en\/accessibility-statement\/information-on-induction-loop-systems\/","og_locale":"en_US","og_type":"article","og_title":"Information on induction loop systems - Bialystok University of Technology","og_description":"Hearing Support Devices Bialystok University of Technology is increasing the number of locations equipped with devices intended for people with hearing","og_url":"https:\/\/pb.edu.pl\/en\/accessibility-statement\/information-on-induction-loop-systems\/","og_site_name":"Bialystok University of Technology","twitter_misc":{"Est. reading time":"3 minutes"},"schema":{"@context":"https:\/\/schema.org","@graph":[{"@type":"WebPage","@id":"https:\/\/pb.edu.pl\/en\/accessibility-statement\/information-on-induction-loop-systems\/","url":"https:\/\/pb.edu.pl\/en\/accessibility-statement\/information-on-induction-loop-systems\/","name":"Information on induction loop systems - Bialystok University of Technology","isPartOf":{"@id":"https:\/\/pb.edu.pl\/en\/#website"},"datePublished":"2026-03-31T11:45:06+00:00","description":"Hearing Support Devices Bialystok University of Technology is increasing the number of locations equipped with devices intended for people with hearing","breadcrumb":{"@id":"https:\/\/pb.edu.pl\/en\/accessibility-statement\/information-on-induction-loop-systems\/#breadcrumb"},"inLanguage":"en-US","potentialAction":[{"@type":"ReadAction","target":["https:\/\/pb.edu.pl\/en\/accessibility-statement\/information-on-induction-loop-systems\/"]}]},{"@type":"BreadcrumbList","@id":"https:\/\/pb.edu.pl\/en\/accessibility-statement\/information-on-induction-loop-systems\/#breadcrumb","itemListElement":[{"@type":"ListItem","position":1,"name":"Home","item":"https:\/\/pb.edu.pl\/en\/"},{"@type":"ListItem","position":2,"name":"Accessibility Statement","item":"https:\/\/pb.edu.pl\/en\/accessibility-statement\/"},{"@type":"ListItem","position":3,"name":"Information on induction loop systems"}]},{"@type":"WebSite","@id":"https:\/\/pb.edu.pl\/en\/#website","url":"https:\/\/pb.edu.pl\/en\/","name":"Bialystok University of Technology","description":"","publisher":{"@id":"https:\/\/pb.edu.pl\/en\/#organization"},"potentialAction":[{"@type":"SearchAction","target":{"@type":"EntryPoint","urlTemplate":"https:\/\/pb.edu.pl\/en\/?s={search_term_string}"},"query-input":{"@type":"PropertyValueSpecification","valueRequired":true,"valueName":"search_term_string"}}],"inLanguage":"en-US"},{"@type":"Organization","@id":"https:\/\/pb.edu.pl\/en\/#organization","name":"Bialystok University of Technology","url":"https:\/\/pb.edu.pl\/en\/","logo":{"@type":"ImageObject","inLanguage":"en-US","@id":"https:\/\/pb.edu.pl\/en\/#\/schema\/logo\/image\/","url":"https:\/\/pb.edu.pl\/wp-content\/uploads\/2026\/02\/logo_pb.svg","contentUrl":"https:\/\/pb.edu.pl\/wp-content\/uploads\/2026\/02\/logo_pb.svg","caption":"Bialystok University of Technology"},"image":{"@id":"https:\/\/pb.edu.pl\/en\/#\/schema\/logo\/image\/"}}]}},"_links":{"self":[{"href":"https:\/\/pb.edu.pl\/en\/wp-json\/wp\/v2\/pages\/173815","targetHints":{"allow":["GET"]}}],"collection":[{"href":"https:\/\/pb.edu.pl\/en\/wp-json\/wp\/v2\/pages"}],"about":[{"href":"https:\/\/pb.edu.pl\/en\/wp-json\/wp\/v2\/types\/page"}],"author":[{"embeddable":true,"href":"https:\/\/pb.edu.pl\/en\/wp-json\/wp\/v2\/users\/2"}],"replies":[{"embeddable":true,"href":"https:\/\/pb.edu.pl\/en\/wp-json\/wp\/v2\/comments?post=173815"}],"version-history":[{"count":1,"href":"https:\/\/pb.edu.pl\/en\/wp-json\/wp\/v2\/pages\/173815\/revisions"}],"predecessor-version":[{"id":173820,"href":"https:\/\/pb.edu.pl\/en\/wp-json\/wp\/v2\/pages\/173815\/revisions\/173820"}],"up":[{"embeddable":true,"href":"https:\/\/pb.edu.pl\/en\/wp-json\/wp\/v2\/pages\/62315"}],"wp:attachment":[{"href":"https:\/\/pb.edu.pl\/en\/wp-json\/wp\/v2\/media?parent=173815"}],"curies":[{"name":"wp","href":"https:\/\/api.w.org\/{rel}","templated":true}]}}