{"id":126750,"date":"2024-11-26T21:36:19","date_gmt":"2024-11-26T20:36:19","guid":{"rendered":"https:\/\/pb.edu.pl\/?page_id=126750"},"modified":"2024-11-26T21:45:54","modified_gmt":"2024-11-26T20:45:54","slug":"publications-2021","status":"publish","type":"page","link":"https:\/\/pb.edu.pl\/en\/publications-of-the-publishing-house\/publications-2021\/","title":{"rendered":"Publications 2021"},"content":{"rendered":"<div class=\"szarytab\" style=\"padding: 30px 0 20px 20px\"><img loading=\"lazy\" decoding=\"async\" class=\"wp-image-669 size-medium alignleft\" src=\"https:\/\/pb.edu.pl\/wp-content\/uploads\/2023\/01\/theoretical.jpg\" alt=\"\" width=\"213\" height=\"300\"><strong>Authors:<\/strong> Danuta Szpilko, Joanna Szyd\u0142o, Ewa Gli\u0144ska, Urszula Kobyli\u0144ska, Ewa Rollnik-Sadowska, Urszula Ryciuk<br \/>\n<strong style=\"line-height: 3rem\">Title: <\/strong> Theoretical and practical aspects of business activity. Business planing<br \/>\n<strong style=\"line-height: 3rem\">Type of publication:<\/strong> monograph<br \/>\n<strong style=\"line-height: 3rem\">Publication date:<\/strong> 2021<br \/>\n<strong style=\"line-height: 3rem\">Number of pages:<\/strong> 129<br \/>\n<strong style=\"line-height: 3rem\">Book format:<\/strong> B5<br \/>\n<strong>eISBN: <\/strong>978-83-67185-02-8<br \/>\n<strong style=\"line-height: 3rem\">DOI: <\/strong>10.24427\/978-83-67185-02-8<\/p>\n<p><span style=\"font-size: 1.18rem;line-height: 0;padding-top: 0px;margin-top: 0px\">Licence Creative Commons Attribution-NonCommercial-NoDerivatives 4.0 International (CC BY-NC-ND 4.0). Available at <a title=\"Licence\" href=\"https:\/\/creativecommons.org\/licenses\/by-nc-nd\/4.0\/legalcode\">creativecommons.org<\/a><\/span> [licznik_pobran href=&#8221;https:\/\/pb.edu.pl\/wp-content\/uploads\/2023\/01\/Theoretical-and-practical-aspects-of-business-activity.pdf&#8221; offset=60]Book[\/licznik_pobran]<\/div>\n<div style=\"clear: both\">&nbsp;<\/div>\n<div class=\"bialytab\" style=\"padding: 30px 0 20px 20px\"><img loading=\"lazy\" decoding=\"async\" class=\"wp-image-669 size-medium alignleft\" src=\"https:\/\/pb.edu.pl\/wp-content\/uploads\/2023\/01\/ISMO-43.jpg\" alt=\"\" width=\"213\" height=\"300\"><strong>Editors:<\/strong> Dorota Anna Krawczyk, Iwona Skoczko, Ewa Szaty\u0142owicz<br \/>\n<strong style=\"line-height: 3rem\">Title:<\/strong> Innovations \u2013 Sustainability \u2013 Modernity \u2013 Openness. Modernity in engineering. Volume 43<br \/>\n<strong style=\"line-height: 3rem\">Type of publication:<\/strong> monograph<br \/>\n<strong style=\"line-height: 3rem\">Publication date:<\/strong> 2021<br \/>\n<strong style=\"line-height: 3rem\">Number of pages:<\/strong> 172<br \/>\n<strong style=\"line-height: 3rem\">Book format:<\/strong> B5<br \/>\n<strong>eISBN:<\/strong> 978-83-66391-90-1<br \/>\n<strong style=\"line-height: 3rem\">DOI: <\/strong>10.24427\/978-83-66391-90-1<\/p>\n<p><span style=\"font-size: 1.18rem;line-height: 0;padding-top: 0px;margin-top: 0px\">Licence Creative Commons Attribution-NonCommercial-NoDerivatives 4.0 International (CC BY-NC-ND 4.0). Available at <a title=\"Licence\" href=\"https:\/\/creativecommons.org\/licenses\/by-nc-nd\/4.0\/legalcode\">creativecommons.org<\/a><\/span> [licznik_pobran href=&#8221;https:\/\/pb.edu.pl\/wp-content\/uploads\/2023\/01\/ISMO-43.pdf&#8221; offset=43]Book[\/licznik_pobran]<\/div>\n<div style=\"clear: both\">&nbsp;<\/div>\n<div class=\"szarytab\" style=\"padding: 30px 0 20px 20px\"><img loading=\"lazy\" decoding=\"async\" class=\"wp-image-669 size-medium alignleft\" src=\"https:\/\/pb.edu.pl\/wp-content\/uploads\/2023\/01\/Systemotechnical-Assessment.jpg\" alt=\"\" width=\"213\" height=\"300\"><strong>Authors:<\/strong> Vladislavas Kutut, Leonas Ustinovi\u010dius<br \/>\n<strong style=\"line-height: 3rem\">Title:<\/strong> Systemotechnical assessment of the real cultural heritage management<br \/>\n<strong style=\"line-height: 3rem\">Type of publication:<\/strong> monograph<br \/>\n<strong style=\"line-height: 3rem\">Publication date:<\/strong> 2021<br \/>\n<strong style=\"line-height: 3rem\">Number of pages:<\/strong> 252<br \/>\n<strong style=\"line-height: 3rem\">Book format:<\/strong> B5<br \/>\n<strong>ISBN: <\/strong>978-83-66391-88-8 &nbsp; &nbsp;&nbsp;<strong>eISBN: <\/strong>978-83-66391-89-5<br \/>\n<strong style=\"line-height: 3rem\">DOI: <\/strong>10.24427\/978-83-66391-89-5<\/p>\n<p><span style=\"font-size: 1.18rem;line-height: 0;padding-top: 0px;margin-top: 0px\">Licence Creative Commons Attribution-NonCommercial-NoDerivatives 4.0 International (CC BY-NC-ND 4.0). Available at <a title=\"Licence\" href=\"https:\/\/creativecommons.org\/licenses\/by-nc-nd\/4.0\/legalcode\">creativecommons.org<\/a><\/span> [licznik_pobran href=&#8221;https:\/\/pb.edu.pl\/wp-content\/uploads\/2023\/01\/Systemotechnical-assessment-of-the-real-cultural-heritage-management.pdf&#8221; offset=36]Book[\/licznik_pobran]<\/div>\n<div style=\"clear: both\">&nbsp;<\/div>\n<div class=\"bialytab\" style=\"padding: 30px 0 20px 20px\"><img loading=\"lazy\" decoding=\"async\" class=\"wp-image-669 size-medium alignleft\" src=\"https:\/\/pb.edu.pl\/wp-content\/uploads\/2023\/01\/Methods_and_Tools.jpg\" alt=\"\" width=\"213\" height=\"300\"><strong>Editor:<\/strong> Bogus\u0142aw Butry\u0142o<br \/>\n<strong style=\"line-height: 3rem\">Title: <\/strong>Methods and tools in CAD &#8211; selected issues<br \/>\n<strong style=\"line-height: 3rem\">Type of publication:<\/strong> monograph<br \/>\n<strong style=\"line-height: 3rem\">Publication date:<\/strong> 2021<br \/>\n<strong style=\"line-height: 3rem\">Number of pages:<\/strong> 172<br \/>\n<strong style=\"line-height: 3rem\">Book format:<\/strong> B5<br \/>\n<strong>eISBN: <\/strong>978-83-66391-87-1<br \/>\n<strong style=\"line-height: 3rem\">DOI: <\/strong>10.24427\/978-83-66391-87-1<\/p>\n<p><span style=\"font-size: 1.18rem;line-height: 0;padding-top: 0px;margin-top: 0px\">Licence Creative Commons Attribution-NonCommercial-NoDerivatives 4.0 International (CC BY-NC-ND 4.0). Available at <a title=\"Licence\" href=\"https:\/\/creativecommons.org\/licenses\/by-nc-nd\/4.0\/legalcode\">creativecommons.org<\/a><\/span> [licznik_pobran href=&#8221;https:\/\/pb.edu.pl\/wp-content\/uploads\/2023\/01\/Methods_and_Tools_in_CAD_selected_issues.pdf&#8221; offset=271]Book[\/licznik_pobran]\n<div style=\"clear: both\">&nbsp;<\/div>\n<div class=\"row\" style=\"margin: 0px 0 30px 0px; font-size:1.4rem\">\n<div class=\"col-sm-6 marginleft0\">[licznik_pobran href=&#8221;https:\/\/pb.edu.pl\/wp-content\/uploads\/2023\/01\/Methods_and_Tools_in_CAD_chapter_01.pdf&#8221; offset=4]Chapter 1[\/licznik_pobran]\n[licznik_pobran href=&#8221;https:\/\/pb.edu.pl\/wp-content\/uploads\/2023\/01\/Methods_and_Tools_in_CAD_chapter_02.pdf&#8221; offset=21]Chapter 2[\/licznik_pobran]\n[licznik_pobran href=&#8221;https:\/\/pb.edu.pl\/wp-content\/uploads\/2023\/01\/Methods_and_Tools_in_CAD_chapter_03.pdf&#8221; offset=14]Chapter 3[\/licznik_pobran]\n[licznik_pobran href=&#8221;https:\/\/pb.edu.pl\/wp-content\/uploads\/2023\/01\/Methods_and_Tools_in_CAD_chapter_04.pdf&#8221; offset=12]Chapter 4[\/licznik_pobran]\n[licznik_pobran href=&#8221;https:\/\/pb.edu.pl\/wp-content\/uploads\/2023\/01\/Methods_and_Tools_in_CAD_chapter_05.pdf&#8221; offset=13]Chapter 5[\/licznik_pobran]\n[licznik_pobran href=&#8221;https:\/\/pb.edu.pl\/wp-content\/uploads\/2023\/01\/Methods_and_Tools_in_CAD_chapter_06.pdf&#8221; offset=9]Chapter 6[\/licznik_pobran]\n[licznik_pobran href=&#8221;https:\/\/pb.edu.pl\/wp-content\/uploads\/2023\/01\/Methods_and_Tools_in_CAD_chapter_07.pdf&#8221; offset=14]Chapter 7[\/licznik_pobran]<\/div>\n<div class=\"col-sm-6 marginleft0\">[licznik_pobran href=&#8221;https:\/\/pb.edu.pl\/wp-content\/uploads\/2023\/01\/Methods_and_Tools_in_CAD_chapter_08.pdf&#8221; offset=14]Chapter 8[\/licznik_pobran]\n[licznik_pobran href=&#8221;https:\/\/pb.edu.pl\/wp-content\/uploads\/2023\/01\/Methods_and_Tools_in_CAD_chapter_09.pdf&#8221; offset=8]Chapter 9[\/licznik_pobran]\n[licznik_pobran href=&#8221;https:\/\/pb.edu.pl\/wp-content\/uploads\/2023\/01\/Methods_and_Tools_in_CAD_chapter_10.pdf&#8221; offset=11]Chapter 10[\/licznik_pobran]\n[licznik_pobran href=&#8221;https:\/\/pb.edu.pl\/wp-content\/uploads\/2023\/01\/Methods_and_Tools_in_CAD_chapter_11.pdf&#8221; offset=13]Chapter 11[\/licznik_pobran]\n[licznik_pobran href=&#8221;https:\/\/pb.edu.pl\/wp-content\/uploads\/2023\/01\/Methods_and_Tools_in_CAD_chapter_12.pdf&#8221; offset=9]Chapter 12[\/licznik_pobran]\n[licznik_pobran href=&#8221;https:\/\/pb.edu.pl\/wp-content\/uploads\/2023\/01\/Methods_and_Tools_in_CAD_chapter_13.pdf&#8221; offset=26]Chapter 13[\/licznik_pobran]\n[licznik_pobran href=&#8221;https:\/\/pb.edu.pl\/wp-content\/uploads\/2023\/01\/Methods_and_Tools_in_CAD_chapter_14.pdf&#8221; offset=15]Chapter 14[\/licznik_pobran]<\/div>\n<\/div>\n<\/div>\n<div style=\"clear: both\">&nbsp;<\/div>\n<div class=\"szarytab\" style=\"padding: 30px 0 20px 20px\"><img loading=\"lazy\" decoding=\"async\" class=\"wp-image-669 size-medium alignleft\" src=\"https:\/\/pb.edu.pl\/wp-content\/uploads\/2023\/01\/ISMO42.jpg\" alt=\"\" width=\"213\" height=\"300\"><strong>Editors:<\/strong> Ewa Szaty\u0142owicz, Iwona Skoczko, Dorota Anna Krawczyk<br \/>\n<strong style=\"line-height: 3rem\">Title:<\/strong> Innovations \u2013 Sustainability \u2013 Modernity \u2013 Openness. \u015arodowisko. Volume 42<br \/>\n<strong style=\"line-height: 3rem\">Type of publication:<\/strong> monograph<br \/>\n<strong style=\"line-height: 3rem\">Publication date:<\/strong> 2021<br \/>\n<strong style=\"line-height: 3rem\">Number of pages:<\/strong> 99<br \/>\n<strong style=\"line-height: 3rem\">Book format:<\/strong> B5<br \/>\n<strong>eISBN:<\/strong> 978-83-66391-75-8<br \/>\n<strong style=\"line-height: 3rem\">DOI: <\/strong>10.24427\/978-83-66391-75-8<\/p>\n<p><span style=\"font-size: 1.18rem;line-height: 0;padding-top: 0px;margin-top: 0px\">Licence Creative Commons Attribution-NonCommercial-NoDerivatives 4.0 International (CC BY-NC-ND 4.0). Available at <a title=\"Licence\" href=\"https:\/\/creativecommons.org\/licenses\/by-nc-nd\/4.0\/legalcode\">creativecommons.org<\/a><\/span> [licznik_pobran href=&#8221;https:\/\/pb.edu.pl\/wp-content\/uploads\/2023\/01\/ISMO-42-1.pdf&#8221; offset=30]Book[\/licznik_pobran]<\/div>\n<div style=\"clear: both\">&nbsp;<\/div>\n<div class=\"bialytab\" style=\"padding: 30px 0 20px 20px\"><img loading=\"lazy\" decoding=\"async\" class=\"wp-image-669 size-medium alignleft\" src=\"https:\/\/pb.edu.pl\/wp-content\/uploads\/2023\/01\/future-of-the-city.jpg\" alt=\"\" width=\"213\" height=\"300\"><strong>Editors:<\/strong> Dorota Gawryluk, Dorota Anna Krawczyk<br \/>\n<strong style=\"line-height: 3rem\">Title:<\/strong> Future of the city<br \/>\n<strong style=\"line-height: 3rem\">Type of publication:<\/strong> monograph<br \/>\n<strong style=\"line-height: 3rem\">Publication date:<\/strong> 2021<br \/>\n<strong style=\"line-height: 3rem\">Number of pages:<\/strong> 108<br \/>\n<strong style=\"line-height: 3rem\">Book format:<\/strong> B5<br \/>\n<strong>ISBN:<\/strong> 978-83-66391-61-1 <strong> &nbsp; &nbsp;&nbsp; eISBN: <\/strong>978-83-66391-62-8<br \/>\n<strong style=\"line-height: 3rem\">DOI: <\/strong>10.24427\/978-83-66391-62-8<\/p>\n<p><span style=\"font-size: 1.18rem;line-height: 0;padding-top: 0px;margin-top: 0px\">Licence Creative Commons Attribution-NonCommercial-NoDerivatives 4.0 International (CC BY-NC-ND 4.0). Available at <a title=\"Licence\" href=\"https:\/\/creativecommons.org\/licenses\/by-nc-nd\/4.0\/legalcode\">creativecommons.org<\/a><\/span> [licznik_pobran href=&#8221;https:\/\/pb.edu.pl\/wp-content\/uploads\/2023\/01\/Future-of-the-city-2021.pdf&#8221; offset=4]Book[\/licznik_pobran]\n<div style=\"clear: both\">&nbsp;<\/div>\n<div class=\"row\" style=\"margin: 0px 0 30px 0px; font-size:1.4rem\">\n<div class=\"col-sm-6 marginleft0\">[licznik_pobran href=&#8221;https:\/\/pb.edu.pl\/wp-content\/uploads\/2023\/01\/future-of-the-city1.pdf&#8221; offset=21]Chapter 1[\/licznik_pobran]\n[licznik_pobran href=&#8221;https:\/\/pb.edu.pl\/wp-content\/uploads\/2023\/01\/future-of-the-city2.pdf&#8221; offset=14]Chapter 2[\/licznik_pobran]\n[licznik_pobran href=&#8221;https:\/\/pb.edu.pl\/wp-content\/uploads\/2023\/01\/future-of-the-city3-1.pdf&#8221; offset=8]Chapter 3[\/licznik_pobran]\n[licznik_pobran href=&#8221;https:\/\/pb.edu.pl\/wp-content\/uploads\/2023\/01\/future-of-the-city4.pdf&#8221; offset=9]Chapter 4[\/licznik_pobran]<\/div>\n<div class=\"col-sm-6 marginleft0\">[licznik_pobran href=&#8221;https:\/\/pb.edu.pl\/wp-content\/uploads\/2023\/01\/future-of-the-city5.pdf&#8221; offset=14]Chapter 5[\/licznik_pobran]\n[licznik_pobran href=&#8221;https:\/\/pb.edu.pl\/wp-content\/uploads\/2023\/01\/future-of-the-city6.pdf&#8221; offset=12]Chapter 6[\/licznik_pobran]\n[licznik_pobran href=&#8221;https:\/\/pb.edu.pl\/wp-content\/uploads\/2023\/01\/future-of-the-city7.pdf&#8221; offset=11]Chapter 7[\/licznik_pobran]\n[licznik_pobran href=&#8221;https:\/\/pb.edu.pl\/wp-content\/uploads\/2023\/01\/future-of-the-city8.pdf&#8221; offset=9]Chapter 8[\/licznik_pobran]<\/div>\n<\/div>\n<\/div>\n<div style=\"clear: both\">&nbsp;<\/div>\n<div class=\"szarytab\" style=\"padding: 30px 0 20px 20px\"><img loading=\"lazy\" decoding=\"async\" class=\"wp-image-669 size-medium alignleft\" src=\"https:\/\/pb.edu.pl\/wp-content\/uploads\/2023\/01\/The-problematic-aspects-of-energy-efficiency-\u201821.jpg\" alt=\"\" width=\"213\" height=\"300\"><strong>Editors:<\/strong> Maciej Zajkowski, Zbigniew So\u0142jan<br \/>\n<strong style=\"line-height: 3rem\">Title: <\/strong>The problematic aspects of energy efficiency &#8217;21<br \/>\n<strong style=\"line-height: 3rem\">Type of publication:<\/strong> monograph<br \/>\n<strong style=\"line-height: 3rem\">Publication date:<\/strong> 2021<br \/>\n<strong style=\"line-height: 3rem\">Number of pages:<\/strong> 129<br \/>\n<strong style=\"line-height: 3rem\">Book format:<\/strong> B5<br \/>\n<strong>eISBN: <\/strong>978-83-66391-69-7<br \/>\n<strong style=\"line-height: 3rem\">DOI: <\/strong>10.24427\/978-83-66391-69-7<\/p>\n<p><span style=\"font-size: 1.18rem;line-height: 0;padding-top: 0px;margin-top: 0px\">Licence Creative Commons Attribution-NonCommercial-NoDerivatives 4.0 International (CC BY-NC-ND 4.0). Available at <a title=\"Licence\" href=\"https:\/\/creativecommons.org\/licenses\/by-nc-nd\/4.0\/legalcode\">creativecommons.org<\/a><\/span> [licznik_pobran href=&#8221;https:\/\/pb.edu.pl\/wp-content\/uploads\/2023\/01\/The-problematic-aspects-of-energy-efficiency-21.pdf&#8221; offset=90]Book[\/licznik_pobran]\n<div style=\"clear: both\">&nbsp;<\/div>\n<div class=\"row\" style=\"margin: 0px 0 30px 0px; font-size:1.4rem\">\n<div class=\"col-sm-6 marginleft0\">[licznik_pobran href=&#8221;https:\/\/pb.edu.pl\/wp-content\/uploads\/2023\/01\/The-problematic-aspects-of-energy-efficiency-21_1.pdf&#8221; offset=14]Chapter 1[\/licznik_pobran]\n[licznik_pobran href=&#8221;https:\/\/pb.edu.pl\/wp-content\/uploads\/2023\/01\/The-problematic-aspects-of-energy-efficiency-21_2.pdf&#8221; offset=19]Chapter 2[\/licznik_pobran]\n[licznik_pobran href=&#8221;https:\/\/pb.edu.pl\/wp-content\/uploads\/2023\/01\/The-problematic-aspects-of-energy-efficiency-21_3.pdf&#8221; offset=16]Chapter 3[\/licznik_pobran]\n[licznik_pobran href=&#8221;https:\/\/pb.edu.pl\/wp-content\/uploads\/2023\/01\/The-problematic-aspects-of-energy-efficiency-21_4.pdf&#8221; offset=12]Chapter 4[\/licznik_pobran]\n[licznik_pobran href=&#8221;https:\/\/pb.edu.pl\/wp-content\/uploads\/2023\/01\/The-problematic-aspects-of-energy-efficiency-21_5.pdf&#8221; offset=11]Chapter 5[\/licznik_pobran]<\/div>\n<div class=\"col-sm-6 marginleft0\">[licznik_pobran href=&#8221;https:\/\/pb.edu.pl\/wp-content\/uploads\/2023\/01\/The-problematic-aspects-of-energy-efficiency-21_6.pdf&#8221; offset=14]Chapter 6[\/licznik_pobran]\n[licznik_pobran href=&#8221;https:\/\/pb.edu.pl\/wp-content\/uploads\/2023\/01\/The-problematic-aspects-of-energy-efficiency-21_7.pdf&#8221; offset=13]Chapter 7[\/licznik_pobran]\n[licznik_pobran href=&#8221;https:\/\/pb.edu.pl\/wp-content\/uploads\/2023\/01\/The-problematic-aspects-of-energy-efficiency-21_8.pdf&#8221; offset=14]Chapter 8[\/licznik_pobran]\n[licznik_pobran href=&#8221;https:\/\/pb.edu.pl\/wp-content\/uploads\/2023\/01\/The-problematic-aspects-of-energy-efficiency-21_9.pdf&#8221; offset=16]Chapter 9[\/licznik_pobran]\n[licznik_pobran href=&#8221;https:\/\/pb.edu.pl\/wp-content\/uploads\/2023\/01\/The-problematic-aspects-of-energy-efficiency-21_10.pdf&#8221; offset=11]Chapter 10[\/licznik_pobran]<\/div>\n<\/div>\n<\/div>\n","protected":false},"excerpt":{"rendered":"<p>Authors: Danuta Szpilko, Joanna Szyd\u0142o, Ewa Gli\u0144ska, Urszula Kobyli\u0144ska, Ewa Rollnik-Sadowska, Urszula Ryciuk Title: Theoretical and practical aspects of business activity. Business planing Type of publication: monograph Publication date: 2021&#8230;<\/p>\n","protected":false},"author":2,"featured_media":0,"parent":126737,"menu_order":4,"comment_status":"closed","ping_status":"closed","template":"","meta":{"_acf_changed":false,"ngg_post_thumbnail":0,"footnotes":""},"class_list":["post-126750","page","type-page","status-publish","hentry"],"acf":[],"yoast_head":"<!-- This site is optimized with the Yoast SEO plugin v27.0 - https:\/\/yoast.com\/product\/yoast-seo-wordpress\/ -->\n<title>Publications 2021 - Bialystok University of Technology<\/title>\n<meta name=\"description\" content=\"Authors: Danuta Szpilko, Joanna Szyd\u0142o, Ewa Gli\u0144ska, Urszula Kobyli\u0144ska, Ewa Rollnik-Sadowska, Urszula Ryciuk Title: Theoretical and practical aspects of\" \/>\n<meta name=\"robots\" content=\"index, follow, max-snippet:-1, max-image-preview:large, max-video-preview:-1\" \/>\n<link rel=\"canonical\" href=\"https:\/\/pb.edu.pl\/en\/publications-of-the-publishing-house\/publications-2021\/\" \/>\n<meta property=\"og:locale\" content=\"en_US\" \/>\n<meta property=\"og:type\" content=\"article\" \/>\n<meta property=\"og:title\" content=\"Publications 2021 - Bialystok University of Technology\" \/>\n<meta property=\"og:description\" content=\"Authors: Danuta Szpilko, Joanna Szyd\u0142o, Ewa Gli\u0144ska, Urszula Kobyli\u0144ska, Ewa Rollnik-Sadowska, Urszula Ryciuk Title: Theoretical and practical aspects of\" \/>\n<meta property=\"og:url\" content=\"https:\/\/pb.edu.pl\/en\/publications-of-the-publishing-house\/publications-2021\/\" \/>\n<meta property=\"og:site_name\" content=\"Bialystok University of Technology\" \/>\n<meta property=\"article:modified_time\" content=\"2024-11-26T20:45:54+00:00\" \/>\n<meta property=\"og:image\" content=\"https:\/\/pb.edu.pl\/wp-content\/uploads\/2023\/01\/theoretical.jpg\" \/>\n<script type=\"application\/ld+json\" class=\"yoast-schema-graph\">{\"@context\":\"https:\/\/schema.org\",\"@graph\":[{\"@type\":\"WebPage\",\"@id\":\"https:\/\/pb.edu.pl\/en\/publications-of-the-publishing-house\/publications-2021\/\",\"url\":\"https:\/\/pb.edu.pl\/en\/publications-of-the-publishing-house\/publications-2021\/\",\"name\":\"Publications 2021 - Bialystok University of Technology\",\"isPartOf\":{\"@id\":\"https:\/\/pb.edu.pl\/en\/#website\"},\"primaryImageOfPage\":{\"@id\":\"https:\/\/pb.edu.pl\/en\/publications-of-the-publishing-house\/publications-2021\/#primaryimage\"},\"image\":{\"@id\":\"https:\/\/pb.edu.pl\/en\/publications-of-the-publishing-house\/publications-2021\/#primaryimage\"},\"thumbnailUrl\":\"https:\/\/pb.edu.pl\/wp-content\/uploads\/2023\/01\/theoretical.jpg\",\"datePublished\":\"2024-11-26T20:36:19+00:00\",\"dateModified\":\"2024-11-26T20:45:54+00:00\",\"description\":\"Authors: Danuta Szpilko, Joanna Szyd\u0142o, Ewa Gli\u0144ska, Urszula Kobyli\u0144ska, Ewa Rollnik-Sadowska, Urszula Ryciuk Title: Theoretical and practical aspects of\",\"breadcrumb\":{\"@id\":\"https:\/\/pb.edu.pl\/en\/publications-of-the-publishing-house\/publications-2021\/#breadcrumb\"},\"inLanguage\":\"en-US\",\"potentialAction\":[{\"@type\":\"ReadAction\",\"target\":[\"https:\/\/pb.edu.pl\/en\/publications-of-the-publishing-house\/publications-2021\/\"]}]},{\"@type\":\"ImageObject\",\"inLanguage\":\"en-US\",\"@id\":\"https:\/\/pb.edu.pl\/en\/publications-of-the-publishing-house\/publications-2021\/#primaryimage\",\"url\":\"https:\/\/pb.edu.pl\/wp-content\/uploads\/2023\/01\/theoretical.jpg\",\"contentUrl\":\"https:\/\/pb.edu.pl\/wp-content\/uploads\/2023\/01\/theoretical.jpg\"},{\"@type\":\"BreadcrumbList\",\"@id\":\"https:\/\/pb.edu.pl\/en\/publications-of-the-publishing-house\/publications-2021\/#breadcrumb\",\"itemListElement\":[{\"@type\":\"ListItem\",\"position\":1,\"name\":\"Home\",\"item\":\"https:\/\/pb.edu.pl\/en\/\"},{\"@type\":\"ListItem\",\"position\":2,\"name\":\"Publications of the Publishing House of Bialystok University of Technology\",\"item\":\"https:\/\/pb.edu.pl\/en\/publications-of-the-publishing-house\/\"},{\"@type\":\"ListItem\",\"position\":3,\"name\":\"Publications 2021\"}]},{\"@type\":\"WebSite\",\"@id\":\"https:\/\/pb.edu.pl\/en\/#website\",\"url\":\"https:\/\/pb.edu.pl\/en\/\",\"name\":\"Bialystok University of Technology\",\"description\":\"\",\"publisher\":{\"@id\":\"https:\/\/pb.edu.pl\/en\/#organization\"},\"potentialAction\":[{\"@type\":\"SearchAction\",\"target\":{\"@type\":\"EntryPoint\",\"urlTemplate\":\"https:\/\/pb.edu.pl\/en\/?s={search_term_string}\"},\"query-input\":{\"@type\":\"PropertyValueSpecification\",\"valueRequired\":true,\"valueName\":\"search_term_string\"}}],\"inLanguage\":\"en-US\"},{\"@type\":\"Organization\",\"@id\":\"https:\/\/pb.edu.pl\/en\/#organization\",\"name\":\"Bialystok University of Technology\",\"url\":\"https:\/\/pb.edu.pl\/en\/\",\"logo\":{\"@type\":\"ImageObject\",\"inLanguage\":\"en-US\",\"@id\":\"https:\/\/pb.edu.pl\/en\/#\/schema\/logo\/image\/\",\"url\":\"https:\/\/pb.edu.pl\/wp-content\/uploads\/2026\/02\/logo_pb.svg\",\"contentUrl\":\"https:\/\/pb.edu.pl\/wp-content\/uploads\/2026\/02\/logo_pb.svg\",\"caption\":\"Bialystok University of Technology\"},\"image\":{\"@id\":\"https:\/\/pb.edu.pl\/en\/#\/schema\/logo\/image\/\"}}]}<\/script>\n<!-- \/ Yoast SEO plugin. -->","yoast_head_json":{"title":"Publications 2021 - Bialystok University of Technology","description":"Authors: Danuta Szpilko, Joanna Szyd\u0142o, Ewa Gli\u0144ska, Urszula Kobyli\u0144ska, Ewa Rollnik-Sadowska, Urszula Ryciuk Title: Theoretical and practical aspects of","robots":{"index":"index","follow":"follow","max-snippet":"max-snippet:-1","max-image-preview":"max-image-preview:large","max-video-preview":"max-video-preview:-1"},"canonical":"https:\/\/pb.edu.pl\/en\/publications-of-the-publishing-house\/publications-2021\/","og_locale":"en_US","og_type":"article","og_title":"Publications 2021 - Bialystok University of Technology","og_description":"Authors: Danuta Szpilko, Joanna Szyd\u0142o, Ewa Gli\u0144ska, Urszula Kobyli\u0144ska, Ewa Rollnik-Sadowska, Urszula Ryciuk Title: Theoretical and practical aspects of","og_url":"https:\/\/pb.edu.pl\/en\/publications-of-the-publishing-house\/publications-2021\/","og_site_name":"Bialystok University of Technology","article_modified_time":"2024-11-26T20:45:54+00:00","og_image":[{"url":"https:\/\/pb.edu.pl\/wp-content\/uploads\/2023\/01\/theoretical.jpg","type":"","width":"","height":""}],"schema":{"@context":"https:\/\/schema.org","@graph":[{"@type":"WebPage","@id":"https:\/\/pb.edu.pl\/en\/publications-of-the-publishing-house\/publications-2021\/","url":"https:\/\/pb.edu.pl\/en\/publications-of-the-publishing-house\/publications-2021\/","name":"Publications 2021 - Bialystok University of Technology","isPartOf":{"@id":"https:\/\/pb.edu.pl\/en\/#website"},"primaryImageOfPage":{"@id":"https:\/\/pb.edu.pl\/en\/publications-of-the-publishing-house\/publications-2021\/#primaryimage"},"image":{"@id":"https:\/\/pb.edu.pl\/en\/publications-of-the-publishing-house\/publications-2021\/#primaryimage"},"thumbnailUrl":"https:\/\/pb.edu.pl\/wp-content\/uploads\/2023\/01\/theoretical.jpg","datePublished":"2024-11-26T20:36:19+00:00","dateModified":"2024-11-26T20:45:54+00:00","description":"Authors: Danuta Szpilko, Joanna Szyd\u0142o, Ewa Gli\u0144ska, Urszula Kobyli\u0144ska, Ewa Rollnik-Sadowska, Urszula Ryciuk Title: Theoretical and practical aspects of","breadcrumb":{"@id":"https:\/\/pb.edu.pl\/en\/publications-of-the-publishing-house\/publications-2021\/#breadcrumb"},"inLanguage":"en-US","potentialAction":[{"@type":"ReadAction","target":["https:\/\/pb.edu.pl\/en\/publications-of-the-publishing-house\/publications-2021\/"]}]},{"@type":"ImageObject","inLanguage":"en-US","@id":"https:\/\/pb.edu.pl\/en\/publications-of-the-publishing-house\/publications-2021\/#primaryimage","url":"https:\/\/pb.edu.pl\/wp-content\/uploads\/2023\/01\/theoretical.jpg","contentUrl":"https:\/\/pb.edu.pl\/wp-content\/uploads\/2023\/01\/theoretical.jpg"},{"@type":"BreadcrumbList","@id":"https:\/\/pb.edu.pl\/en\/publications-of-the-publishing-house\/publications-2021\/#breadcrumb","itemListElement":[{"@type":"ListItem","position":1,"name":"Home","item":"https:\/\/pb.edu.pl\/en\/"},{"@type":"ListItem","position":2,"name":"Publications of the Publishing House of Bialystok University of Technology","item":"https:\/\/pb.edu.pl\/en\/publications-of-the-publishing-house\/"},{"@type":"ListItem","position":3,"name":"Publications 2021"}]},{"@type":"WebSite","@id":"https:\/\/pb.edu.pl\/en\/#website","url":"https:\/\/pb.edu.pl\/en\/","name":"Bialystok University of Technology","description":"","publisher":{"@id":"https:\/\/pb.edu.pl\/en\/#organization"},"potentialAction":[{"@type":"SearchAction","target":{"@type":"EntryPoint","urlTemplate":"https:\/\/pb.edu.pl\/en\/?s={search_term_string}"},"query-input":{"@type":"PropertyValueSpecification","valueRequired":true,"valueName":"search_term_string"}}],"inLanguage":"en-US"},{"@type":"Organization","@id":"https:\/\/pb.edu.pl\/en\/#organization","name":"Bialystok University of Technology","url":"https:\/\/pb.edu.pl\/en\/","logo":{"@type":"ImageObject","inLanguage":"en-US","@id":"https:\/\/pb.edu.pl\/en\/#\/schema\/logo\/image\/","url":"https:\/\/pb.edu.pl\/wp-content\/uploads\/2026\/02\/logo_pb.svg","contentUrl":"https:\/\/pb.edu.pl\/wp-content\/uploads\/2026\/02\/logo_pb.svg","caption":"Bialystok University of Technology"},"image":{"@id":"https:\/\/pb.edu.pl\/en\/#\/schema\/logo\/image\/"}}]}},"_links":{"self":[{"href":"https:\/\/pb.edu.pl\/en\/wp-json\/wp\/v2\/pages\/126750","targetHints":{"allow":["GET"]}}],"collection":[{"href":"https:\/\/pb.edu.pl\/en\/wp-json\/wp\/v2\/pages"}],"about":[{"href":"https:\/\/pb.edu.pl\/en\/wp-json\/wp\/v2\/types\/page"}],"author":[{"embeddable":true,"href":"https:\/\/pb.edu.pl\/en\/wp-json\/wp\/v2\/users\/2"}],"replies":[{"embeddable":true,"href":"https:\/\/pb.edu.pl\/en\/wp-json\/wp\/v2\/comments?post=126750"}],"version-history":[{"count":0,"href":"https:\/\/pb.edu.pl\/en\/wp-json\/wp\/v2\/pages\/126750\/revisions"}],"up":[{"embeddable":true,"href":"https:\/\/pb.edu.pl\/en\/wp-json\/wp\/v2\/pages\/126737"}],"wp:attachment":[{"href":"https:\/\/pb.edu.pl\/en\/wp-json\/wp\/v2\/media?parent=126750"}],"curies":[{"name":"wp","href":"https:\/\/api.w.org\/{rel}","templated":true}]}}