{"id":104707,"date":"2020-09-11T13:27:09","date_gmt":"2020-09-11T11:27:09","guid":{"rendered":"https:\/\/pb.edu.pl\/accessibility-declaration\/declaration-of-architectural-accessibility-of-buildings-of-bialystok-university-of-technology\/deklaracja-dostepnosci-architektonicznej-budynkow-wydzialu-inzynierii-zarzadzania\/"},"modified":"2024-01-03T10:20:54","modified_gmt":"2024-01-03T09:20:54","slug":"declaration-of-architectural-accessibility-of-buildings-of-the-faculty-of-engineering-management-of-bialystok-university-of-technology","status":"publish","type":"page","link":"https:\/\/pb.edu.pl\/en\/accessibility-statement\/declaration-of-architectural-accessibility-of-buildings-of-bialystok-university-of-technology\/declaration-of-architectural-accessibility-of-buildings-of-the-faculty-of-engineering-management-of-bialystok-university-of-technology\/","title":{"rendered":"Declaration of architectural accessibility of buildings of the Faculty of Engineering Management of Bialystok University of Technology"},"content":{"rendered":"<address>\n<strong>Faculty of Engineering Management,<\/strong> 2 Ojca Tarasiuka St, 16-001 Kleosin<br \/>\n<\/address>\n<p>As on 28.03.2023<\/p>\n<p>Manager \u2013 Izabela Werbel, MA, <i class=\"fal fa-phone\"><\/i> 85 746-98-00, <i class=\"fal fa-envelope\"><\/i> <a href=\"mailto:i.&#119;er&#98;e&#108;&#64;pb.e&#100;u&#46;&#112;&#108;\" class=\"email-link\" aria-label=\"Wy\u015blij email do i.werbel@pb.edu.pl\">&#105;.&#119;er&#98;&#101;&#108;&#64;&#112;b&#46;&#101;d&#117;&#46;&#112;&#108;<\/a>\n<p>The campus of the Faculty of Engineering Management in Kleosin consists of 4 teaching facilities: \u2018Philadelphia\u2019, Hall \u2018Berlin\u2019, \u2018Montreal\u2019, \u2018Shanghai&#8221; connected to the building of the Dean&#8217;s Office.<\/p>\n<p>Parking places for people with disabilities are designated: 1 parking place by the Philadelphia building, approx. 1.2 m from the entrance to the building by the elevator; 1 parking place at the entrance to the Montreal building.<br \/>\n&nbsp;<br \/>\n<strong>Philadelphia<\/strong> \u2013 a 3-storey building, without basement.<\/p>\n<p>Wheelchair users can access the building by:<\/p>\n<ul>\n<li>the ramp at the main entrance,<\/li>\n<li>at the elevator entrance.<\/li>\n<\/ul>\n<p>The door to the building does not open automatically.<\/p>\n<p>Inside the building there are:<\/p>\n<ul>\n<li>toilets adapted for people with disabilities on the ground floor,<\/li>\n<li>an elevator: no voice information, marking of keys in the Braille alphabet,<\/li>\n<li>a cloakroom connected to the gatehouse, tel. 85 746-98-27.<\/li>\n<\/ul>\n<p><strong>Montreal<\/strong> \u2013 1-storey building, partly with basement.<\/p>\n<p>The door to the building does not open automatically.<\/p>\n<p>Inside the building there is a toilet adapted for people with disabilities and a cloakroom connected to the gatehouse, tel.: 85 746-74-66.<br \/>\n&nbsp;<br \/>\n<strong>Berlin hall<\/strong> \u2013 a 2-storey building without basement.<\/p>\n<p>Wheelchair users can access the building using the ramp at the main entrance.<\/p>\n<p>The door to the building does not open automatically.<\/p>\n<p>Inside the building there are:<\/p>\n<ul>\n<li>toilets adapted for people with disabilities on the ground floor,<\/li>\n<li>podno\u015bnik kabinowy, brak powiadomie\u0144 g\u0142osowych i oznakowania klawiszy w alfabecie brajla.<\/li>\n<\/ul>\n<p>Dean&#8217;s Office \u2013 a 2-storey building, basement.<\/p>\n<p>Wheelchair users can enter the building through the main entrance from level zero.<\/p>\n<p>Inside the building there are:<\/p>\n<ul>\n<li>toilets adapted for people with disabilities on the ground floor,<\/li>\n<li>elevator, automatically opening doors, voice notifications, Braille key markings;<\/li>\n<\/ul>\n<p><strong>Shanghai<\/strong> \u2013 a 2-storey building, partly with basement, connected to the building of the Dean&#8217;s Office.<\/p>\n<p>Wheelchair users can get into the building through the building of the Dean&#8217;s Office.<\/p>\n<p>Inside the building there are:<\/p>\n<ul>\n<li>no accessible toilets.<\/li>\n<li>scissor lift for wheelchair users.<\/li>\n<\/ul>\n<p>The chairs for the evacuation of people with disabilities are located on the last floors of the Dean&#8217;s Office, Berlin Hall, Shanghai and both floors of the Philadelphia building.<br \/>\n&nbsp;<\/p>\n<p>You can enter the facilities with an assistance dog.<\/p>\n<p>Facility maps are available in the <a href=\"https:\/\/pb.edu.pl\/en\/university\/map-of-the-campus\/zonifero-app\/\">Zonifero application<\/a>.<\/p>\n<p>The university provides access to the Migam sign language interpreter service (in Polish), the service is active from Monday to Friday from 8 am to 8 pm.<\/p>\n<p>The following teaching rooms are equipped with inductophone loops: lecture hall 18 and 24, room 105 in the hall \u2018Berlin\u2019. The station inductophone loop is installed in the Dean&#8217;s Office building, room 6 (head of the Dean&#8217;s Office) and in the Faculty Library \u2013 Hall \u2018Berlin\u2019 room 16.<\/p>\n<p>Braille signage will be placed above the room handles. <\/p>\n<p>The facility is to be subjected to modernization works increasing accessibility: improving the marking of parking places.<\/p>\n<p>Staircases equipped with handrails on both sides.<\/p>\n<p>The entrances to the Shanghai building are not equipped with ramps.<\/p>\n<p>The University&#8217;s facilities are not equipped with information systems for people with sensory disabilities, including guidance lines and attention fields, sound information systems.<\/p>\n","protected":false},"excerpt":{"rendered":"<p>Faculty of Engineering Management, 2 Ojca Tarasiuka St, 16-001 Kleosin As on 28.03.2023 Manager \u2013 Izabela Werbel, MA, 85 746-98-00, The campus of the Faculty of Engineering Management in Kleosin&#8230;<\/p>\n","protected":false},"author":2,"featured_media":0,"parent":104623,"menu_order":5,"comment_status":"closed","ping_status":"closed","template":"","meta":{"_acf_changed":false,"ngg_post_thumbnail":0,"footnotes":""},"class_list":["post-104707","page","type-page","status-publish","hentry"],"acf":[],"yoast_head":"<!-- This site is optimized with the Yoast SEO plugin v27.0 - https:\/\/yoast.com\/product\/yoast-seo-wordpress\/ -->\n<title>Declaration of architectural accessibility of buildings of the Faculty of Engineering Management of Bialystok University of Technology - Bialystok University of Technology<\/title>\n<meta name=\"description\" content=\"ul. Ojca St. Tarasiuka 2, 16-001 Kleosin\" \/>\n<meta name=\"robots\" content=\"index, follow, max-snippet:-1, max-image-preview:large, max-video-preview:-1\" \/>\n<link rel=\"canonical\" href=\"https:\/\/pb.edu.pl\/en\/accessibility-statement\/declaration-of-architectural-accessibility-of-buildings-of-bialystok-university-of-technology\/declaration-of-architectural-accessibility-of-buildings-of-the-faculty-of-engineering-management-of-bialystok-university-of-technology\/\" \/>\n<meta property=\"og:locale\" content=\"en_US\" \/>\n<meta property=\"og:type\" content=\"article\" \/>\n<meta property=\"og:title\" content=\"Declaration of architectural accessibility of buildings of the Faculty of Engineering Management of Bialystok University of Technology - Bialystok University of Technology\" \/>\n<meta property=\"og:description\" content=\"ul. Ojca St. Tarasiuka 2, 16-001 Kleosin\" \/>\n<meta property=\"og:url\" content=\"https:\/\/pb.edu.pl\/en\/accessibility-statement\/declaration-of-architectural-accessibility-of-buildings-of-bialystok-university-of-technology\/declaration-of-architectural-accessibility-of-buildings-of-the-faculty-of-engineering-management-of-bialystok-university-of-technology\/\" \/>\n<meta property=\"og:site_name\" content=\"Bialystok University of Technology\" \/>\n<meta property=\"article:modified_time\" content=\"2024-01-03T09:20:54+00:00\" \/>\n<meta name=\"twitter:label1\" content=\"Est. reading time\" \/>\n\t<meta name=\"twitter:data1\" content=\"4 minutes\" \/>\n<script type=\"application\/ld+json\" class=\"yoast-schema-graph\">{\"@context\":\"https:\/\/schema.org\",\"@graph\":[{\"@type\":\"WebPage\",\"@id\":\"https:\/\/pb.edu.pl\/en\/accessibility-statement\/declaration-of-architectural-accessibility-of-buildings-of-bialystok-university-of-technology\/declaration-of-architectural-accessibility-of-buildings-of-the-faculty-of-engineering-management-of-bialystok-university-of-technology\/\",\"url\":\"https:\/\/pb.edu.pl\/en\/accessibility-statement\/declaration-of-architectural-accessibility-of-buildings-of-bialystok-university-of-technology\/declaration-of-architectural-accessibility-of-buildings-of-the-faculty-of-engineering-management-of-bialystok-university-of-technology\/\",\"name\":\"Declaration of architectural accessibility of buildings of the Faculty of Engineering Management of Bialystok University of Technology - Bialystok University of Technology\",\"isPartOf\":{\"@id\":\"https:\/\/pb.edu.pl\/en\/#website\"},\"datePublished\":\"2020-09-11T11:27:09+00:00\",\"dateModified\":\"2024-01-03T09:20:54+00:00\",\"description\":\"ul. Ojca St. Tarasiuka 2, 16-001 Kleosin\",\"breadcrumb\":{\"@id\":\"https:\/\/pb.edu.pl\/en\/accessibility-statement\/declaration-of-architectural-accessibility-of-buildings-of-bialystok-university-of-technology\/declaration-of-architectural-accessibility-of-buildings-of-the-faculty-of-engineering-management-of-bialystok-university-of-technology\/#breadcrumb\"},\"inLanguage\":\"en-US\",\"potentialAction\":[{\"@type\":\"ReadAction\",\"target\":[\"https:\/\/pb.edu.pl\/en\/accessibility-statement\/declaration-of-architectural-accessibility-of-buildings-of-bialystok-university-of-technology\/declaration-of-architectural-accessibility-of-buildings-of-the-faculty-of-engineering-management-of-bialystok-university-of-technology\/\"]}]},{\"@type\":\"BreadcrumbList\",\"@id\":\"https:\/\/pb.edu.pl\/en\/accessibility-statement\/declaration-of-architectural-accessibility-of-buildings-of-bialystok-university-of-technology\/declaration-of-architectural-accessibility-of-buildings-of-the-faculty-of-engineering-management-of-bialystok-university-of-technology\/#breadcrumb\",\"itemListElement\":[{\"@type\":\"ListItem\",\"position\":1,\"name\":\"Home\",\"item\":\"https:\/\/pb.edu.pl\/en\/\"},{\"@type\":\"ListItem\",\"position\":2,\"name\":\"Accessibility Statement\",\"item\":\"https:\/\/pb.edu.pl\/en\/accessibility-statement\/\"},{\"@type\":\"ListItem\",\"position\":3,\"name\":\"Declaration of architectural accessibility of buildings of Bialystok University of Technology\",\"item\":\"https:\/\/pb.edu.pl\/en\/accessibility-statement\/declaration-of-architectural-accessibility-of-buildings-of-bialystok-university-of-technology\/\"},{\"@type\":\"ListItem\",\"position\":4,\"name\":\"Declaration of architectural accessibility of buildings of the Faculty of Engineering Management of Bialystok University of Technology\"}]},{\"@type\":\"WebSite\",\"@id\":\"https:\/\/pb.edu.pl\/en\/#website\",\"url\":\"https:\/\/pb.edu.pl\/en\/\",\"name\":\"Bialystok University of Technology\",\"description\":\"\",\"publisher\":{\"@id\":\"https:\/\/pb.edu.pl\/en\/#organization\"},\"potentialAction\":[{\"@type\":\"SearchAction\",\"target\":{\"@type\":\"EntryPoint\",\"urlTemplate\":\"https:\/\/pb.edu.pl\/en\/?s={search_term_string}\"},\"query-input\":{\"@type\":\"PropertyValueSpecification\",\"valueRequired\":true,\"valueName\":\"search_term_string\"}}],\"inLanguage\":\"en-US\"},{\"@type\":\"Organization\",\"@id\":\"https:\/\/pb.edu.pl\/en\/#organization\",\"name\":\"Bialystok University of Technology\",\"url\":\"https:\/\/pb.edu.pl\/en\/\",\"logo\":{\"@type\":\"ImageObject\",\"inLanguage\":\"en-US\",\"@id\":\"https:\/\/pb.edu.pl\/en\/#\/schema\/logo\/image\/\",\"url\":\"https:\/\/pb.edu.pl\/wp-content\/uploads\/2026\/02\/logo_pb.svg\",\"contentUrl\":\"https:\/\/pb.edu.pl\/wp-content\/uploads\/2026\/02\/logo_pb.svg\",\"caption\":\"Bialystok University of Technology\"},\"image\":{\"@id\":\"https:\/\/pb.edu.pl\/en\/#\/schema\/logo\/image\/\"}}]}<\/script>\n<!-- \/ Yoast SEO plugin. -->","yoast_head_json":{"title":"Declaration of architectural accessibility of buildings of the Faculty of Engineering Management of Bialystok University of Technology - Bialystok University of Technology","description":"ul. Ojca St. Tarasiuka 2, 16-001 Kleosin","robots":{"index":"index","follow":"follow","max-snippet":"max-snippet:-1","max-image-preview":"max-image-preview:large","max-video-preview":"max-video-preview:-1"},"canonical":"https:\/\/pb.edu.pl\/en\/accessibility-statement\/declaration-of-architectural-accessibility-of-buildings-of-bialystok-university-of-technology\/declaration-of-architectural-accessibility-of-buildings-of-the-faculty-of-engineering-management-of-bialystok-university-of-technology\/","og_locale":"en_US","og_type":"article","og_title":"Declaration of architectural accessibility of buildings of the Faculty of Engineering Management of Bialystok University of Technology - Bialystok University of Technology","og_description":"ul. Ojca St. Tarasiuka 2, 16-001 Kleosin","og_url":"https:\/\/pb.edu.pl\/en\/accessibility-statement\/declaration-of-architectural-accessibility-of-buildings-of-bialystok-university-of-technology\/declaration-of-architectural-accessibility-of-buildings-of-the-faculty-of-engineering-management-of-bialystok-university-of-technology\/","og_site_name":"Bialystok University of Technology","article_modified_time":"2024-01-03T09:20:54+00:00","twitter_misc":{"Est. reading time":"4 minutes"},"schema":{"@context":"https:\/\/schema.org","@graph":[{"@type":"WebPage","@id":"https:\/\/pb.edu.pl\/en\/accessibility-statement\/declaration-of-architectural-accessibility-of-buildings-of-bialystok-university-of-technology\/declaration-of-architectural-accessibility-of-buildings-of-the-faculty-of-engineering-management-of-bialystok-university-of-technology\/","url":"https:\/\/pb.edu.pl\/en\/accessibility-statement\/declaration-of-architectural-accessibility-of-buildings-of-bialystok-university-of-technology\/declaration-of-architectural-accessibility-of-buildings-of-the-faculty-of-engineering-management-of-bialystok-university-of-technology\/","name":"Declaration of architectural accessibility of buildings of the Faculty of Engineering Management of Bialystok University of Technology - Bialystok University of Technology","isPartOf":{"@id":"https:\/\/pb.edu.pl\/en\/#website"},"datePublished":"2020-09-11T11:27:09+00:00","dateModified":"2024-01-03T09:20:54+00:00","description":"ul. Ojca St. Tarasiuka 2, 16-001 Kleosin","breadcrumb":{"@id":"https:\/\/pb.edu.pl\/en\/accessibility-statement\/declaration-of-architectural-accessibility-of-buildings-of-bialystok-university-of-technology\/declaration-of-architectural-accessibility-of-buildings-of-the-faculty-of-engineering-management-of-bialystok-university-of-technology\/#breadcrumb"},"inLanguage":"en-US","potentialAction":[{"@type":"ReadAction","target":["https:\/\/pb.edu.pl\/en\/accessibility-statement\/declaration-of-architectural-accessibility-of-buildings-of-bialystok-university-of-technology\/declaration-of-architectural-accessibility-of-buildings-of-the-faculty-of-engineering-management-of-bialystok-university-of-technology\/"]}]},{"@type":"BreadcrumbList","@id":"https:\/\/pb.edu.pl\/en\/accessibility-statement\/declaration-of-architectural-accessibility-of-buildings-of-bialystok-university-of-technology\/declaration-of-architectural-accessibility-of-buildings-of-the-faculty-of-engineering-management-of-bialystok-university-of-technology\/#breadcrumb","itemListElement":[{"@type":"ListItem","position":1,"name":"Home","item":"https:\/\/pb.edu.pl\/en\/"},{"@type":"ListItem","position":2,"name":"Accessibility Statement","item":"https:\/\/pb.edu.pl\/en\/accessibility-statement\/"},{"@type":"ListItem","position":3,"name":"Declaration of architectural accessibility of buildings of Bialystok University of Technology","item":"https:\/\/pb.edu.pl\/en\/accessibility-statement\/declaration-of-architectural-accessibility-of-buildings-of-bialystok-university-of-technology\/"},{"@type":"ListItem","position":4,"name":"Declaration of architectural accessibility of buildings of the Faculty of Engineering Management of Bialystok University of Technology"}]},{"@type":"WebSite","@id":"https:\/\/pb.edu.pl\/en\/#website","url":"https:\/\/pb.edu.pl\/en\/","name":"Bialystok University of Technology","description":"","publisher":{"@id":"https:\/\/pb.edu.pl\/en\/#organization"},"potentialAction":[{"@type":"SearchAction","target":{"@type":"EntryPoint","urlTemplate":"https:\/\/pb.edu.pl\/en\/?s={search_term_string}"},"query-input":{"@type":"PropertyValueSpecification","valueRequired":true,"valueName":"search_term_string"}}],"inLanguage":"en-US"},{"@type":"Organization","@id":"https:\/\/pb.edu.pl\/en\/#organization","name":"Bialystok University of Technology","url":"https:\/\/pb.edu.pl\/en\/","logo":{"@type":"ImageObject","inLanguage":"en-US","@id":"https:\/\/pb.edu.pl\/en\/#\/schema\/logo\/image\/","url":"https:\/\/pb.edu.pl\/wp-content\/uploads\/2026\/02\/logo_pb.svg","contentUrl":"https:\/\/pb.edu.pl\/wp-content\/uploads\/2026\/02\/logo_pb.svg","caption":"Bialystok University of Technology"},"image":{"@id":"https:\/\/pb.edu.pl\/en\/#\/schema\/logo\/image\/"}}]}},"_links":{"self":[{"href":"https:\/\/pb.edu.pl\/en\/wp-json\/wp\/v2\/pages\/104707","targetHints":{"allow":["GET"]}}],"collection":[{"href":"https:\/\/pb.edu.pl\/en\/wp-json\/wp\/v2\/pages"}],"about":[{"href":"https:\/\/pb.edu.pl\/en\/wp-json\/wp\/v2\/types\/page"}],"author":[{"embeddable":true,"href":"https:\/\/pb.edu.pl\/en\/wp-json\/wp\/v2\/users\/2"}],"replies":[{"embeddable":true,"href":"https:\/\/pb.edu.pl\/en\/wp-json\/wp\/v2\/comments?post=104707"}],"version-history":[{"count":0,"href":"https:\/\/pb.edu.pl\/en\/wp-json\/wp\/v2\/pages\/104707\/revisions"}],"up":[{"embeddable":true,"href":"https:\/\/pb.edu.pl\/en\/wp-json\/wp\/v2\/pages\/104623"}],"wp:attachment":[{"href":"https:\/\/pb.edu.pl\/en\/wp-json\/wp\/v2\/media?parent=104707"}],"curies":[{"name":"wp","href":"https:\/\/api.w.org\/{rel}","templated":true}]}}