{"id":104642,"date":"2020-09-22T12:36:35","date_gmt":"2020-09-22T10:36:35","guid":{"rendered":"https:\/\/pb.edu.pl\/accessibility-declaration\/declaration-of-architectural-accessibility-of-buildings-of-bialystok-university-of-technology\/deklaracja-dostepnosci-architektonicznej-budynkow-instytutu-nauk-lesnych-w-hajnowce\/"},"modified":"2023-12-29T13:30:33","modified_gmt":"2023-12-29T12:30:33","slug":"declaration-of-architectural-accessibility-of-the-buildings-of-the-institute-of-forest-sciences-in-hajnowka","status":"publish","type":"page","link":"https:\/\/pb.edu.pl\/en\/accessibility-statement\/declaration-of-architectural-accessibility-of-buildings-of-bialystok-university-of-technology\/declaration-of-architectural-accessibility-of-the-buildings-of-the-institute-of-forest-sciences-in-hajnowka\/","title":{"rendered":"Declaration of architectural accessibility of the buildings of the Institute of Forest Sciences in Hajn\u00f3wka"},"content":{"rendered":"<address>\n<strong>Institute of Forest Sciences of the Faculty of Civil Engineering and Environmental Sciences of Bialystok University of Technology<\/strong>,<br \/>\nOffice of the Institute in Hajn\u00f3wka, 1a Pi\u0142sudskiego St, 17-200 Hajn\u00f3wka, <i class=\"fal fa-phone\"><\/i> 085 682 95 00<br \/>\n<\/address>\n<p>As on 27.03.2023<\/p>\n<p>The facilities used by the Institute of Forest Sciences consist of two didactic buildings \u2013 1 Pi\u0142sudskiego St and the Scientific and Research Center \u2013 1A Pi\u0142sudskiego St.<\/p>\n<p>The University does not own didactic buildings \u2013 1 Pi\u0142sudskiego St.<\/p>\n<p>The facilities can be entered with an assistance dog, excluding laboratory rooms.<\/p>\n<p>The University&#8217;s facilities are not equipped with information systems for people with sensory disabilities, including guidance lines and attention fields, sound information systems.<\/p>\n<p>Maps of some of the objects are available in the <a href=\"https:\/\/pb.edu.pl\/en\/university\/map-of-the-campus\/zonifero-app\/\">Zonifero application<\/a>.<\/p>\n<p>The university provides access to the Migam sign language interpreter service (in Polish), the service is active from Monday to Friday from 8 am to 8 pm.<\/p>\n<p>The University&#8217;s facilities are not equipped with information systems for people with sensory disabilities, including guidance lines and attention fields, sound information systems.<\/p>\n<p>Braille signage will be placed above the room handles.<\/p>\n<p><strong>Scientific and Research Centre of the Institute of Forest Sciences, 1A Pi\u0142sudskiego St.<\/strong><\/p>\n<p>Liczba kondygnacji w budynku: 3<\/p>\n<p>Main entrance equipped with a ramp. No handrails at the stairs to the main entrance.<\/p>\n<p>The entrance door does not open automatically.<\/p>\n<p>The accessible toilet is located on the ground floor (in the women&#8217;s toilet).<\/p>\n<p>The building is equipped with a staircase. The evacuation chair is located upstairs.<\/p>\n<p>Staircases equipped with handrails on both sides.<\/p>\n<p>The office is equipped with an inductophonic loop. <\/p>\n<p><strong>Didactic building B, 1 Pi\u0142sudskiego St.<\/strong><\/p>\n<p>Number of floors in the building: 2<\/p>\n<p>A building with limited accessibility for wheelchair users.<\/p>\n<p>Main entrance with a step, the door to the building does not open automatically.<\/p>\n<p>No accessible toilets.<\/p>\n<p>Staircases equipped with handrails on both sides.<\/p>\n<p>The university uses only part of the laboratory rooms in the building.<\/p>\n","protected":false},"excerpt":{"rendered":"<p>Institute of Forest Sciences of the Faculty of Civil Engineering and Environmental Sciences of Bialystok University of Technology, Office of the Institute in Hajn\u00f3wka, 1a Pi\u0142sudskiego St, 17-200 Hajn\u00f3wka, 085&#8230;<\/p>\n","protected":false},"author":2,"featured_media":0,"parent":104623,"menu_order":0,"comment_status":"closed","ping_status":"closed","template":"","meta":{"_acf_changed":false,"ngg_post_thumbnail":0,"footnotes":""},"class_list":["post-104642","page","type-page","status-publish","hentry"],"acf":[],"yoast_head":"<!-- This site is optimized with the Yoast SEO plugin v27.0 - https:\/\/yoast.com\/product\/yoast-seo-wordpress\/ -->\n<title>Declaration of architectural accessibility of the buildings of the Institute of Forest Sciences in Hajn\u00f3wka - Bialystok University of Technology<\/title>\n<meta name=\"description\" content=\"Institute of Forest Sciences of the Faculty of Civil Engineering and Environmental Sciences of Bialystok University of Technology, Office of the Institute\" \/>\n<meta name=\"robots\" content=\"index, follow, max-snippet:-1, max-image-preview:large, max-video-preview:-1\" \/>\n<link rel=\"canonical\" href=\"https:\/\/pb.edu.pl\/en\/accessibility-statement\/declaration-of-architectural-accessibility-of-buildings-of-bialystok-university-of-technology\/declaration-of-architectural-accessibility-of-the-buildings-of-the-institute-of-forest-sciences-in-hajnowka\/\" \/>\n<meta property=\"og:locale\" content=\"en_US\" \/>\n<meta property=\"og:type\" content=\"article\" \/>\n<meta property=\"og:title\" content=\"Declaration of architectural accessibility of the buildings of the Institute of Forest Sciences in Hajn\u00f3wka - Bialystok University of Technology\" \/>\n<meta property=\"og:description\" content=\"Institute of Forest Sciences of the Faculty of Civil Engineering and Environmental Sciences of Bialystok University of Technology, Office of the Institute\" \/>\n<meta property=\"og:url\" content=\"https:\/\/pb.edu.pl\/en\/accessibility-statement\/declaration-of-architectural-accessibility-of-buildings-of-bialystok-university-of-technology\/declaration-of-architectural-accessibility-of-the-buildings-of-the-institute-of-forest-sciences-in-hajnowka\/\" \/>\n<meta property=\"og:site_name\" content=\"Bialystok University of Technology\" \/>\n<meta property=\"article:modified_time\" content=\"2023-12-29T12:30:33+00:00\" \/>\n<meta name=\"twitter:label1\" content=\"Est. reading time\" \/>\n\t<meta name=\"twitter:data1\" content=\"2 minutes\" \/>\n<script type=\"application\/ld+json\" class=\"yoast-schema-graph\">{\"@context\":\"https:\/\/schema.org\",\"@graph\":[{\"@type\":\"WebPage\",\"@id\":\"https:\/\/pb.edu.pl\/en\/accessibility-statement\/declaration-of-architectural-accessibility-of-buildings-of-bialystok-university-of-technology\/declaration-of-architectural-accessibility-of-the-buildings-of-the-institute-of-forest-sciences-in-hajnowka\/\",\"url\":\"https:\/\/pb.edu.pl\/en\/accessibility-statement\/declaration-of-architectural-accessibility-of-buildings-of-bialystok-university-of-technology\/declaration-of-architectural-accessibility-of-the-buildings-of-the-institute-of-forest-sciences-in-hajnowka\/\",\"name\":\"Declaration of architectural accessibility of the buildings of the Institute of Forest Sciences in Hajn\u00f3wka - Bialystok University of Technology\",\"isPartOf\":{\"@id\":\"https:\/\/pb.edu.pl\/en\/#website\"},\"datePublished\":\"2020-09-22T10:36:35+00:00\",\"dateModified\":\"2023-12-29T12:30:33+00:00\",\"description\":\"Institute of Forest Sciences of the Faculty of Civil Engineering and Environmental Sciences of Bialystok University of Technology, Office of the Institute\",\"breadcrumb\":{\"@id\":\"https:\/\/pb.edu.pl\/en\/accessibility-statement\/declaration-of-architectural-accessibility-of-buildings-of-bialystok-university-of-technology\/declaration-of-architectural-accessibility-of-the-buildings-of-the-institute-of-forest-sciences-in-hajnowka\/#breadcrumb\"},\"inLanguage\":\"en-US\",\"potentialAction\":[{\"@type\":\"ReadAction\",\"target\":[\"https:\/\/pb.edu.pl\/en\/accessibility-statement\/declaration-of-architectural-accessibility-of-buildings-of-bialystok-university-of-technology\/declaration-of-architectural-accessibility-of-the-buildings-of-the-institute-of-forest-sciences-in-hajnowka\/\"]}]},{\"@type\":\"BreadcrumbList\",\"@id\":\"https:\/\/pb.edu.pl\/en\/accessibility-statement\/declaration-of-architectural-accessibility-of-buildings-of-bialystok-university-of-technology\/declaration-of-architectural-accessibility-of-the-buildings-of-the-institute-of-forest-sciences-in-hajnowka\/#breadcrumb\",\"itemListElement\":[{\"@type\":\"ListItem\",\"position\":1,\"name\":\"Home\",\"item\":\"https:\/\/pb.edu.pl\/en\/\"},{\"@type\":\"ListItem\",\"position\":2,\"name\":\"Accessibility Statement\",\"item\":\"https:\/\/pb.edu.pl\/en\/accessibility-statement\/\"},{\"@type\":\"ListItem\",\"position\":3,\"name\":\"Declaration of architectural accessibility of buildings of Bialystok University of Technology\",\"item\":\"https:\/\/pb.edu.pl\/en\/accessibility-statement\/declaration-of-architectural-accessibility-of-buildings-of-bialystok-university-of-technology\/\"},{\"@type\":\"ListItem\",\"position\":4,\"name\":\"Declaration of architectural accessibility of the buildings of the Institute of Forest Sciences in Hajn\u00f3wka\"}]},{\"@type\":\"WebSite\",\"@id\":\"https:\/\/pb.edu.pl\/en\/#website\",\"url\":\"https:\/\/pb.edu.pl\/en\/\",\"name\":\"Bialystok University of Technology\",\"description\":\"\",\"publisher\":{\"@id\":\"https:\/\/pb.edu.pl\/en\/#organization\"},\"potentialAction\":[{\"@type\":\"SearchAction\",\"target\":{\"@type\":\"EntryPoint\",\"urlTemplate\":\"https:\/\/pb.edu.pl\/en\/?s={search_term_string}\"},\"query-input\":{\"@type\":\"PropertyValueSpecification\",\"valueRequired\":true,\"valueName\":\"search_term_string\"}}],\"inLanguage\":\"en-US\"},{\"@type\":\"Organization\",\"@id\":\"https:\/\/pb.edu.pl\/en\/#organization\",\"name\":\"Bialystok University of Technology\",\"url\":\"https:\/\/pb.edu.pl\/en\/\",\"logo\":{\"@type\":\"ImageObject\",\"inLanguage\":\"en-US\",\"@id\":\"https:\/\/pb.edu.pl\/en\/#\/schema\/logo\/image\/\",\"url\":\"https:\/\/pb.edu.pl\/wp-content\/uploads\/2026\/02\/logo_pb.svg\",\"contentUrl\":\"https:\/\/pb.edu.pl\/wp-content\/uploads\/2026\/02\/logo_pb.svg\",\"caption\":\"Bialystok University of Technology\"},\"image\":{\"@id\":\"https:\/\/pb.edu.pl\/en\/#\/schema\/logo\/image\/\"}}]}<\/script>\n<!-- \/ Yoast SEO plugin. -->","yoast_head_json":{"title":"Declaration of architectural accessibility of the buildings of the Institute of Forest Sciences in Hajn\u00f3wka - Bialystok University of Technology","description":"Institute of Forest Sciences of the Faculty of Civil Engineering and Environmental Sciences of Bialystok University of Technology, Office of the Institute","robots":{"index":"index","follow":"follow","max-snippet":"max-snippet:-1","max-image-preview":"max-image-preview:large","max-video-preview":"max-video-preview:-1"},"canonical":"https:\/\/pb.edu.pl\/en\/accessibility-statement\/declaration-of-architectural-accessibility-of-buildings-of-bialystok-university-of-technology\/declaration-of-architectural-accessibility-of-the-buildings-of-the-institute-of-forest-sciences-in-hajnowka\/","og_locale":"en_US","og_type":"article","og_title":"Declaration of architectural accessibility of the buildings of the Institute of Forest Sciences in Hajn\u00f3wka - Bialystok University of Technology","og_description":"Institute of Forest Sciences of the Faculty of Civil Engineering and Environmental Sciences of Bialystok University of Technology, Office of the Institute","og_url":"https:\/\/pb.edu.pl\/en\/accessibility-statement\/declaration-of-architectural-accessibility-of-buildings-of-bialystok-university-of-technology\/declaration-of-architectural-accessibility-of-the-buildings-of-the-institute-of-forest-sciences-in-hajnowka\/","og_site_name":"Bialystok University of Technology","article_modified_time":"2023-12-29T12:30:33+00:00","twitter_misc":{"Est. reading time":"2 minutes"},"schema":{"@context":"https:\/\/schema.org","@graph":[{"@type":"WebPage","@id":"https:\/\/pb.edu.pl\/en\/accessibility-statement\/declaration-of-architectural-accessibility-of-buildings-of-bialystok-university-of-technology\/declaration-of-architectural-accessibility-of-the-buildings-of-the-institute-of-forest-sciences-in-hajnowka\/","url":"https:\/\/pb.edu.pl\/en\/accessibility-statement\/declaration-of-architectural-accessibility-of-buildings-of-bialystok-university-of-technology\/declaration-of-architectural-accessibility-of-the-buildings-of-the-institute-of-forest-sciences-in-hajnowka\/","name":"Declaration of architectural accessibility of the buildings of the Institute of Forest Sciences in Hajn\u00f3wka - Bialystok University of Technology","isPartOf":{"@id":"https:\/\/pb.edu.pl\/en\/#website"},"datePublished":"2020-09-22T10:36:35+00:00","dateModified":"2023-12-29T12:30:33+00:00","description":"Institute of Forest Sciences of the Faculty of Civil Engineering and Environmental Sciences of Bialystok University of Technology, Office of the Institute","breadcrumb":{"@id":"https:\/\/pb.edu.pl\/en\/accessibility-statement\/declaration-of-architectural-accessibility-of-buildings-of-bialystok-university-of-technology\/declaration-of-architectural-accessibility-of-the-buildings-of-the-institute-of-forest-sciences-in-hajnowka\/#breadcrumb"},"inLanguage":"en-US","potentialAction":[{"@type":"ReadAction","target":["https:\/\/pb.edu.pl\/en\/accessibility-statement\/declaration-of-architectural-accessibility-of-buildings-of-bialystok-university-of-technology\/declaration-of-architectural-accessibility-of-the-buildings-of-the-institute-of-forest-sciences-in-hajnowka\/"]}]},{"@type":"BreadcrumbList","@id":"https:\/\/pb.edu.pl\/en\/accessibility-statement\/declaration-of-architectural-accessibility-of-buildings-of-bialystok-university-of-technology\/declaration-of-architectural-accessibility-of-the-buildings-of-the-institute-of-forest-sciences-in-hajnowka\/#breadcrumb","itemListElement":[{"@type":"ListItem","position":1,"name":"Home","item":"https:\/\/pb.edu.pl\/en\/"},{"@type":"ListItem","position":2,"name":"Accessibility Statement","item":"https:\/\/pb.edu.pl\/en\/accessibility-statement\/"},{"@type":"ListItem","position":3,"name":"Declaration of architectural accessibility of buildings of Bialystok University of Technology","item":"https:\/\/pb.edu.pl\/en\/accessibility-statement\/declaration-of-architectural-accessibility-of-buildings-of-bialystok-university-of-technology\/"},{"@type":"ListItem","position":4,"name":"Declaration of architectural accessibility of the buildings of the Institute of Forest Sciences in Hajn\u00f3wka"}]},{"@type":"WebSite","@id":"https:\/\/pb.edu.pl\/en\/#website","url":"https:\/\/pb.edu.pl\/en\/","name":"Bialystok University of Technology","description":"","publisher":{"@id":"https:\/\/pb.edu.pl\/en\/#organization"},"potentialAction":[{"@type":"SearchAction","target":{"@type":"EntryPoint","urlTemplate":"https:\/\/pb.edu.pl\/en\/?s={search_term_string}"},"query-input":{"@type":"PropertyValueSpecification","valueRequired":true,"valueName":"search_term_string"}}],"inLanguage":"en-US"},{"@type":"Organization","@id":"https:\/\/pb.edu.pl\/en\/#organization","name":"Bialystok University of Technology","url":"https:\/\/pb.edu.pl\/en\/","logo":{"@type":"ImageObject","inLanguage":"en-US","@id":"https:\/\/pb.edu.pl\/en\/#\/schema\/logo\/image\/","url":"https:\/\/pb.edu.pl\/wp-content\/uploads\/2026\/02\/logo_pb.svg","contentUrl":"https:\/\/pb.edu.pl\/wp-content\/uploads\/2026\/02\/logo_pb.svg","caption":"Bialystok University of Technology"},"image":{"@id":"https:\/\/pb.edu.pl\/en\/#\/schema\/logo\/image\/"}}]}},"_links":{"self":[{"href":"https:\/\/pb.edu.pl\/en\/wp-json\/wp\/v2\/pages\/104642","targetHints":{"allow":["GET"]}}],"collection":[{"href":"https:\/\/pb.edu.pl\/en\/wp-json\/wp\/v2\/pages"}],"about":[{"href":"https:\/\/pb.edu.pl\/en\/wp-json\/wp\/v2\/types\/page"}],"author":[{"embeddable":true,"href":"https:\/\/pb.edu.pl\/en\/wp-json\/wp\/v2\/users\/2"}],"replies":[{"embeddable":true,"href":"https:\/\/pb.edu.pl\/en\/wp-json\/wp\/v2\/comments?post=104642"}],"version-history":[{"count":0,"href":"https:\/\/pb.edu.pl\/en\/wp-json\/wp\/v2\/pages\/104642\/revisions"}],"up":[{"embeddable":true,"href":"https:\/\/pb.edu.pl\/en\/wp-json\/wp\/v2\/pages\/104623"}],"wp:attachment":[{"href":"https:\/\/pb.edu.pl\/en\/wp-json\/wp\/v2\/media?parent=104642"}],"curies":[{"name":"wp","href":"https:\/\/api.w.org\/{rel}","templated":true}]}}