{"id":103563,"date":"2023-04-10T21:26:18","date_gmt":"2023-04-10T19:26:18","guid":{"rendered":"https:\/\/pb.edu.pl\/konferencje\/"},"modified":"2023-12-10T13:38:05","modified_gmt":"2023-12-10T12:38:05","slug":"conferences","status":"publish","type":"page","link":"https:\/\/pb.edu.pl\/en\/conferences\/","title":{"rendered":"Conferences"},"content":{"rendered":"                <div class=\"box news-box news-box-box\">\n        <div class=\"row\">\n            \n            \n                                        <div class=\"col-xl-3 col-lg-4 col-md-6\">\n                            \n<article class=\"format-standard\">\n    <span class=\"date text-right\"><i class=\"fal fa-calendar-alt\"><\/i> 18-12-2025<\/span>\n    <a href=\"https:\/\/pb.edu.pl\/en\/2025\/12\/18\/9th-german-polish-conference-on-optimization-methods-and-applications-21-25-september-2026\/\">\n      <div class=\"article-image mb-1\">\n        <img loading=\"lazy\" decoding=\"async\" width=\"480\" height=\"300\" src=\"https:\/\/pb.edu.pl\/wp-content\/uploads\/2025\/12\/2025-12-german-polish-conference-www-1-480x300.jpg\" class=\"img-fluid wp-post-image\" alt=\"9th German-Polish Conference on Optimization \u2013 Methods and Applications, 21\u201325 September 2026\" srcset=\"https:\/\/pb.edu.pl\/wp-content\/uploads\/2025\/12\/2025-12-german-polish-conference-www-1-480x300.jpg 480w, https:\/\/pb.edu.pl\/wp-content\/uploads\/2025\/12\/2025-12-german-polish-conference-www-1-300x188.jpg 300w, https:\/\/pb.edu.pl\/wp-content\/uploads\/2025\/12\/2025-12-german-polish-conference-www-1-1024x640.jpg 1024w, https:\/\/pb.edu.pl\/wp-content\/uploads\/2025\/12\/2025-12-german-polish-conference-www-1-768x480.jpg 768w, https:\/\/pb.edu.pl\/wp-content\/uploads\/2025\/12\/2025-12-german-polish-conference-www-1-1536x960.jpg 1536w, https:\/\/pb.edu.pl\/wp-content\/uploads\/2025\/12\/2025-12-german-polish-conference-www-1-2048x1280.jpg 2048w\" sizes=\"auto, (max-width: 480px) 100vw, 480px\" \/>      <\/div>\n      <h3 class=\"mb-1\">9th German-Polish Conference on Optimization \u2013 Methods and Applications, 21\u201325 September 2026<\/h3>\n      The Faculty of Computer Science at Bialystok University of Technology received    <\/a>\n<\/article>                        <\/div>\n                                            <div class=\"col-xl-3 col-lg-4 col-md-6\">\n                            \n<article class=\"format-standard\">\n    <span class=\"date text-right\"><i class=\"fal fa-calendar-alt\"><\/i> 22-10-2025<\/span>\n    <a href=\"https:\/\/pb.edu.pl\/en\/2025\/10\/22\/forum-of-cohesion-and-border-development-of-the-european-union-with-the-participation-of-the-rector-of-bialystok-university-of-technology\/\">\n      <div class=\"article-image mb-1\">\n        <img loading=\"lazy\" decoding=\"async\" width=\"480\" height=\"300\" src=\"https:\/\/pb.edu.pl\/wp-content\/uploads\/2025\/10\/2025-10-21-forum-spojnosci-i-rozwoju-granicznego-www-480x300.jpg\" class=\"img-fluid wp-post-image\" alt=\"\" srcset=\"https:\/\/pb.edu.pl\/wp-content\/uploads\/2025\/10\/2025-10-21-forum-spojnosci-i-rozwoju-granicznego-www-480x300.jpg 480w, https:\/\/pb.edu.pl\/wp-content\/uploads\/2025\/10\/2025-10-21-forum-spojnosci-i-rozwoju-granicznego-www-300x188.jpg 300w, https:\/\/pb.edu.pl\/wp-content\/uploads\/2025\/10\/2025-10-21-forum-spojnosci-i-rozwoju-granicznego-www-1024x640.jpg 1024w, https:\/\/pb.edu.pl\/wp-content\/uploads\/2025\/10\/2025-10-21-forum-spojnosci-i-rozwoju-granicznego-www-768x480.jpg 768w, https:\/\/pb.edu.pl\/wp-content\/uploads\/2025\/10\/2025-10-21-forum-spojnosci-i-rozwoju-granicznego-www.jpg 1080w\" sizes=\"auto, (max-width: 480px) 100vw, 480px\" \/>      <\/div>\n      <h3 class=\"mb-1\">Forum of Cohesion and Border Development of the European Union with the participation of the Rector of Bialystok University of Technology<\/h3>\n      On 28 October 2025, the Forum of Cohesion and Border Development    <\/a>\n<\/article>                        <\/div>\n                                            <div class=\"col-xl-3 col-lg-4 col-md-6\">\n                            \n<article class=\"format-standard\">\n    <span class=\"date text-right\"><i class=\"fal fa-calendar-alt\"><\/i> 13-06-2025<\/span>\n    <a href=\"https:\/\/pb.edu.pl\/en\/2025\/06\/13\/whats-next-after-graduation-bialystok-university-of-technology-invites-you-to-a-debate-on-future-skills\/\">\n      <div class=\"article-image mb-1\">\n        <img loading=\"lazy\" decoding=\"async\" width=\"480\" height=\"300\" src=\"https:\/\/pb.edu.pl\/wp-content\/uploads\/2025\/06\/13.06.2025-Co-po-dyplomie-Politechnika-Bialostocka-zaprasza-na-debate-o-kompetencjach-przyszlosci-480x300.jpg\" class=\"img-fluid wp-post-image\" alt=\"\" srcset=\"https:\/\/pb.edu.pl\/wp-content\/uploads\/2025\/06\/13.06.2025-Co-po-dyplomie-Politechnika-Bialostocka-zaprasza-na-debate-o-kompetencjach-przyszlosci-480x300.jpg 480w, https:\/\/pb.edu.pl\/wp-content\/uploads\/2025\/06\/13.06.2025-Co-po-dyplomie-Politechnika-Bialostocka-zaprasza-na-debate-o-kompetencjach-przyszlosci-300x188.jpg 300w, https:\/\/pb.edu.pl\/wp-content\/uploads\/2025\/06\/13.06.2025-Co-po-dyplomie-Politechnika-Bialostocka-zaprasza-na-debate-o-kompetencjach-przyszlosci-1024x640.jpg 1024w, https:\/\/pb.edu.pl\/wp-content\/uploads\/2025\/06\/13.06.2025-Co-po-dyplomie-Politechnika-Bialostocka-zaprasza-na-debate-o-kompetencjach-przyszlosci-768x480.jpg 768w, https:\/\/pb.edu.pl\/wp-content\/uploads\/2025\/06\/13.06.2025-Co-po-dyplomie-Politechnika-Bialostocka-zaprasza-na-debate-o-kompetencjach-przyszlosci-1536x960.jpg 1536w, https:\/\/pb.edu.pl\/wp-content\/uploads\/2025\/06\/13.06.2025-Co-po-dyplomie-Politechnika-Bialostocka-zaprasza-na-debate-o-kompetencjach-przyszlosci-2048x1280.jpg 2048w\" sizes=\"auto, (max-width: 480px) 100vw, 480px\" \/>      <\/div>\n      <h3 class=\"mb-1\">What\u2019s next after graduation? Bialystok University of Technology invites you to a debate on future skills<\/h3>\n      What skills matter most on today\u2019s job market? Is a diploma    <\/a>\n<\/article>                        <\/div>\n                                            <div class=\"col-xl-3 col-lg-4 col-md-6\">\n                            \n<article class=\"format-standard\">\n    <span class=\"date text-right\"><i class=\"fal fa-calendar-alt\"><\/i> 02-06-2025<\/span>\n    <a href=\"https:\/\/pb.edu.pl\/en\/2025\/06\/02\/2nd-international-young-researchers-conference-ideas-research-training\/\">\n      <div class=\"article-image mb-1\">\n        <img loading=\"lazy\" decoding=\"async\" width=\"480\" height=\"300\" src=\"https:\/\/pb.edu.pl\/wp-content\/uploads\/2025\/06\/2025-06-2nd-international-young-researchers-conference-www-480x300.jpg\" class=\"img-fluid wp-post-image\" alt=\"\" srcset=\"https:\/\/pb.edu.pl\/wp-content\/uploads\/2025\/06\/2025-06-2nd-international-young-researchers-conference-www-480x300.jpg 480w, https:\/\/pb.edu.pl\/wp-content\/uploads\/2025\/06\/2025-06-2nd-international-young-researchers-conference-www-300x188.jpg 300w, https:\/\/pb.edu.pl\/wp-content\/uploads\/2025\/06\/2025-06-2nd-international-young-researchers-conference-www-1024x640.jpg 1024w, https:\/\/pb.edu.pl\/wp-content\/uploads\/2025\/06\/2025-06-2nd-international-young-researchers-conference-www-768x480.jpg 768w, https:\/\/pb.edu.pl\/wp-content\/uploads\/2025\/06\/2025-06-2nd-international-young-researchers-conference-www-1536x960.jpg 1536w, https:\/\/pb.edu.pl\/wp-content\/uploads\/2025\/06\/2025-06-2nd-international-young-researchers-conference-www-2048x1280.jpg 2048w\" sizes=\"auto, (max-width: 480px) 100vw, 480px\" \/>      <\/div>\n      <h3 class=\"mb-1\">2nd International Young Researchers Conference: Ideas, Research, Training<\/h3>\n      The 2nd International Young Researchers Conference: Ideas, Research, Training will take    <\/a>\n<\/article>                        <\/div>\n                                            <div class=\"col-xl-3 col-lg-4 col-md-6\">\n                            \n<article class=\"format-standard\">\n    <span class=\"date text-right\"><i class=\"fal fa-calendar-alt\"><\/i> 26-05-2025<\/span>\n    <a href=\"https:\/\/pb.edu.pl\/en\/2025\/05\/26\/international-scientific-conference-dare-at-the-faculty-of-architecture-of-bialystok-university-of-technology-4-6-june-2025\/\">\n      <div class=\"article-image mb-1\">\n        <img loading=\"lazy\" decoding=\"async\" width=\"480\" height=\"300\" src=\"https:\/\/pb.edu.pl\/wp-content\/uploads\/2025\/05\/DARe-konferencja-www-1080-675-480x300.jpg\" class=\"img-fluid wp-post-image\" alt=\"\" srcset=\"https:\/\/pb.edu.pl\/wp-content\/uploads\/2025\/05\/DARe-konferencja-www-1080-675-480x300.jpg 480w, https:\/\/pb.edu.pl\/wp-content\/uploads\/2025\/05\/DARe-konferencja-www-1080-675-300x188.jpg 300w, https:\/\/pb.edu.pl\/wp-content\/uploads\/2025\/05\/DARe-konferencja-www-1080-675-1024x640.jpg 1024w, https:\/\/pb.edu.pl\/wp-content\/uploads\/2025\/05\/DARe-konferencja-www-1080-675-768x480.jpg 768w, https:\/\/pb.edu.pl\/wp-content\/uploads\/2025\/05\/DARe-konferencja-www-1080-675.jpg 1080w\" sizes=\"auto, (max-width: 480px) 100vw, 480px\" \/>      <\/div>\n      <h3 class=\"mb-1\">International Scientific Conference DARe at the Faculty of Architecture of Bialystok University of Technology, 4\u20136 June 2025<\/h3>\n      The International Scientific Conference DARe \u2013 Digital Architecture Research \u2013 will    <\/a>\n<\/article>                        <\/div>\n                                            <div class=\"col-xl-3 col-lg-4 col-md-6\">\n                            \n<article class=\"format-standard\">\n    <span class=\"date text-right\"><i class=\"fal fa-calendar-alt\"><\/i> 10-04-2025<\/span>\n    <a href=\"https:\/\/pb.edu.pl\/en\/2025\/04\/10\/the-future-of-medicine-and-humanity-according-to-prof-dr-karine-sargsyan-open-lecture-at-bialystok-university-of-technology\/\">\n      <div class=\"article-image mb-1\">\n        <img loading=\"lazy\" decoding=\"async\" width=\"480\" height=\"300\" src=\"https:\/\/pb.edu.pl\/wp-content\/uploads\/2025\/04\/2025-04-ryszard-kapuscinski-lectures-www-1080-675-480x300.jpg\" class=\"img-fluid wp-post-image\" alt=\"\" srcset=\"https:\/\/pb.edu.pl\/wp-content\/uploads\/2025\/04\/2025-04-ryszard-kapuscinski-lectures-www-1080-675-480x300.jpg 480w, https:\/\/pb.edu.pl\/wp-content\/uploads\/2025\/04\/2025-04-ryszard-kapuscinski-lectures-www-1080-675-300x188.jpg 300w, https:\/\/pb.edu.pl\/wp-content\/uploads\/2025\/04\/2025-04-ryszard-kapuscinski-lectures-www-1080-675-1024x640.jpg 1024w, https:\/\/pb.edu.pl\/wp-content\/uploads\/2025\/04\/2025-04-ryszard-kapuscinski-lectures-www-1080-675-768x480.jpg 768w, https:\/\/pb.edu.pl\/wp-content\/uploads\/2025\/04\/2025-04-ryszard-kapuscinski-lectures-www-1080-675.jpg 1080w\" sizes=\"auto, (max-width: 480px) 100vw, 480px\" \/>      <\/div>\n      <h3 class=\"mb-1\">The Future of Medicine and Humanity According to Prof. Dr Karine Sargsyan. Open Lecture at Bialystok University of Technology<\/h3>\n      \u201cThe Future of Medicine and Humanity: The Convergence of Biology, Technology    <\/a>\n<\/article>                        <\/div>\n                                            <div class=\"col-xl-3 col-lg-4 col-md-6\">\n                            \n<article class=\"format-standard\">\n    <span class=\"date text-right\"><i class=\"fal fa-calendar-alt\"><\/i> 04-04-2025<\/span>\n    <a href=\"https:\/\/pb.edu.pl\/en\/2025\/04\/04\/rector-of-bialystok-university-of-technology-to-speak-at-the-17th-european-economic-congress\/\">\n      <div class=\"article-image mb-1\">\n        <img loading=\"lazy\" decoding=\"async\" width=\"480\" height=\"300\" src=\"https:\/\/pb.edu.pl\/wp-content\/uploads\/2025\/03\/2025-04-europejski-kongres-gospodarczy-www-eng-480x300.jpg\" class=\"img-fluid wp-post-image\" alt=\"\" srcset=\"https:\/\/pb.edu.pl\/wp-content\/uploads\/2025\/03\/2025-04-europejski-kongres-gospodarczy-www-eng-480x300.jpg 480w, https:\/\/pb.edu.pl\/wp-content\/uploads\/2025\/03\/2025-04-europejski-kongres-gospodarczy-www-eng-300x188.jpg 300w, https:\/\/pb.edu.pl\/wp-content\/uploads\/2025\/03\/2025-04-europejski-kongres-gospodarczy-www-eng-1024x640.jpg 1024w, https:\/\/pb.edu.pl\/wp-content\/uploads\/2025\/03\/2025-04-europejski-kongres-gospodarczy-www-eng-768x480.jpg 768w, https:\/\/pb.edu.pl\/wp-content\/uploads\/2025\/03\/2025-04-europejski-kongres-gospodarczy-www-eng.jpg 1080w\" sizes=\"auto, (max-width: 480px) 100vw, 480px\" \/>      <\/div>\n      <h3 class=\"mb-1\">Rector of Bialystok University of Technology to Speak at the 17th European Economic Congress<\/h3>\n      Assoc. Prof. Marta Kosior-Kazberuk, DSc, PhD, Eng, Rector of Bialystok University    <\/a>\n<\/article>                        <\/div>\n                                            <div class=\"col-xl-3 col-lg-4 col-md-6\">\n                            \n<article class=\"format-standard\">\n    <span class=\"date text-right\"><i class=\"fal fa-calendar-alt\"><\/i> 24-02-2025<\/span>\n    <a href=\"https:\/\/pb.edu.pl\/en\/2025\/02\/24\/amcm-2025-international-conference-at-bialystok-university-of-technology\/\">\n      <div class=\"article-image mb-1\">\n        <img loading=\"lazy\" decoding=\"async\" width=\"480\" height=\"300\" src=\"https:\/\/pb.edu.pl\/wp-content\/uploads\/2025\/01\/2025-02-konferencja-AMCM2025-2160x1350px-ENG-480x300.jpg\" class=\"img-fluid wp-post-image\" alt=\"\" srcset=\"https:\/\/pb.edu.pl\/wp-content\/uploads\/2025\/01\/2025-02-konferencja-AMCM2025-2160x1350px-ENG-480x300.jpg 480w, https:\/\/pb.edu.pl\/wp-content\/uploads\/2025\/01\/2025-02-konferencja-AMCM2025-2160x1350px-ENG-300x188.jpg 300w, https:\/\/pb.edu.pl\/wp-content\/uploads\/2025\/01\/2025-02-konferencja-AMCM2025-2160x1350px-ENG-1024x640.jpg 1024w, https:\/\/pb.edu.pl\/wp-content\/uploads\/2025\/01\/2025-02-konferencja-AMCM2025-2160x1350px-ENG-768x480.jpg 768w, https:\/\/pb.edu.pl\/wp-content\/uploads\/2025\/01\/2025-02-konferencja-AMCM2025-2160x1350px-ENG-1536x960.jpg 1536w, https:\/\/pb.edu.pl\/wp-content\/uploads\/2025\/01\/2025-02-konferencja-AMCM2025-2160x1350px-ENG-2048x1280.jpg 2048w\" sizes=\"auto, (max-width: 480px) 100vw, 480px\" \/>      <\/div>\n      <h3 class=\"mb-1\">AMCM 2025 International Conference at Bialystok University of Technology<\/h3>\n      11th International Conference &#8216;Analytical Models and New Concepts in Concrete and    <\/a>\n<\/article>                        <\/div>\n                                            <div class=\"col-xl-3 col-lg-4 col-md-6\">\n                            \n<article class=\"format-standard\">\n    <span class=\"date text-right\"><i class=\"fal fa-calendar-alt\"><\/i> 26-07-2024<\/span>\n    <a href=\"https:\/\/pb.edu.pl\/en\/2024\/07\/26\/cisim-2024\/\">\n      <div class=\"article-image mb-1\">\n        <img loading=\"lazy\" decoding=\"async\" width=\"480\" height=\"300\" src=\"https:\/\/pb.edu.pl\/wp-content\/uploads\/2024\/07\/CISIM-konferencja-2024-WIPB-www-480x300.jpg\" class=\"img-fluid wp-post-image\" alt=\"\" srcset=\"https:\/\/pb.edu.pl\/wp-content\/uploads\/2024\/07\/CISIM-konferencja-2024-WIPB-www-480x300.jpg 480w, https:\/\/pb.edu.pl\/wp-content\/uploads\/2024\/07\/CISIM-konferencja-2024-WIPB-www-300x188.jpg 300w, https:\/\/pb.edu.pl\/wp-content\/uploads\/2024\/07\/CISIM-konferencja-2024-WIPB-www-1024x640.jpg 1024w, https:\/\/pb.edu.pl\/wp-content\/uploads\/2024\/07\/CISIM-konferencja-2024-WIPB-www-768x480.jpg 768w, https:\/\/pb.edu.pl\/wp-content\/uploads\/2024\/07\/CISIM-konferencja-2024-WIPB-www-1536x960.jpg 1536w, https:\/\/pb.edu.pl\/wp-content\/uploads\/2024\/07\/CISIM-konferencja-2024-WIPB-www.jpg 1600w\" sizes=\"auto, (max-width: 480px) 100vw, 480px\" \/>      <\/div>\n      <h3 class=\"mb-1\">CISIM 2024<\/h3>\n      The Faculty of Computer Science at Bialystok University of Technology will    <\/a>\n<\/article>                        <\/div>\n                                            <div class=\"col-xl-3 col-lg-4 col-md-6\">\n                            \n<article class=\"format-standard\">\n    <span class=\"date text-right\"><i class=\"fal fa-calendar-alt\"><\/i> 17-07-2024<\/span>\n    <a href=\"https:\/\/pb.edu.pl\/en\/2024\/07\/17\/1st-international-young-researchers-conference-ideas-research-training\/\">\n      <div class=\"article-image mb-1\">\n        <img loading=\"lazy\" decoding=\"async\" width=\"480\" height=\"300\" src=\"https:\/\/pb.edu.pl\/wp-content\/uploads\/2024\/07\/2024-07-16-ideas-research-training-www-480x300.jpg\" class=\"img-fluid wp-post-image\" alt=\"Pierwsza Mi\u0119dzynarodowa Konferencja M\u0142odych Naukowc\u00f3w: Pomys\u0142y, Badania, Szkolenia - grafika\" srcset=\"https:\/\/pb.edu.pl\/wp-content\/uploads\/2024\/07\/2024-07-16-ideas-research-training-www-480x300.jpg 480w, https:\/\/pb.edu.pl\/wp-content\/uploads\/2024\/07\/2024-07-16-ideas-research-training-www-300x188.jpg 300w, https:\/\/pb.edu.pl\/wp-content\/uploads\/2024\/07\/2024-07-16-ideas-research-training-www-1024x640.jpg 1024w, https:\/\/pb.edu.pl\/wp-content\/uploads\/2024\/07\/2024-07-16-ideas-research-training-www-768x480.jpg 768w, https:\/\/pb.edu.pl\/wp-content\/uploads\/2024\/07\/2024-07-16-ideas-research-training-www.jpg 1080w\" sizes=\"auto, (max-width: 480px) 100vw, 480px\" \/>      <\/div>\n      <h3 class=\"mb-1\">1st International Young Researchers Conference: Ideas, Research, Training<\/h3>\n      This conference is aimed at young researchers, students, and doctoral candidates    <\/a>\n<\/article>                        <\/div>\n                    \n                            \n\n                    <\/div>\n                    <\/div>\n\n","protected":false},"excerpt":{"rendered":"","protected":false},"author":2,"featured_media":0,"parent":0,"menu_order":4,"comment_status":"closed","ping_status":"closed","template":"","meta":{"_acf_changed":false,"ngg_post_thumbnail":0,"footnotes":""},"class_list":["post-103563","page","type-page","status-publish","hentry"],"acf":[],"yoast_head":"<!-- This site is optimized with the Yoast SEO plugin v27.0 - https:\/\/yoast.com\/product\/yoast-seo-wordpress\/ -->\n<title>Conferences - Bialystok University of Technology<\/title>\n<meta name=\"robots\" content=\"index, follow, max-snippet:-1, max-image-preview:large, max-video-preview:-1\" \/>\n<link rel=\"canonical\" href=\"https:\/\/pb.edu.pl\/en\/conferences\/\" \/>\n<meta property=\"og:locale\" content=\"en_US\" \/>\n<meta property=\"og:type\" content=\"article\" \/>\n<meta property=\"og:title\" content=\"Conferences - Bialystok University of Technology\" \/>\n<meta property=\"og:url\" content=\"https:\/\/pb.edu.pl\/en\/conferences\/\" \/>\n<meta property=\"og:site_name\" content=\"Bialystok University of Technology\" \/>\n<meta property=\"article:modified_time\" content=\"2023-12-10T12:38:05+00:00\" \/>\n<meta name=\"twitter:label1\" content=\"Est. reading time\" \/>\n\t<meta name=\"twitter:data1\" content=\"1 minute\" \/>\n<script type=\"application\/ld+json\" class=\"yoast-schema-graph\">{\"@context\":\"https:\/\/schema.org\",\"@graph\":[{\"@type\":\"WebPage\",\"@id\":\"https:\/\/pb.edu.pl\/en\/conferences\/\",\"url\":\"https:\/\/pb.edu.pl\/en\/conferences\/\",\"name\":\"Conferences - Bialystok University of Technology\",\"isPartOf\":{\"@id\":\"https:\/\/pb.edu.pl\/en\/#website\"},\"datePublished\":\"2023-04-10T19:26:18+00:00\",\"dateModified\":\"2023-12-10T12:38:05+00:00\",\"breadcrumb\":{\"@id\":\"https:\/\/pb.edu.pl\/en\/conferences\/#breadcrumb\"},\"inLanguage\":\"en-US\",\"potentialAction\":[{\"@type\":\"ReadAction\",\"target\":[\"https:\/\/pb.edu.pl\/en\/conferences\/\"]}]},{\"@type\":\"BreadcrumbList\",\"@id\":\"https:\/\/pb.edu.pl\/en\/conferences\/#breadcrumb\",\"itemListElement\":[{\"@type\":\"ListItem\",\"position\":1,\"name\":\"Home\",\"item\":\"https:\/\/pb.edu.pl\/en\/\"},{\"@type\":\"ListItem\",\"position\":2,\"name\":\"Conferences\"}]},{\"@type\":\"WebSite\",\"@id\":\"https:\/\/pb.edu.pl\/en\/#website\",\"url\":\"https:\/\/pb.edu.pl\/en\/\",\"name\":\"Bialystok University of Technology\",\"description\":\"\",\"publisher\":{\"@id\":\"https:\/\/pb.edu.pl\/en\/#organization\"},\"potentialAction\":[{\"@type\":\"SearchAction\",\"target\":{\"@type\":\"EntryPoint\",\"urlTemplate\":\"https:\/\/pb.edu.pl\/en\/?s={search_term_string}\"},\"query-input\":{\"@type\":\"PropertyValueSpecification\",\"valueRequired\":true,\"valueName\":\"search_term_string\"}}],\"inLanguage\":\"en-US\"},{\"@type\":\"Organization\",\"@id\":\"https:\/\/pb.edu.pl\/en\/#organization\",\"name\":\"Bialystok University of Technology\",\"url\":\"https:\/\/pb.edu.pl\/en\/\",\"logo\":{\"@type\":\"ImageObject\",\"inLanguage\":\"en-US\",\"@id\":\"https:\/\/pb.edu.pl\/en\/#\/schema\/logo\/image\/\",\"url\":\"https:\/\/pb.edu.pl\/wp-content\/uploads\/2026\/02\/logo_pb.svg\",\"contentUrl\":\"https:\/\/pb.edu.pl\/wp-content\/uploads\/2026\/02\/logo_pb.svg\",\"caption\":\"Bialystok University of Technology\"},\"image\":{\"@id\":\"https:\/\/pb.edu.pl\/en\/#\/schema\/logo\/image\/\"}}]}<\/script>\n<!-- \/ Yoast SEO plugin. -->","yoast_head_json":{"title":"Conferences - Bialystok University of Technology","robots":{"index":"index","follow":"follow","max-snippet":"max-snippet:-1","max-image-preview":"max-image-preview:large","max-video-preview":"max-video-preview:-1"},"canonical":"https:\/\/pb.edu.pl\/en\/conferences\/","og_locale":"en_US","og_type":"article","og_title":"Conferences - Bialystok University of Technology","og_url":"https:\/\/pb.edu.pl\/en\/conferences\/","og_site_name":"Bialystok University of Technology","article_modified_time":"2023-12-10T12:38:05+00:00","twitter_misc":{"Est. reading time":"1 minute"},"schema":{"@context":"https:\/\/schema.org","@graph":[{"@type":"WebPage","@id":"https:\/\/pb.edu.pl\/en\/conferences\/","url":"https:\/\/pb.edu.pl\/en\/conferences\/","name":"Conferences - Bialystok University of Technology","isPartOf":{"@id":"https:\/\/pb.edu.pl\/en\/#website"},"datePublished":"2023-04-10T19:26:18+00:00","dateModified":"2023-12-10T12:38:05+00:00","breadcrumb":{"@id":"https:\/\/pb.edu.pl\/en\/conferences\/#breadcrumb"},"inLanguage":"en-US","potentialAction":[{"@type":"ReadAction","target":["https:\/\/pb.edu.pl\/en\/conferences\/"]}]},{"@type":"BreadcrumbList","@id":"https:\/\/pb.edu.pl\/en\/conferences\/#breadcrumb","itemListElement":[{"@type":"ListItem","position":1,"name":"Home","item":"https:\/\/pb.edu.pl\/en\/"},{"@type":"ListItem","position":2,"name":"Conferences"}]},{"@type":"WebSite","@id":"https:\/\/pb.edu.pl\/en\/#website","url":"https:\/\/pb.edu.pl\/en\/","name":"Bialystok University of Technology","description":"","publisher":{"@id":"https:\/\/pb.edu.pl\/en\/#organization"},"potentialAction":[{"@type":"SearchAction","target":{"@type":"EntryPoint","urlTemplate":"https:\/\/pb.edu.pl\/en\/?s={search_term_string}"},"query-input":{"@type":"PropertyValueSpecification","valueRequired":true,"valueName":"search_term_string"}}],"inLanguage":"en-US"},{"@type":"Organization","@id":"https:\/\/pb.edu.pl\/en\/#organization","name":"Bialystok University of Technology","url":"https:\/\/pb.edu.pl\/en\/","logo":{"@type":"ImageObject","inLanguage":"en-US","@id":"https:\/\/pb.edu.pl\/en\/#\/schema\/logo\/image\/","url":"https:\/\/pb.edu.pl\/wp-content\/uploads\/2026\/02\/logo_pb.svg","contentUrl":"https:\/\/pb.edu.pl\/wp-content\/uploads\/2026\/02\/logo_pb.svg","caption":"Bialystok University of Technology"},"image":{"@id":"https:\/\/pb.edu.pl\/en\/#\/schema\/logo\/image\/"}}]}},"_links":{"self":[{"href":"https:\/\/pb.edu.pl\/en\/wp-json\/wp\/v2\/pages\/103563","targetHints":{"allow":["GET"]}}],"collection":[{"href":"https:\/\/pb.edu.pl\/en\/wp-json\/wp\/v2\/pages"}],"about":[{"href":"https:\/\/pb.edu.pl\/en\/wp-json\/wp\/v2\/types\/page"}],"author":[{"embeddable":true,"href":"https:\/\/pb.edu.pl\/en\/wp-json\/wp\/v2\/users\/2"}],"replies":[{"embeddable":true,"href":"https:\/\/pb.edu.pl\/en\/wp-json\/wp\/v2\/comments?post=103563"}],"version-history":[{"count":0,"href":"https:\/\/pb.edu.pl\/en\/wp-json\/wp\/v2\/pages\/103563\/revisions"}],"wp:attachment":[{"href":"https:\/\/pb.edu.pl\/en\/wp-json\/wp\/v2\/media?parent=103563"}],"curies":[{"name":"wp","href":"https:\/\/api.w.org\/{rel}","templated":true}]}}