{"id":43,"date":"2020-09-09T20:21:09","date_gmt":"2020-09-09T18:21:09","guid":{"rendered":"https:\/\/pb.edu.pl\/eduroam\/?page_id=43"},"modified":"2026-01-09T11:47:10","modified_gmt":"2026-01-09T10:47:10","slug":"konfiguracja","status":"publish","type":"page","link":"https:\/\/pb.edu.pl\/eduroam\/konfiguracja\/","title":{"rendered":"Konfiguracja"},"content":{"rendered":"<p>Dost\u0119p do us\u0142ugi eduroam wymaga urz\u0105dzenia z oprogramowaniem umo\u017cliwiaj\u0105cym nawi\u0105zanie po\u0142\u0105czenia z wykorzystaniem standardu <a title=\"Otworzy si\u0119 w nowej karcie\" href=\"http:\/\/pl.wikipedia.org\/wiki\/IEEE_802.1X\" target=\"_blank\" rel=\"noopener noreferrer\">802.1x<\/a>.<\/p>\n<h2>Konfiguracja po\u0142\u0105czenia za pomoc\u0105 dedykowanych aplikacji:<\/h2>\n<ul>\n<li>Po\u0142\u0105czenie telefonu <strong>Android<\/strong> z sieci\u0105 eduroam mo\u017cna wykona\u0107 za pomoc\u0105 aplikacji &#8222;<strong>geteduroam<\/strong>&#8221; dost\u0119pnej bezp\u0142atnie w <strong>Google Play<\/strong>:<br \/><a href=\"https:\/\/play.google.com\/store\/apps\/details?id=app.eduroam.geteduroam\" title=\"Przej\u015bcie do strony sklepu Google Play\" target=\"_blank\" rel=\"noopener\">https:\/\/play.google.com\/store\/apps\/details?id=app.eduroam.geteduroam<\/a><\/li>\n<li>Po\u0142\u0105czenie telefonu <strong>Apple iPhone<\/strong> z sieci\u0105 eduroam mo\u017cna wykona\u0107 za pomoc\u0105 aplikacji &#8222;<strong>geteduroam<\/strong>&#8221; dost\u0119pnej bezp\u0142atnie w <strong>Apple AppStore<\/strong>:<br \/><a href=\"https:\/\/apps.apple.com\/pl\/app\/geteduroam\/id1504076137?l=pl\" title=\"Przej\u015bcie do strony sklepu Apple AppStore\" target=\"_blank\" rel=\"noopener\">https:\/\/apps.apple.com\/pl\/app\/geteduroam\/id1504076137?l=pl<\/a><\/li>\n<li>Po\u0142\u0105czenie <strong>komputera<\/strong> z sieci\u0105 eduroam\u00a0mo\u017cna skonfigurowa\u0107 za pomoc\u0105\u00a0aplikacji &#8222;<strong>eduroam Configuration Assistant Tool<\/strong>&#8221; dost\u0119pnej na stronie:<br \/><a href=\"https:\/\/cat.eduroam.org\/?idp=8605&amp;profile=11669\" title=\"Przej\u015bcie do strony eduroam Configuration Assistant Tool\" target=\"_blank\" rel=\"noopener\">https:\/\/cat.eduroam.org\/?idp=8605&amp;profile=11669<\/a><\/li>\n<\/ul>\n<h2>R\u0119czna konfiguracja po\u0142\u0105czenia:<\/h2>\n<ul>\n<li>Microsoft Windows 10\/11 &#8211; konfiguracja obejmuje jedynie podanie nazwy u\u017cytkownika i has\u0142a oraz potwierdzenie certyfikatu serwera <strong>frd-pb.biaman.pl<\/strong>.<\/li>\n<li><a href=\"https:\/\/pb.edu.pl\/eduroam\/konfiguracja\/system-android\/\" title=\"System Android\">Google Android<\/a><\/li>\n<li>Telefony Apple iPhone oraz tablety Apple iPad &#8211; konfiguracja obejmuje jedynie podanie nazwy u\u017cytkownika i has\u0142a oraz potwierdzenie certyfikatu serwera <strong>frd-pb.biaman.pl<\/strong><\/li>\n<li>Komputery Apple macOS &#8211; konfiguracja obejmuje jedynie podanie nazwy u\u017cytkownika i has\u0142a oraz potwierdzenie certyfikatu serwera <strong>frd-pb.biaman.pl<\/strong><\/li>\n<li>Wi\u0119kszo\u015b\u0107 popularnych dystrybucji Linuksa (do zabezpieczenia po\u0142\u0105czenia mo\u017ce by\u0107 wymagane pobranie i wskazanie <a href=\"https:\/\/box.biaman.pl\/f\/6fb1936d02314e64a99b\/?dl=1\" title=\"Pobranie pliku certyfikatu Certificate Authority\">certyfikatu CA<\/a>)<\/li>\n<li>Uwaga: systemy <strong>Windows 7<\/strong> i <strong>Windows 8<\/strong> nie obs\u0142uguj\u0105 wymaganych standard\u00f3w szyfrowania, w zwi\u0105zku z tym <strong>nie ma mo\u017cliwo\u015bci po\u0142\u0105czenia ich z us\u0142ug\u0105 eduroam<\/strong><\/li>\n<\/ul>\n<h2>Zmiana has\u0142a dost\u0119powego:<\/h2>\n<ul>\n<li>W celu zmiany has\u0142a dost\u0119powego do eduroam nale\u017cy wys\u0142a\u0107 ze swojej personalnej skrzynki pocztowej wiadomo\u015b\u0107 na adres <a href=\"#\" rel=\"nofollow\"  onclick=\"this.href='mailto:' + 'eduroam' + '@' + 'pb.edu.pl'\">eduroam [at] pb.edu.pl<\/a><\/li>\n<li>Na \u017cyczenie pracownika mo\u017cemy udost\u0119pni\u0107 panel do samodzielnej zmiany has\u0142a dost\u0119powego do eduroam. W celu skorzystania z tej opcji nale\u017cy wys\u0142a\u0107 ze swojej personalnej skrzynki pocztowej wiadomo\u015b\u0107 na adres <a href=\"#\" rel=\"nofollow\"  onclick=\"this.href='mailto:' + 'eduroam' + '@' + 'pb.edu.pl'\">eduroam [at] pb.edu.pl<\/a><\/li>\n<li><a href=\"https:\/\/pb.edu.pl\/eduroam\/password\/\" title=\"Instrukcja zmiany has\u0142a do sieci bezprzewodowej \u201eeduroam\u201d\">Instrukcja samodzielnej zmiany has\u0142a dost\u0119powego do eduroam<\/a><\/li>\n<\/ul>\n","protected":false},"excerpt":{"rendered":"<p>Dost\u0119p do us\u0142ugi eduroam wymaga urz\u0105dzenia z oprogramowaniem umo\u017cliwiaj\u0105cym nawi\u0105zanie po\u0142\u0105czenia z wykorzystaniem standardu 802.1x.<\/p>\n","protected":false},"author":2,"featured_media":0,"parent":0,"menu_order":5,"comment_status":"closed","ping_status":"closed","template":"","meta":{"_acf_changed":false,"ngg_post_thumbnail":0,"footnotes":""},"class_list":["post-43","page","type-page","status-publish","hentry"],"acf":[],"_links":{"self":[{"href":"https:\/\/pb.edu.pl\/eduroam\/wp-json\/wp\/v2\/pages\/43","targetHints":{"allow":["GET"]}}],"collection":[{"href":"https:\/\/pb.edu.pl\/eduroam\/wp-json\/wp\/v2\/pages"}],"about":[{"href":"https:\/\/pb.edu.pl\/eduroam\/wp-json\/wp\/v2\/types\/page"}],"author":[{"embeddable":true,"href":"https:\/\/pb.edu.pl\/eduroam\/wp-json\/wp\/v2\/users\/2"}],"replies":[{"embeddable":true,"href":"https:\/\/pb.edu.pl\/eduroam\/wp-json\/wp\/v2\/comments?post=43"}],"version-history":[{"count":0,"href":"https:\/\/pb.edu.pl\/eduroam\/wp-json\/wp\/v2\/pages\/43\/revisions"}],"wp:attachment":[{"href":"https:\/\/pb.edu.pl\/eduroam\/wp-json\/wp\/v2\/media?parent=43"}],"curies":[{"name":"wp","href":"https:\/\/api.w.org\/{rel}","templated":true}]}}