{"id":36,"date":"2020-09-09T20:19:50","date_gmt":"2020-09-09T18:19:50","guid":{"rendered":"https:\/\/pb.edu.pl\/eduroam\/?page_id=36"},"modified":"2025-11-22T23:46:00","modified_gmt":"2025-11-22T22:46:00","slug":"kontakt","status":"publish","type":"page","link":"https:\/\/pb.edu.pl\/eduroam\/kontakt\/","title":{"rendered":"Kontakt"},"content":{"rendered":"<div class=\"h2\">We wszystkich sprawach zwi\u0105zanych z dzia\u0142aniem sieci eduroam<br \/>\nw pierwszej kolejno\u015bci prosimy o kontakt z informatykami wydzia\u0142owymi.<\/div>\n<div class=\"h4\">Je\u015bli nie uda si\u0119 Pa\u0144stwu rozwi\u0105za\u0107 problemu na wydziale, w\u00f3wczas prosimy o kontakt:<\/div>\n<div class=\"h4\">W sprawie dost\u0119pu do sieci eduroam dla pracownik\u00f3w PB<\/div>\n<p>Marcin Walejewski<br \/>\n<i class=\"fal fa-envelope\"><\/i> <a href=\"#\" rel=\"nofollow\"  onclick=\"this.href='mailto:' + 'eduroam' + '@' + 'pb.edu.pl'\">eduroam [at] pb.edu.pl<\/a>\n&nbsp;<br \/>\n<i class=\"fal fa-phone\"><\/i> 85 746-91-52, 85 746-97-57<br \/>\nCentrum Komputerowych Sieci Rozleg\u0142ych Politechniki Bia\u0142ostockiej<br \/>\nul. Wiejska 45A, pok\u00f3j A021<br \/>\n15-351 Bia\u0142ystok<\/p>\n<div class=\"h4\">W sprawie dost\u0119pu do sieci eduroam dla student\u00f3w PB<\/div>\n<p>Marcin Kie\u0142bowicz<br \/>\n<i class=\"fal fa-envelope\"><\/i> <a href=\"#\" rel=\"nofollow\"  onclick=\"this.href='mailto:' + 'uci' + '@' + 'pb.edu.pl'\">uci [at] pb.edu.pl<\/a>\n&nbsp;<br \/>\n<i class=\"fal fa-phone\"><\/i> 85 746-70-77<br \/>\nUczelniane Centrum Informatyczne<br \/>\nCentrum Nowoczesnego Kszta\u0142cenia (CNK)<br \/>\nul. Zwierzyniecka 16, pok\u00f3j P-1\/10\u00a0<br \/>\n15-333 Bia\u0142ystok<\/p>\n<div id=\"box-menu\" class=\"href\"><\/div>\n<div class=\"row\">\n<div class=\"col-sm-12 text-center\"><a class=\"button text-center animated zoomIn lead\" style=\"width: 100%\" href=\"https:\/\/pb.edu.pl\/biaman\/eduroam-formularz\/\"><strong style=\"letter-spacing: 0px\">Formularz zg\u0142aszania problem\u00f3w z dzia\u0142aniem sieci bezprzewodowej<\/strong><\/a><\/div>\n<\/div>\n","protected":false},"excerpt":{"rendered":"<p>We wszystkich sprawach zwi\u0105zanych z dzia\u0142aniem sieci eduroam w pierwszej kolejno\u015bci prosimy o kontakt z<\/p>\n","protected":false},"author":2,"featured_media":0,"parent":0,"menu_order":6,"comment_status":"closed","ping_status":"closed","template":"","meta":{"_acf_changed":false,"ngg_post_thumbnail":0,"footnotes":""},"class_list":["post-36","page","type-page","status-publish","hentry"],"acf":[],"_links":{"self":[{"href":"https:\/\/pb.edu.pl\/eduroam\/wp-json\/wp\/v2\/pages\/36","targetHints":{"allow":["GET"]}}],"collection":[{"href":"https:\/\/pb.edu.pl\/eduroam\/wp-json\/wp\/v2\/pages"}],"about":[{"href":"https:\/\/pb.edu.pl\/eduroam\/wp-json\/wp\/v2\/types\/page"}],"author":[{"embeddable":true,"href":"https:\/\/pb.edu.pl\/eduroam\/wp-json\/wp\/v2\/users\/2"}],"replies":[{"embeddable":true,"href":"https:\/\/pb.edu.pl\/eduroam\/wp-json\/wp\/v2\/comments?post=36"}],"version-history":[{"count":0,"href":"https:\/\/pb.edu.pl\/eduroam\/wp-json\/wp\/v2\/pages\/36\/revisions"}],"wp:attachment":[{"href":"https:\/\/pb.edu.pl\/eduroam\/wp-json\/wp\/v2\/media?parent=36"}],"curies":[{"name":"wp","href":"https:\/\/api.w.org\/{rel}","templated":true}]}}