{"id":31,"date":"2020-09-09T20:18:56","date_gmt":"2020-09-09T18:18:56","guid":{"rendered":"https:\/\/pb.edu.pl\/eduroam\/?page_id=31"},"modified":"2025-04-01T12:30:05","modified_gmt":"2025-04-01T10:30:05","slug":"zasieg-sieci","status":"publish","type":"page","link":"https:\/\/pb.edu.pl\/eduroam\/zasieg-sieci\/","title":{"rendered":"Zasi\u0119g sieci"},"content":{"rendered":"<p>Sie\u0107 bezprzewodowa eduroam w Politechnice Bia\u0142ostockiej jest dost\u0119pna w ni\u017cej wskazanych lokalizacjach:<\/p>\n<div class=\"table-responsive\">\n<table class=\"table table-striped table borderless\" style=\"width: auto\">\n<thead>\n<tr style=\"border: 0\">\n<th>LOKALIZACJA<\/th>\n<th>MIEJSCOWO\u015a\u0106<\/th>\n<th>ADRES<\/th>\n<\/tr>\n<\/thead>\n<tbody>\n<tr>\n<td>Centrum Nowoczesnego Kszta\u0142cenia<\/td>\n<td>Bia\u0142ystok<\/td>\n<td>ul.&nbsp;Zwierzyniecka 16<\/td>\n<\/tr>\n<tr>\n<td>Dom Studenta nr 1 \u2013 ALFA<\/td>\n<td>Bia\u0142ystok<\/td>\n<td>ul.&nbsp;Zwierzyniecka 14<\/td>\n<\/tr>\n<tr>\n<td>Dom Studenta nr 2 \u2013 BETA<\/td>\n<td>Bia\u0142ystok<\/td>\n<td>ul.&nbsp;Zwierzyniecka 12<\/td>\n<\/tr>\n<tr>\n<td>Dom Studenta nr 3 \u2013 GAMMA<\/td>\n<td>Bia\u0142ystok<\/td>\n<td>ul.&nbsp;Zwierzyniecka 8<\/td>\n<\/tr>\n<tr>\n<td>Dom Studenta nr 4 \u2013 DELTA<\/td>\n<td>Bia\u0142ystok<\/td>\n<td>ul.&nbsp;Zwierzyniecka 6<\/td>\n<\/tr>\n<td>Dom Studenta nr 5 \u2013 EPSILON<\/td>\n<td>Bia\u0142ystok<\/td>\n<td>ul.&nbsp;Zwierzyniecka 4<\/td>\n<\/tr>\n<tr>\n<td>Klub Studencki GWINT<\/td>\n<td>Bia\u0142ystok<\/td>\n<td>ul.&nbsp;Zwierzyniecka 10<\/td>\n<\/tr>\n<tr>\n<td>Wydzia\u0142 Architektury<\/td>\n<td>Bia\u0142ystok<\/td>\n<td>ul. Oskara Sosnowskiego 11<\/td>\n<\/tr>\n<tr>\n<td>Wydzia\u0142 Informatyki<\/td>\n<td>Bia\u0142ystok<\/td>\n<td>ul. Wiejska 45A<\/td>\n<\/tr>\n<tr>\n<td>Wydzia\u0142 Mechaniczny<\/td>\n<td>Bia\u0142ystok<\/td>\n<td>ul. Wiejska 45C<\/td>\n<\/tr>\n<tr>\n<td>Wydzia\u0142 Elektryczny<\/td>\n<td>Bia\u0142ystok<\/td>\n<td>ul. Wiejska 45D<\/td>\n<\/tr>\n<tr>\n<td>Wydzia\u0142 Budownictwa i Nauk o \u015arodowisku<\/td>\n<td>Bia\u0142ystok<\/td>\n<td>ul. Wiejska 45E<\/td>\n<\/tr>\n<tr>\n<td>Wydzia\u0142 In\u017cynierii Zarz\u0105dzania<\/td>\n<td>Kleosin<\/td>\n<td>ul. Ojca Tarasiuka 2<\/td>\n<\/tr>\n<tr>\n<td>Centrum Naukowo-Badawcze<\/td>\n<td>Hajn\u00f3wka<\/td>\n<td>ul. Pi\u0142sudskiego 1 A<\/td>\n<\/tr>\n<tr>\n<td>O\u015brodek Wypoczynkowy<br \/>\nPolitechniki Bia\u0142ostockiej \u201cDw\u00f3r Mejera\u201d<\/td>\n<td>Ho\u0142ny Mejera<\/td>\n<td>Ho\u0142ny Mejera 3A<\/td>\n<\/tr>\n<\/tbody>\n<\/table>\n<\/div>\n","protected":false},"excerpt":{"rendered":"<p>Sie\u0107 bezprzewodowa eduroam w Politechnice Bia\u0142ostockiej jest dost\u0119pna w ni\u017cej wskazanych lokalizacjach: LOKALIZACJA MIEJSCOWO\u015a\u0106 ADRES<\/p>\n","protected":false},"author":2,"featured_media":0,"parent":0,"menu_order":3,"comment_status":"closed","ping_status":"closed","template":"","meta":{"_acf_changed":false,"ngg_post_thumbnail":0,"footnotes":""},"class_list":["post-31","page","type-page","status-publish","hentry"],"acf":[],"_links":{"self":[{"href":"https:\/\/pb.edu.pl\/eduroam\/wp-json\/wp\/v2\/pages\/31","targetHints":{"allow":["GET"]}}],"collection":[{"href":"https:\/\/pb.edu.pl\/eduroam\/wp-json\/wp\/v2\/pages"}],"about":[{"href":"https:\/\/pb.edu.pl\/eduroam\/wp-json\/wp\/v2\/types\/page"}],"author":[{"embeddable":true,"href":"https:\/\/pb.edu.pl\/eduroam\/wp-json\/wp\/v2\/users\/2"}],"replies":[{"embeddable":true,"href":"https:\/\/pb.edu.pl\/eduroam\/wp-json\/wp\/v2\/comments?post=31"}],"version-history":[{"count":0,"href":"https:\/\/pb.edu.pl\/eduroam\/wp-json\/wp\/v2\/pages\/31\/revisions"}],"wp:attachment":[{"href":"https:\/\/pb.edu.pl\/eduroam\/wp-json\/wp\/v2\/media?parent=31"}],"curies":[{"name":"wp","href":"https:\/\/api.w.org\/{rel}","templated":true}]}}