{"id":252,"date":"2025-03-12T10:47:57","date_gmt":"2025-03-12T09:47:57","guid":{"rendered":"https:\/\/pb.edu.pl\/eduroam\/?page_id=252"},"modified":"2026-03-10T11:49:53","modified_gmt":"2026-03-10T10:49:53","slug":"password","status":"publish","type":"page","link":"https:\/\/pb.edu.pl\/eduroam\/password\/","title":{"rendered":"Instrukcja zmiany has\u0142a do sieci bezprzewodowej \u201eeduroam\u201d"},"content":{"rendered":"<ol>\n<li>Na urz\u0105dzeniu <strong>po\u0142\u0105czonym z sieci\u0105 bezprzewodow\u0105 \u201eeduroam\u201d<\/strong> nale\u017cy uruchomi\u0107 przegl\u0105dark\u0119 internetow\u0105 i otworzy\u0107 stron\u0119 <a href=\"https:\/\/frd-pb.biaman.pl\" title=\"Portal u\u017cytkownika sieci eduroam\" target=\"_blank\">https:\/\/frd-pb.biaman.pl<\/a><\/li>\n<li>Wy\u015bwietlona zostanie strona logowania do portalu umo\u017cliwiaj\u0105cego zmian\u0119 has\u0142a. Nale\u017cy poda\u0107 aktualne dane logowania: adres e-mail oraz has\u0142o dost\u0119powe do sieci \u201eeduroam\u201d lub oddzielne has\u0142o logowania do portalu, je\u015bli zosta\u0142o ustawione.<a href=\"https:\/\/pb.edu.pl\/eduroam\/wp-content\/uploads\/sites\/53\/2025\/03\/eduroam-pass-1.png\"><img loading=\"lazy\" decoding=\"async\" src=\"https:\/\/pb.edu.pl\/eduroam\/wp-content\/uploads\/sites\/53\/2025\/03\/eduroam-pass-1-300x193.png\" alt=\"\" width=\"300\" height=\"193\" class=\"aligncenter size-medium wp-image-256\" srcset=\"https:\/\/pb.edu.pl\/eduroam\/wp-content\/uploads\/sites\/53\/2025\/03\/eduroam-pass-1-300x193.png 300w, https:\/\/pb.edu.pl\/eduroam\/wp-content\/uploads\/sites\/53\/2025\/03\/eduroam-pass-1-1024x660.png 1024w, https:\/\/pb.edu.pl\/eduroam\/wp-content\/uploads\/sites\/53\/2025\/03\/eduroam-pass-1-768x495.png 768w, https:\/\/pb.edu.pl\/eduroam\/wp-content\/uploads\/sites\/53\/2025\/03\/eduroam-pass-1-1536x989.png 1536w, https:\/\/pb.edu.pl\/eduroam\/wp-content\/uploads\/sites\/53\/2025\/03\/eduroam-pass-1.png 2012w\" sizes=\"auto, (max-width: 300px) 100vw, 300px\" \/><\/a><\/li>\n<li>Je\u015bli podane zosta\u0142y prawid\u0142owe dane wy\u015bwietlona zostanie strona portalu u\u017cytkownika. Aby przej\u015b\u0107 do zarz\u0105dzania has\u0142ami nale\u017cy z g\u00f3rnego zestawu opcji klikn\u0105\u0107 \u201e<strong>Preferences<\/strong>\u201d.<a href=\"https:\/\/pb.edu.pl\/eduroam\/wp-content\/uploads\/sites\/53\/2025\/03\/eduroam-pass-2.png\"><img loading=\"lazy\" decoding=\"async\" src=\"https:\/\/pb.edu.pl\/eduroam\/wp-content\/uploads\/sites\/53\/2025\/03\/eduroam-pass-2-300x212.png\" alt=\"\" width=\"300\" height=\"212\" class=\"aligncenter size-medium wp-image-257\" srcset=\"https:\/\/pb.edu.pl\/eduroam\/wp-content\/uploads\/sites\/53\/2025\/03\/eduroam-pass-2-300x212.png 300w, https:\/\/pb.edu.pl\/eduroam\/wp-content\/uploads\/sites\/53\/2025\/03\/eduroam-pass-2-1024x723.png 1024w, https:\/\/pb.edu.pl\/eduroam\/wp-content\/uploads\/sites\/53\/2025\/03\/eduroam-pass-2-768x542.png 768w, https:\/\/pb.edu.pl\/eduroam\/wp-content\/uploads\/sites\/53\/2025\/03\/eduroam-pass-2-1536x1085.png 1536w, https:\/\/pb.edu.pl\/eduroam\/wp-content\/uploads\/sites\/53\/2025\/03\/eduroam-pass-2-2048x1447.png 2048w\" sizes=\"auto, (max-width: 300px) 100vw, 300px\" \/><\/a><\/li>\n<li>Has\u0142o dost\u0119powe do us\u0142ugi eduroam nie mo\u017ce by\u0107 kr\u00f3tsze ni\u017c 8 znak\u00f3w i nie d\u0142u\u017csze ni\u017c 20 znak\u00f3w. Poza literami i cyframi system nie przyjmie dowolnych znak\u00f3w specjalnych &#8211; prosz\u0119 ograniczy\u0107 si\u0119 do &#8222;-&#8221; oraz &#8222;.&#8221;<\/li>\n<li>W\u00a0celu zmiany has\u0142a logowania do sieci bezprzewodowej \u201eeduroam\u201d nale\u017cy wybra\u0107 opcj\u0119 <strong>\u201eChange Auth Password\u201d<\/strong>, po czym poda\u0107 w polu <strong>\u201eCurrent Password\u201d<\/strong> aktualnie u\u017cywane has\u0142o logowania do sieci bezprzewodowej \u201eeduroam\u201d, a nast\u0119pnie w polach <strong>\u201eNew Password\u201d<\/strong> oraz <strong>\u201eVerify password\u201d<\/strong> nowe has\u0142o logowania do sieci bezprzewodowej \u201eeduroam\u201d. Aby zatwierdzi\u0107 zmian\u0119 has\u0142a nale\u017cy klikn\u0105\u0107 <strong>\u201eChange authentication password(s)\u201d<\/strong>.<a href=\"https:\/\/pb.edu.pl\/eduroam\/wp-content\/uploads\/sites\/53\/2025\/03\/eduroam-pass-3.png\"><img loading=\"lazy\" decoding=\"async\" src=\"https:\/\/pb.edu.pl\/eduroam\/wp-content\/uploads\/sites\/53\/2025\/03\/eduroam-pass-3-300x212.png\" alt=\"\" width=\"300\" height=\"212\" class=\"aligncenter size-medium wp-image-258\" srcset=\"https:\/\/pb.edu.pl\/eduroam\/wp-content\/uploads\/sites\/53\/2025\/03\/eduroam-pass-3-300x212.png 300w, https:\/\/pb.edu.pl\/eduroam\/wp-content\/uploads\/sites\/53\/2025\/03\/eduroam-pass-3-1024x723.png 1024w, https:\/\/pb.edu.pl\/eduroam\/wp-content\/uploads\/sites\/53\/2025\/03\/eduroam-pass-3-768x542.png 768w, https:\/\/pb.edu.pl\/eduroam\/wp-content\/uploads\/sites\/53\/2025\/03\/eduroam-pass-3-1536x1085.png 1536w, https:\/\/pb.edu.pl\/eduroam\/wp-content\/uploads\/sites\/53\/2025\/03\/eduroam-pass-3-2048x1447.png 2048w\" sizes=\"auto, (max-width: 300px) 100vw, 300px\" \/><\/a><\/li>\n<li>Aby wylogowa\u0107 si\u0119 z portalu u\u017cytkownika nale\u017cy klikn\u0105\u0107 w prawym g\u00f3rnym rogu w szary okr\u0105g z czarn\u0105 sylwetk\u0105, a nast\u0119pnie w opcj\u0119 <strong>\u201eLog out\u201d<\/strong>.<a href=\"https:\/\/pb.edu.pl\/eduroam\/wp-content\/uploads\/sites\/53\/2025\/03\/eduroam-pass-4.png\"><img loading=\"lazy\" decoding=\"async\" src=\"https:\/\/pb.edu.pl\/eduroam\/wp-content\/uploads\/sites\/53\/2025\/03\/eduroam-pass-4-300x212.png\" alt=\"\" width=\"300\" height=\"212\" class=\"aligncenter size-medium wp-image-259\" srcset=\"https:\/\/pb.edu.pl\/eduroam\/wp-content\/uploads\/sites\/53\/2025\/03\/eduroam-pass-4-300x212.png 300w, https:\/\/pb.edu.pl\/eduroam\/wp-content\/uploads\/sites\/53\/2025\/03\/eduroam-pass-4-1024x723.png 1024w, https:\/\/pb.edu.pl\/eduroam\/wp-content\/uploads\/sites\/53\/2025\/03\/eduroam-pass-4-768x542.png 768w, https:\/\/pb.edu.pl\/eduroam\/wp-content\/uploads\/sites\/53\/2025\/03\/eduroam-pass-4-1536x1085.png 1536w, https:\/\/pb.edu.pl\/eduroam\/wp-content\/uploads\/sites\/53\/2025\/03\/eduroam-pass-4-2048x1447.png 2048w\" sizes=\"auto, (max-width: 300px) 100vw, 300px\" \/><\/a><\/li>\n<li>Prosz\u0119 uwzgl\u0119dni\u0107 fakt, \u017ce has\u0142o logowania do panelu i has\u0142o do eduroam nie s\u0105 ze sob\u0105 powi\u0105zane. S\u0105 to dwa niezale\u017cne od siebie has\u0142a i zmiana jednego z nich nie spowoduje zmiany drugiego.<\/li>\n<\/ol>\n<p><code><\/p>\n<p>Opracowa\u0142: Marcin Walejewski <br \/>Centrum Komputerowych Sieci Rozleg\u0142ych, operator Miejskiej Sieci Komputerowej BIAMAN<\/p>\n<p><\/code><\/p>\n","protected":false},"excerpt":{"rendered":"<p>Na urz\u0105dzeniu po\u0142\u0105czonym z sieci\u0105 bezprzewodow\u0105 \u201eeduroam\u201d nale\u017cy uruchomi\u0107 przegl\u0105dark\u0119 internetow\u0105 i otworzy\u0107 stron\u0119 https:\/\/frd-pb.biaman.pl<\/p>\n","protected":false},"author":29,"featured_media":0,"parent":0,"menu_order":0,"comment_status":"closed","ping_status":"closed","template":"","meta":{"_acf_changed":false,"ngg_post_thumbnail":0,"footnotes":""},"class_list":["post-252","page","type-page","status-publish","hentry"],"acf":[],"_links":{"self":[{"href":"https:\/\/pb.edu.pl\/eduroam\/wp-json\/wp\/v2\/pages\/252","targetHints":{"allow":["GET"]}}],"collection":[{"href":"https:\/\/pb.edu.pl\/eduroam\/wp-json\/wp\/v2\/pages"}],"about":[{"href":"https:\/\/pb.edu.pl\/eduroam\/wp-json\/wp\/v2\/types\/page"}],"author":[{"embeddable":true,"href":"https:\/\/pb.edu.pl\/eduroam\/wp-json\/wp\/v2\/users\/29"}],"replies":[{"embeddable":true,"href":"https:\/\/pb.edu.pl\/eduroam\/wp-json\/wp\/v2\/comments?post=252"}],"version-history":[{"count":2,"href":"https:\/\/pb.edu.pl\/eduroam\/wp-json\/wp\/v2\/pages\/252\/revisions"}],"predecessor-version":[{"id":319,"href":"https:\/\/pb.edu.pl\/eduroam\/wp-json\/wp\/v2\/pages\/252\/revisions\/319"}],"wp:attachment":[{"href":"https:\/\/pb.edu.pl\/eduroam\/wp-json\/wp\/v2\/media?parent=252"}],"curies":[{"name":"wp","href":"https:\/\/api.w.org\/{rel}","templated":true}]}}