{"id":169,"date":"2020-09-14T10:56:52","date_gmt":"2020-09-14T08:56:52","guid":{"rendered":"https:\/\/pb.edu.pl\/eduroam\/?page_id=169"},"modified":"2025-03-19T09:18:25","modified_gmt":"2025-03-19T08:18:25","slug":"system-android","status":"publish","type":"page","link":"https:\/\/pb.edu.pl\/eduroam\/konfiguracja\/system-android\/","title":{"rendered":"System Android"},"content":{"rendered":"<ol>\n<li>Konfiguracj\u0119 po\u0142\u0105czenia nale\u017cy wykona\u0107 znajduj\u0105c si\u0119 w zasi\u0119gu sieci bezprzewodowej eduroam.<\/li>\n<li>Po wybraniu z listy dost\u0119pnych sieci wy\u015bwietli si\u0119 okno konfiguracji ustawie\u0144 sieci eduroam, w kt\u00f3rym nale\u017cy ustawi\u0107 opcje:<\/li>\n<ul>\n<li><strong>To\u017csamo\u015b\u0107<\/strong>: pe\u0142ny s\u0142u\u017cbowy adres e-mail w domenie @pb.edu.pl<\/li>\n<li><strong>Has\u0142o<\/strong>: przydzielone pracownikowi has\u0142o dost\u0119pu do sieci eduroam<\/li>\n<li><strong>Certyfikat CA<\/strong>: &#8222;U\u017cywaj certyfikat\u00f3w systemowych&#8221; (w niekt\u00f3rych wersjach systemu konieczne mo\u017ce by\u0107 pobranie i zainstalowanie <a href=\"https:\/\/box.biaman.pl\/f\/6fb1936d02314e64a99b\/?dl=1\" title=\"Pobranie pliku certyfikatu Certificate Authority\">certyfikatu CA<\/a>)<\/li>\n<li><strong>Domena<\/strong>: frd-pb.biaman.pl<\/li>\n<li><strong>Metoda EAP<\/strong>: &#8222;PEAP&#8221;<\/li>\n<li><strong>Stan certyfikatu online<\/strong>: &#8222;\u017b\u0105danie stanu&#8221;<\/li>\n<li><strong>Etap 2 uwierzytelniania<\/strong>: &#8222;MSCHAPv2&#8221;<\/li>\n<\/ul>\n<li>Je\u015bli wszystkie opcje zosta\u0142y poprawie ustawione system umo\u017cliwi naci\u015bni\u0119cie przycisku <strong>&#8222;Po\u0142\u0105cz&#8221;<\/strong><\/li>\n<li>Po nawi\u0105zaniu po\u0142\u0105czenia, na li\u015bcie sieci Wi-Fi pod nazw\u0105\u00a0eduroam wy\u015bwietla\u0142 si\u0119 b\u0119dzie komunikat <strong>&#8222;Po\u0142\u0105czono&#8221;<\/strong><\/li>\n<\/ol>\n","protected":false},"excerpt":{"rendered":"<p>Konfiguracj\u0119 po\u0142\u0105czenia nale\u017cy wykona\u0107 znajduj\u0105c si\u0119 w zasi\u0119gu sieci bezprzewodowej eduroam. Po wybraniu z listy<\/p>\n","protected":false},"author":29,"featured_media":0,"parent":43,"menu_order":0,"comment_status":"closed","ping_status":"closed","template":"","meta":{"_acf_changed":false,"ngg_post_thumbnail":0,"footnotes":""},"class_list":["post-169","page","type-page","status-publish","hentry"],"acf":[],"_links":{"self":[{"href":"https:\/\/pb.edu.pl\/eduroam\/wp-json\/wp\/v2\/pages\/169","targetHints":{"allow":["GET"]}}],"collection":[{"href":"https:\/\/pb.edu.pl\/eduroam\/wp-json\/wp\/v2\/pages"}],"about":[{"href":"https:\/\/pb.edu.pl\/eduroam\/wp-json\/wp\/v2\/types\/page"}],"author":[{"embeddable":true,"href":"https:\/\/pb.edu.pl\/eduroam\/wp-json\/wp\/v2\/users\/29"}],"replies":[{"embeddable":true,"href":"https:\/\/pb.edu.pl\/eduroam\/wp-json\/wp\/v2\/comments?post=169"}],"version-history":[{"count":0,"href":"https:\/\/pb.edu.pl\/eduroam\/wp-json\/wp\/v2\/pages\/169\/revisions"}],"up":[{"embeddable":true,"href":"https:\/\/pb.edu.pl\/eduroam\/wp-json\/wp\/v2\/pages\/43"}],"wp:attachment":[{"href":"https:\/\/pb.edu.pl\/eduroam\/wp-json\/wp\/v2\/media?parent=169"}],"curies":[{"name":"wp","href":"https:\/\/api.w.org\/{rel}","templated":true}]}}