{"id":897,"date":"2025-11-27T15:49:57","date_gmt":"2025-11-27T14:49:57","guid":{"rendered":"https:\/\/pb.edu.pl\/dzp\/?page_id=897"},"modified":"2026-03-11T12:38:05","modified_gmt":"2026-03-11T11:38:05","slug":"plan-zamowien-publicznych-2026","status":"publish","type":"page","link":"https:\/\/pb.edu.pl\/dzp\/plany-i-harmonogramy\/plan-zamowien-publicznych-2026\/","title":{"rendered":"Plan Zam\u00f3wie\u0144 Publicznych 2026"},"content":{"rendered":"<p><a class=\"pdf\" href=\"https:\/\/pb.edu.pl\/dzp\/wp-content\/uploads\/sites\/93\/2026\/03\/PLAN-ZAMOWIEN-PUBLICZNYCH-POLITECHNIKI-BIALOSTOCKIEJ-2026-skan-1.pdf\" target=\"_blank\" rel=\"noopener\" data-id=\"928\">PLAN ZAM\u00d3WIE\u0143 PUBLICZNYCH POLITECHNIKI BIA\u0141OSTOCKIEJ 2026 -skan<\/a><\/p>\n<p><a class=\"xlsx\" title=\"pobierz plik\" href=\"https:\/\/pb.edu.pl\/dzp\/wp-content\/uploads\/sites\/93\/2026\/03\/PLAN-ZAMOWIEN-PUBLICZNYCH-POLITECHNIKI-BIALOSTOCKIEJ-2026-.xlsx\" data-id=\"929\">PLAN ZAM\u00d3WIE\u0143 PUBLICZNYCH POLITECHNIKI BIA\u0141OSTOCKIEJ 2026<\/a><\/p>\n<p><a class=\"pdf\" href=\"https:\/\/pb.edu.pl\/dzp\/wp-content\/uploads\/sites\/93\/2025\/11\/Informacja-w-sprawie-tworzenia-Planow-zamowien-jednostek-na-2026-r.pdf\" target=\"_blank\" rel=\"noopener\" data-id=\"912\">Informacja w sprawie tworzenia Plan\u00f3w zam\u00f3wie\u0144 jednostek na 2026 r<\/a><\/p>\n<p><a class=\"pdf\" href=\"https:\/\/pb.edu.pl\/dzp\/wp-content\/uploads\/sites\/93\/2025\/11\/Instrukcja-uzytkowania-systemu-do-planowania.pdf\" target=\"_blank\" rel=\"noopener\" data-id=\"911\">Instrukcja u\u017cytkowania systemu do planowania&nbsp;<\/a><\/p>\n<p><a class=\"pdf\" href=\"https:\/\/pb.edu.pl\/dzp\/wp-content\/uploads\/sites\/93\/2025\/11\/wzor-planu-zamowien-publicznych-na-2026.pdf\" target=\"_blank\" rel=\"noopener\" data-id=\"907\">wz\u00f3r planu zam\u00f3wie\u0144 publicznych na 2026<\/a><\/p>\n<p><a class=\"pdf\" href=\"https:\/\/pb.edu.pl\/dzp\/wp-content\/uploads\/sites\/93\/2025\/11\/Informacja-w-sprawie-tworzenia-Planow-zamowien-jednostek-na-2026-r.pdf\" target=\"_blank\" rel=\"noopener\" data-id=\"912\">Informacja w sprawie tworzenia Plan\u00f3w zam\u00f3wie\u0144 jednostek na 2026 r<\/a><\/p>\n<p>&nbsp;<\/p>\n","protected":false},"excerpt":{"rendered":"<p>PLAN ZAM\u00d3WIE\u0143 PUBLICZNYCH POLITECHNIKI BIA\u0141OSTOCKIEJ 2026 -skan PLAN ZAM\u00d3WIE\u0143 PUBLICZNYCH POLITECHNIKI BIA\u0141OSTOCKIEJ 2026 Informacja w<\/p>\n","protected":false},"author":2,"featured_media":0,"parent":397,"menu_order":5,"comment_status":"closed","ping_status":"closed","template":"","meta":{"_acf_changed":false,"ngg_post_thumbnail":0,"footnotes":""},"class_list":["post-897","page","type-page","status-publish","hentry"],"acf":[],"_links":{"self":[{"href":"https:\/\/pb.edu.pl\/dzp\/wp-json\/wp\/v2\/pages\/897","targetHints":{"allow":["GET"]}}],"collection":[{"href":"https:\/\/pb.edu.pl\/dzp\/wp-json\/wp\/v2\/pages"}],"about":[{"href":"https:\/\/pb.edu.pl\/dzp\/wp-json\/wp\/v2\/types\/page"}],"author":[{"embeddable":true,"href":"https:\/\/pb.edu.pl\/dzp\/wp-json\/wp\/v2\/users\/2"}],"replies":[{"embeddable":true,"href":"https:\/\/pb.edu.pl\/dzp\/wp-json\/wp\/v2\/comments?post=897"}],"version-history":[{"count":2,"href":"https:\/\/pb.edu.pl\/dzp\/wp-json\/wp\/v2\/pages\/897\/revisions"}],"predecessor-version":[{"id":931,"href":"https:\/\/pb.edu.pl\/dzp\/wp-json\/wp\/v2\/pages\/897\/revisions\/931"}],"up":[{"embeddable":true,"href":"https:\/\/pb.edu.pl\/dzp\/wp-json\/wp\/v2\/pages\/397"}],"wp:attachment":[{"href":"https:\/\/pb.edu.pl\/dzp\/wp-json\/wp\/v2\/media?parent=897"}],"curies":[{"name":"wp","href":"https:\/\/api.w.org\/{rel}","templated":true}]}}