{"id":814,"date":"2024-12-09T11:18:01","date_gmt":"2024-12-09T10:18:01","guid":{"rendered":"https:\/\/pb.edu.pl\/dzp\/?page_id=814"},"modified":"2025-11-27T15:50:59","modified_gmt":"2025-11-27T14:50:59","slug":"plan-zamowien-publicznych-2025","status":"publish","type":"page","link":"https:\/\/pb.edu.pl\/dzp\/plany-i-harmonogramy\/plan-zamowien-publicznych-2025\/","title":{"rendered":"Plan Zam\u00f3wie\u0144 Publicznych 2025"},"content":{"rendered":"<p><a href=\"https:\/\/pb.edu.pl\/dzp\/wp-content\/uploads\/sites\/93\/2025\/04\/Plan-zamowien-publicznych-2025-Zatwierdzony.xlsx\">Plan zam\u00f3wie\u0144 publicznych Politechniki Bia\u0142ostockiej 2025<\/a><\/p>\n<p><a href=\"https:\/\/pb.edu.pl\/dzp\/wp-content\/uploads\/sites\/93\/2025\/04\/Plan-zamowien-publicznych-2025-Zatwierdzony.pdf\">Plan zam\u00f3wie\u0144 publicznych Politechniki Bia\u0142ostockiej 2025<\/a><\/p>\n<p><a class=\"pdf\" href=\"https:\/\/pb.edu.pl\/dzp\/wp-content\/uploads\/sites\/93\/2024\/12\/Informacja-w-sprawie-tworzenia-Planow-zamowien-jednostek-na-2025-r.pdf\" target=\"_blank\" rel=\"noopener\" data-id=\"837\">Informacja w sprawie tworzenia Plan\u00f3w zam\u00f3wie\u0144 jednostek na 2025 r.<\/a><\/p>\n<p><a class=\"pdf\" href=\"https:\/\/pb.edu.pl\/dzp\/wp-content\/uploads\/sites\/93\/2024\/12\/Instrukcja-uzytkowania-systemu-do-planowania.pdf\" target=\"_blank\" rel=\"noopener\" data-id=\"838\">Instrukcja u\u017cytkowania systemu do planowania<\/a><\/p>\n<p><a class=\"xls\" title=\"pobierz plik\" href=\"https:\/\/pb.edu.pl\/dzp\/wp-content\/uploads\/sites\/93\/2024\/12\/Wzor-planu-zamowien-na-2025r.xls\" data-id=\"836\">Wz\u00f3r planu zam\u00f3wie\u0144 na 2025 r.<\/a><\/p>\n","protected":false},"excerpt":{"rendered":"<p>Plan zam\u00f3wie\u0144 publicznych Politechniki Bia\u0142ostockiej 2025 Plan zam\u00f3wie\u0144 publicznych Politechniki Bia\u0142ostockiej 2025 Informacja w sprawie<\/p>\n","protected":false},"author":2,"featured_media":0,"parent":397,"menu_order":5,"comment_status":"closed","ping_status":"closed","template":"","meta":{"_acf_changed":false,"ngg_post_thumbnail":0,"footnotes":""},"class_list":["post-814","page","type-page","status-publish","hentry"],"acf":[],"_links":{"self":[{"href":"https:\/\/pb.edu.pl\/dzp\/wp-json\/wp\/v2\/pages\/814","targetHints":{"allow":["GET"]}}],"collection":[{"href":"https:\/\/pb.edu.pl\/dzp\/wp-json\/wp\/v2\/pages"}],"about":[{"href":"https:\/\/pb.edu.pl\/dzp\/wp-json\/wp\/v2\/types\/page"}],"author":[{"embeddable":true,"href":"https:\/\/pb.edu.pl\/dzp\/wp-json\/wp\/v2\/users\/2"}],"replies":[{"embeddable":true,"href":"https:\/\/pb.edu.pl\/dzp\/wp-json\/wp\/v2\/comments?post=814"}],"version-history":[{"count":0,"href":"https:\/\/pb.edu.pl\/dzp\/wp-json\/wp\/v2\/pages\/814\/revisions"}],"up":[{"embeddable":true,"href":"https:\/\/pb.edu.pl\/dzp\/wp-json\/wp\/v2\/pages\/397"}],"wp:attachment":[{"href":"https:\/\/pb.edu.pl\/dzp\/wp-json\/wp\/v2\/media?parent=814"}],"curies":[{"name":"wp","href":"https:\/\/api.w.org\/{rel}","templated":true}]}}