{"id":560,"date":"2023-01-20T18:25:53","date_gmt":"2023-01-20T17:25:53","guid":{"rendered":"https:\/\/pb.edu.pl\/dzp\/?page_id=560"},"modified":"2023-01-20T18:35:10","modified_gmt":"2023-01-20T17:35:10","slug":"plan-zamowien-publicznych-2022","status":"publish","type":"page","link":"https:\/\/pb.edu.pl\/dzp\/plany-i-harmonogramy\/plan-zamowien-publicznych-2022\/","title":{"rendered":"Plan Zam\u00f3wie\u0144 Publicznych 2022"},"content":{"rendered":"<p><a title=\"pobierz plik\" class=\"xls\" href=\"https:\/\/pb.edu.pl\/dzp\/wp-content\/uploads\/sites\/93\/2023\/01\/Wzor-Planu-Zamowien-Jednostek-PB-na-2022-rok.xls\"  data-id=\"564\" >Wz\u00f3r Planu Zam\u00f3wie\u0144 Jednostek PB na 2022 r. <span>(XLS, 139 KB)<\/span><\/a><\/p>\n<p><a title=\"pobierz plik\" class=\"xls\" href=\"https:\/\/pb.edu.pl\/dzp\/wp-content\/uploads\/sites\/93\/2023\/01\/wzor-zbiorczego-planu-pionu-na-2022-r-PION-PROREKTORA-ds-STUDENCKICH-Plan-Zamowien.xls\"  data-id=\"565\" >Wz\u00f3r zbiorczego planu pionu na 2022 r. &#8211; PION PROREKTORA ds. STUDENCKICH Plan Zam\u00f3wie\u0144 <span>(XLS, 187 KB)<\/span><\/a><\/p>\n<p><a title=\"pobierz plik\" class=\"xls\" href=\"https:\/\/pb.edu.pl\/dzp\/wp-content\/uploads\/sites\/93\/2023\/01\/wzor-zbiorczego-planu-pionu-na-2022-r-PION-KANCLERZA-Plan-Zamowien-PB.xls\"  data-id=\"566\" >Wz\u00f3r zbiorczego planu pionu na 2022 r. PION KANCLERZA Plan Zam\u00f3wie\u0144 PB <span>(XLS, 166 KB)<\/span><\/a><\/p>\n<p><a class=\"pdf\" href=\"https:\/\/pb.edu.pl\/dzp\/wp-content\/uploads\/sites\/93\/2023\/01\/Plan-zamowien-publicznych-PB-2022r-ROBOTY-BUDOWLANE.pdf\" target=\"_blank\" data-id=\"567\" rel=\"noopener\">Plan zam\u00f3wie\u0144 publicznych PB 2022 r. ROBOTY BUDOWLANE <span>(PDF, 3 MB, otworzy si\u0119 w nowej karcie)<\/span><\/a><\/p>\n<p><a class=\"pdf\" href=\"https:\/\/pb.edu.pl\/dzp\/wp-content\/uploads\/sites\/93\/2023\/01\/Plan-zamowien-publicznych-PB-2022r.-DOSTAWY.pdf\" target=\"_blank\" data-id=\"568\" rel=\"noopener\">Plan zam\u00f3wie\u0144 publicznych PB 2022 r. DOSTAWY <span>(PDF, 754 KB, otworzy si\u0119 w nowej karcie)<\/span><\/a><\/p>\n<p><a class=\"pdf\" href=\"https:\/\/pb.edu.pl\/dzp\/wp-content\/uploads\/sites\/93\/2023\/01\/Plan-zamowien-publicznych-PB-2022r-USLUGI.pdf\" target=\"_blank\" data-id=\"569\" rel=\"noopener\">Plan zam\u00f3wie\u0144 publicznych PB 2022 r. US\u0141UGI <span>(PDF, 669 KB, otworzy si\u0119 w nowej karcie)<\/span><\/a><\/p>\n<p><a class=\"pdf\" href=\"https:\/\/pb.edu.pl\/dzp\/wp-content\/uploads\/sites\/93\/2023\/01\/Wytyczne-do-aktualizacji-planow-zamowien-2022-rok.pdf\" target=\"_blank\" data-id=\"570\" rel=\"noopener\">Wytyczne do aktualizacji plan\u00f3w zam\u00f3wie\u0144 2022 r. <span>(PDF, 797 KB, otworzy si\u0119 w nowej karcie)<\/span><\/a><\/p>\n<p><a class=\"pdf\" href=\"https:\/\/pb.edu.pl\/dzp\/wp-content\/uploads\/sites\/93\/2023\/01\/Harmonogram-skladania-wnioskow-o-zakup-oraz-danych-do-procedur-Pzp-i-wnioskow-do-ZO.pdf\" target=\"_blank\" data-id=\"571\" rel=\"noopener\">Harmonogram sk\u0142adania wniosk\u00f3w o zakup oraz danych do procedur Pzp i wniosk\u00f3w do ZO <span>(PDF, 211 KB, otworzy si\u0119 w nowej karcie)<\/span><\/a><\/p>\n<p><a class=\"pdf\" href=\"https:\/\/pb.edu.pl\/dzp\/wp-content\/uploads\/sites\/93\/2023\/01\/AKTUALIZACJA-I-Plan-Zamowien-Publicznych-PB-na-2022r-DOSTAWY.pdf\" target=\"_blank\" data-id=\"572\" rel=\"noopener\">AKTUALIZACJA I Plan Zam\u00f3wie\u0144 Publicznych PB na 2022 r. &#8211; DOSTAWY <span>(PDF, 896 KB, otworzy si\u0119 w nowej karcie)<\/span><\/a><\/p>\n<p><a class=\"pdf\" href=\"https:\/\/pb.edu.pl\/dzp\/wp-content\/uploads\/sites\/93\/2023\/01\/AKTUALIZACJA-I-Plan-Zamowien-Publicznych-PB-na-2022r-USLUGI.pdf\" target=\"_blank\" data-id=\"573\" rel=\"noopener\">AKTUALIZACJA I Plan Zam\u00f3wie\u0144 Publicznych PB na 2022 r. &#8211; US\u0141UGI <span>(PDF, 786 KB, otworzy si\u0119 w nowej karcie)<\/span><\/a><\/p>\n<p><a class=\"pdf\" href=\"https:\/\/pb.edu.pl\/dzp\/wp-content\/uploads\/sites\/93\/2023\/01\/AKTUALIZACJA-II-Plan-zamowien-publicznych-PB-DOSTAWY.pdf\" target=\"_blank\" data-id=\"574\" rel=\"noopener\">AKTUALIZACJA II Plan zam\u00f3wie\u0144 publicznych PB DOSTAWY <span>(PDF, 775 KB, otworzy si\u0119 w nowej karcie)<\/span><\/a><\/p>\n<p><a class=\"pdf\" href=\"https:\/\/pb.edu.pl\/dzp\/wp-content\/uploads\/sites\/93\/2023\/01\/AKTUALIZACJA-II-Plan-zamowien-publicznych-PB-USLUGI.pdf\" target=\"_blank\" data-id=\"575\" rel=\"noopener\">AKTUALIZACJA II Plan zam\u00f3wie\u0144 publicznych PB US\u0141UGI <span>(PDF, 686 KB, otworzy si\u0119 w nowej karcie)<\/span><\/a><\/p>\n","protected":false},"excerpt":{"rendered":"<p>Wz\u00f3r Planu Zam\u00f3wie\u0144 Jednostek PB na 2022 r. (XLS, 139 KB) Wz\u00f3r zbiorczego planu pionu<\/p>\n","protected":false},"author":2,"featured_media":0,"parent":397,"menu_order":3,"comment_status":"closed","ping_status":"closed","template":"","meta":{"_acf_changed":false,"ngg_post_thumbnail":0,"footnotes":""},"class_list":["post-560","page","type-page","status-publish","hentry"],"acf":[],"_links":{"self":[{"href":"https:\/\/pb.edu.pl\/dzp\/wp-json\/wp\/v2\/pages\/560","targetHints":{"allow":["GET"]}}],"collection":[{"href":"https:\/\/pb.edu.pl\/dzp\/wp-json\/wp\/v2\/pages"}],"about":[{"href":"https:\/\/pb.edu.pl\/dzp\/wp-json\/wp\/v2\/types\/page"}],"author":[{"embeddable":true,"href":"https:\/\/pb.edu.pl\/dzp\/wp-json\/wp\/v2\/users\/2"}],"replies":[{"embeddable":true,"href":"https:\/\/pb.edu.pl\/dzp\/wp-json\/wp\/v2\/comments?post=560"}],"version-history":[{"count":0,"href":"https:\/\/pb.edu.pl\/dzp\/wp-json\/wp\/v2\/pages\/560\/revisions"}],"up":[{"embeddable":true,"href":"https:\/\/pb.edu.pl\/dzp\/wp-json\/wp\/v2\/pages\/397"}],"wp:attachment":[{"href":"https:\/\/pb.edu.pl\/dzp\/wp-json\/wp\/v2\/media?parent=560"}],"curies":[{"name":"wp","href":"https:\/\/api.w.org\/{rel}","templated":true}]}}