{"id":446,"date":"2023-01-05T18:47:28","date_gmt":"2023-01-05T17:47:28","guid":{"rendered":"https:\/\/pb.edu.pl\/dzp\/?page_id=446"},"modified":"2023-01-19T17:11:47","modified_gmt":"2023-01-19T16:11:47","slug":"opinie-prawne","status":"publish","type":"page","link":"https:\/\/pb.edu.pl\/dzp\/pliki-do-pobrania\/opinie-prawne\/","title":{"rendered":"Opinie prawne"},"content":{"rendered":"<p><a class=\"pdf\" href=\"https:\/\/pb.edu.pl\/dzp\/wp-content\/uploads\/sites\/93\/2023\/01\/Szacowanie_wartosci_zamowien_a_plany_zamawiajacego_dotyczace_udzielania_zamowien._.pdf\" target=\"_blank\" data-id=\"530\" rel=\"noopener\">Szacowanie warto\u015bci zam\u00f3wie\u0144 a plany zamawiaj\u0105cego dotycz\u0105ce udzielania zam\u00f3wie\u0144 <span>(PDF, 59 KB, otworzy si\u0119 w nowej karcie)<\/span><\/a><\/p>\n<p><a class=\"pdf\" href=\"https:\/\/pb.edu.pl\/dzp\/wp-content\/uploads\/sites\/93\/2023\/01\/Szacowanie_wartosci_i_udzielanie_zamowien_objetych_projektem_wspolfinansowanym_ze_srodkow_Unii_Europejskiej..pdf\" target=\"_blank\" data-id=\"532\" rel=\"noopener\">Szacowanie warto\u015bci i udzielanie zam\u00f3wie\u0144 obj\u0119tych projektem wsp\u00f3\u0142finansowanym ze \u015brodk\u00f3w Unii Europejskiej <span>(PDF, 74 KB, otworzy si\u0119 w nowej karcie)<\/span><\/a><\/p>\n<p><a class=\"pdf\" href=\"https:\/\/pb.edu.pl\/dzp\/wp-content\/uploads\/sites\/93\/2023\/01\/Opinia_dotyczaca_opisu_przedmiotu_zamowienia.pdf\" target=\"_blank\" data-id=\"533\" rel=\"noopener\">Opinia dotycz\u0105ca opisu przedmiotu zam\u00f3wienia <span>(PDF, 70 KB, otworzy si\u0119 w nowej karcie)<\/span><\/a><\/p>\n<p><a class=\"pdf\" href=\"https:\/\/pb.edu.pl\/dzp\/wp-content\/uploads\/sites\/93\/2023\/01\/Opis-i-szacowanie-przedmiotu-zamowienia-na-roboty-budowlane.pdf\" target=\"_blank\" data-id=\"534\" rel=\"noopener\">Opis i szacowanie przedmiotu zam\u00f3wienia na roboty budowlane <span>(PDF, 48 KB, otworzy si\u0119 w nowej karcie)<\/span><\/a><br \/>\n<a class=\"pdf\" href=\"https:\/\/pb.edu.pl\/dzp\/wp-content\/uploads\/sites\/93\/2023\/01\/Opis_sposobu_dokonywania_oceny_spelniania_warunkow_udzialu_w_postepowaniu_o_udzielenie_zamowienia_publicznego_.pdf\" target=\"_blank\" data-id=\"535\" rel=\"noopener\"> Opis sposobu dokonywania oceny spe\u0142niania warunk\u00f3w udzia\u0142u w post\u0119powaniu o udzielenie zam\u00f3wienia publicznego <span>(PDF, 63 KB, otworzy si\u0119 w nowej karcie)<\/span><\/a><\/p>\n<p><a class=\"pdf\" href=\"https:\/\/pb.edu.pl\/dzp\/wp-content\/uploads\/sites\/93\/2023\/01\/Warunki-udzialu-w-postepowaniu-o-udzielenie-zamowienia-publicznego-oraz-oswiadczenia-zadane-na-ich-potwierdzenie.pdf\" target=\"_blank\" data-id=\"536\" rel=\"noopener\">Warunki udzia\u0142u w post\u0119powaniu o udzielenie zam\u00f3wienia publicznego oraz o\u015bwiadczenia \u017c\u0105dane na ich potwierdzenie <span>(PDF, 76 KB, otworzy si\u0119 w nowej karcie)<\/span><\/a><\/p>\n","protected":false},"excerpt":{"rendered":"<p>Szacowanie warto\u015bci zam\u00f3wie\u0144 a plany zamawiaj\u0105cego dotycz\u0105ce udzielania zam\u00f3wie\u0144 (PDF, 59 KB, otworzy si\u0119 w<\/p>\n","protected":false},"author":2,"featured_media":0,"parent":44,"menu_order":3,"comment_status":"closed","ping_status":"closed","template":"","meta":{"_acf_changed":false,"ngg_post_thumbnail":0,"footnotes":""},"class_list":["post-446","page","type-page","status-publish","hentry"],"acf":[],"_links":{"self":[{"href":"https:\/\/pb.edu.pl\/dzp\/wp-json\/wp\/v2\/pages\/446","targetHints":{"allow":["GET"]}}],"collection":[{"href":"https:\/\/pb.edu.pl\/dzp\/wp-json\/wp\/v2\/pages"}],"about":[{"href":"https:\/\/pb.edu.pl\/dzp\/wp-json\/wp\/v2\/types\/page"}],"author":[{"embeddable":true,"href":"https:\/\/pb.edu.pl\/dzp\/wp-json\/wp\/v2\/users\/2"}],"replies":[{"embeddable":true,"href":"https:\/\/pb.edu.pl\/dzp\/wp-json\/wp\/v2\/comments?post=446"}],"version-history":[{"count":0,"href":"https:\/\/pb.edu.pl\/dzp\/wp-json\/wp\/v2\/pages\/446\/revisions"}],"up":[{"embeddable":true,"href":"https:\/\/pb.edu.pl\/dzp\/wp-json\/wp\/v2\/pages\/44"}],"wp:attachment":[{"href":"https:\/\/pb.edu.pl\/dzp\/wp-json\/wp\/v2\/media?parent=446"}],"curies":[{"name":"wp","href":"https:\/\/api.w.org\/{rel}","templated":true}]}}