{"id":442,"date":"2024-02-11T00:46:48","date_gmt":"2024-02-10T23:46:48","guid":{"rendered":"https:\/\/pb.edu.pl\/dzp\/?page_id=442"},"modified":"2024-10-04T15:20:00","modified_gmt":"2024-10-04T13:20:00","slug":"wzory-dokumentow-i-oswiadczen","status":"publish","type":"page","link":"https:\/\/pb.edu.pl\/dzp\/pliki-do-pobrania\/wzory-dokumentow-i-oswiadczen\/","title":{"rendered":"Wzory dokument\u00f3w i o\u015bwiadcze\u0144"},"content":{"rendered":"<div class=\"h3\">Za\u0142\u0105czniki do <a href=\"\/dzp\/akty-prawne-i-zarzadzenia\/zarzadzenia-pb\/\">Zarz\u0105dzenia Nr 9\/2024 Rektora Politechniki Bia\u0142ostockiej<\/a>:<\/div>\n<p><a class=\"docx\" title=\"pobierz plik\" href=\"https:\/\/pb.edu.pl\/dzp\/wp-content\/uploads\/sites\/93\/2024\/10\/Zalaczniknr1doZarzadzenia.docx\" data-id=\"780\">Za\u0142\u0105cznik+nr+1+do+Zarz\u0105dzenia- <strong>WZ\u00d3R ZAPOTRZEBOWANIA<\/strong><\/a><\/p>\n<p><a class=\"docx\" title=\"pobierz plik\" href=\"https:\/\/pb.edu.pl\/dzp\/wp-content\/uploads\/sites\/93\/2024\/10\/Zalaczniknr2doZarzadzenia.docx\" data-id=\"781\">Za\u0142\u0105cznik+nr+2+do+Zarz\u0105dzenia<\/a><\/p>\n<p><a class=\"docx\" title=\"pobierz plik\" href=\"https:\/\/pb.edu.pl\/dzp\/wp-content\/uploads\/sites\/93\/2024\/10\/Zalaczniknr3doZarzadzenia.docx\" data-id=\"782\">Za\u0142\u0105cznik+nr+3+do+Zarz\u0105dzenia &#8211; <strong>WZ\u00d3R DANYCH DO PROCEDURY ZAPYTANIA&nbsp;<\/strong><\/a><\/p>\n<p><a class=\"docx\" title=\"pobierz plik\" href=\"https:\/\/pb.edu.pl\/dzp\/wp-content\/uploads\/sites\/93\/2024\/10\/Zalaczniknr4doZarzadzenia.docx\" data-id=\"783\">Za\u0142\u0105cznik+nr+4+do+Zarz\u0105dzenia &#8211; <strong>WZ\u00d3R ZAPYTANIA OFERTOWEGO<\/strong><\/a><\/p>\n<p><a class=\"docx\" title=\"pobierz plik\" href=\"https:\/\/pb.edu.pl\/dzp\/wp-content\/uploads\/sites\/93\/2024\/10\/Zalaczniknr5doZarzadzenia.docx\" data-id=\"784\">Za\u0142\u0105cznik+nr+5+do+Zarz\u0105dzenia <\/a><\/p>\n<p><a class=\"docx\" title=\"pobierz plik\" href=\"https:\/\/pb.edu.pl\/dzp\/wp-content\/uploads\/sites\/93\/2024\/10\/Zalaczniknr6doZarzadzenia.docx\" data-id=\"785\">Za\u0142\u0105cznik+nr+6+do+Zarz\u0105dzenia<\/a><\/p>\n<p><a class=\"docx\" title=\"pobierz plik\" href=\"https:\/\/pb.edu.pl\/dzp\/wp-content\/uploads\/sites\/93\/2024\/10\/Zalaczniknr7doZarzadzenia.docx\" data-id=\"786\">Za\u0142\u0105cznik+nr+7+do+Zarz\u0105dzenia<\/a><\/p>\n<p><a class=\"docx\" title=\"pobierz plik\" href=\"https:\/\/pb.edu.pl\/dzp\/wp-content\/uploads\/sites\/93\/2024\/10\/Zalaczniknr8doZarzadzenia.docx\" data-id=\"787\">Za\u0142\u0105cznik+nr+8+do+Zarz\u0105dzenia &#8211; <strong><span style=\"color: #ff0000\">WZ\u00d3R DANYCH DO PROCEDURY PZP<\/span><\/strong><\/a><\/p>\n<p><a class=\"docx\" title=\"pobierz plik\" href=\"https:\/\/pb.edu.pl\/dzp\/wp-content\/uploads\/sites\/93\/2024\/10\/Zalaczniknr9doZarzadzenia.docx\" data-id=\"788\">Za\u0142\u0105cznik+nr+9+do+Zarz\u0105dzenia &#8211; <\/a><span style=\"color: #ff0000\"><strong>WZ\u00d3R SPRAWOZDANIA Z REALIZACJI UMOWY<\/strong><\/span><\/p>\n<p><a class=\"docx\" title=\"pobierz plik\" href=\"https:\/\/pb.edu.pl\/dzp\/wp-content\/uploads\/sites\/93\/2024\/10\/Zalaczniknr10doZarzadzenia.docx\" data-id=\"789\">Za\u0142\u0105cznik+nr+10+do+Zarz\u0105dzenia &#8211; <strong>wz\u00f3r o\u015bwiadczenia o spe\u0142nieniu warunk\u00f3w udzia\u0142u w post\u0119powaniu<\/strong><\/a><\/p>\n<p><a class=\"docx\" title=\"pobierz plik\" href=\"https:\/\/pb.edu.pl\/dzp\/wp-content\/uploads\/sites\/93\/2024\/10\/Zalaczniknr11doZarzadzenia.docx\" data-id=\"790\">Za\u0142\u0105cznik+nr+11+do+Zarz\u0105dzenia &#8211;<strong> wz\u00f3r o\u015bwiadczenia o zgodno\u015bci oferty z&nbsp; opisem przedmiotu zam\u00f3wienia<\/strong><\/a><\/p>\n<p>&nbsp;<\/p>\n<p>&nbsp;<\/p>\n<p>&nbsp;<\/p>\n","protected":false},"excerpt":{"rendered":"<p>Za\u0142\u0105czniki do Zarz\u0105dzenia Nr 9\/2024 Rektora Politechniki Bia\u0142ostockiej: Za\u0142\u0105cznik+nr+1+do+Zarz\u0105dzenia- WZ\u00d3R ZAPOTRZEBOWANIA Za\u0142\u0105cznik+nr+2+do+Zarz\u0105dzenia Za\u0142\u0105cznik+nr+3+do+Zarz\u0105dzenia &#8211; WZ\u00d3R<\/p>\n","protected":false},"author":2,"featured_media":0,"parent":44,"menu_order":1,"comment_status":"closed","ping_status":"closed","template":"","meta":{"_acf_changed":false,"ngg_post_thumbnail":0,"footnotes":""},"class_list":["post-442","page","type-page","status-publish","hentry"],"acf":[],"_links":{"self":[{"href":"https:\/\/pb.edu.pl\/dzp\/wp-json\/wp\/v2\/pages\/442","targetHints":{"allow":["GET"]}}],"collection":[{"href":"https:\/\/pb.edu.pl\/dzp\/wp-json\/wp\/v2\/pages"}],"about":[{"href":"https:\/\/pb.edu.pl\/dzp\/wp-json\/wp\/v2\/types\/page"}],"author":[{"embeddable":true,"href":"https:\/\/pb.edu.pl\/dzp\/wp-json\/wp\/v2\/users\/2"}],"replies":[{"embeddable":true,"href":"https:\/\/pb.edu.pl\/dzp\/wp-json\/wp\/v2\/comments?post=442"}],"version-history":[{"count":0,"href":"https:\/\/pb.edu.pl\/dzp\/wp-json\/wp\/v2\/pages\/442\/revisions"}],"up":[{"embeddable":true,"href":"https:\/\/pb.edu.pl\/dzp\/wp-json\/wp\/v2\/pages\/44"}],"wp:attachment":[{"href":"https:\/\/pb.edu.pl\/dzp\/wp-json\/wp\/v2\/media?parent=442"}],"curies":[{"name":"wp","href":"https:\/\/api.w.org\/{rel}","templated":true}]}}