{"id":435,"date":"2023-01-05T18:44:49","date_gmt":"2023-01-05T17:44:49","guid":{"rendered":"https:\/\/pb.edu.pl\/dzp\/?page_id=435"},"modified":"2024-02-02T10:10:31","modified_gmt":"2024-02-02T09:10:31","slug":"zarzadzenia-pb","status":"publish","type":"page","link":"https:\/\/pb.edu.pl\/dzp\/akty-prawne-i-zarzadzenia\/zarzadzenia-pb\/","title":{"rendered":"Zarz\u0105dzenia PB"},"content":{"rendered":"<p><a class=\"pdf\" href=\"https:\/\/pb.edu.pl\/dzp\/wp-content\/uploads\/sites\/93\/2024\/02\/Zarzadzenienr9wersjaskanowana.pdf\" target=\"_blank\" rel=\"noopener\" data-id=\"714\">Zarz\u0105dzenie+nr+9+wersja+skanowana (PDF, 13 MB, otworzy si\u0119 w nowej karcie)<\/a><\/p>\n<p><a class=\"pdf\" href=\"https:\/\/pb.edu.pl\/dzp\/wp-content\/uploads\/sites\/93\/2024\/02\/Zarzadzenienr9wersjadostepna.pdf\" target=\"_blank\" rel=\"noopener\" data-id=\"713\">Zarz\u0105dzenie+nr+9+wersja+dost\u0119pna (PDF, 382 KB, otworzy si\u0119 w nowej karcie)<\/a><\/p>\n<p><a class=\"docx\" title=\"pobierz plik\" href=\"https:\/\/pb.edu.pl\/dzp\/wp-content\/uploads\/sites\/93\/2024\/02\/Zalaczniknr1doZarzadzenia.docx\" data-id=\"702\">Za\u0142\u0105cznik+nr+1+do+Zarz\u0105dzenia (DOCX, 53 KB)<\/a><\/p>\n<p><a class=\"docx\" title=\"pobierz plik\" href=\"https:\/\/pb.edu.pl\/dzp\/wp-content\/uploads\/sites\/93\/2024\/02\/Zalaczniknr2doZarzadzenia.docx\" data-id=\"703\">Za\u0142\u0105cznik+nr+2+do+Zarz\u0105dzenia (DOCX, 52 KB)<\/a><\/p>\n<p><a class=\"docx\" title=\"pobierz plik\" href=\"https:\/\/pb.edu.pl\/dzp\/wp-content\/uploads\/sites\/93\/2024\/02\/Zalaczniknr3doZarzadzenia.docx\" data-id=\"704\">Za\u0142\u0105cznik+nr+3+do+Zarz\u0105dzenia (DOCX, 53 KB)<\/a><\/p>\n<p><a class=\"docx\" title=\"pobierz plik\" href=\"https:\/\/pb.edu.pl\/dzp\/wp-content\/uploads\/sites\/93\/2024\/02\/Zalaczniknr4doZarzadzenia.docx\" data-id=\"705\">Za\u0142\u0105cznik+nr+4+do+Zarz\u0105dzenia (DOCX, 65 KB)<\/a><\/p>\n<p><a class=\"docx\" title=\"pobierz plik\" href=\"https:\/\/pb.edu.pl\/dzp\/wp-content\/uploads\/sites\/93\/2024\/02\/Zalaczniknr5doZarzadzenia.docx\" data-id=\"706\">Za\u0142\u0105cznik+nr+5+do+Zarz\u0105dzenia (DOCX, 51 KB)<\/a><\/p>\n<p><a class=\"docx\" title=\"pobierz plik\" href=\"https:\/\/pb.edu.pl\/dzp\/wp-content\/uploads\/sites\/93\/2024\/02\/Zalaczniknr6doZarzadzenia.docx\" data-id=\"707\">Za\u0142\u0105cznik+nr+6+do+Zarz\u0105dzenia (DOCX, 49 KB)<\/a><\/p>\n<p><a class=\"docx\" title=\"pobierz plik\" href=\"https:\/\/pb.edu.pl\/dzp\/wp-content\/uploads\/sites\/93\/2024\/02\/Zalaczniknr7doZarzadzenia.docx\" data-id=\"708\">Za\u0142\u0105cznik+nr+7+do+Zarz\u0105dzenia (DOCX, 49 KB)<\/a><\/p>\n<p><a class=\"docx\" title=\"pobierz plik\" href=\"https:\/\/pb.edu.pl\/dzp\/wp-content\/uploads\/sites\/93\/2024\/02\/Zalaczniknr8doZarzadzenia.docx\" data-id=\"709\">Za\u0142\u0105cznik+nr+8+do+Zarz\u0105dzenia (DOCX, 62 KB)<\/a><\/p>\n<p><a class=\"docx\" title=\"pobierz plik\" href=\"https:\/\/pb.edu.pl\/dzp\/wp-content\/uploads\/sites\/93\/2024\/02\/Zalaczniknr9doZarzadzenia.docx\" data-id=\"710\">Za\u0142\u0105cznik+nr+9+do+Zarz\u0105dzenia (DOCX, 51 KB)<\/a><\/p>\n<p><a class=\"docx\" title=\"pobierz plik\" href=\"https:\/\/pb.edu.pl\/dzp\/wp-content\/uploads\/sites\/93\/2024\/02\/Zalaczniknr10doZarzadzenia.docx\" data-id=\"711\">Za\u0142\u0105cznik+nr+10+do+Zarz\u0105dzenia (DOCX, 50 KB)<\/a><\/p>\n<p><a class=\"docx\" title=\"pobierz plik\" href=\"https:\/\/pb.edu.pl\/dzp\/wp-content\/uploads\/sites\/93\/2024\/02\/Zalaczniknr11doZarzadzenia.docx\" data-id=\"712\">Za\u0142\u0105cznik+nr+11+do+Zarz\u0105dzenia (DOCX, 50 KB)<\/a><\/p>\n","protected":false},"excerpt":{"rendered":"<p>Zarz\u0105dzenie+nr+9+wersja+skanowana (PDF, 13 MB, otworzy si\u0119 w nowej karcie) Zarz\u0105dzenie+nr+9+wersja+dost\u0119pna (PDF, 382 KB, otworzy si\u0119<\/p>\n","protected":false},"author":2,"featured_media":0,"parent":400,"menu_order":3,"comment_status":"closed","ping_status":"closed","template":"","meta":{"_acf_changed":false,"ngg_post_thumbnail":0,"footnotes":""},"class_list":["post-435","page","type-page","status-publish","hentry"],"acf":[],"_links":{"self":[{"href":"https:\/\/pb.edu.pl\/dzp\/wp-json\/wp\/v2\/pages\/435","targetHints":{"allow":["GET"]}}],"collection":[{"href":"https:\/\/pb.edu.pl\/dzp\/wp-json\/wp\/v2\/pages"}],"about":[{"href":"https:\/\/pb.edu.pl\/dzp\/wp-json\/wp\/v2\/types\/page"}],"author":[{"embeddable":true,"href":"https:\/\/pb.edu.pl\/dzp\/wp-json\/wp\/v2\/users\/2"}],"replies":[{"embeddable":true,"href":"https:\/\/pb.edu.pl\/dzp\/wp-json\/wp\/v2\/comments?post=435"}],"version-history":[{"count":0,"href":"https:\/\/pb.edu.pl\/dzp\/wp-json\/wp\/v2\/pages\/435\/revisions"}],"up":[{"embeddable":true,"href":"https:\/\/pb.edu.pl\/dzp\/wp-json\/wp\/v2\/pages\/400"}],"wp:attachment":[{"href":"https:\/\/pb.edu.pl\/dzp\/wp-json\/wp\/v2\/media?parent=435"}],"curies":[{"name":"wp","href":"https:\/\/api.w.org\/{rel}","templated":true}]}}