{"id":433,"date":"2023-01-05T18:44:09","date_gmt":"2023-01-05T17:44:09","guid":{"rendered":"https:\/\/pb.edu.pl\/dzp\/?page_id=433"},"modified":"2024-01-04T10:06:08","modified_gmt":"2024-01-04T09:06:08","slug":"rozporzadzenia","status":"publish","type":"page","link":"https:\/\/pb.edu.pl\/dzp\/akty-prawne-i-zarzadzenia\/rozporzadzenia\/","title":{"rendered":"Rozporz\u0105dzenia"},"content":{"rendered":"<p><a class=\"pdf\" href=\"https:\/\/pb.edu.pl\/dzp\/wp-content\/uploads\/sites\/93\/2023\/01\/Ropzporzadzenie-w-sprawie-zakresu-informacji-zawartych-w-rocznym-sprawozdaniu-o-udzielonych-zamowieniach.pdf\" target=\"_blank\" rel=\"noopener\" data-id=\"502\">Rozporz\u0105dzenie w sprawie zakresu informacji zawartych w rocznym sprawozdaniu o udzielonych zam\u00f3wieniach (PDF, 379 KB, otworzy si\u0119 w nowej karcie)<\/a><\/p>\n<p><a class=\"pdf\" href=\"https:\/\/pb.edu.pl\/dzp\/wp-content\/uploads\/sites\/93\/2024\/01\/Rozporzadzenie-w-sprawie-aktualnych-progow-unijnych.pdf\" target=\"_blank\" rel=\"noopener\" data-id=\"684\">Rozporz\u0105dzenie w sprawie aktualnych prog\u00f3w unijnych (PDF, 182 KB, otworzy si\u0119 w nowej karcie)<\/a><\/p>\n","protected":false},"excerpt":{"rendered":"<p>Rozporz\u0105dzenie w sprawie zakresu informacji zawartych w rocznym sprawozdaniu o udzielonych zam\u00f3wieniach (PDF, 379 KB,<\/p>\n","protected":false},"author":2,"featured_media":0,"parent":400,"menu_order":2,"comment_status":"closed","ping_status":"closed","template":"","meta":{"_acf_changed":false,"ngg_post_thumbnail":0,"footnotes":""},"class_list":["post-433","page","type-page","status-publish","hentry"],"acf":[],"_links":{"self":[{"href":"https:\/\/pb.edu.pl\/dzp\/wp-json\/wp\/v2\/pages\/433","targetHints":{"allow":["GET"]}}],"collection":[{"href":"https:\/\/pb.edu.pl\/dzp\/wp-json\/wp\/v2\/pages"}],"about":[{"href":"https:\/\/pb.edu.pl\/dzp\/wp-json\/wp\/v2\/types\/page"}],"author":[{"embeddable":true,"href":"https:\/\/pb.edu.pl\/dzp\/wp-json\/wp\/v2\/users\/2"}],"replies":[{"embeddable":true,"href":"https:\/\/pb.edu.pl\/dzp\/wp-json\/wp\/v2\/comments?post=433"}],"version-history":[{"count":0,"href":"https:\/\/pb.edu.pl\/dzp\/wp-json\/wp\/v2\/pages\/433\/revisions"}],"up":[{"embeddable":true,"href":"https:\/\/pb.edu.pl\/dzp\/wp-json\/wp\/v2\/pages\/400"}],"wp:attachment":[{"href":"https:\/\/pb.edu.pl\/dzp\/wp-json\/wp\/v2\/media?parent=433"}],"curies":[{"name":"wp","href":"https:\/\/api.w.org\/{rel}","templated":true}]}}