{"id":431,"date":"2023-01-05T18:43:16","date_gmt":"2023-01-05T17:43:16","guid":{"rendered":"https:\/\/pb.edu.pl\/dzp\/?page_id=431"},"modified":"2023-01-19T16:53:02","modified_gmt":"2023-01-19T15:53:02","slug":"ustawy","status":"publish","type":"page","link":"https:\/\/pb.edu.pl\/dzp\/akty-prawne-i-zarzadzenia\/ustawy\/","title":{"rendered":"Ustawy"},"content":{"rendered":"<p><a class=\"pdf\" href=\"https:\/\/pb.edu.pl\/dzp\/wp-content\/uploads\/sites\/93\/2023\/01\/ustawa-Prawo-zamowien-publicznych.pdf\" target=\"_blank\" data-id=\"500\" rel=\"noopener\">Prawo zam\u00f3wie\u0144 publicznych <span>(PDF, 2 MB, otworzy si\u0119 w nowej karcie)<\/span><\/a><\/p>\n","protected":false},"excerpt":{"rendered":"<p>Prawo zam\u00f3wie\u0144 publicznych (PDF, 2 MB, otworzy si\u0119 w nowej karcie)<\/p>\n","protected":false},"author":2,"featured_media":0,"parent":400,"menu_order":1,"comment_status":"closed","ping_status":"closed","template":"","meta":{"_acf_changed":false,"ngg_post_thumbnail":0,"footnotes":""},"class_list":["post-431","page","type-page","status-publish","hentry"],"acf":[],"_links":{"self":[{"href":"https:\/\/pb.edu.pl\/dzp\/wp-json\/wp\/v2\/pages\/431","targetHints":{"allow":["GET"]}}],"collection":[{"href":"https:\/\/pb.edu.pl\/dzp\/wp-json\/wp\/v2\/pages"}],"about":[{"href":"https:\/\/pb.edu.pl\/dzp\/wp-json\/wp\/v2\/types\/page"}],"author":[{"embeddable":true,"href":"https:\/\/pb.edu.pl\/dzp\/wp-json\/wp\/v2\/users\/2"}],"replies":[{"embeddable":true,"href":"https:\/\/pb.edu.pl\/dzp\/wp-json\/wp\/v2\/comments?post=431"}],"version-history":[{"count":0,"href":"https:\/\/pb.edu.pl\/dzp\/wp-json\/wp\/v2\/pages\/431\/revisions"}],"up":[{"embeddable":true,"href":"https:\/\/pb.edu.pl\/dzp\/wp-json\/wp\/v2\/pages\/400"}],"wp:attachment":[{"href":"https:\/\/pb.edu.pl\/dzp\/wp-json\/wp\/v2\/media?parent=431"}],"curies":[{"name":"wp","href":"https:\/\/api.w.org\/{rel}","templated":true}]}}