{"id":414,"date":"2023-01-05T18:35:50","date_gmt":"2023-01-05T17:35:50","guid":{"rendered":"https:\/\/pb.edu.pl\/dzp\/?page_id=414"},"modified":"2023-12-06T16:06:23","modified_gmt":"2023-12-06T15:06:23","slug":"plan-zamowien-publicznych-2023","status":"publish","type":"page","link":"https:\/\/pb.edu.pl\/dzp\/plany-i-harmonogramy\/plan-zamowien-publicznych-2023\/","title":{"rendered":"Plan Zam\u00f3wie\u0144 Publicznych 2023"},"content":{"rendered":"<p><a class=\"pdf\" href=\"https:\/\/pb.edu.pl\/dzp\/wp-content\/uploads\/sites\/93\/2023\/01\/Informacje-dot.-tworzenia-Planu-Zamowien-Publicznych-PB-w-roku-2023.pdf\" target=\"_blank\" data-id=\"492\" rel=\"noopener\">Informacje dot. tworzenia Planu Zam\u00f3wie\u0144 Publicznych PB w roku 2023 <span>(PDF, 59 KB, otworzy si\u0119 w nowej karcie)<\/span><\/a><\/p>\n<p><a class=\"pdf\" href=\"https:\/\/pb.edu.pl\/dzp\/wp-content\/uploads\/sites\/93\/2023\/01\/Wzor-planu-zamowien-jednostki-DOSTAWY.pdf\" target=\"_blank\" data-id=\"493\" rel=\"noopener\">Wz\u00f3r planu zam\u00f3wie\u0144 jednostki &#8211; DOSTAWY <span>(PDF, 295 KB, otworzy si\u0119 w nowej karcie)<\/span><\/a><\/p>\n<p><a class=\"pdf\" href=\"https:\/\/pb.edu.pl\/dzp\/wp-content\/uploads\/sites\/93\/2023\/01\/Wzor-planu-zamowien-jednostki-USLUGI.pdf\" target=\"_blank\" data-id=\"494\" rel=\"noopener\">Wz\u00f3r planu zam\u00f3wie\u0144 jednostki &#8211; US\u0141UGI <span>(PDF, 241 KB, otworzy si\u0119 w nowej karcie)<\/span><\/a><\/p>\n<p><a class=\"pdf\" href=\"https:\/\/pb.edu.pl\/dzp\/wp-content\/uploads\/sites\/93\/2023\/01\/Wzor-planu-zamowien-jednostki-ROBOTY-BUDOWLANE.pdf\" target=\"_blank\" data-id=\"495\" rel=\"noopener\">Wz\u00f3r planu zam\u00f3wie\u0144 jednostki &#8211; ROBOTY BUDOWLANE <span>(PDF, 35 KB, otworzy si\u0119 w nowej karcie)<\/span><\/a><\/p>\n<p><a href=\"https:\/\/pb.edu.pl\/dzp\/wp-content\/uploads\/sites\/93\/2023\/01\/Wzor-Planu-Zamowien-Jednostek-PB-na-2023-rok.xls\">Wz\u00f3r Planu Zam\u00f3wie\u0144 Jednostek PB na 2023 rok<\/a><\/p>\n","protected":false},"excerpt":{"rendered":"<p>Informacje dot. tworzenia Planu Zam\u00f3wie\u0144 Publicznych PB w roku 2023 (PDF, 59 KB, otworzy si\u0119<\/p>\n","protected":false},"author":2,"featured_media":0,"parent":397,"menu_order":1,"comment_status":"closed","ping_status":"closed","template":"","meta":{"_acf_changed":false,"ngg_post_thumbnail":0,"footnotes":""},"class_list":["post-414","page","type-page","status-publish","hentry"],"acf":[],"_links":{"self":[{"href":"https:\/\/pb.edu.pl\/dzp\/wp-json\/wp\/v2\/pages\/414","targetHints":{"allow":["GET"]}}],"collection":[{"href":"https:\/\/pb.edu.pl\/dzp\/wp-json\/wp\/v2\/pages"}],"about":[{"href":"https:\/\/pb.edu.pl\/dzp\/wp-json\/wp\/v2\/types\/page"}],"author":[{"embeddable":true,"href":"https:\/\/pb.edu.pl\/dzp\/wp-json\/wp\/v2\/users\/2"}],"replies":[{"embeddable":true,"href":"https:\/\/pb.edu.pl\/dzp\/wp-json\/wp\/v2\/comments?post=414"}],"version-history":[{"count":0,"href":"https:\/\/pb.edu.pl\/dzp\/wp-json\/wp\/v2\/pages\/414\/revisions"}],"up":[{"embeddable":true,"href":"https:\/\/pb.edu.pl\/dzp\/wp-json\/wp\/v2\/pages\/397"}],"wp:attachment":[{"href":"https:\/\/pb.edu.pl\/dzp\/wp-json\/wp\/v2\/media?parent=414"}],"curies":[{"name":"wp","href":"https:\/\/api.w.org\/{rel}","templated":true}]}}