{"id":407,"date":"2023-01-05T18:21:51","date_gmt":"2023-01-05T17:21:51","guid":{"rendered":"https:\/\/pb.edu.pl\/dzp\/?page_id=407"},"modified":"2026-04-01T12:44:29","modified_gmt":"2026-04-01T10:44:29","slug":"umowy","status":"publish","type":"page","link":"https:\/\/pb.edu.pl\/dzp\/umowy\/","title":{"rendered":"Umowy sukcesywne"},"content":{"rendered":"<p><strong>MATERIA\u0141Y SANITARNE<\/strong><\/p>\n<p><strong><a class=\"xlsx\" title=\"pobierz plik\" href=\"https:\/\/pb.edu.pl\/dzp\/wp-content\/uploads\/sites\/93\/2026\/04\/wypelniony-2-26-Zal-nr-2-MODYFIKACJA-Specyfikacja-zamowienia-formularz-cenowy-1.xlsx\" data-id=\"939\">WYKAZ MATERIA\u0141\u00d3W SANITARNYCH<\/a><\/strong><\/p>\n<p>Sk\u0142adaj\u0105c wniosek nale\u017cy wybra\u0107 indeks <strong>ZD-0184&nbsp;<\/strong>. Nr umowy ZK-DZP.262.2.2026. Okres obowi\u0105zywania umowy<strong> do 23.03.2027 r.<\/strong> lub do wyczerpania \u015brodk\u00f3w na umowie. Za realizacj\u0119 umowy odpowiedzialny jest <strong>Dzia\u0142 Sanitarny <\/strong>. Zam\u00f3wienia mo\u017cna sk\u0142ada\u0107 przez e-mail: piotr.giermaniuk@pb.edu.pl &nbsp;(Piotr Giermaniuk tel.&nbsp;85 746 9711, 501 387 269).<\/p>\n<p>&nbsp;<\/p>\n<p><strong>MATERIA\u0141Y BUDOWLANE<\/strong><\/p>\n<p><a href=\"https:\/\/pb.edu.pl\/dzp\/wp-content\/uploads\/sites\/93\/2026\/02\/wykaz-materialow-budowlanych.xlsx\">wykaz materia\u0142\u00f3w budowlanych<\/a><\/p>\n<p>Sk\u0142adaj\u0105c wniosek nale\u017cy wybra\u0107 indeks <strong>ZD-0182 albo ZD-0449 albo ZD-0450 <\/strong>w zale\u017cno\u015bci od przeznaczenia zakupu. Nr umowy ZK-DZP.262.39.2025. Okres obowi\u0105zywania umowy <strong>do 11.06.2026 r.&nbsp;<\/strong> lub do wyczerpania \u015brodk\u00f3w na umowie. Za realizacj\u0119 umowy odpowiedzialny jest <strong>Dzia\u0142 Remontowo &#8211; Budowlany <\/strong>. Zam\u00f3wienia mo\u017cna sk\u0142ada\u0107 przez e-mail: a.dziedzic@pb.edu.pl&nbsp; (Andrzej Dziedzic tel. 515 367 838).<\/p>\n<p>&nbsp;<\/p>\n<p><strong>MATERIA\u0141Y ELEKTRYCZNE<\/strong><\/p>\n<p><a class=\"xlsx\" title=\"pobierz plik\" href=\"https:\/\/pb.edu.pl\/dzp\/wp-content\/uploads\/sites\/93\/2026\/04\/6-26-Zal.-Nr-2-Specyfikacja-zamowienia-formularz-cenowy-ZMIENIONY.xlsx\" data-id=\"937\">wykaz materia\u0142\u00f3w elektrycznych<\/a><\/p>\n<p>Nr umowy ZK-DZP.262.6.2026 Okres obowi\u0105zywania umowy <strong>do 30.03.2027 r.&nbsp;<\/strong> lub do wyczerpania \u015brodk\u00f3w na umowie. Za realizacj\u0119 umowy odpowiedzialny jest <strong>Dzia\u0142 Elektroenergetyczny<\/strong>. Zam\u00f3wienia mo\u017cna sk\u0142ada\u0107 przez e-mail: k.chylicki@pb.edu.pl&nbsp; (Tomasz Chodakowski, tel. 9712, 797 903 156, Kamil Chylicki tel. 9710, 508 396 936).<\/p>\n<p>&nbsp;<\/p>\n<p>&nbsp;<\/p>\n<p><span style=\"text-decoration: underline;color: #ff0000\"><strong>UMOWY na sukcesywne zakupy:<\/strong><\/span><\/p>\n<ul style=\"list-style-type: disc\">\n<li><strong>papieru do drukarek<\/strong><\/li>\n<li><strong>materia\u0142\u00f3w biurowych<\/strong><\/li>\n<li><strong>materia\u0142\u00f3w eksploatacyjnych do drukarek<\/strong><\/li>\n<li><strong>sprz\u0119tu komputerowego<\/strong><\/li>\n<li><strong>element\u00f3w komputerowych<\/strong><\/li>\n<li><strong>piecz\u0105tek<\/strong><\/li>\n<li><strong>ARTYKU\u0141\u00d3W&nbsp; HIGIENICZNYCH<\/strong><\/li>\n<li><strong>AGD<\/strong><\/li>\n<li><strong>\u015aRODK\u00d3W CZYSTO\u015aCI<\/strong><\/li>\n<li><strong>UBEZPIECZENIA NNW STUDENT\u00d3W I DOKTORANT\u00d3W (sta\u017ce i praktyki poza PB)<\/strong><\/li>\n<li><strong>bada\u0144 profilaktycznych<\/strong><\/li>\n<li><strong>odzie\u017cy roboczej<\/strong><\/li>\n<li><strong>us\u0142ug cateringowych<\/strong><\/li>\n<li><strong>materia\u0142\u00f3w elektrycznych<\/strong><\/li>\n<\/ul>\n<p><strong><span style=\"color: #ff0000\">dost\u0119pne s\u0105 na stronie <\/span><span style=\"color: #ff0000\">Dzia\u0142u Aparatury i Zakup\u00f3w <\/span>pod linkiem:<span style=\"color: #0000ff\"> <a style=\"color: #0000ff\" href=\"https:\/\/pb.edu.pl\/daz\/dostawy-sukcesywne\/\">https:\/\/pb.edu.pl\/daz\/dostawy-sukcesywne\/<\/a> &nbsp;<\/span><\/strong><\/p>\n","protected":false},"excerpt":{"rendered":"<p>MATERIA\u0141Y SANITARNE WYKAZ MATERIA\u0141\u00d3W SANITARNYCH Sk\u0142adaj\u0105c wniosek nale\u017cy wybra\u0107 indeks ZD-0184&nbsp;. Nr umowy ZK-DZP.262.2.2026. Okres<\/p>\n","protected":false},"author":2,"featured_media":0,"parent":0,"menu_order":5,"comment_status":"closed","ping_status":"closed","template":"","meta":{"_acf_changed":false,"ngg_post_thumbnail":0,"footnotes":""},"class_list":["post-407","page","type-page","status-publish","hentry"],"acf":[],"_links":{"self":[{"href":"https:\/\/pb.edu.pl\/dzp\/wp-json\/wp\/v2\/pages\/407","targetHints":{"allow":["GET"]}}],"collection":[{"href":"https:\/\/pb.edu.pl\/dzp\/wp-json\/wp\/v2\/pages"}],"about":[{"href":"https:\/\/pb.edu.pl\/dzp\/wp-json\/wp\/v2\/types\/page"}],"author":[{"embeddable":true,"href":"https:\/\/pb.edu.pl\/dzp\/wp-json\/wp\/v2\/users\/2"}],"replies":[{"embeddable":true,"href":"https:\/\/pb.edu.pl\/dzp\/wp-json\/wp\/v2\/comments?post=407"}],"version-history":[{"count":5,"href":"https:\/\/pb.edu.pl\/dzp\/wp-json\/wp\/v2\/pages\/407\/revisions"}],"predecessor-version":[{"id":940,"href":"https:\/\/pb.edu.pl\/dzp\/wp-json\/wp\/v2\/pages\/407\/revisions\/940"}],"wp:attachment":[{"href":"https:\/\/pb.edu.pl\/dzp\/wp-json\/wp\/v2\/media?parent=407"}],"curies":[{"name":"wp","href":"https:\/\/api.w.org\/{rel}","templated":true}]}}