{"id":394,"date":"2023-01-05T18:15:11","date_gmt":"2023-01-05T17:15:11","guid":{"rendered":"https:\/\/pb.edu.pl\/dzp\/?page_id=394"},"modified":"2023-01-19T16:34:36","modified_gmt":"2023-01-19T15:34:36","slug":"platforma-zakupowa","status":"publish","type":"page","link":"https:\/\/pb.edu.pl\/dzp\/platforma-zakupowa\/","title":{"rendered":"Platforma zakupowa"},"content":{"rendered":"<div class=\"row\">\n<div class=\"col-sm-6 text-center\">\n<a class=\"button text-center animated zoomIn lead font-500\" style=\"width:100%\" href=\"https:\/\/pb.ezamawiajacy.pl\/pn\/pb\/demand\/notice\/publicpzp\/current\/list?USER_MENU_HOVER=publicpzpCurrentNoticePublicList\">Post\u0119powania powy\u017cej 130 000 z\u0142<\/a>\n<\/div>\n<div class=\"col-sm-6 text-center\">\n<a class=\"button text-center animated zoomIn lead font-500\" style=\"width:100%\" href=\"https:\/\/pb.ezamawiajacy.pl\/pn\/pb\/demand\/notice\/lowcost\/current\/list?USER_MENU_HOVER=lowcostCurrentNoticePublicList\">Zapytania ofertowe<\/a>\n<\/div>\n<\/div>\n<p>\u00a0<\/p>\n","protected":false},"excerpt":{"rendered":"<p>Post\u0119powania powy\u017cej 130 000 z\u0142 Zapytania ofertowe \u00a0<\/p>\n","protected":false},"author":2,"featured_media":0,"parent":0,"menu_order":1,"comment_status":"closed","ping_status":"closed","template":"","meta":{"_acf_changed":false,"ngg_post_thumbnail":0,"footnotes":""},"class_list":["post-394","page","type-page","status-publish","hentry"],"acf":[],"_links":{"self":[{"href":"https:\/\/pb.edu.pl\/dzp\/wp-json\/wp\/v2\/pages\/394","targetHints":{"allow":["GET"]}}],"collection":[{"href":"https:\/\/pb.edu.pl\/dzp\/wp-json\/wp\/v2\/pages"}],"about":[{"href":"https:\/\/pb.edu.pl\/dzp\/wp-json\/wp\/v2\/types\/page"}],"author":[{"embeddable":true,"href":"https:\/\/pb.edu.pl\/dzp\/wp-json\/wp\/v2\/users\/2"}],"replies":[{"embeddable":true,"href":"https:\/\/pb.edu.pl\/dzp\/wp-json\/wp\/v2\/comments?post=394"}],"version-history":[{"count":0,"href":"https:\/\/pb.edu.pl\/dzp\/wp-json\/wp\/v2\/pages\/394\/revisions"}],"wp:attachment":[{"href":"https:\/\/pb.edu.pl\/dzp\/wp-json\/wp\/v2\/media?parent=394"}],"curies":[{"name":"wp","href":"https:\/\/api.w.org\/{rel}","templated":true}]}}